{"id":5790,"date":"2024-12-06T00:55:21","date_gmt":"2024-12-05T16:55:21","guid":{"rendered":"https:\/\/www.hnhlcranes.com\/?post_type=product&#038;p=5790"},"modified":"2025-01-16T12:10:37","modified_gmt":"2025-01-16T04:10:37","slug":"zvukovy-a-svetelny-alarm-zeriavu","status":"publish","type":"product","link":"https:\/\/www.hnhlcranes.com\/sk\/produkt\/zvukovy-a-svetelny-alarm-zeriavu\/","title":{"rendered":"Zvukov\u00fd a sveteln\u00fd alarm \u017eeriavu"},"content":{"rendered":"<h3>Vlastnosti a \u0161pecifik\u00e1cie zvukov\u00e9ho a sveteln\u00e9ho alarmu \u017eeriavu<\/h3>\n<h4><strong>Funkcie<\/strong><\/h4>\n<ol>\n<li><strong>Du\u00e1lny v\u00fdstra\u017en\u00fd syst\u00e9m:<\/strong>\n<ul>\n<li>Zvukov\u00fd a sveteln\u00fd alarm \u017eeriavu kombinuje zvukov\u00e9 a vizu\u00e1lne sign\u00e1ly, aby \u00fa\u010dinne up\u00fatal pozornos\u0165 bl\u00edzkych pracovn\u00edkov a zabezpe\u010dil v\u010dasn\u00e9 upozornenie na potenci\u00e1lne nebezpe\u010denstvo v r\u00f4znych pracovn\u00fdch prostrediach.<\/li>\n<\/ul>\n<\/li>\n<li><strong>Vysok\u00e1 vidite\u013enos\u0165 a hlasitos\u0165:<\/strong>\n<ul>\n<li>Sveteln\u00fd alarm vyu\u017e\u00edva vysoko jasn\u00e9 blikaj\u00face svetl\u00e1, zvy\u010dajne \u010derven\u00e9, \u017elt\u00e9 alebo modr\u00e9, ktor\u00e9 poskytuj\u00fa vynikaj\u00facu vidite\u013enos\u0165 aj pri slabom osvetlen\u00ed alebo v hlu\u010dnom prostred\u00ed. Zvukov\u00fd alarm vyd\u00e1va hlasn\u00fd v\u00fdstra\u017en\u00fd t\u00f3n s nastavite\u013enou hlasitos\u0165ou a frekvenciou, \u010d\u00edm zabezpe\u010duje \u00fa\u010dinn\u00e9 varovanie v r\u00f4znych prostrediach.<\/li>\n<\/ul>\n<\/li>\n<li><strong>Nastavite\u013en\u00e9 nastavenia:<\/strong>\n<ul>\n<li>Pou\u017e\u00edvatelia si m\u00f4\u017eu nastavi\u0165 hlasitos\u0165 zvuku aj intenzitu svetla alebo re\u017eim blikania pod\u013ea pracovn\u00e9ho prostredia, \u010do vyhovuje r\u00f4znym bezpe\u010dnostn\u00fdm po\u017eiadavk\u00e1m.<\/li>\n<\/ul>\n<\/li>\n<li><strong>Odolnos\u0165 a ochrana:<\/strong>\n<ul>\n<li>Tieto alarmy s\u00fa navrhnut\u00e9 tak, aby boli vodotesn\u00e9, prachotesn\u00e9 a odoln\u00e9 vo\u010di n\u00e1razom, tak\u017ee s\u00fa vhodn\u00e9 do n\u00e1ro\u010dn\u00fdch pracovn\u00fdch podmienok a zaru\u010duj\u00fa spo\u013eahliv\u00fd v\u00fdkon po dlh\u00fa dobu.<\/li>\n<\/ul>\n<\/li>\n<li><strong>Flexibiln\u00e1 in\u0161tal\u00e1cia:<\/strong>\n<ul>\n<li>Zariadenia s\u00fa ur\u010den\u00e9 na pou\u017eitie s r\u00f4znymi typmi \u017eeriavov (ako s\u00fa ve\u017eov\u00e9 \u017eeriavy, port\u00e1lov\u00e9 \u017eeriavy a mobiln\u00e9 \u017eeriavy). Okrem toho ich jednoduch\u00fd proces in\u0161tal\u00e1cie umo\u017e\u0148uje prisp\u00f4sobenie na z\u00e1klade r\u00f4znych prev\u00e1dzkov\u00fdch potrieb.<\/li>\n<\/ul>\n<\/li>\n<li><strong>Zv\u00fd\u0161en\u00e1 bezpe\u010dnos\u0165 na mieste:<\/strong>\n<ul>\n<li>T\u00fdm, \u017ee tieto alarmy poskytuj\u00fa v\u010dasn\u00e9 varovanie pracovn\u00edkom, obsluhe a okolostojacim osob\u00e1m, pom\u00e1haj\u00fa zni\u017eova\u0165 pravdepodobnos\u0165 neh\u00f4d, najm\u00e4 ke\u010f s\u00fa \u017eeriavy v pohybe, zdv\u00edhaj\u00fa \u0165a\u017ek\u00e9 bremen\u00e1 alebo s\u00fa v potenci\u00e1lne nebezpe\u010dn\u00fdch stavoch.<\/li>\n<\/ul>\n<\/li>\n<\/ol>\n<h4><strong>\u0160pecifik\u00e1cie<\/strong><\/h4>\n<ol>\n<li><strong>Prev\u00e1dzkov\u00e9 nap\u00e4tie:<\/strong>\n<ul>\n<li>Striedav\u00e9 nap\u00e4tie: 110 V, 220 V at\u010f.<\/li>\n<li>Nap\u00e4tie DC: 12 V, 24 V at\u010f.<\/li>\n<\/ul>\n<\/li>\n<li><strong>Intenzita zvuku:<\/strong>\n<ul>\n<li>Intenzita zvuku sa zvy\u010dajne pohybuje od 85 dB do 120 dB s nastavite\u013enou hlasitos\u0165ou v z\u00e1vislosti od prostredia.<\/li>\n<\/ul>\n<\/li>\n<li><strong>Typ svetla:<\/strong>\n<ul>\n<li>Blikaj\u00face svetl\u00e1 s\u00fa zvy\u010dajne LED, ktor\u00e9 pon\u00fakaj\u00fa vysok\u00fd jas a dlh\u00fa \u017eivotnos\u0165. Farby svetla je mo\u017en\u00e9 vybra\u0165 pod\u013ea po\u017eiadaviek, vr\u00e1tane \u010dervenej, \u017eltej alebo modrej.<\/li>\n<\/ul>\n<\/li>\n<li><strong>Frekvencia blikania:<\/strong>\n<ul>\n<li>Frekvencia blikania sa zvy\u010dajne pohybuje od 60 do 120 z\u00e1bleskov za min\u00fatu, s mo\u017enos\u0165ou nastavenia pod\u013ea prostredia pou\u017e\u00edvania.<\/li>\n<\/ul>\n<\/li>\n<li><strong>\u00darove\u0148 ochrany:<\/strong>\n<ul>\n<li>Stupe\u0148 krytia je zvy\u010dajne IP65 alebo vy\u0161\u0161\u00ed, \u010do zabezpe\u010duje spr\u00e1vnu funkciu zariadenia v prostred\u00ed s vlhkos\u0165ou alebo vysokou pra\u0161nos\u0165ou.<\/li>\n<\/ul>\n<\/li>\n<li><strong>Rozsah prev\u00e1dzkov\u00fdch tepl\u00f4t:<\/strong>\n<ul>\n<li>Typick\u00fd rozsah prev\u00e1dzkov\u00fdch tepl\u00f4t je od -20 \u00b0C do +60 \u00b0C, tak\u017ee je vhodn\u00fd do r\u00f4znych n\u00e1ro\u010dn\u00fdch prostred\u00ed.<\/li>\n<\/ul>\n<\/li>\n<li><strong>Sp\u00f4sob in\u0161tal\u00e1cie:<\/strong>\n<ul>\n<li>R\u00f4zne sp\u00f4soby in\u0161tal\u00e1cie vr\u00e1tane mo\u017enosti mont\u00e1\u017ee na konzolu, nas\u00e1vania a mont\u00e1\u017ee na stenu poskytuj\u00fa flexibilitu pri in\u0161tal\u00e1cii v r\u00f4znych prostrediach.<\/li>\n<\/ul>\n<\/li>\n<li><strong>Prev\u00e1dzkov\u00fd pr\u00fad:<\/strong>\n<ul>\n<li>Prev\u00e1dzkov\u00fd pr\u00fad sa zvy\u010dajne pohybuje od 0,2 A do 1 A v z\u00e1vislosti od konkr\u00e9tneho modelu.<\/li>\n<\/ul>\n<\/li>\n<li><strong>\u017divotnos\u0165:<\/strong>\n<ul>\n<li>\u017divotnos\u0165 LED svetiel je zvy\u010dajne viac ako 50 000 hod\u00edn, \u010do zaru\u010duje dlhodob\u00e9 spo\u013eahliv\u00e9 pou\u017e\u00edvanie.<\/li>\n<\/ul>\n<\/li>\n<\/ol>\n<h3>Z\u00e1ver<\/h3>\n<p>Na z\u00e1ver mo\u017eno poveda\u0165, \u017ee zvukov\u00e9 a sveteln\u00e9 alarmy \u017eeriavov zvy\u0161uj\u00fa bezpe\u010dnos\u0165 na stavenisku t\u00fdm, \u017ee pon\u00fakaj\u00fa zvukov\u00e9 aj vizu\u00e1lne v\u00fdstrahy a pom\u00e1haj\u00fa predch\u00e1dza\u0165 nehod\u00e1m po\u010das prev\u00e1dzky \u017eeriavov. V\u010faka nastavite\u013enej hlasitosti a intenzite svetla, vynikaj\u00facej odolnosti a flexibiln\u00fdm met\u00f3dam in\u0161tal\u00e1cie s\u00fa tieto popla\u0161n\u00e9 syst\u00e9my \u0161iroko pou\u017eite\u013en\u00e9 v r\u00f4znych priemyseln\u00fdch prostrediach. Ich schopnos\u0165 poskytova\u0165 spo\u013eahliv\u00e9 v\u00fdstrahy zabezpe\u010duje bezpe\u010dn\u00fa a efekt\u00edvnu prev\u00e1dzku \u017eeriavov v r\u00f4znych prostrediach.<\/p>","protected":false},"excerpt":{"rendered":"<p><strong>Vlastnosti zvukov\u00e9ho a sveteln\u00e9ho alarmu \u017eeriava\uff1a<\/strong><\/p>\n<ul>\n<li>Zdroj svetla LED s vysok\u00fdm jasom<\/li>\n<li>Hlasit\u00e9 zvukov\u00e9 upozornenia<\/li>\n<li>Podpora viacer\u00fdch nap\u00e4t\u00ed<\/li>\n<li>Oto\u010dn\u00e9 v\u00fdstra\u017en\u00e9 svetlo (volite\u013en\u00e9)<\/li>\n<li>Vysok\u00e9 hodnotenie ochrany<\/li>\n<li>Dlh\u00e1 \u017eivotnos\u0165<\/li>\n<\/ul>","protected":false},"featured_media":7491,"template":"","meta":{"_kad_post_transparent":"default","_kad_post_title":"","_kad_post_layout":"default","_kad_post_sidebar_id":"","_kad_post_content_style":"default","_kad_post_vertical_padding":"show","_kad_post_feature":"","_kad_post_feature_position":"","_kad_post_header":false,"_kad_post_footer":false},"product_brand":[],"product_cat":[65],"product_tag":[632,622,376,634,612,616,626,627,629,613,617,620,615,614,618,628,619,621,623,630,635,633,625,631,624],"class_list":{"0":"post-5790","1":"product","2":"type-product","3":"status-publish","4":"has-post-thumbnail","6":"product_cat-crane-electrical-parts","7":"product_tag-aviation-plug","8":"product_tag-cable-trolley","9":"product_tag-china-crane-parts-supplier","10":"product_tag-crane-aviation-plug","11":"product_tag-crane-cable-trolley","12":"product_tag-crane-control-cabinet","13":"product_tag-crane-control-handle","14":"product_tag-crane-controls","15":"product_tag-crane-electrical-control-cabinet","16":"product_tag-crane-electrical-part","17":"product_tag-crane-limit-switch","18":"product_tag-crane-overload-limiter","19":"product_tag-crane-pendant-controller","20":"product_tag-crane-remote-controller","21":"product_tag-crane-sound-and-light-alarm","22":"product_tag-electrical-control-cabinet","23":"product_tag-heavy-duty-aviation-connector","24":"product_tag-i-beam-cable-trolley","25":"product_tag-i-beam-cable-trolley-supplier","26":"product_tag-limit-switch","27":"product_tag-overload-limiter","28":"product_tag-quick-connector","29":"product_tag-remote-controller","30":"product_tag-sound-and-light-alarm","31":"product_tag-wireless-remote-control","33":"first","34":"instock","35":"shipping-taxable","36":"product-type-simple","37":"entry","38":"content-bg","39":"loop-entry"},"yoast_head":"<!-- This site is optimized with the Yoast SEO plugin v24.5 - https:\/\/yoast.com\/wordpress\/plugins\/seo\/ -->\n<title>Crane sound and light alarm - Sound and light alarm- Crane Parts Manufacturer<\/title>\n<meta name=\"description\" content=\"Sound and light alarm,Crane Electrical Parts,Sound and light alarm manufacturer,Sound and light alarm Supplier,Crane Parts Supplier\" \/>\n<meta name=\"robots\" content=\"index, follow, max-snippet:-1, max-image-preview:large, max-video-preview:-1\" \/>\n<link rel=\"canonical\" href=\"https:\/\/www.hnhlcranes.com\/sk\/produkt\/zvukovy-a-svetelny-alarm-zeriavu\/\" \/>\n<meta property=\"og:locale\" content=\"sk_SK\" \/>\n<meta property=\"og:type\" content=\"article\" \/>\n<meta property=\"og:title\" content=\"Crane sound and light alarm - Sound and light alarm- Crane Parts Manufacturer\" \/>\n<meta property=\"og:description\" content=\"Sound and light alarm,Crane Electrical Parts,Sound and light alarm manufacturer,Sound and light alarm Supplier,Crane Parts Supplier\" \/>\n<meta property=\"og:url\" content=\"https:\/\/www.hnhlcranes.com\/sk\/produkt\/zvukovy-a-svetelny-alarm-zeriavu\/\" \/>\n<meta property=\"og:site_name\" content=\"Crane Parts Manufacturer\" \/>\n<meta property=\"article:modified_time\" content=\"2025-01-16T04:10:37+00:00\" \/>\n<meta property=\"og:image\" content=\"https:\/\/www.hnhlcranes.com\/wp-content\/uploads\/2024\/12\/Crane-sound-and-light-alarm.jpg\" \/>\n\t<meta property=\"og:image:width\" content=\"600\" \/>\n\t<meta property=\"og:image:height\" content=\"600\" \/>\n\t<meta property=\"og:image:type\" content=\"image\/jpeg\" \/>\n<meta name=\"twitter:card\" content=\"summary_large_image\" \/>\n<meta name=\"twitter:label1\" content=\"Predpokladan\u00fd \u010das \u010d\u00edtania\" \/>\n\t<meta name=\"twitter:data1\" content=\"3 min\u00faty\" \/>\n<script type=\"application\/ld+json\" class=\"yoast-schema-graph\">{\"@context\":\"https:\/\/schema.org\",\"@graph\":[{\"@type\":\"WebPage\",\"@id\":\"https:\/\/www.hnhlcranes.com\/product\/crane-sound-and-light-alarm\/\",\"url\":\"https:\/\/www.hnhlcranes.com\/product\/crane-sound-and-light-alarm\/\",\"name\":\"Crane sound and light alarm - Sound and light alarm- Crane Parts Manufacturer\",\"isPartOf\":{\"@id\":\"https:\/\/www.hnhlcranes.com\/#website\"},\"primaryImageOfPage\":{\"@id\":\"https:\/\/www.hnhlcranes.com\/product\/crane-sound-and-light-alarm\/#primaryimage\"},\"image\":{\"@id\":\"https:\/\/www.hnhlcranes.com\/product\/crane-sound-and-light-alarm\/#primaryimage\"},\"thumbnailUrl\":\"https:\/\/www.hnhlcranes.com\/wp-content\/uploads\/2024\/12\/Crane-sound-and-light-alarm.jpg\",\"datePublished\":\"2024-12-05T16:55:21+00:00\",\"dateModified\":\"2025-01-16T04:10:37+00:00\",\"description\":\"Sound and light alarm,Crane Electrical Parts,Sound and light alarm manufacturer,Sound and light alarm Supplier,Crane Parts Supplier\",\"breadcrumb\":{\"@id\":\"https:\/\/www.hnhlcranes.com\/product\/crane-sound-and-light-alarm\/#breadcrumb\"},\"inLanguage\":\"sk-SK\",\"potentialAction\":[{\"@type\":\"ReadAction\",\"target\":[\"https:\/\/www.hnhlcranes.com\/product\/crane-sound-and-light-alarm\/\"]}]},{\"@type\":\"ImageObject\",\"inLanguage\":\"sk-SK\",\"@id\":\"https:\/\/www.hnhlcranes.com\/product\/crane-sound-and-light-alarm\/#primaryimage\",\"url\":\"https:\/\/www.hnhlcranes.com\/wp-content\/uploads\/2024\/12\/Crane-sound-and-light-alarm.jpg\",\"contentUrl\":\"https:\/\/www.hnhlcranes.com\/wp-content\/uploads\/2024\/12\/Crane-sound-and-light-alarm.jpg\",\"width\":600,\"height\":600},{\"@type\":\"BreadcrumbList\",\"@id\":\"https:\/\/www.hnhlcranes.com\/product\/crane-sound-and-light-alarm\/#breadcrumb\",\"itemListElement\":[{\"@type\":\"ListItem\",\"position\":1,\"name\":\"home\",\"item\":\"https:\/\/www.hnhlcranes.com\/\"},{\"@type\":\"ListItem\",\"position\":2,\"name\":\"products\",\"item\":\"https:\/\/www.hnhlcranes.com\/products\/\"},{\"@type\":\"ListItem\",\"position\":3,\"name\":\"Crane sound and light alarm\"}]},{\"@type\":\"WebSite\",\"@id\":\"https:\/\/www.hnhlcranes.com\/#website\",\"url\":\"https:\/\/www.hnhlcranes.com\/\",\"name\":\"Crane Parts Manufacturer\",\"description\":\"Crane Wheels,Crane Drums,Crane Hooks,Crane Coupling,Crane End Carriage,Electric Hoist,European Crane Parts,Crane Rail Clip,Crane Spreader,Crane Motor,Crane Reducer,Crane Brake,Light Crane Parts,Workstation Crane Parts,Crane Electrical Parts,China Crane Parts Supplier,China Crane Parts Manufacturer,Angle box type crane wheel,45 degree split crane wheel,European crane wheel,Crane Wheel Blocks,Overhead crane drum,European crane drum,Overhead crane hook,European crane hook,Crane pulley block,Gear coupling,Brake wheel coupling,Drum gear coupling,Brake wheel drum gear coupling,Cardan Shaft Coupling,WZL drum coupling,Plum blossom elastic coupling,Brake wheel plum elastic coupling,European Single girder crane end carriage,European Double girder crane end carriage,European Suspension  crane end carriage,Wire Rope Electric Hoist,Electric Chain Hoist,European Single Girder Wire Rope Electric Hoist,European Double Girder Wire Rope Electric Hoist,Crane grab,Container spreader,Billet crane clamps,C-type hook,Lifting Electromagnet,YZR crane motor,YZP crane motor,ZQ Reducer,ZSC Reducer,QJ Reducer,QJ-L Reducer,QJY Reducer,H series gearbox,F Series Gear Motor,K Series Gear Motor,R Series Gear Motor,travelling machinery gear motor,Electro hydraulic drum brake,Electro hydraulic disc brake,Crane Safety brake,Crane cable trolley,Crane remote controller,Crane pendant controller,Crane electrical control cabinet,Crane limit switch,Crane sound and light alarm,Heavy Duty Aviation Connector,Crane overload limiter\",\"publisher\":{\"@id\":\"https:\/\/www.hnhlcranes.com\/#organization\"},\"potentialAction\":[{\"@type\":\"SearchAction\",\"target\":{\"@type\":\"EntryPoint\",\"urlTemplate\":\"https:\/\/www.hnhlcranes.com\/?s={search_term_string}\"},\"query-input\":{\"@type\":\"PropertyValueSpecification\",\"valueRequired\":true,\"valueName\":\"search_term_string\"}}],\"inLanguage\":\"sk-SK\"},{\"@type\":\"Organization\",\"@id\":\"https:\/\/www.hnhlcranes.com\/#organization\",\"name\":\"Crane Parts Manufacturer\",\"url\":\"https:\/\/www.hnhlcranes.com\/\",\"logo\":{\"@type\":\"ImageObject\",\"inLanguage\":\"sk-SK\",\"@id\":\"https:\/\/www.hnhlcranes.com\/#\/schema\/logo\/image\/\",\"url\":\"https:\/\/www.hnhlcranes.com\/wp-content\/uploads\/2025\/01\/HL-logo-1.png\",\"contentUrl\":\"https:\/\/www.hnhlcranes.com\/wp-content\/uploads\/2025\/01\/HL-logo-1.png\",\"width\":600,\"height\":169,\"caption\":\"Crane Parts Manufacturer\"},\"image\":{\"@id\":\"https:\/\/www.hnhlcranes.com\/#\/schema\/logo\/image\/\"}}]}<\/script>\n<!-- \/ Yoast SEO plugin. -->","yoast_head_json":{"title":"Crane sound and light alarm - Sound and light alarm- Crane Parts Manufacturer","description":"Sound and light alarm,Crane Electrical Parts,Sound and light alarm manufacturer,Sound and light alarm Supplier,Crane Parts Supplier","robots":{"index":"index","follow":"follow","max-snippet":"max-snippet:-1","max-image-preview":"max-image-preview:large","max-video-preview":"max-video-preview:-1"},"canonical":"https:\/\/www.hnhlcranes.com\/sk\/produkt\/zvukovy-a-svetelny-alarm-zeriavu\/","og_locale":"sk_SK","og_type":"article","og_title":"Crane sound and light alarm - Sound and light alarm- Crane Parts Manufacturer","og_description":"Sound and light alarm,Crane Electrical Parts,Sound and light alarm manufacturer,Sound and light alarm Supplier,Crane Parts Supplier","og_url":"https:\/\/www.hnhlcranes.com\/sk\/produkt\/zvukovy-a-svetelny-alarm-zeriavu\/","og_site_name":"Crane Parts Manufacturer","article_modified_time":"2025-01-16T04:10:37+00:00","og_image":[{"width":600,"height":600,"url":"https:\/\/www.hnhlcranes.com\/wp-content\/uploads\/2024\/12\/Crane-sound-and-light-alarm.jpg","type":"image\/jpeg"}],"twitter_card":"summary_large_image","twitter_misc":{"Predpokladan\u00fd \u010das \u010d\u00edtania":"3 min\u00faty"},"schema":{"@context":"https:\/\/schema.org","@graph":[{"@type":"WebPage","@id":"https:\/\/www.hnhlcranes.com\/product\/crane-sound-and-light-alarm\/","url":"https:\/\/www.hnhlcranes.com\/product\/crane-sound-and-light-alarm\/","name":"Crane sound and light alarm - Sound and light alarm- Crane Parts Manufacturer","isPartOf":{"@id":"https:\/\/www.hnhlcranes.com\/#website"},"primaryImageOfPage":{"@id":"https:\/\/www.hnhlcranes.com\/product\/crane-sound-and-light-alarm\/#primaryimage"},"image":{"@id":"https:\/\/www.hnhlcranes.com\/product\/crane-sound-and-light-alarm\/#primaryimage"},"thumbnailUrl":"https:\/\/www.hnhlcranes.com\/wp-content\/uploads\/2024\/12\/Crane-sound-and-light-alarm.jpg","datePublished":"2024-12-05T16:55:21+00:00","dateModified":"2025-01-16T04:10:37+00:00","description":"Sound and light alarm,Crane Electrical Parts,Sound and light alarm manufacturer,Sound and light alarm Supplier,Crane Parts Supplier","breadcrumb":{"@id":"https:\/\/www.hnhlcranes.com\/product\/crane-sound-and-light-alarm\/#breadcrumb"},"inLanguage":"sk-SK","potentialAction":[{"@type":"ReadAction","target":["https:\/\/www.hnhlcranes.com\/product\/crane-sound-and-light-alarm\/"]}]},{"@type":"ImageObject","inLanguage":"sk-SK","@id":"https:\/\/www.hnhlcranes.com\/product\/crane-sound-and-light-alarm\/#primaryimage","url":"https:\/\/www.hnhlcranes.com\/wp-content\/uploads\/2024\/12\/Crane-sound-and-light-alarm.jpg","contentUrl":"https:\/\/www.hnhlcranes.com\/wp-content\/uploads\/2024\/12\/Crane-sound-and-light-alarm.jpg","width":600,"height":600},{"@type":"BreadcrumbList","@id":"https:\/\/www.hnhlcranes.com\/product\/crane-sound-and-light-alarm\/#breadcrumb","itemListElement":[{"@type":"ListItem","position":1,"name":"home","item":"https:\/\/www.hnhlcranes.com\/"},{"@type":"ListItem","position":2,"name":"products","item":"https:\/\/www.hnhlcranes.com\/products\/"},{"@type":"ListItem","position":3,"name":"Crane sound and light alarm"}]},{"@type":"WebSite","@id":"https:\/\/www.hnhlcranes.com\/#website","url":"https:\/\/www.hnhlcranes.com\/","name":"Crane Parts Manufacturer","description":"Crane Wheels,Crane Drums,Crane Hooks,Crane Coupling,Crane End Carriage,Electric Hoist,European Crane Parts,Crane Rail Clip,Crane Spreader,Crane Motor,Crane Reducer,Crane Brake,Light Crane Parts,Workstation Crane Parts,Crane Electrical Parts,China Crane Parts Supplier,China Crane Parts Manufacturer,Angle box type crane wheel,45 degree split crane wheel,European crane wheel,Crane Wheel Blocks,Overhead crane drum,European crane drum,Overhead crane hook,European crane hook,Crane pulley block,Gear coupling,Brake wheel coupling,Drum gear coupling,Brake wheel drum gear coupling,Cardan Shaft Coupling,WZL drum coupling,Plum blossom elastic coupling,Brake wheel plum elastic coupling,European Single girder crane end carriage,European Double girder crane end carriage,European Suspension  crane end carriage,Wire Rope Electric Hoist,Electric Chain Hoist,European Single Girder Wire Rope Electric Hoist,European Double Girder Wire Rope Electric Hoist,Crane grab,Container spreader,Billet crane clamps,C-type hook,Lifting Electromagnet,YZR crane motor,YZP crane motor,ZQ Reducer,ZSC Reducer,QJ Reducer,QJ-L Reducer,QJY Reducer,H series gearbox,F Series Gear Motor,K Series Gear Motor,R Series Gear Motor,travelling machinery gear motor,Electro hydraulic drum brake,Electro hydraulic disc brake,Crane Safety brake,Crane cable trolley,Crane remote controller,Crane pendant controller,Crane electrical control cabinet,Crane limit switch,Crane sound and light alarm,Heavy Duty Aviation Connector,Crane overload limiter","publisher":{"@id":"https:\/\/www.hnhlcranes.com\/#organization"},"potentialAction":[{"@type":"SearchAction","target":{"@type":"EntryPoint","urlTemplate":"https:\/\/www.hnhlcranes.com\/?s={search_term_string}"},"query-input":{"@type":"PropertyValueSpecification","valueRequired":true,"valueName":"search_term_string"}}],"inLanguage":"sk-SK"},{"@type":"Organization","@id":"https:\/\/www.hnhlcranes.com\/#organization","name":"Crane Parts Manufacturer","url":"https:\/\/www.hnhlcranes.com\/","logo":{"@type":"ImageObject","inLanguage":"sk-SK","@id":"https:\/\/www.hnhlcranes.com\/#\/schema\/logo\/image\/","url":"https:\/\/www.hnhlcranes.com\/wp-content\/uploads\/2025\/01\/HL-logo-1.png","contentUrl":"https:\/\/www.hnhlcranes.com\/wp-content\/uploads\/2025\/01\/HL-logo-1.png","width":600,"height":169,"caption":"Crane Parts Manufacturer"},"image":{"@id":"https:\/\/www.hnhlcranes.com\/#\/schema\/logo\/image\/"}}]}},"_links":{"self":[{"href":"https:\/\/www.hnhlcranes.com\/sk\/wp-json\/wp\/v2\/product\/5790","targetHints":{"allow":["GET"]}}],"collection":[{"href":"https:\/\/www.hnhlcranes.com\/sk\/wp-json\/wp\/v2\/product"}],"about":[{"href":"https:\/\/www.hnhlcranes.com\/sk\/wp-json\/wp\/v2\/types\/product"}],"version-history":[{"count":4,"href":"https:\/\/www.hnhlcranes.com\/sk\/wp-json\/wp\/v2\/product\/5790\/revisions"}],"predecessor-version":[{"id":7494,"href":"https:\/\/www.hnhlcranes.com\/sk\/wp-json\/wp\/v2\/product\/5790\/revisions\/7494"}],"wp:featuredmedia":[{"embeddable":true,"href":"https:\/\/www.hnhlcranes.com\/sk\/wp-json\/wp\/v2\/media\/7491"}],"wp:attachment":[{"href":"https:\/\/www.hnhlcranes.com\/sk\/wp-json\/wp\/v2\/media?parent=5790"}],"wp:term":[{"taxonomy":"product_brand","embeddable":true,"href":"https:\/\/www.hnhlcranes.com\/sk\/wp-json\/wp\/v2\/product_brand?post=5790"},{"taxonomy":"product_cat","embeddable":true,"href":"https:\/\/www.hnhlcranes.com\/sk\/wp-json\/wp\/v2\/product_cat?post=5790"},{"taxonomy":"product_tag","embeddable":true,"href":"https:\/\/www.hnhlcranes.com\/sk\/wp-json\/wp\/v2\/product_tag?post=5790"}],"curies":[{"name":"wp","href":"https:\/\/api.w.org\/{rel}","templated":true}]}}