{"id":5799,"date":"2024-12-06T01:12:50","date_gmt":"2024-12-05T17:12:50","guid":{"rendered":"https:\/\/www.hnhlcranes.com\/?post_type=product&#038;p=5799"},"modified":"2025-01-16T15:38:12","modified_gmt":"2025-01-16T07:38:12","slug":"konektor-pre-tazku-letecku-prevadzku","status":"publish","type":"product","link":"https:\/\/www.hnhlcranes.com\/sk\/produkt\/konektor-pre-tazku-letecku-prevadzku\/","title":{"rendered":"Konektor pre \u0165a\u017ek\u00fa leteck\u00fa dopravu"},"content":{"rendered":"<div class=\"flex max-w-full flex-col flex-grow\">\n<div class=\"min-h-8 text-message flex w-full flex-col items-end gap-2 whitespace-normal break-words text-start [.text-message+&amp;]:mt-5\" dir=\"auto\" data-message-author-role=\"assistant\" data-message-id=\"fc730c9a-ffef-45d3-a6b5-1c3420fc36b9\" data-message-model-slug=\"gpt-4o\">\n<div class=\"flex w-full flex-col gap-1 empty:hidden first:pt-[3px]\">\n<div class=\"markdown prose w-full break-words dark:prose-invert light\"><\/div>\n<\/div>\n<\/div>\n<\/div>\n<h3>Vlastnosti a \u0161pecifik\u00e1cie konektora Heavy Duty Aviation<\/h3>\n<h4><strong>Funkcie<\/strong><\/h4>\n<ol>\n<li><strong>Vysok\u00e1 pevnos\u0165 a odolnos\u0165:<\/strong>\n<ul>\n<li>Konektor pre \u0165a\u017ek\u00fa leteck\u00fa prev\u00e1dzku je vyroben\u00fd z vysokopevnostn\u00fdch materi\u00e1lov, ktor\u00e9 pon\u00fakaj\u00fa vynikaj\u00facu odolnos\u0165 proti oderu, kor\u00f3zii a n\u00e1razom. Tieto konektory s\u00fa navrhnut\u00e9 tak, aby odol\u00e1vali mechanick\u00fdm n\u00e1razom a vibr\u00e1ci\u00e1m, v\u010faka \u010domu s\u00fa ide\u00e1lne do n\u00e1ro\u010dn\u00fdch prostred\u00ed a priemyseln\u00fdch aplik\u00e1ci\u00ed.<\/li>\n<\/ul>\n<\/li>\n<li><strong>Vodotesnos\u0165 a prachotesnos\u0165:<\/strong>\n<ul>\n<li>Tieto konektory maj\u00fa vysok\u00fd stupe\u0148 krytia, zvy\u010dajne IP67 alebo vy\u0161\u0161\u00ed, ktor\u00fd \u00fa\u010dinne zabra\u0148uje vniknutiu vody, prachu a in\u00fdch ne\u010dist\u00f4t. V\u010faka tomu zabezpe\u010duj\u00fa spo\u013eahliv\u00fa prev\u00e1dzku v prostred\u00ed s vysokou vlhkos\u0165ou alebo ve\u013ek\u00fdm mno\u017estvom prachu.<\/li>\n<\/ul>\n<\/li>\n<li><strong>Spo\u013eahliv\u00fd elektrick\u00fd v\u00fdkon:<\/strong>\n<ul>\n<li>Leteck\u00e9 konektory s vysokou odolnos\u0165ou poskytuj\u00fa vysok\u00fa schopnos\u0165 prenosu pr\u00fadu, \u010d\u00edm zabezpe\u010duj\u00fa stabiln\u00fd prenos energie pri vysokom za\u0165a\u017een\u00ed. Kontaktn\u00e9 komponenty s\u00fa zvy\u010dajne vyroben\u00e9 z vysoko vodiv\u00fdch materi\u00e1lov (napr\u00edklad zliatiny medi), \u010do zaru\u010duje spo\u013eahliv\u00e9 a dlhotrvaj\u00face elektrick\u00e9 spojenia.<\/li>\n<\/ul>\n<\/li>\n<li><strong>Odolnos\u0165 vo\u010di vysok\u00fdm a n\u00edzkym teplot\u00e1m:<\/strong>\n<ul>\n<li>Tieto konektory s\u00fa ur\u010den\u00e9 na prev\u00e1dzku pri extr\u00e9mnych teplot\u00e1ch, zvy\u010dajne v rozsahu od -55 \u00b0C do +200 \u00b0C. S\u00fa vhodn\u00e9 pre priemyseln\u00e9 odvetvia, ako je leteck\u00fd, vojensk\u00fd a \u017eelezni\u010dn\u00fd priemysel, kde s\u00fa be\u017en\u00e9 vysok\u00e9 alebo n\u00edzke teploty.<\/li>\n<\/ul>\n<\/li>\n<li><strong>R\u00f4zne konektory:<\/strong>\n<ul>\n<li>Konektor pre \u0165a\u017ek\u00fa leteck\u00fa prev\u00e1dzku podporuje r\u00f4zne typy konektorov vr\u00e1tane kruhov\u00fdch, obd\u013a\u017enikov\u00fdch, s priamym konektorom a odpojite\u013en\u00fdch typov, ktor\u00e9 sp\u013a\u0148aj\u00fa r\u00f4zne scen\u00e1re a po\u017eiadavky na pou\u017eitie.<\/li>\n<\/ul>\n<\/li>\n<li><strong>R\u00fdchla in\u0161tal\u00e1cia a odpojenie:<\/strong>\n<ul>\n<li>Tieto konektory s\u00fa navrhnut\u00e9 pre pohodlie s mechanizmami r\u00fdchleho pripojenia a odpojenia, ktor\u00e9 zvy\u0161uj\u00fa efektivitu prev\u00e1dzky. Mnoh\u00e9 modely s\u00fa vybaven\u00e9 samosvorn\u00fdmi mechanizmami, ktor\u00e9 zabezpe\u010duj\u00fa stabiln\u00e9 a spo\u013eahliv\u00e9 pripojenie.<\/li>\n<\/ul>\n<\/li>\n<li><strong>\u0160irok\u00e1 \u0161k\u00e1la aplik\u00e1ci\u00ed:<\/strong>\n<ul>\n<li>Tieto konektory sa \u0161iroko pou\u017e\u00edvaj\u00fa v leteckom a vojenskom priemysle, na \u017eelezniciach, v \u0165a\u017ek\u00fdch strojoch, priemyseln\u00fdch zariadeniach a v \u010fal\u0161\u00edch oblastiach, ktor\u00e9 si vy\u017eaduj\u00fa vysokopevnostn\u00e9 elektrick\u00e9 spojenia.<\/li>\n<\/ul>\n<\/li>\n<\/ol>\n<h4><strong>\u0160pecifik\u00e1cie<\/strong><\/h4>\n<ol>\n<li><strong>Menovit\u00fd pr\u00fad:<\/strong>\n<ul>\n<li>Rozsah menovit\u00e9ho pr\u00fadu sa zvy\u010dajne pohybuje od 10 A do 500 A v z\u00e1vislosti od modelu konektora a \u0161pecifik\u00e1ci\u00ed.<\/li>\n<\/ul>\n<\/li>\n<li><strong>Menovit\u00e9 nap\u00e4tie:<\/strong>\n<ul>\n<li>Menovit\u00e9 nap\u00e4tie sa zvy\u010dajne pohybuje od 250 V do 3000 V, \u010do vyhovuje elektrick\u00fdm po\u017eiadavk\u00e1m r\u00f4znych aplik\u00e1ci\u00ed.<\/li>\n<\/ul>\n<\/li>\n<li><strong>Odolnos\u0165 kontaktu:<\/strong>\n<ul>\n<li>Odpor kontaktov je zvy\u010dajne ni\u017e\u0161\u00ed ako 1 m\u03a9, \u010do zabezpe\u010duje n\u00edzkoodporov\u00e9 spojenia a zni\u017euje energetick\u00e9 straty.<\/li>\n<\/ul>\n<\/li>\n<li><strong>Rozsah prev\u00e1dzkov\u00fdch tepl\u00f4t:<\/strong>\n<ul>\n<li>\u0160tandardn\u00fd rozsah pracovn\u00fdch tepl\u00f4t je od -55 \u00b0C do +200 \u00b0C, pri\u010dom niektor\u00e9 modely s\u00fa schopn\u00e9 pracova\u0165 pri e\u0161te vy\u0161\u0161\u00edch teplot\u00e1ch.<\/li>\n<\/ul>\n<\/li>\n<li><strong>Stupe\u0148 ochrany:<\/strong>\n<ul>\n<li>Stupe\u0148 krytia zvy\u010dajne sp\u013a\u0148a alebo presahuje IP67, \u010d\u00edm poskytuje vynikaj\u00facu vodotesnos\u0165 a prachotesnos\u0165.<\/li>\n<\/ul>\n<\/li>\n<li><strong>Cykly vkladania\/vyberania:<\/strong>\n<ul>\n<li>Konektory zvy\u010dajne zvl\u00e1daj\u00fa 1000 a\u017e 5000 p\u00e1rovac\u00edch cyklov, \u010do zaru\u010duje dlhodob\u00fa spo\u013eahlivos\u0165 a stabilitu aj po opakovanom pou\u017e\u00edvan\u00ed.<\/li>\n<\/ul>\n<\/li>\n<li><strong>Typy konektorov:<\/strong>\n<ul>\n<li>Medzi be\u017en\u00e9 typy konektorov patria r\u00fdchlospojky, z\u00e1vitov\u00e9 konektory a uzamykate\u013en\u00e9 konektory, ktor\u00e9 umo\u017e\u0148uj\u00fa flexibiln\u00e9 mo\u017enosti pod\u013ea konkr\u00e9tnych potrieb pripojenia.<\/li>\n<\/ul>\n<\/li>\n<li><strong>Materi\u00e1ly:<\/strong>\n<ul>\n<li>Puzdr\u00e1 s\u00fa zvy\u010dajne vyroben\u00e9 z hlin\u00edkovej zliatiny alebo nehrdzavej\u00facej ocele, zatia\u013e \u010do kontakty sa zvy\u010dajne skladaj\u00fa zo zliatiny medi alebo postriebren\u00fdch materi\u00e1lov, ktor\u00e9 zabezpe\u010duj\u00fa vynikaj\u00facu vodivos\u0165 a odolnos\u0165 proti kor\u00f3zii.<\/li>\n<\/ul>\n<\/li>\n<li><strong>Ve\u013ekos\u0165 a hmotnos\u0165:<\/strong>\n<ul>\n<li>Leteck\u00e9 konektory pre ve\u013ek\u00e9 za\u0165a\u017eenie s\u00fa vo v\u0161eobecnosti v\u00e4\u010d\u0161ie, aby sa prisp\u00f4sobili vy\u0161\u0161iemu pr\u00fadu a silnej\u0161iemu mechanick\u00e9mu v\u00fdkonu, \u010do m\u00e1 za n\u00e1sledok relat\u00edvne vy\u0161\u0161iu hmotnos\u0165 na zabezpe\u010denie stabiln\u00fdch spojen\u00ed.<\/li>\n<\/ul>\n<\/li>\n<\/ol>\n<h3>Z\u00e1ver<\/h3>\n<p>Na z\u00e1ver mo\u017eno kon\u0161tatova\u0165, \u017ee \u0165a\u017ek\u00e9 leteck\u00e9 konektory pon\u00fakaj\u00fa v\u00fdnimo\u010dn\u00fa odolnos\u0165 a spo\u013eahlivos\u0165 a poskytuj\u00fa stabiln\u00e9 elektrick\u00e9 spojenia aj v extr\u00e9mnych podmienkach. V\u010faka vlastnostiam, ako je vodotesnos\u0165, prachotesnos\u0165, odolnos\u0165 vo\u010di n\u00e1razom a vysok\u00e1 teplotn\u00e1 tolerancia, sa tieto konektory \u0161iroko pou\u017e\u00edvaj\u00fa v r\u00f4znych priemyseln\u00fdch odvetviach, napr\u00edklad v letectve, vojenstve, na \u017eelezniciach a v priemyseln\u00fdch zariadeniach. V\u010faka ich siln\u00e9mu elektrick\u00e9mu v\u00fdkonu, r\u00f4znym \u0161t\u00fdlom konektorov a vysok\u00fdm stup\u0148om ochrany s\u00fa ide\u00e1lnou vo\u013ebou pre aplik\u00e1cie vy\u017eaduj\u00face vysoko odoln\u00e9 elektrick\u00e9 pripojenia.<\/p>\n<p><img fetchpriority=\"high\" decoding=\"async\" class=\"alignnone wp-image-7525\" src=\"https:\/\/www.hnhlcranes.com\/wp-content\/uploads\/2024\/12\/Heavy-Duty-Aviation-Connector-6-pin-e1737012766554-300x147.jpg\" alt=\"\" width=\"1010\" height=\"495\" srcset=\"https:\/\/www.hnhlcranes.com\/wp-content\/uploads\/2024\/12\/Heavy-Duty-Aviation-Connector-6-pin-e1737012766554-300x147.jpg 300w, https:\/\/www.hnhlcranes.com\/wp-content\/uploads\/2024\/12\/Heavy-Duty-Aviation-Connector-6-pin-e1737012766554-1024x502.jpg 1024w, https:\/\/www.hnhlcranes.com\/wp-content\/uploads\/2024\/12\/Heavy-Duty-Aviation-Connector-6-pin-e1737012766554-768x376.jpg 768w, https:\/\/www.hnhlcranes.com\/wp-content\/uploads\/2024\/12\/Heavy-Duty-Aviation-Connector-6-pin-e1737012766554-600x294.jpg 600w, https:\/\/www.hnhlcranes.com\/wp-content\/uploads\/2024\/12\/Heavy-Duty-Aviation-Connector-6-pin-e1737012766554.jpg 1224w\" sizes=\"(max-width: 1010px) 100vw, 1010px\" \/><\/p>\n<p><img decoding=\"async\" class=\"alignnone wp-image-7526\" src=\"https:\/\/www.hnhlcranes.com\/wp-content\/uploads\/2024\/12\/Heavy-Duty-Aviation-Connector-16-pin-e1737012903661-300x147.jpg\" alt=\"\" width=\"1000\" height=\"490\" srcset=\"https:\/\/www.hnhlcranes.com\/wp-content\/uploads\/2024\/12\/Heavy-Duty-Aviation-Connector-16-pin-e1737012903661-300x147.jpg 300w, https:\/\/www.hnhlcranes.com\/wp-content\/uploads\/2024\/12\/Heavy-Duty-Aviation-Connector-16-pin-e1737012903661-1024x502.jpg 1024w, https:\/\/www.hnhlcranes.com\/wp-content\/uploads\/2024\/12\/Heavy-Duty-Aviation-Connector-16-pin-e1737012903661-768x376.jpg 768w, https:\/\/www.hnhlcranes.com\/wp-content\/uploads\/2024\/12\/Heavy-Duty-Aviation-Connector-16-pin-e1737012903661-600x294.jpg 600w, https:\/\/www.hnhlcranes.com\/wp-content\/uploads\/2024\/12\/Heavy-Duty-Aviation-Connector-16-pin-e1737012903661.jpg 1224w\" sizes=\"(max-width: 1000px) 100vw, 1000px\" \/><\/p>\n<p><img decoding=\"async\" class=\"alignnone  wp-image-7527\" src=\"https:\/\/www.hnhlcranes.com\/wp-content\/uploads\/2024\/12\/Heavy-Duty-Aviation-Connector-32-pin-e1737013007182-300x147.jpg\" alt=\"\" width=\"1004\" height=\"492\" srcset=\"https:\/\/www.hnhlcranes.com\/wp-content\/uploads\/2024\/12\/Heavy-Duty-Aviation-Connector-32-pin-e1737013007182-300x147.jpg 300w, https:\/\/www.hnhlcranes.com\/wp-content\/uploads\/2024\/12\/Heavy-Duty-Aviation-Connector-32-pin-e1737013007182-1024x502.jpg 1024w, https:\/\/www.hnhlcranes.com\/wp-content\/uploads\/2024\/12\/Heavy-Duty-Aviation-Connector-32-pin-e1737013007182-768x376.jpg 768w, https:\/\/www.hnhlcranes.com\/wp-content\/uploads\/2024\/12\/Heavy-Duty-Aviation-Connector-32-pin-e1737013007182-600x294.jpg 600w, https:\/\/www.hnhlcranes.com\/wp-content\/uploads\/2024\/12\/Heavy-Duty-Aviation-Connector-32-pin-e1737013007182.jpg 1224w\" sizes=\"(max-width: 1004px) 100vw, 1004px\" \/><\/p>","protected":false},"excerpt":{"rendered":"<p>Konektor HE Heavy Duty Aviation, zn\u00e1my aj ako leteck\u00e1 z\u00e1str\u010dka alebo r\u00fdchlospojka, je univerz\u00e1lne a robustn\u00e9 rie\u0161enie pre elektrick\u00e9 a sign\u00e1lne pripojenia v priemyseln\u00fdch zariadeniach vr\u00e1tane \u017eeriavov.<\/p>","protected":false},"featured_media":7506,"template":"","meta":{"_kad_post_transparent":"default","_kad_post_title":"","_kad_post_layout":"default","_kad_post_sidebar_id":"","_kad_post_content_style":"default","_kad_post_vertical_padding":"show","_kad_post_feature":"","_kad_post_feature_position":"","_kad_post_header":false,"_kad_post_footer":false},"product_brand":[],"product_cat":[65],"product_tag":[632,622,376,634,612,616,626,627,629,613,617,620,615,614,618,628,619,621,623,630,635,633,625,631,624],"class_list":{"0":"post-5799","1":"product","2":"type-product","3":"status-publish","4":"has-post-thumbnail","6":"product_cat-crane-electrical-parts","7":"product_tag-aviation-plug","8":"product_tag-cable-trolley","9":"product_tag-china-crane-parts-supplier","10":"product_tag-crane-aviation-plug","11":"product_tag-crane-cable-trolley","12":"product_tag-crane-control-cabinet","13":"product_tag-crane-control-handle","14":"product_tag-crane-controls","15":"product_tag-crane-electrical-control-cabinet","16":"product_tag-crane-electrical-part","17":"product_tag-crane-limit-switch","18":"product_tag-crane-overload-limiter","19":"product_tag-crane-pendant-controller","20":"product_tag-crane-remote-controller","21":"product_tag-crane-sound-and-light-alarm","22":"product_tag-electrical-control-cabinet","23":"product_tag-heavy-duty-aviation-connector","24":"product_tag-i-beam-cable-trolley","25":"product_tag-i-beam-cable-trolley-supplier","26":"product_tag-limit-switch","27":"product_tag-overload-limiter","28":"product_tag-quick-connector","29":"product_tag-remote-controller","30":"product_tag-sound-and-light-alarm","31":"product_tag-wireless-remote-control","33":"first","34":"instock","35":"shipping-taxable","36":"product-type-simple","37":"entry","38":"content-bg","39":"loop-entry"},"yoast_head":"<!-- This site is optimized with the Yoast SEO plugin v24.5 - https:\/\/yoast.com\/wordpress\/plugins\/seo\/ -->\n<title>Heavy Duty Aviation Connector - Aviation plug-Quick connector-Crane Parts Manufacturer<\/title>\n<meta name=\"description\" content=\"Aviation plug,quick connector,Crane aviation plug, Heavy Duty Aviation Connector manufacturer,Crane Parts Supplier,Heavy Duty Aviation Connector\" \/>\n<meta name=\"robots\" content=\"index, follow, max-snippet:-1, max-image-preview:large, max-video-preview:-1\" \/>\n<link rel=\"canonical\" href=\"https:\/\/www.hnhlcranes.com\/sk\/produkt\/konektor-pre-tazku-letecku-prevadzku\/\" \/>\n<meta property=\"og:locale\" content=\"sk_SK\" \/>\n<meta property=\"og:type\" content=\"article\" \/>\n<meta property=\"og:title\" content=\"Heavy Duty Aviation Connector - Aviation plug-Quick connector-Crane Parts Manufacturer\" \/>\n<meta property=\"og:description\" content=\"Aviation plug,quick connector,Crane aviation plug, Heavy Duty Aviation Connector manufacturer,Crane Parts Supplier,Heavy Duty Aviation Connector\" \/>\n<meta property=\"og:url\" content=\"https:\/\/www.hnhlcranes.com\/sk\/produkt\/konektor-pre-tazku-letecku-prevadzku\/\" \/>\n<meta property=\"og:site_name\" content=\"Crane Parts Manufacturer\" \/>\n<meta property=\"article:modified_time\" content=\"2025-01-16T07:38:12+00:00\" \/>\n<meta property=\"og:image\" content=\"https:\/\/www.hnhlcranes.com\/wp-content\/uploads\/2024\/12\/Heavy-Duty-Aviation-Connector.jpg\" \/>\n\t<meta property=\"og:image:width\" content=\"600\" \/>\n\t<meta property=\"og:image:height\" content=\"600\" \/>\n\t<meta property=\"og:image:type\" content=\"image\/jpeg\" \/>\n<meta name=\"twitter:card\" content=\"summary_large_image\" \/>\n<meta name=\"twitter:label1\" content=\"Predpokladan\u00fd \u010das \u010d\u00edtania\" \/>\n\t<meta name=\"twitter:data1\" content=\"4 min\u00faty\" \/>\n<script type=\"application\/ld+json\" class=\"yoast-schema-graph\">{\"@context\":\"https:\/\/schema.org\",\"@graph\":[{\"@type\":\"WebPage\",\"@id\":\"https:\/\/www.hnhlcranes.com\/product\/heavy-duty-aviation-connector\/\",\"url\":\"https:\/\/www.hnhlcranes.com\/product\/heavy-duty-aviation-connector\/\",\"name\":\"Heavy Duty Aviation Connector - Aviation plug-Quick connector-Crane Parts Manufacturer\",\"isPartOf\":{\"@id\":\"https:\/\/www.hnhlcranes.com\/#website\"},\"primaryImageOfPage\":{\"@id\":\"https:\/\/www.hnhlcranes.com\/product\/heavy-duty-aviation-connector\/#primaryimage\"},\"image\":{\"@id\":\"https:\/\/www.hnhlcranes.com\/product\/heavy-duty-aviation-connector\/#primaryimage\"},\"thumbnailUrl\":\"https:\/\/www.hnhlcranes.com\/wp-content\/uploads\/2024\/12\/Heavy-Duty-Aviation-Connector.jpg\",\"datePublished\":\"2024-12-05T17:12:50+00:00\",\"dateModified\":\"2025-01-16T07:38:12+00:00\",\"description\":\"Aviation plug,quick connector,Crane aviation plug, Heavy Duty Aviation Connector manufacturer,Crane Parts Supplier,Heavy Duty Aviation Connector\",\"breadcrumb\":{\"@id\":\"https:\/\/www.hnhlcranes.com\/product\/heavy-duty-aviation-connector\/#breadcrumb\"},\"inLanguage\":\"sk-SK\",\"potentialAction\":[{\"@type\":\"ReadAction\",\"target\":[\"https:\/\/www.hnhlcranes.com\/product\/heavy-duty-aviation-connector\/\"]}]},{\"@type\":\"ImageObject\",\"inLanguage\":\"sk-SK\",\"@id\":\"https:\/\/www.hnhlcranes.com\/product\/heavy-duty-aviation-connector\/#primaryimage\",\"url\":\"https:\/\/www.hnhlcranes.com\/wp-content\/uploads\/2024\/12\/Heavy-Duty-Aviation-Connector.jpg\",\"contentUrl\":\"https:\/\/www.hnhlcranes.com\/wp-content\/uploads\/2024\/12\/Heavy-Duty-Aviation-Connector.jpg\",\"width\":600,\"height\":600},{\"@type\":\"BreadcrumbList\",\"@id\":\"https:\/\/www.hnhlcranes.com\/product\/heavy-duty-aviation-connector\/#breadcrumb\",\"itemListElement\":[{\"@type\":\"ListItem\",\"position\":1,\"name\":\"home\",\"item\":\"https:\/\/www.hnhlcranes.com\/\"},{\"@type\":\"ListItem\",\"position\":2,\"name\":\"products\",\"item\":\"https:\/\/www.hnhlcranes.com\/products\/\"},{\"@type\":\"ListItem\",\"position\":3,\"name\":\"Heavy Duty Aviation Connector\"}]},{\"@type\":\"WebSite\",\"@id\":\"https:\/\/www.hnhlcranes.com\/#website\",\"url\":\"https:\/\/www.hnhlcranes.com\/\",\"name\":\"Crane Parts Manufacturer\",\"description\":\"Crane Wheels,Crane Drums,Crane Hooks,Crane Coupling,Crane End Carriage,Electric Hoist,European Crane Parts,Crane Rail Clip,Crane Spreader,Crane Motor,Crane Reducer,Crane Brake,Light Crane Parts,Workstation Crane Parts,Crane Electrical Parts,China Crane Parts Supplier,China Crane Parts Manufacturer,Angle box type crane wheel,45 degree split crane wheel,European crane wheel,Crane Wheel Blocks,Overhead crane drum,European crane drum,Overhead crane hook,European crane hook,Crane pulley block,Gear coupling,Brake wheel coupling,Drum gear coupling,Brake wheel drum gear coupling,Cardan Shaft Coupling,WZL drum coupling,Plum blossom elastic coupling,Brake wheel plum elastic coupling,European Single girder crane end carriage,European Double girder crane end carriage,European Suspension  crane end carriage,Wire Rope Electric Hoist,Electric Chain Hoist,European Single Girder Wire Rope Electric Hoist,European Double Girder Wire Rope Electric Hoist,Crane grab,Container spreader,Billet crane clamps,C-type hook,Lifting Electromagnet,YZR crane motor,YZP crane motor,ZQ Reducer,ZSC Reducer,QJ Reducer,QJ-L Reducer,QJY Reducer,H series gearbox,F Series Gear Motor,K Series Gear Motor,R Series Gear Motor,travelling machinery gear motor,Electro hydraulic drum brake,Electro hydraulic disc brake,Crane Safety brake,Crane cable trolley,Crane remote controller,Crane pendant controller,Crane electrical control cabinet,Crane limit switch,Crane sound and light alarm,Heavy Duty Aviation Connector,Crane overload limiter\",\"publisher\":{\"@id\":\"https:\/\/www.hnhlcranes.com\/#organization\"},\"potentialAction\":[{\"@type\":\"SearchAction\",\"target\":{\"@type\":\"EntryPoint\",\"urlTemplate\":\"https:\/\/www.hnhlcranes.com\/?s={search_term_string}\"},\"query-input\":{\"@type\":\"PropertyValueSpecification\",\"valueRequired\":true,\"valueName\":\"search_term_string\"}}],\"inLanguage\":\"sk-SK\"},{\"@type\":\"Organization\",\"@id\":\"https:\/\/www.hnhlcranes.com\/#organization\",\"name\":\"Crane Parts Manufacturer\",\"url\":\"https:\/\/www.hnhlcranes.com\/\",\"logo\":{\"@type\":\"ImageObject\",\"inLanguage\":\"sk-SK\",\"@id\":\"https:\/\/www.hnhlcranes.com\/#\/schema\/logo\/image\/\",\"url\":\"https:\/\/www.hnhlcranes.com\/wp-content\/uploads\/2025\/01\/HL-logo-1.png\",\"contentUrl\":\"https:\/\/www.hnhlcranes.com\/wp-content\/uploads\/2025\/01\/HL-logo-1.png\",\"width\":600,\"height\":169,\"caption\":\"Crane Parts Manufacturer\"},\"image\":{\"@id\":\"https:\/\/www.hnhlcranes.com\/#\/schema\/logo\/image\/\"}}]}<\/script>\n<!-- \/ Yoast SEO plugin. -->","yoast_head_json":{"title":"Heavy Duty Aviation Connector - Aviation plug-Quick connector-Crane Parts Manufacturer","description":"Aviation plug,quick connector,Crane aviation plug, Heavy Duty Aviation Connector manufacturer,Crane Parts Supplier,Heavy Duty Aviation Connector","robots":{"index":"index","follow":"follow","max-snippet":"max-snippet:-1","max-image-preview":"max-image-preview:large","max-video-preview":"max-video-preview:-1"},"canonical":"https:\/\/www.hnhlcranes.com\/sk\/produkt\/konektor-pre-tazku-letecku-prevadzku\/","og_locale":"sk_SK","og_type":"article","og_title":"Heavy Duty Aviation Connector - Aviation plug-Quick connector-Crane Parts Manufacturer","og_description":"Aviation plug,quick connector,Crane aviation plug, Heavy Duty Aviation Connector manufacturer,Crane Parts Supplier,Heavy Duty Aviation Connector","og_url":"https:\/\/www.hnhlcranes.com\/sk\/produkt\/konektor-pre-tazku-letecku-prevadzku\/","og_site_name":"Crane Parts Manufacturer","article_modified_time":"2025-01-16T07:38:12+00:00","og_image":[{"width":600,"height":600,"url":"https:\/\/www.hnhlcranes.com\/wp-content\/uploads\/2024\/12\/Heavy-Duty-Aviation-Connector.jpg","type":"image\/jpeg"}],"twitter_card":"summary_large_image","twitter_misc":{"Predpokladan\u00fd \u010das \u010d\u00edtania":"4 min\u00faty"},"schema":{"@context":"https:\/\/schema.org","@graph":[{"@type":"WebPage","@id":"https:\/\/www.hnhlcranes.com\/product\/heavy-duty-aviation-connector\/","url":"https:\/\/www.hnhlcranes.com\/product\/heavy-duty-aviation-connector\/","name":"Heavy Duty Aviation Connector - Aviation plug-Quick connector-Crane Parts Manufacturer","isPartOf":{"@id":"https:\/\/www.hnhlcranes.com\/#website"},"primaryImageOfPage":{"@id":"https:\/\/www.hnhlcranes.com\/product\/heavy-duty-aviation-connector\/#primaryimage"},"image":{"@id":"https:\/\/www.hnhlcranes.com\/product\/heavy-duty-aviation-connector\/#primaryimage"},"thumbnailUrl":"https:\/\/www.hnhlcranes.com\/wp-content\/uploads\/2024\/12\/Heavy-Duty-Aviation-Connector.jpg","datePublished":"2024-12-05T17:12:50+00:00","dateModified":"2025-01-16T07:38:12+00:00","description":"Aviation plug,quick connector,Crane aviation plug, Heavy Duty Aviation Connector manufacturer,Crane Parts Supplier,Heavy Duty Aviation Connector","breadcrumb":{"@id":"https:\/\/www.hnhlcranes.com\/product\/heavy-duty-aviation-connector\/#breadcrumb"},"inLanguage":"sk-SK","potentialAction":[{"@type":"ReadAction","target":["https:\/\/www.hnhlcranes.com\/product\/heavy-duty-aviation-connector\/"]}]},{"@type":"ImageObject","inLanguage":"sk-SK","@id":"https:\/\/www.hnhlcranes.com\/product\/heavy-duty-aviation-connector\/#primaryimage","url":"https:\/\/www.hnhlcranes.com\/wp-content\/uploads\/2024\/12\/Heavy-Duty-Aviation-Connector.jpg","contentUrl":"https:\/\/www.hnhlcranes.com\/wp-content\/uploads\/2024\/12\/Heavy-Duty-Aviation-Connector.jpg","width":600,"height":600},{"@type":"BreadcrumbList","@id":"https:\/\/www.hnhlcranes.com\/product\/heavy-duty-aviation-connector\/#breadcrumb","itemListElement":[{"@type":"ListItem","position":1,"name":"home","item":"https:\/\/www.hnhlcranes.com\/"},{"@type":"ListItem","position":2,"name":"products","item":"https:\/\/www.hnhlcranes.com\/products\/"},{"@type":"ListItem","position":3,"name":"Heavy Duty Aviation Connector"}]},{"@type":"WebSite","@id":"https:\/\/www.hnhlcranes.com\/#website","url":"https:\/\/www.hnhlcranes.com\/","name":"Crane Parts Manufacturer","description":"Crane Wheels,Crane Drums,Crane Hooks,Crane Coupling,Crane End Carriage,Electric Hoist,European Crane Parts,Crane Rail Clip,Crane Spreader,Crane Motor,Crane Reducer,Crane Brake,Light Crane Parts,Workstation Crane Parts,Crane Electrical Parts,China Crane Parts Supplier,China Crane Parts Manufacturer,Angle box type crane wheel,45 degree split crane wheel,European crane wheel,Crane Wheel Blocks,Overhead crane drum,European crane drum,Overhead crane hook,European crane hook,Crane pulley block,Gear coupling,Brake wheel coupling,Drum gear coupling,Brake wheel drum gear coupling,Cardan Shaft Coupling,WZL drum coupling,Plum blossom elastic coupling,Brake wheel plum elastic coupling,European Single girder crane end carriage,European Double girder crane end carriage,European Suspension  crane end carriage,Wire Rope Electric Hoist,Electric Chain Hoist,European Single Girder Wire Rope Electric Hoist,European Double Girder Wire Rope Electric Hoist,Crane grab,Container spreader,Billet crane clamps,C-type hook,Lifting Electromagnet,YZR crane motor,YZP crane motor,ZQ Reducer,ZSC Reducer,QJ Reducer,QJ-L Reducer,QJY Reducer,H series gearbox,F Series Gear Motor,K Series Gear Motor,R Series Gear Motor,travelling machinery gear motor,Electro hydraulic drum brake,Electro hydraulic disc brake,Crane Safety brake,Crane cable trolley,Crane remote controller,Crane pendant controller,Crane electrical control cabinet,Crane limit switch,Crane sound and light alarm,Heavy Duty Aviation Connector,Crane overload limiter","publisher":{"@id":"https:\/\/www.hnhlcranes.com\/#organization"},"potentialAction":[{"@type":"SearchAction","target":{"@type":"EntryPoint","urlTemplate":"https:\/\/www.hnhlcranes.com\/?s={search_term_string}"},"query-input":{"@type":"PropertyValueSpecification","valueRequired":true,"valueName":"search_term_string"}}],"inLanguage":"sk-SK"},{"@type":"Organization","@id":"https:\/\/www.hnhlcranes.com\/#organization","name":"Crane Parts Manufacturer","url":"https:\/\/www.hnhlcranes.com\/","logo":{"@type":"ImageObject","inLanguage":"sk-SK","@id":"https:\/\/www.hnhlcranes.com\/#\/schema\/logo\/image\/","url":"https:\/\/www.hnhlcranes.com\/wp-content\/uploads\/2025\/01\/HL-logo-1.png","contentUrl":"https:\/\/www.hnhlcranes.com\/wp-content\/uploads\/2025\/01\/HL-logo-1.png","width":600,"height":169,"caption":"Crane Parts Manufacturer"},"image":{"@id":"https:\/\/www.hnhlcranes.com\/#\/schema\/logo\/image\/"}}]}},"_links":{"self":[{"href":"https:\/\/www.hnhlcranes.com\/sk\/wp-json\/wp\/v2\/product\/5799","targetHints":{"allow":["GET"]}}],"collection":[{"href":"https:\/\/www.hnhlcranes.com\/sk\/wp-json\/wp\/v2\/product"}],"about":[{"href":"https:\/\/www.hnhlcranes.com\/sk\/wp-json\/wp\/v2\/types\/product"}],"version-history":[{"count":25,"href":"https:\/\/www.hnhlcranes.com\/sk\/wp-json\/wp\/v2\/product\/5799\/revisions"}],"predecessor-version":[{"id":7533,"href":"https:\/\/www.hnhlcranes.com\/sk\/wp-json\/wp\/v2\/product\/5799\/revisions\/7533"}],"wp:featuredmedia":[{"embeddable":true,"href":"https:\/\/www.hnhlcranes.com\/sk\/wp-json\/wp\/v2\/media\/7506"}],"wp:attachment":[{"href":"https:\/\/www.hnhlcranes.com\/sk\/wp-json\/wp\/v2\/media?parent=5799"}],"wp:term":[{"taxonomy":"product_brand","embeddable":true,"href":"https:\/\/www.hnhlcranes.com\/sk\/wp-json\/wp\/v2\/product_brand?post=5799"},{"taxonomy":"product_cat","embeddable":true,"href":"https:\/\/www.hnhlcranes.com\/sk\/wp-json\/wp\/v2\/product_cat?post=5799"},{"taxonomy":"product_tag","embeddable":true,"href":"https:\/\/www.hnhlcranes.com\/sk\/wp-json\/wp\/v2\/product_tag?post=5799"}],"curies":[{"name":"wp","href":"https:\/\/api.w.org\/{rel}","templated":true}]}}