{"id":5505,"date":"2024-11-28T14:51:15","date_gmt":"2024-11-28T06:51:15","guid":{"rendered":"https:\/\/www.hnhlcranes.com\/?post_type=product&#038;p=5505"},"modified":"2025-01-10T15:49:58","modified_gmt":"2025-01-10T07:49:58","slug":"wjk-tirna-sponka","status":"publish","type":"product","link":"https:\/\/www.hnhlcranes.com\/sl\/izdelek\/wjk-tirna-sponka\/","title":{"rendered":"WJK Rail Clip"},"content":{"rendered":"<h6><img fetchpriority=\"high\" decoding=\"async\" class=\"alignnone wp-image-7077\" src=\"https:\/\/www.hnhlcranes.com\/wp-content\/uploads\/2024\/11\/WJK-Rail-Clip-2-300x95.jpg\" alt=\"\" width=\"951\" height=\"301\" srcset=\"https:\/\/www.hnhlcranes.com\/wp-content\/uploads\/2024\/11\/WJK-Rail-Clip-2-300x95.jpg 300w, https:\/\/www.hnhlcranes.com\/wp-content\/uploads\/2024\/11\/WJK-Rail-Clip-2-768x242.jpg 768w, https:\/\/www.hnhlcranes.com\/wp-content\/uploads\/2024\/11\/WJK-Rail-Clip-2-600x189.jpg 600w, https:\/\/www.hnhlcranes.com\/wp-content\/uploads\/2024\/11\/WJK-Rail-Clip-2.jpg 800w\" sizes=\"(max-width: 951px) 100vw, 951px\" \/><\/h6>\n<h6><\/h6>\n<h3>Lastnosti WJK Rail Clip<\/h3>\n<p>Spletna stran <strong>WJK tirna sponka<\/strong> je posebej zasnovan za uporabo z jeklenimi nosilci in ima dvi\u017eno zmogljivost 350 ton na komplet, ki ga sestavlja skupaj sedem sestavnih delov. Ta robustna zasnova zagotavlja optimalno delovanje pri razli\u010dnih te\u017ekih aplikacijah.<\/p>\n<h4><strong>Varjenje osnovne plo\u0161\u010de<\/strong><\/h4>\n<p>Spletna stran <strong>Osnovna plo\u0161\u010da WJK<\/strong> je privarjen na prirobnico jeklenega nosilca \u017eerjava s tristranskimi okoli\u0161kimi ali dvostranskimi bo\u010dnimi zvari. Ta konfiguracija zagotavlja, da se vodoravna bo\u010dna sila \u017eerjava nemoteno prena\u0161a na \u017eerjavni nosilec. Poleg tega zmanj\u0161uje strukturno oslabitev zaradi pretiranega vrtanja na prirobnici, kar znatno pove\u010da nosilnost pre\u010dnega prereza \u017eerjavnega nosilca.<\/p>\n<h4><strong>Priklju\u010dek krogli\u010dnega sklepa<\/strong><\/h4>\n<p>Osnovna plo\u0161\u010da je s spodnjim koncem T-vijaka povezana z <strong>krogli\u010dni sklep<\/strong>, ki omogo\u010da, da T-vijak ostane pravokoten na zgornji pokrov med delovanjem bo\u010dne sile. Ta oblika priklju\u010dka omogo\u010da tudi rahlo nagibanje. Tako se bo\u010dni vpliv \u017eerjava na tirnico, nosilec \u017eerjava in zavorni sistem u\u010dinkovito ubla\u017ei, kar posledi\u010dno podalj\u0161a konstrukcijsko \u017eivljenjsko dobo teh sestavnih delov.<\/p>\n<h4><strong>Plo\u0161\u010da za nastavitev merilnika<\/strong><\/h4>\n<p>Spletna stran <strong>WJK \u017eelezni\u0161ke sponke<\/strong> imajo funkcijo a <strong>plo\u0161\u010da za nastavitev merilnika<\/strong>, ki omogo\u010da natan\u010dno nastavitev tirne \u0161irine. Ta funkcija ne le pove\u010da natan\u010dnost vgradnje, temve\u010d tudi zmanj\u0161a odstopanja v osi tirnice. Poleg tega vklju\u010duje dvojni samozaporni mehanizem, ki prepre\u010duje rahljanje med delovanjem in zagotavlja stabilno delovanje.<\/p>\n<h4><strong>Enostavna namestitev in vzdr\u017eevanje<\/strong><\/h4>\n<p>Spletna stran <strong>T-vijaki<\/strong> in . <strong>zgornje pokrivne plo\u0161\u010de<\/strong> WJK je mogo\u010de enostavno sestaviti in razstaviti, kar znatno poenostavi gradnjo in vzdr\u017eevanje. Enostavna monta\u017ea in vzdr\u017eevanje pomenita kraj\u0161i \u010das izpada in ve\u010djo u\u010dinkovitost delovanja.<\/p>\n<h4><strong>Zdru\u017eljivost z ukrivljenostjo tirnic<\/strong><\/h4>\n<p>Spletna stran <strong>zgornja pokrivna plo\u0161\u010da<\/strong> je zasnovan tako, da ustreza ukrivljenosti pre\u010dnega prereza tirnice. To zagotavlja, da je tirnica trdno pritrjena, ne da bi bilo ovirano njeno rahlo vzdol\u017eno gibanje. Poleg tega ta lastnost olaj\u0161a varjenje tirnic polne dol\u017eine, zaradi \u010desar je sponka WJK vsestransko uporabna pri razli\u010dnih konfiguracijah tirnic.<\/p>\n<h4><strong>Fiksni razmik med komponentami<\/strong><\/h4>\n<p>Razmik med fiksnimi sestavnimi deli je dolo\u010den na podlagi dvi\u017ene zmogljivosti \u017eerjava. Pri \u017eerjavih z obremenitvijo \u2264 275 t je razmik 600 mm, pri \u017eerjavih z obremenitvijo &gt; 275 t pa se razmik zmanj\u0161a na 500 mm, da se prilagodi ve\u010dji obremenitvi.<\/p>\n<h4><strong>Zdru\u017eljivost varilnih materialov<\/strong><\/h4>\n<p>Spletna stran <strong>osnova fiksne komponente<\/strong> je zvarjen na \u017eerjavni nosilec z modeli elektrod, ki so zdru\u017eljivi z materialom, iz katerega so izdelani povezovalni elementi. Na primer, <strong>E4303 elektrode<\/strong> se uporabljajo za <strong>Jeklo Q235<\/strong>, medtem ko <strong>E5015 elektrode<\/strong> se raje uporabljajo za <strong>Jeklo Q345<\/strong> da bi zagotovili mo\u010dno in zanesljivo vez.<\/p>\n<h4><strong>Tipi varjenja glede na dol\u017eino \u017eerjava<\/strong><\/h4>\n<p>Vrste zvarov so odvisne od stopnje uporabe \u017eerjava. Za <strong>srednje te\u017eki \u017eerjavi<\/strong>se uporabljajo dvostranski zvarni \u0161ivi, medtem ko <strong>za velike obremenitve<\/strong> (ali <strong>izjemno te\u017eka obremenitev<\/strong>) \u017eerjavi potrebujejo tristranske okoli\u0161ke zvarne \u0161ive, da prenesejo ve\u010dje obremenitve in napetosti.<\/p>\n<h4><strong>Navor za zategovanje vijakov<\/strong><\/h4>\n<p>Za <strong>srednje te\u017eki \u017eerjavi<\/strong> (Q \u2264 275t) je najve\u010dji navor za zategovanje vijakov 150 N-m, medtem ko je za <strong>\u017eerjavi za velike obremenitve<\/strong>, je navor za zategovanje pove\u010dan na 220 N-m, da se prilagodi ve\u010djim silam, ki delujejo med delovanjem.<\/p>\n<h4><strong>Najve\u010dja bo\u010dna sila<\/strong><\/h4>\n<p>Spletna stran <strong>najve\u010dja dovoljena bo\u010dna sila<\/strong> za tirno sponko WJK zna\u0161a 45 kN. To zagotavlja, da lahko tirna sponka prenese velike bo\u010dne sile, ne da bi bila ogro\u017eena njena strukturna celovitost.<\/p>\n<p>S temi naprednimi funkcijami zasnove je <strong>WJK tirna sponka<\/strong> zagotavlja varno, zanesljivo in trajno povezavo med \u017eerjavom in \u017eelezni\u0161kim sistemom ter tako izbolj\u0161a splo\u0161no u\u010dinkovitost in varnost delovanja.<\/p>","protected":false},"excerpt":{"rendered":"<h6><strong><span style=\"font-family: arial, helvetica, sans-serif; font-size: 14pt;\">Specifikacije WJK Rail Clip<\/span><\/strong><\/h6>\n<ul>\n<li><strong>Modeli<\/strong>: WJK-TG38, WJK-TG43, WJK-TG50, WJK-TG60, WJK-QU70, WJK-QU80, WJK-QU100, WJK-QU120<\/li>\n<li><strong>Metoda pritrjevanja<\/strong>: Varjena osnovna plo\u0161\u010da<\/li>\n<\/ul>","protected":false},"featured_media":7075,"template":"","meta":{"_kad_post_transparent":"default","_kad_post_title":"","_kad_post_layout":"default","_kad_post_sidebar_id":"","_kad_post_content_style":"default","_kad_post_vertical_padding":"show","_kad_post_feature":"","_kad_post_feature_position":"","_kad_post_header":false,"_kad_post_footer":false},"product_brand":[],"product_cat":[83],"product_tag":[483,482,481,480,376,489,486,490,488,484,492,487,485,493,478,491,477,479],"class_list":{"0":"post-5505","1":"product","2":"type-product","3":"status-publish","4":"has-post-thumbnail","6":"product_cat-crane-rail-clip","7":"product_tag-05g525-rail-clip","8":"product_tag-cgbk-rail-clip","9":"product_tag-cgek-rail-clip","10":"product_tag-cgwk-rail-clip","11":"product_tag-china-crane-parts-supplier","12":"product_tag-crane-rail-clamp","13":"product_tag-crane-rail-clip","14":"product_tag-crane-rail-clip-supplier","15":"product_tag-crane-rail-fixing-device","16":"product_tag-hdgy-rail-clip","17":"product_tag-rail-connection-splint","18":"product_tag-rail-fixing-device","19":"product_tag-rail-joint","20":"product_tag-special-crane-spreader","21":"product_tag-swjk-rail-clip","22":"product_tag-tracks-jointing-plates","23":"product_tag-wjk-rail-clip","24":"product_tag-wjkc-rail-clip","26":"first","27":"instock","28":"shipping-taxable","29":"product-type-simple","30":"entry","31":"content-bg","32":"loop-entry"},"yoast_head":"<!-- This site is optimized with the Yoast SEO plugin v24.5 - https:\/\/yoast.com\/wordpress\/plugins\/seo\/ -->\n<title>WJK Rail Clip - WJK Rail Clips-Rail fixing device-Crane Rail Clamp-Crane Parts Manufacturer<\/title>\n<meta name=\"description\" content=\"Rail Clips,WJK Rail Clip,Crane Rail Clip,Rail fixing device,Crane Rail fixing device,crane Rail Clamp,SWJK Rail Clips,Overhead Crane Rail Clip\" \/>\n<meta name=\"robots\" content=\"index, follow, max-snippet:-1, max-image-preview:large, max-video-preview:-1\" \/>\n<link rel=\"canonical\" href=\"https:\/\/www.hnhlcranes.com\/sl\/izdelek\/wjk-tirna-sponka\/\" \/>\n<meta property=\"og:locale\" content=\"sl_SI\" \/>\n<meta property=\"og:type\" content=\"article\" \/>\n<meta property=\"og:title\" content=\"WJK Rail Clip - WJK Rail Clips-Rail fixing device-Crane Rail Clamp-Crane Parts Manufacturer\" \/>\n<meta property=\"og:description\" content=\"Rail Clips,WJK Rail Clip,Crane Rail Clip,Rail fixing device,Crane Rail fixing device,crane Rail Clamp,SWJK Rail Clips,Overhead Crane Rail Clip\" \/>\n<meta property=\"og:url\" content=\"https:\/\/www.hnhlcranes.com\/sl\/izdelek\/wjk-tirna-sponka\/\" \/>\n<meta property=\"og:site_name\" content=\"Crane Parts Manufacturer\" \/>\n<meta property=\"article:modified_time\" content=\"2025-01-10T07:49:58+00:00\" \/>\n<meta property=\"og:image\" content=\"https:\/\/www.hnhlcranes.com\/wp-content\/uploads\/2024\/11\/WJK-Rail-Clip.jpg\" \/>\n\t<meta property=\"og:image:width\" content=\"600\" \/>\n\t<meta property=\"og:image:height\" content=\"600\" \/>\n\t<meta property=\"og:image:type\" content=\"image\/jpeg\" \/>\n<meta name=\"twitter:card\" content=\"summary_large_image\" \/>\n<meta name=\"twitter:label1\" content=\"Est. reading time\" \/>\n\t<meta name=\"twitter:data1\" content=\"3 minute\" \/>\n<script type=\"application\/ld+json\" class=\"yoast-schema-graph\">{\"@context\":\"https:\/\/schema.org\",\"@graph\":[{\"@type\":\"WebPage\",\"@id\":\"https:\/\/www.hnhlcranes.com\/product\/wjk-rail-clip\/\",\"url\":\"https:\/\/www.hnhlcranes.com\/product\/wjk-rail-clip\/\",\"name\":\"WJK Rail Clip - WJK Rail Clips-Rail fixing device-Crane Rail Clamp-Crane Parts Manufacturer\",\"isPartOf\":{\"@id\":\"https:\/\/www.hnhlcranes.com\/#website\"},\"primaryImageOfPage\":{\"@id\":\"https:\/\/www.hnhlcranes.com\/product\/wjk-rail-clip\/#primaryimage\"},\"image\":{\"@id\":\"https:\/\/www.hnhlcranes.com\/product\/wjk-rail-clip\/#primaryimage\"},\"thumbnailUrl\":\"https:\/\/www.hnhlcranes.com\/wp-content\/uploads\/2024\/11\/WJK-Rail-Clip.jpg\",\"datePublished\":\"2024-11-28T06:51:15+00:00\",\"dateModified\":\"2025-01-10T07:49:58+00:00\",\"description\":\"Rail Clips,WJK Rail Clip,Crane Rail Clip,Rail fixing device,Crane Rail fixing device,crane Rail Clamp,SWJK Rail Clips,Overhead Crane Rail Clip\",\"breadcrumb\":{\"@id\":\"https:\/\/www.hnhlcranes.com\/product\/wjk-rail-clip\/#breadcrumb\"},\"inLanguage\":\"sl-SI\",\"potentialAction\":[{\"@type\":\"ReadAction\",\"target\":[\"https:\/\/www.hnhlcranes.com\/product\/wjk-rail-clip\/\"]}]},{\"@type\":\"ImageObject\",\"inLanguage\":\"sl-SI\",\"@id\":\"https:\/\/www.hnhlcranes.com\/product\/wjk-rail-clip\/#primaryimage\",\"url\":\"https:\/\/www.hnhlcranes.com\/wp-content\/uploads\/2024\/11\/WJK-Rail-Clip.jpg\",\"contentUrl\":\"https:\/\/www.hnhlcranes.com\/wp-content\/uploads\/2024\/11\/WJK-Rail-Clip.jpg\",\"width\":600,\"height\":600},{\"@type\":\"BreadcrumbList\",\"@id\":\"https:\/\/www.hnhlcranes.com\/product\/wjk-rail-clip\/#breadcrumb\",\"itemListElement\":[{\"@type\":\"ListItem\",\"position\":1,\"name\":\"home\",\"item\":\"https:\/\/www.hnhlcranes.com\/\"},{\"@type\":\"ListItem\",\"position\":2,\"name\":\"products\",\"item\":\"https:\/\/www.hnhlcranes.com\/products\/\"},{\"@type\":\"ListItem\",\"position\":3,\"name\":\"WJK Rail Clip\"}]},{\"@type\":\"WebSite\",\"@id\":\"https:\/\/www.hnhlcranes.com\/#website\",\"url\":\"https:\/\/www.hnhlcranes.com\/\",\"name\":\"Crane Parts Manufacturer\",\"description\":\"Crane Wheels,Crane Drums,Crane Hooks,Crane Coupling,Crane End Carriage,Electric Hoist,European Crane Parts,Crane Rail Clip,Crane Spreader,Crane Motor,Crane Reducer,Crane Brake,Light Crane Parts,Workstation Crane Parts,Crane Electrical Parts,China Crane Parts Supplier,China Crane Parts Manufacturer,Angle box type crane wheel,45 degree split crane wheel,European crane wheel,Crane Wheel Blocks,Overhead crane drum,European crane drum,Overhead crane hook,European crane hook,Crane pulley block,Gear coupling,Brake wheel coupling,Drum gear coupling,Brake wheel drum gear coupling,Cardan Shaft Coupling,WZL drum coupling,Plum blossom elastic coupling,Brake wheel plum elastic coupling,European Single girder crane end carriage,European Double girder crane end carriage,European Suspension  crane end carriage,Wire Rope Electric Hoist,Electric Chain Hoist,European Single Girder Wire Rope Electric Hoist,European Double Girder Wire Rope Electric Hoist,Crane grab,Container spreader,Billet crane clamps,C-type hook,Lifting Electromagnet,YZR crane motor,YZP crane motor,ZQ Reducer,ZSC Reducer,QJ Reducer,QJ-L Reducer,QJY Reducer,H series gearbox,F Series Gear Motor,K Series Gear Motor,R Series Gear Motor,travelling machinery gear motor,Electro hydraulic drum brake,Electro hydraulic disc brake,Crane Safety brake,Crane cable trolley,Crane remote controller,Crane pendant controller,Crane electrical control cabinet,Crane limit switch,Crane sound and light alarm,Heavy Duty Aviation Connector,Crane overload limiter\",\"publisher\":{\"@id\":\"https:\/\/www.hnhlcranes.com\/#organization\"},\"potentialAction\":[{\"@type\":\"SearchAction\",\"target\":{\"@type\":\"EntryPoint\",\"urlTemplate\":\"https:\/\/www.hnhlcranes.com\/?s={search_term_string}\"},\"query-input\":{\"@type\":\"PropertyValueSpecification\",\"valueRequired\":true,\"valueName\":\"search_term_string\"}}],\"inLanguage\":\"sl-SI\"},{\"@type\":\"Organization\",\"@id\":\"https:\/\/www.hnhlcranes.com\/#organization\",\"name\":\"Crane Parts Manufacturer\",\"url\":\"https:\/\/www.hnhlcranes.com\/\",\"logo\":{\"@type\":\"ImageObject\",\"inLanguage\":\"sl-SI\",\"@id\":\"https:\/\/www.hnhlcranes.com\/#\/schema\/logo\/image\/\",\"url\":\"https:\/\/www.hnhlcranes.com\/wp-content\/uploads\/2025\/01\/HL-logo-1.png\",\"contentUrl\":\"https:\/\/www.hnhlcranes.com\/wp-content\/uploads\/2025\/01\/HL-logo-1.png\",\"width\":600,\"height\":169,\"caption\":\"Crane Parts Manufacturer\"},\"image\":{\"@id\":\"https:\/\/www.hnhlcranes.com\/#\/schema\/logo\/image\/\"}}]}<\/script>\n<!-- \/ Yoast SEO plugin. -->","yoast_head_json":{"title":"WJK Rail Clip - WJK Rail Clips-Rail fixing device-Crane Rail Clamp-Crane Parts Manufacturer","description":"Rail Clips,WJK Rail Clip,Crane Rail Clip,Rail fixing device,Crane Rail fixing device,crane Rail Clamp,SWJK Rail Clips,Overhead Crane Rail Clip","robots":{"index":"index","follow":"follow","max-snippet":"max-snippet:-1","max-image-preview":"max-image-preview:large","max-video-preview":"max-video-preview:-1"},"canonical":"https:\/\/www.hnhlcranes.com\/sl\/izdelek\/wjk-tirna-sponka\/","og_locale":"sl_SI","og_type":"article","og_title":"WJK Rail Clip - WJK Rail Clips-Rail fixing device-Crane Rail Clamp-Crane Parts Manufacturer","og_description":"Rail Clips,WJK Rail Clip,Crane Rail Clip,Rail fixing device,Crane Rail fixing device,crane Rail Clamp,SWJK Rail Clips,Overhead Crane Rail Clip","og_url":"https:\/\/www.hnhlcranes.com\/sl\/izdelek\/wjk-tirna-sponka\/","og_site_name":"Crane Parts Manufacturer","article_modified_time":"2025-01-10T07:49:58+00:00","og_image":[{"width":600,"height":600,"url":"https:\/\/www.hnhlcranes.com\/wp-content\/uploads\/2024\/11\/WJK-Rail-Clip.jpg","type":"image\/jpeg"}],"twitter_card":"summary_large_image","twitter_misc":{"Est. reading time":"3 minute"},"schema":{"@context":"https:\/\/schema.org","@graph":[{"@type":"WebPage","@id":"https:\/\/www.hnhlcranes.com\/product\/wjk-rail-clip\/","url":"https:\/\/www.hnhlcranes.com\/product\/wjk-rail-clip\/","name":"WJK Rail Clip - WJK Rail Clips-Rail fixing device-Crane Rail Clamp-Crane Parts Manufacturer","isPartOf":{"@id":"https:\/\/www.hnhlcranes.com\/#website"},"primaryImageOfPage":{"@id":"https:\/\/www.hnhlcranes.com\/product\/wjk-rail-clip\/#primaryimage"},"image":{"@id":"https:\/\/www.hnhlcranes.com\/product\/wjk-rail-clip\/#primaryimage"},"thumbnailUrl":"https:\/\/www.hnhlcranes.com\/wp-content\/uploads\/2024\/11\/WJK-Rail-Clip.jpg","datePublished":"2024-11-28T06:51:15+00:00","dateModified":"2025-01-10T07:49:58+00:00","description":"Rail Clips,WJK Rail Clip,Crane Rail Clip,Rail fixing device,Crane Rail fixing device,crane Rail Clamp,SWJK Rail Clips,Overhead Crane Rail Clip","breadcrumb":{"@id":"https:\/\/www.hnhlcranes.com\/product\/wjk-rail-clip\/#breadcrumb"},"inLanguage":"sl-SI","potentialAction":[{"@type":"ReadAction","target":["https:\/\/www.hnhlcranes.com\/product\/wjk-rail-clip\/"]}]},{"@type":"ImageObject","inLanguage":"sl-SI","@id":"https:\/\/www.hnhlcranes.com\/product\/wjk-rail-clip\/#primaryimage","url":"https:\/\/www.hnhlcranes.com\/wp-content\/uploads\/2024\/11\/WJK-Rail-Clip.jpg","contentUrl":"https:\/\/www.hnhlcranes.com\/wp-content\/uploads\/2024\/11\/WJK-Rail-Clip.jpg","width":600,"height":600},{"@type":"BreadcrumbList","@id":"https:\/\/www.hnhlcranes.com\/product\/wjk-rail-clip\/#breadcrumb","itemListElement":[{"@type":"ListItem","position":1,"name":"home","item":"https:\/\/www.hnhlcranes.com\/"},{"@type":"ListItem","position":2,"name":"products","item":"https:\/\/www.hnhlcranes.com\/products\/"},{"@type":"ListItem","position":3,"name":"WJK Rail Clip"}]},{"@type":"WebSite","@id":"https:\/\/www.hnhlcranes.com\/#website","url":"https:\/\/www.hnhlcranes.com\/","name":"Crane Parts Manufacturer","description":"Crane Wheels,Crane Drums,Crane Hooks,Crane Coupling,Crane End Carriage,Electric Hoist,European Crane Parts,Crane Rail Clip,Crane Spreader,Crane Motor,Crane Reducer,Crane Brake,Light Crane Parts,Workstation Crane Parts,Crane Electrical Parts,China Crane Parts Supplier,China Crane Parts Manufacturer,Angle box type crane wheel,45 degree split crane wheel,European crane wheel,Crane Wheel Blocks,Overhead crane drum,European crane drum,Overhead crane hook,European crane hook,Crane pulley block,Gear coupling,Brake wheel coupling,Drum gear coupling,Brake wheel drum gear coupling,Cardan Shaft Coupling,WZL drum coupling,Plum blossom elastic coupling,Brake wheel plum elastic coupling,European Single girder crane end carriage,European Double girder crane end carriage,European Suspension  crane end carriage,Wire Rope Electric Hoist,Electric Chain Hoist,European Single Girder Wire Rope Electric Hoist,European Double Girder Wire Rope Electric Hoist,Crane grab,Container spreader,Billet crane clamps,C-type hook,Lifting Electromagnet,YZR crane motor,YZP crane motor,ZQ Reducer,ZSC Reducer,QJ Reducer,QJ-L Reducer,QJY Reducer,H series gearbox,F Series Gear Motor,K Series Gear Motor,R Series Gear Motor,travelling machinery gear motor,Electro hydraulic drum brake,Electro hydraulic disc brake,Crane Safety brake,Crane cable trolley,Crane remote controller,Crane pendant controller,Crane electrical control cabinet,Crane limit switch,Crane sound and light alarm,Heavy Duty Aviation Connector,Crane overload limiter","publisher":{"@id":"https:\/\/www.hnhlcranes.com\/#organization"},"potentialAction":[{"@type":"SearchAction","target":{"@type":"EntryPoint","urlTemplate":"https:\/\/www.hnhlcranes.com\/?s={search_term_string}"},"query-input":{"@type":"PropertyValueSpecification","valueRequired":true,"valueName":"search_term_string"}}],"inLanguage":"sl-SI"},{"@type":"Organization","@id":"https:\/\/www.hnhlcranes.com\/#organization","name":"Crane Parts Manufacturer","url":"https:\/\/www.hnhlcranes.com\/","logo":{"@type":"ImageObject","inLanguage":"sl-SI","@id":"https:\/\/www.hnhlcranes.com\/#\/schema\/logo\/image\/","url":"https:\/\/www.hnhlcranes.com\/wp-content\/uploads\/2025\/01\/HL-logo-1.png","contentUrl":"https:\/\/www.hnhlcranes.com\/wp-content\/uploads\/2025\/01\/HL-logo-1.png","width":600,"height":169,"caption":"Crane Parts Manufacturer"},"image":{"@id":"https:\/\/www.hnhlcranes.com\/#\/schema\/logo\/image\/"}}]}},"_links":{"self":[{"href":"https:\/\/www.hnhlcranes.com\/sl\/wp-json\/wp\/v2\/product\/5505","targetHints":{"allow":["GET"]}}],"collection":[{"href":"https:\/\/www.hnhlcranes.com\/sl\/wp-json\/wp\/v2\/product"}],"about":[{"href":"https:\/\/www.hnhlcranes.com\/sl\/wp-json\/wp\/v2\/types\/product"}],"version-history":[{"count":7,"href":"https:\/\/www.hnhlcranes.com\/sl\/wp-json\/wp\/v2\/product\/5505\/revisions"}],"predecessor-version":[{"id":7190,"href":"https:\/\/www.hnhlcranes.com\/sl\/wp-json\/wp\/v2\/product\/5505\/revisions\/7190"}],"wp:featuredmedia":[{"embeddable":true,"href":"https:\/\/www.hnhlcranes.com\/sl\/wp-json\/wp\/v2\/media\/7075"}],"wp:attachment":[{"href":"https:\/\/www.hnhlcranes.com\/sl\/wp-json\/wp\/v2\/media?parent=5505"}],"wp:term":[{"taxonomy":"product_brand","embeddable":true,"href":"https:\/\/www.hnhlcranes.com\/sl\/wp-json\/wp\/v2\/product_brand?post=5505"},{"taxonomy":"product_cat","embeddable":true,"href":"https:\/\/www.hnhlcranes.com\/sl\/wp-json\/wp\/v2\/product_cat?post=5505"},{"taxonomy":"product_tag","embeddable":true,"href":"https:\/\/www.hnhlcranes.com\/sl\/wp-json\/wp\/v2\/product_tag?post=5505"}],"curies":[{"name":"wp","href":"https:\/\/api.w.org\/{rel}","templated":true}]}}