{"id":5524,"date":"2024-11-29T21:45:30","date_gmt":"2024-11-29T13:45:30","guid":{"rendered":"https:\/\/www.hnhlcranes.com\/?post_type=product&#038;p=5524"},"modified":"2025-01-10T17:37:54","modified_gmt":"2025-01-10T09:37:54","slug":"cgwk-tirna-sponka","status":"publish","type":"product","link":"https:\/\/www.hnhlcranes.com\/sl\/izdelek\/cgwk-tirna-sponka\/","title":{"rendered":"CGWK tirna sponka"},"content":{"rendered":"<h6><img fetchpriority=\"high\" decoding=\"async\" class=\"alignnone wp-image-7096\" src=\"https:\/\/www.hnhlcranes.com\/wp-content\/uploads\/2024\/11\/CGWK-Rail-Clip-1-300x103.jpg\" alt=\"\" width=\"955\" height=\"328\" srcset=\"https:\/\/www.hnhlcranes.com\/wp-content\/uploads\/2024\/11\/CGWK-Rail-Clip-1-300x103.jpg 300w, https:\/\/www.hnhlcranes.com\/wp-content\/uploads\/2024\/11\/CGWK-Rail-Clip-1-768x263.jpg 768w, https:\/\/www.hnhlcranes.com\/wp-content\/uploads\/2024\/11\/CGWK-Rail-Clip-1-600x205.jpg 600w, https:\/\/www.hnhlcranes.com\/wp-content\/uploads\/2024\/11\/CGWK-Rail-Clip-1.jpg 1000w\" sizes=\"(max-width: 955px) 100vw, 955px\" \/><\/h6>\n<h3><strong>Lastnosti sponke CGWK Rail Clip<\/strong><\/h3>\n<h4><strong>Varjenje osnovne plo\u0161\u010de<\/strong><\/h4>\n<p>Spletna stran <strong>Osnovna plo\u0161\u010da CGWK<\/strong> je privarjen na zgornjo prirobnico jeklenega \u017eerjavnega nosilca z dvostranskimi ali tristranskimi zavitimi zvarnimi spoji. To zagotavlja, da se vodoravne bo\u010dne sile \u017eerjava enakomerno prena\u0161ajo na \u017eerjavni nosilec. S tem se izognemo strukturnim slabostim, ki jih obi\u010dajno povzro\u010da obse\u017eno vrtanje na prirobnici nosilca, in tako pove\u010damo splo\u0161no stabilnost sistema \u017eerjava.<\/p>\n<h4><strong>Sferi\u010dni te\u010dajni priklju\u010dek<\/strong><\/h4>\n<p>Osnovna plo\u0161\u010da in zgornja vpenjalna plo\u0161\u010da sta povezani s kroglastim te\u010dajem. Tak\u0161na zasnova omogo\u010da rahlo nagibanje pod vplivom bo\u010dnih sil, kar u\u010dinkovito ubla\u017ei vpliv vodoravnih sil na \u017eerjavni nosilec in zavorne sisteme. Zato pomaga podalj\u0161ati \u017eivljenjsko dobo \u017eerjavnega nosilca in zavornih sistemov z zmanj\u0161anjem obremenitve teh sestavnih delov.<\/p>\n<h4><strong>Bli\u017eina pozicioniranja<\/strong><\/h4>\n<p>Spletna stran <strong>Osnovna plo\u0161\u010da CGWK<\/strong> je strate\u0161ko name\u0161\u010dena pribli\u017eno 1 mm pod spodnjim robom tirnice. Ta natan\u010den polo\u017eaj u\u010dinkovito omejuje bo\u010dno gibanje tirnice, zagotavlja ve\u010djo stabilnost in zmanj\u0161uje nevarnost nepravilne nastavitve tirnice med delovanjem.<\/p>\n<h4><strong>Posebni vijaki za stabilnost<\/strong><\/h4>\n<p>Za optimalno porazdelitev obremenitve na pritrdilne elemente so uporabljeni posebni vijaki. Ti vijaki pove\u010dujejo splo\u0161no stabilnost sistema, zgornjo vpenjalno plo\u0161\u010do pa je mogo\u010de preprosto odstraniti. Ta konstrukcijska zna\u010dilnost znatno poenostavi namestitev in vzdr\u017eevanje, zato je sistem uporabniku prijaznej\u0161i in stro\u0161kovno u\u010dinkovitej\u0161i.<\/p>\n<h4><strong>Material in trdnost<\/strong><\/h4>\n<p>Vsi pritrdilni elementi so izdelani iz nizkolegiranega jekla visoke trdnosti, kar zagotavlja vzdr\u017eljivost in trdnost. Vijaki M20 razreda 8.8 so zategnjeni z navorom 220 N-m, kar zagotavlja robustno in varno pritrditev. Poleg tega sistem vzdr\u017ei najve\u010djo bo\u010dno silo 65 kN na vsaki to\u010dki obremenitve kolesa, kar zagotavlja njegovo zanesljivost pri zahtevnih operacijah z \u017eerjavom.<\/p>\n<h3><strong>Navodila za namestitev sponke CGWK Rail Clip<\/strong><\/h3>\n<h4><strong>Poravnava tirov<\/strong><\/h4>\n<p>Pred za\u010detkom namestitve je treba tirnico poravnati v skladu s projektnimi specifikacijami. Ta korak je klju\u010dnega pomena za zagotovitev pravilnega polo\u017eaja tirnice in pravilnega delovanja celotnega sistema.<\/p>\n<h4><strong>Postavitev osnovne plo\u0161\u010de<\/strong><\/h4>\n<p>Nato namestite osnovne plo\u0161\u010de vzdol\u017e smeri tirnice v razmiku 500 mm. Poleg tega zagotovite, da je pravokotna razdalja med sredi\u0161\u010dem vijaka in sredi\u0161\u010dem tirnice (vrednost a) pravilno postavljena, da zagotovite pravilno poravnavo in delovanje.<\/p>\n<h4><strong>Varjenje osnovne plo\u0161\u010de<\/strong><\/h4>\n<p>Ko so osnovne plo\u0161\u010de name\u0161\u010dene, nadaljujte z varjenjem osnovne plo\u0161\u010de na nosilec \u017eerjava z uporabo dolo\u010dene metode varjenja (dvostransko ali tristransko varjenje). Ta korak pritrdi osnovne plo\u0161\u010de na nosilec \u017eerjava in tako ustvari stabilno podlago za tirne sponke.<\/p>\n<h4><strong>Sestava komponent<\/strong><\/h4>\n<p>Sestavljanje <strong>CGWK tirna sponka<\/strong>, sledite tem korakom v spodaj navedenem vrstnem redu:<\/p>\n<ul>\n<li>Namestite vijake za pritrditev sestavnih delov.<\/li>\n<li>Zgornjo vpenjalno plo\u0161\u010do namestite na osnovno plo\u0161\u010do.<\/li>\n<li>Na vijake dodajte plo\u0161\u010date podlo\u017eke, vzmetne podlo\u017eke in matice.<\/li>\n<li>Na koncu privijte matice z navorom 220 N-m, da je sistem varno sestavljen in pripravljen za uporabo.<\/li>\n<\/ul>\n<p>Z upo\u0161tevanjem teh navodil <strong>CGWK tirna sponka<\/strong> sistem bo name\u0161\u010den u\u010dinkovito, saj bo zagotavljal zanesljivo in trajno re\u0161itev za pritrditev \u017eerjavnih tirnic. Zaradi natan\u010dne zasnove, uporabe materialov visoke trdnosti in enostavne namestitve je idealna izbira za zahtevne industrijske aplikacije.<\/p>","protected":false},"excerpt":{"rendered":"<h6><span style=\"font-family: arial, helvetica, sans-serif; font-size: 14pt;\"><strong>Specifikacije CGWK Rail Clip<\/strong><\/span><\/h6>\n<ul>\n<li><strong>Modeli<\/strong>: CGWK38, CGWK43, CGWK50, CGWK60, CGWK70, CGWK80, CGWK100, CGWK120<\/li>\n<li><strong>Metoda pritrjevanja<\/strong>: Varjena osnovna plo\u0161\u010da<\/li>\n<\/ul>","protected":false},"featured_media":7094,"template":"","meta":{"_kad_post_transparent":"default","_kad_post_title":"","_kad_post_layout":"default","_kad_post_sidebar_id":"","_kad_post_content_style":"default","_kad_post_vertical_padding":"show","_kad_post_feature":"","_kad_post_feature_position":"","_kad_post_header":false,"_kad_post_footer":false},"product_brand":[],"product_cat":[83],"product_tag":[483,482,481,480,376,489,486,490,488,484,492,487,485,493,478,491,477,479],"class_list":{"0":"post-5524","1":"product","2":"type-product","3":"status-publish","4":"has-post-thumbnail","6":"product_cat-crane-rail-clip","7":"product_tag-05g525-rail-clip","8":"product_tag-cgbk-rail-clip","9":"product_tag-cgek-rail-clip","10":"product_tag-cgwk-rail-clip","11":"product_tag-china-crane-parts-supplier","12":"product_tag-crane-rail-clamp","13":"product_tag-crane-rail-clip","14":"product_tag-crane-rail-clip-supplier","15":"product_tag-crane-rail-fixing-device","16":"product_tag-hdgy-rail-clip","17":"product_tag-rail-connection-splint","18":"product_tag-rail-fixing-device","19":"product_tag-rail-joint","20":"product_tag-special-crane-spreader","21":"product_tag-swjk-rail-clip","22":"product_tag-tracks-jointing-plates","23":"product_tag-wjk-rail-clip","24":"product_tag-wjkc-rail-clip","26":"first","27":"instock","28":"shipping-taxable","29":"product-type-simple","30":"entry","31":"content-bg","32":"loop-entry"},"yoast_head":"<!-- This site is optimized with the Yoast SEO plugin v24.5 - https:\/\/yoast.com\/wordpress\/plugins\/seo\/ -->\n<title>CGWK Rail Clip - Rail fixing device- Rail Clamp-Crane Parts Manufacturer<\/title>\n<meta name=\"description\" content=\"Rail Clips,CGWK Rail Clip,Crane Rail Clips,Rail fixing device,Crane Rail fixing device,crane Rail Clamp,WJK Rail Clips,Overhead Crane Rail Clip\" \/>\n<meta name=\"robots\" content=\"index, follow, max-snippet:-1, max-image-preview:large, max-video-preview:-1\" \/>\n<link rel=\"canonical\" href=\"https:\/\/www.hnhlcranes.com\/sl\/izdelek\/cgwk-tirna-sponka\/\" \/>\n<meta property=\"og:locale\" content=\"sl_SI\" \/>\n<meta property=\"og:type\" content=\"article\" \/>\n<meta property=\"og:title\" content=\"CGWK Rail Clip - Rail fixing device- Rail Clamp-Crane Parts Manufacturer\" \/>\n<meta property=\"og:description\" content=\"Rail Clips,CGWK Rail Clip,Crane Rail Clips,Rail fixing device,Crane Rail fixing device,crane Rail Clamp,WJK Rail Clips,Overhead Crane Rail Clip\" \/>\n<meta property=\"og:url\" content=\"https:\/\/www.hnhlcranes.com\/sl\/izdelek\/cgwk-tirna-sponka\/\" \/>\n<meta property=\"og:site_name\" content=\"Crane Parts Manufacturer\" \/>\n<meta property=\"article:modified_time\" content=\"2025-01-10T09:37:54+00:00\" \/>\n<meta property=\"og:image\" content=\"https:\/\/www.hnhlcranes.com\/wp-content\/uploads\/2024\/11\/CGWK-Rail-Clip.jpg\" \/>\n\t<meta property=\"og:image:width\" content=\"600\" \/>\n\t<meta property=\"og:image:height\" content=\"600\" \/>\n\t<meta property=\"og:image:type\" content=\"image\/jpeg\" \/>\n<meta name=\"twitter:card\" content=\"summary_large_image\" \/>\n<meta name=\"twitter:label1\" content=\"Est. reading time\" \/>\n\t<meta name=\"twitter:data1\" content=\"3 minute\" \/>\n<script type=\"application\/ld+json\" class=\"yoast-schema-graph\">{\"@context\":\"https:\/\/schema.org\",\"@graph\":[{\"@type\":\"WebPage\",\"@id\":\"https:\/\/www.hnhlcranes.com\/product\/cgwk-rail-clip\/\",\"url\":\"https:\/\/www.hnhlcranes.com\/product\/cgwk-rail-clip\/\",\"name\":\"CGWK Rail Clip - Rail fixing device- Rail Clamp-Crane Parts Manufacturer\",\"isPartOf\":{\"@id\":\"https:\/\/www.hnhlcranes.com\/#website\"},\"primaryImageOfPage\":{\"@id\":\"https:\/\/www.hnhlcranes.com\/product\/cgwk-rail-clip\/#primaryimage\"},\"image\":{\"@id\":\"https:\/\/www.hnhlcranes.com\/product\/cgwk-rail-clip\/#primaryimage\"},\"thumbnailUrl\":\"https:\/\/www.hnhlcranes.com\/wp-content\/uploads\/2024\/11\/CGWK-Rail-Clip.jpg\",\"datePublished\":\"2024-11-29T13:45:30+00:00\",\"dateModified\":\"2025-01-10T09:37:54+00:00\",\"description\":\"Rail Clips,CGWK Rail Clip,Crane Rail Clips,Rail fixing device,Crane Rail fixing device,crane Rail Clamp,WJK Rail Clips,Overhead Crane Rail Clip\",\"breadcrumb\":{\"@id\":\"https:\/\/www.hnhlcranes.com\/product\/cgwk-rail-clip\/#breadcrumb\"},\"inLanguage\":\"sl-SI\",\"potentialAction\":[{\"@type\":\"ReadAction\",\"target\":[\"https:\/\/www.hnhlcranes.com\/product\/cgwk-rail-clip\/\"]}]},{\"@type\":\"ImageObject\",\"inLanguage\":\"sl-SI\",\"@id\":\"https:\/\/www.hnhlcranes.com\/product\/cgwk-rail-clip\/#primaryimage\",\"url\":\"https:\/\/www.hnhlcranes.com\/wp-content\/uploads\/2024\/11\/CGWK-Rail-Clip.jpg\",\"contentUrl\":\"https:\/\/www.hnhlcranes.com\/wp-content\/uploads\/2024\/11\/CGWK-Rail-Clip.jpg\",\"width\":600,\"height\":600},{\"@type\":\"BreadcrumbList\",\"@id\":\"https:\/\/www.hnhlcranes.com\/product\/cgwk-rail-clip\/#breadcrumb\",\"itemListElement\":[{\"@type\":\"ListItem\",\"position\":1,\"name\":\"home\",\"item\":\"https:\/\/www.hnhlcranes.com\/\"},{\"@type\":\"ListItem\",\"position\":2,\"name\":\"products\",\"item\":\"https:\/\/www.hnhlcranes.com\/products\/\"},{\"@type\":\"ListItem\",\"position\":3,\"name\":\"CGWK Rail Clip\"}]},{\"@type\":\"WebSite\",\"@id\":\"https:\/\/www.hnhlcranes.com\/#website\",\"url\":\"https:\/\/www.hnhlcranes.com\/\",\"name\":\"Crane Parts Manufacturer\",\"description\":\"Crane Wheels,Crane Drums,Crane Hooks,Crane Coupling,Crane End Carriage,Electric Hoist,European Crane Parts,Crane Rail Clip,Crane Spreader,Crane Motor,Crane Reducer,Crane Brake,Light Crane Parts,Workstation Crane Parts,Crane Electrical Parts,China Crane Parts Supplier,China Crane Parts Manufacturer,Angle box type crane wheel,45 degree split crane wheel,European crane wheel,Crane Wheel Blocks,Overhead crane drum,European crane drum,Overhead crane hook,European crane hook,Crane pulley block,Gear coupling,Brake wheel coupling,Drum gear coupling,Brake wheel drum gear coupling,Cardan Shaft Coupling,WZL drum coupling,Plum blossom elastic coupling,Brake wheel plum elastic coupling,European Single girder crane end carriage,European Double girder crane end carriage,European Suspension  crane end carriage,Wire Rope Electric Hoist,Electric Chain Hoist,European Single Girder Wire Rope Electric Hoist,European Double Girder Wire Rope Electric Hoist,Crane grab,Container spreader,Billet crane clamps,C-type hook,Lifting Electromagnet,YZR crane motor,YZP crane motor,ZQ Reducer,ZSC Reducer,QJ Reducer,QJ-L Reducer,QJY Reducer,H series gearbox,F Series Gear Motor,K Series Gear Motor,R Series Gear Motor,travelling machinery gear motor,Electro hydraulic drum brake,Electro hydraulic disc brake,Crane Safety brake,Crane cable trolley,Crane remote controller,Crane pendant controller,Crane electrical control cabinet,Crane limit switch,Crane sound and light alarm,Heavy Duty Aviation Connector,Crane overload limiter\",\"publisher\":{\"@id\":\"https:\/\/www.hnhlcranes.com\/#organization\"},\"potentialAction\":[{\"@type\":\"SearchAction\",\"target\":{\"@type\":\"EntryPoint\",\"urlTemplate\":\"https:\/\/www.hnhlcranes.com\/?s={search_term_string}\"},\"query-input\":{\"@type\":\"PropertyValueSpecification\",\"valueRequired\":true,\"valueName\":\"search_term_string\"}}],\"inLanguage\":\"sl-SI\"},{\"@type\":\"Organization\",\"@id\":\"https:\/\/www.hnhlcranes.com\/#organization\",\"name\":\"Crane Parts Manufacturer\",\"url\":\"https:\/\/www.hnhlcranes.com\/\",\"logo\":{\"@type\":\"ImageObject\",\"inLanguage\":\"sl-SI\",\"@id\":\"https:\/\/www.hnhlcranes.com\/#\/schema\/logo\/image\/\",\"url\":\"https:\/\/www.hnhlcranes.com\/wp-content\/uploads\/2025\/01\/HL-logo-1.png\",\"contentUrl\":\"https:\/\/www.hnhlcranes.com\/wp-content\/uploads\/2025\/01\/HL-logo-1.png\",\"width\":600,\"height\":169,\"caption\":\"Crane Parts Manufacturer\"},\"image\":{\"@id\":\"https:\/\/www.hnhlcranes.com\/#\/schema\/logo\/image\/\"}}]}<\/script>\n<!-- \/ Yoast SEO plugin. -->","yoast_head_json":{"title":"CGWK Rail Clip - Rail fixing device- Rail Clamp-Crane Parts Manufacturer","description":"Rail Clips,CGWK Rail Clip,Crane Rail Clips,Rail fixing device,Crane Rail fixing device,crane Rail Clamp,WJK Rail Clips,Overhead Crane Rail Clip","robots":{"index":"index","follow":"follow","max-snippet":"max-snippet:-1","max-image-preview":"max-image-preview:large","max-video-preview":"max-video-preview:-1"},"canonical":"https:\/\/www.hnhlcranes.com\/sl\/izdelek\/cgwk-tirna-sponka\/","og_locale":"sl_SI","og_type":"article","og_title":"CGWK Rail Clip - Rail fixing device- Rail Clamp-Crane Parts Manufacturer","og_description":"Rail Clips,CGWK Rail Clip,Crane Rail Clips,Rail fixing device,Crane Rail fixing device,crane Rail Clamp,WJK Rail Clips,Overhead Crane Rail Clip","og_url":"https:\/\/www.hnhlcranes.com\/sl\/izdelek\/cgwk-tirna-sponka\/","og_site_name":"Crane Parts Manufacturer","article_modified_time":"2025-01-10T09:37:54+00:00","og_image":[{"width":600,"height":600,"url":"https:\/\/www.hnhlcranes.com\/wp-content\/uploads\/2024\/11\/CGWK-Rail-Clip.jpg","type":"image\/jpeg"}],"twitter_card":"summary_large_image","twitter_misc":{"Est. reading time":"3 minute"},"schema":{"@context":"https:\/\/schema.org","@graph":[{"@type":"WebPage","@id":"https:\/\/www.hnhlcranes.com\/product\/cgwk-rail-clip\/","url":"https:\/\/www.hnhlcranes.com\/product\/cgwk-rail-clip\/","name":"CGWK Rail Clip - Rail fixing device- Rail Clamp-Crane Parts Manufacturer","isPartOf":{"@id":"https:\/\/www.hnhlcranes.com\/#website"},"primaryImageOfPage":{"@id":"https:\/\/www.hnhlcranes.com\/product\/cgwk-rail-clip\/#primaryimage"},"image":{"@id":"https:\/\/www.hnhlcranes.com\/product\/cgwk-rail-clip\/#primaryimage"},"thumbnailUrl":"https:\/\/www.hnhlcranes.com\/wp-content\/uploads\/2024\/11\/CGWK-Rail-Clip.jpg","datePublished":"2024-11-29T13:45:30+00:00","dateModified":"2025-01-10T09:37:54+00:00","description":"Rail Clips,CGWK Rail Clip,Crane Rail Clips,Rail fixing device,Crane Rail fixing device,crane Rail Clamp,WJK Rail Clips,Overhead Crane Rail Clip","breadcrumb":{"@id":"https:\/\/www.hnhlcranes.com\/product\/cgwk-rail-clip\/#breadcrumb"},"inLanguage":"sl-SI","potentialAction":[{"@type":"ReadAction","target":["https:\/\/www.hnhlcranes.com\/product\/cgwk-rail-clip\/"]}]},{"@type":"ImageObject","inLanguage":"sl-SI","@id":"https:\/\/www.hnhlcranes.com\/product\/cgwk-rail-clip\/#primaryimage","url":"https:\/\/www.hnhlcranes.com\/wp-content\/uploads\/2024\/11\/CGWK-Rail-Clip.jpg","contentUrl":"https:\/\/www.hnhlcranes.com\/wp-content\/uploads\/2024\/11\/CGWK-Rail-Clip.jpg","width":600,"height":600},{"@type":"BreadcrumbList","@id":"https:\/\/www.hnhlcranes.com\/product\/cgwk-rail-clip\/#breadcrumb","itemListElement":[{"@type":"ListItem","position":1,"name":"home","item":"https:\/\/www.hnhlcranes.com\/"},{"@type":"ListItem","position":2,"name":"products","item":"https:\/\/www.hnhlcranes.com\/products\/"},{"@type":"ListItem","position":3,"name":"CGWK Rail Clip"}]},{"@type":"WebSite","@id":"https:\/\/www.hnhlcranes.com\/#website","url":"https:\/\/www.hnhlcranes.com\/","name":"Crane Parts Manufacturer","description":"Crane Wheels,Crane Drums,Crane Hooks,Crane Coupling,Crane End Carriage,Electric Hoist,European Crane Parts,Crane Rail Clip,Crane Spreader,Crane Motor,Crane Reducer,Crane Brake,Light Crane Parts,Workstation Crane Parts,Crane Electrical Parts,China Crane Parts Supplier,China Crane Parts Manufacturer,Angle box type crane wheel,45 degree split crane wheel,European crane wheel,Crane Wheel Blocks,Overhead crane drum,European crane drum,Overhead crane hook,European crane hook,Crane pulley block,Gear coupling,Brake wheel coupling,Drum gear coupling,Brake wheel drum gear coupling,Cardan Shaft Coupling,WZL drum coupling,Plum blossom elastic coupling,Brake wheel plum elastic coupling,European Single girder crane end carriage,European Double girder crane end carriage,European Suspension  crane end carriage,Wire Rope Electric Hoist,Electric Chain Hoist,European Single Girder Wire Rope Electric Hoist,European Double Girder Wire Rope Electric Hoist,Crane grab,Container spreader,Billet crane clamps,C-type hook,Lifting Electromagnet,YZR crane motor,YZP crane motor,ZQ Reducer,ZSC Reducer,QJ Reducer,QJ-L Reducer,QJY Reducer,H series gearbox,F Series Gear Motor,K Series Gear Motor,R Series Gear Motor,travelling machinery gear motor,Electro hydraulic drum brake,Electro hydraulic disc brake,Crane Safety brake,Crane cable trolley,Crane remote controller,Crane pendant controller,Crane electrical control cabinet,Crane limit switch,Crane sound and light alarm,Heavy Duty Aviation Connector,Crane overload limiter","publisher":{"@id":"https:\/\/www.hnhlcranes.com\/#organization"},"potentialAction":[{"@type":"SearchAction","target":{"@type":"EntryPoint","urlTemplate":"https:\/\/www.hnhlcranes.com\/?s={search_term_string}"},"query-input":{"@type":"PropertyValueSpecification","valueRequired":true,"valueName":"search_term_string"}}],"inLanguage":"sl-SI"},{"@type":"Organization","@id":"https:\/\/www.hnhlcranes.com\/#organization","name":"Crane Parts Manufacturer","url":"https:\/\/www.hnhlcranes.com\/","logo":{"@type":"ImageObject","inLanguage":"sl-SI","@id":"https:\/\/www.hnhlcranes.com\/#\/schema\/logo\/image\/","url":"https:\/\/www.hnhlcranes.com\/wp-content\/uploads\/2025\/01\/HL-logo-1.png","contentUrl":"https:\/\/www.hnhlcranes.com\/wp-content\/uploads\/2025\/01\/HL-logo-1.png","width":600,"height":169,"caption":"Crane Parts Manufacturer"},"image":{"@id":"https:\/\/www.hnhlcranes.com\/#\/schema\/logo\/image\/"}}]}},"_links":{"self":[{"href":"https:\/\/www.hnhlcranes.com\/sl\/wp-json\/wp\/v2\/product\/5524","targetHints":{"allow":["GET"]}}],"collection":[{"href":"https:\/\/www.hnhlcranes.com\/sl\/wp-json\/wp\/v2\/product"}],"about":[{"href":"https:\/\/www.hnhlcranes.com\/sl\/wp-json\/wp\/v2\/types\/product"}],"version-history":[{"count":5,"href":"https:\/\/www.hnhlcranes.com\/sl\/wp-json\/wp\/v2\/product\/5524\/revisions"}],"predecessor-version":[{"id":7194,"href":"https:\/\/www.hnhlcranes.com\/sl\/wp-json\/wp\/v2\/product\/5524\/revisions\/7194"}],"wp:featuredmedia":[{"embeddable":true,"href":"https:\/\/www.hnhlcranes.com\/sl\/wp-json\/wp\/v2\/media\/7094"}],"wp:attachment":[{"href":"https:\/\/www.hnhlcranes.com\/sl\/wp-json\/wp\/v2\/media?parent=5524"}],"wp:term":[{"taxonomy":"product_brand","embeddable":true,"href":"https:\/\/www.hnhlcranes.com\/sl\/wp-json\/wp\/v2\/product_brand?post=5524"},{"taxonomy":"product_cat","embeddable":true,"href":"https:\/\/www.hnhlcranes.com\/sl\/wp-json\/wp\/v2\/product_cat?post=5524"},{"taxonomy":"product_tag","embeddable":true,"href":"https:\/\/www.hnhlcranes.com\/sl\/wp-json\/wp\/v2\/product_tag?post=5524"}],"curies":[{"name":"wp","href":"https:\/\/api.w.org\/{rel}","templated":true}]}}