{"id":5544,"date":"2024-11-29T22:40:44","date_gmt":"2024-11-29T14:40:44","guid":{"rendered":"https:\/\/www.hnhlcranes.com\/?post_type=product&#038;p=5544"},"modified":"2025-01-10T18:14:36","modified_gmt":"2025-01-10T10:14:36","slug":"hdgy-rail-clip","status":"publish","type":"product","link":"https:\/\/www.hnhlcranes.com\/sl\/izdelek\/hdgy-rail-clip\/","title":{"rendered":"HDGY tirna sponka"},"content":{"rendered":"<h3><strong>Lastnosti HDGY Rail Clip<\/strong><\/h3>\n<h4><strong>Elasti\u010dna pritrditev in manj\u0161a obraba<\/strong><\/h4>\n<p>Spletna stran <strong>HDGY tirna sponka<\/strong> je posebej zasnovan za elasti\u010dno pritrditev tirnic na betonske \u017eerjavne nosilce. Ta zasnova zmanj\u0161uje obrabo glave tirnice, zmanj\u0161uje vpliv na \u017eerjavni nosilec, zmanj\u0161uje obrabo prirobnice kolesa \u017eerjava in zmanj\u0161uje raven hrupa. Zato sistem pove\u010duje \u017eivljenjsko dobo in u\u010dinkovitost delovanja \u017eerjava.<\/p>\n<h4><strong>Izbolj\u0161ana stabilnost z elasti\u010dno gumijasto blazinico iz kompozitne gume<\/strong><\/h4>\n<p>Z vklju\u010ditvijo elasti\u010dne kompozitne gumijaste blazinice med tirnico in \u017eerjavni nosilec HDGY tirna sponka znatno pove\u010da trenje in prepre\u010duje premikanje tirnice. Poleg tega ta funkcija odpravlja ali zmanj\u0161uje neenakomerne vrzeli vzdol\u017e dol\u017eine tirnice, kar vodi do bolj\u0161e porazdelitve napetosti vijakov na plo\u0161\u010dah vpenjala, kar \u0161e pove\u010da splo\u0161no stabilnost sistema.<\/p>\n<h4><strong>Optimalna porazdelitev napetosti<\/strong><\/h4>\n<p>Gumijasta blazinica je zasnovana z rahlo izbo\u010denim pre\u010dnim prerezom, ki zagotavlja racionalno porazdelitev napetosti. Poleg tega majhni pravokotni grebeni na blazinici izbolj\u0161ujejo njen stik z vodilom, pove\u010dujejo elasti\u010dnost in zagotavljajo u\u010dinkovito du\u0161enje vibracij, kar prispeva k bolj gladkemu delovanju in manj\u0161i obrabi.<\/p>\n<h4><strong>Trajna zasnova<\/strong><\/h4>\n<p>Gumijasta blazinica ima pravokotne utore, ki zmanj\u0161ujejo bo\u010dno deformacijo pri obremenitvi in po\u0161kodbe povr\u0161ine zaradi stiskanja. Poleg tega je struktura tirne sponke HDGY z obdelano jekleno oja\u010ditvijo zelo trpe\u017ena, saj ohranja odli\u010dno zmogljivost tudi po 2 milijonih utrujajo\u010dih ciklov, kar zagotavlja dolgoro\u010dno zanesljivost.<\/p>\n<h4><strong>Varne in simetri\u010dne vpenjalne plo\u0161\u010de<\/strong><\/h4>\n<p>Prijemalne plo\u0161\u010de so varno pritrjene na nosilec \u017eerjava, zato so odporne proti zrahljanju in zmanj\u0161ujejo obrabo nosilca \u017eerjava. Simetri\u010dna zasnova vpenjalnih plo\u0161\u010d v pre\u010dnem prerezu tvori klinasto strukturo, ki u\u010dinkovito omejuje bo\u010dni premik tirnice, kar zagotavlja stabilnost med delovanjem \u017eerjava.<\/p>\n<h4><strong>Prilagodljivost za namestitev in vzdr\u017eevanje<\/strong><\/h4>\n<p>Za poenostavitev namestitve in vzdr\u017eevanja elipti\u010dne re\u017ee v plo\u0161\u010di objemke omogo\u010dajo bo\u010dne nastavitve. Poleg tega po\u0161evne luknje v kombinaciji s protizdrsnimi bloki prepre\u010dujejo premikanje objemke in olaj\u0161ajo bo\u010dno poravnavo med namestitvijo ali vzdr\u017eevanjem, kar zagotavlja natan\u010dne nastavitve in enostavno rokovanje.<\/p>\n<h4><strong>Toleranca za gibanje tirnic<\/strong><\/h4>\n<p>Sistem je zasnovan tako, da se med delovanjem \u017eerjava prilagodi rahlim premikom tirnic. To zagotavlja prilagodljivost brez ogro\u017eanja stabilnosti, kar omogo\u010da u\u010dinkovito premikanje ob ohranjanju celovitosti sistema tirnic in \u017eerjava.<\/p>\n<h3><strong>Koraki za namestitev sponke HDGY Rail Clip<\/strong><\/h3>\n<h4><strong>Namestitev gumijaste blazinice<\/strong><\/h4>\n<p>Najprej namestite gumijasto blazinico s pravokotnimi grebeni in utori, ki so poravnani vzporedno s tirnico in name\u0161\u010deni pod njo. Prepri\u010dajte se, da je blazinica pravokotna na sredinsko linijo tirnice in pravilno name\u0161\u010dena glede na vijake na obeh straneh. To zagotavlja natan\u010dno namestitev in poravnavo za optimalno delovanje.<\/p>\n<h4><strong>Priprava osnovnega sloja<\/strong><\/h4>\n<p>Pred namestitvijo gumijaste blazinice na betonsko podlago povr\u0161ino temeljito o\u010distite, da odstranite vse ostanke. Ta korak je bistvenega pomena za zagotovitev, da ni onesna\u017eenja, ki bi lahko zmanj\u0161alo u\u010dinkovitost sistema.<\/p>\n<h4><strong>Sestavljanje vpenjalne plo\u0161\u010de<\/strong><\/h4>\n<p>Pri sestavljanju upo\u0161tevajte naslednje korake:<\/p>\n<ul>\n<li>Vijake vstavite v predhodno izvrtane luknje v armiranobetonskem nosilcu \u017eerjava.<\/li>\n<li>Namestite telo vpenjalne plo\u0161\u010de na podstavek.<\/li>\n<li>Za ve\u010djo stabilnost dodajte protizdrsni blok z manj\u0161im koncem, obrnjenim proti tirnici.<\/li>\n<li>Pritrdite vzmetno podlo\u017eko in matico, nato pa sklop predhodno zategnite.<\/li>\n<li>Prilagodite vpenjalno plo\u0161\u010do, da bo tesno pritiskala na rob tirnice.<\/li>\n<li>Na koncu popolnoma zategnite vijake, da se sestavni deli pritrdijo na svoje mesto.<\/li>\n<\/ul>\n<h4><strong>Poravnava vpenjalne plo\u0161\u010de<\/strong><\/h4>\n<p>Prepri\u010dajte se, da je srednja linija vpenjalne plo\u0161\u010de pravokotna na srednjo linijo tirnice, ne da bi se nagibala. Ta korak zagotavlja, da je vpenjalna plo\u0161\u010da pravilno poravnana za optimalno pritrditev tirnice in celotno delovanje sistema.<\/p>","protected":false},"excerpt":{"rendered":"<h6><span style=\"font-family: arial, helvetica, sans-serif; font-size: 14pt;\"><strong>Specifikacije HDGY Rail Clip<\/strong><\/span><\/h6>\n<ul>\n<li><strong>Modeli:<\/strong> HDGY24, HDGY38A, HDGY38B, HDGY43, HDGY50, HDGY70, HDGY80, HDGY100, HDGY120<\/li>\n<li><strong>Na\u010din pritrjevanja:<\/strong> Pritrjevanje vijakov<\/li>\n<\/ul>","protected":false},"featured_media":7117,"template":"","meta":{"_kad_post_transparent":"default","_kad_post_title":"","_kad_post_layout":"default","_kad_post_sidebar_id":"","_kad_post_content_style":"default","_kad_post_vertical_padding":"show","_kad_post_feature":"","_kad_post_feature_position":"","_kad_post_header":false,"_kad_post_footer":false},"product_brand":[],"product_cat":[83],"product_tag":[483,482,481,480,376,489,486,490,488,484,492,487,485,493,478,491,477,479],"class_list":{"0":"post-5544","1":"product","2":"type-product","3":"status-publish","4":"has-post-thumbnail","6":"product_cat-crane-rail-clip","7":"product_tag-05g525-rail-clip","8":"product_tag-cgbk-rail-clip","9":"product_tag-cgek-rail-clip","10":"product_tag-cgwk-rail-clip","11":"product_tag-china-crane-parts-supplier","12":"product_tag-crane-rail-clamp","13":"product_tag-crane-rail-clip","14":"product_tag-crane-rail-clip-supplier","15":"product_tag-crane-rail-fixing-device","16":"product_tag-hdgy-rail-clip","17":"product_tag-rail-connection-splint","18":"product_tag-rail-fixing-device","19":"product_tag-rail-joint","20":"product_tag-special-crane-spreader","21":"product_tag-swjk-rail-clip","22":"product_tag-tracks-jointing-plates","23":"product_tag-wjk-rail-clip","24":"product_tag-wjkc-rail-clip","26":"first","27":"instock","28":"shipping-taxable","29":"product-type-simple","30":"entry","31":"content-bg","32":"loop-entry"},"yoast_head":"<!-- This site is optimized with the Yoast SEO plugin v24.5 - https:\/\/yoast.com\/wordpress\/plugins\/seo\/ -->\n<title>HDGY Rail Clip - Crane Rail fixing device-crane Rail Clamp- Crane Parts Manufacturer<\/title>\n<meta name=\"description\" content=\"Rail Clips,HDGY Rail Clip,Crane Rail Clips,Rail fixing device,Crane Rail fixing device,crane Rail Clamp,WJK Rail Clips,Overhead Crane Rail Clip\" \/>\n<meta name=\"robots\" content=\"index, follow, max-snippet:-1, max-image-preview:large, max-video-preview:-1\" \/>\n<link rel=\"canonical\" href=\"https:\/\/www.hnhlcranes.com\/sl\/izdelek\/hdgy-rail-clip\/\" \/>\n<meta property=\"og:locale\" content=\"sl_SI\" \/>\n<meta property=\"og:type\" content=\"article\" \/>\n<meta property=\"og:title\" content=\"HDGY Rail Clip - Crane Rail fixing device-crane Rail Clamp- Crane Parts Manufacturer\" \/>\n<meta property=\"og:description\" content=\"Rail Clips,HDGY Rail Clip,Crane Rail Clips,Rail fixing device,Crane Rail fixing device,crane Rail Clamp,WJK Rail Clips,Overhead Crane Rail Clip\" \/>\n<meta property=\"og:url\" content=\"https:\/\/www.hnhlcranes.com\/sl\/izdelek\/hdgy-rail-clip\/\" \/>\n<meta property=\"og:site_name\" content=\"Crane Parts Manufacturer\" \/>\n<meta property=\"article:modified_time\" content=\"2025-01-10T10:14:36+00:00\" \/>\n<meta property=\"og:image\" content=\"https:\/\/www.hnhlcranes.com\/wp-content\/uploads\/2024\/11\/HDGY-Rail-Clip.jpg\" \/>\n\t<meta property=\"og:image:width\" content=\"600\" \/>\n\t<meta property=\"og:image:height\" content=\"600\" \/>\n\t<meta property=\"og:image:type\" content=\"image\/jpeg\" \/>\n<meta name=\"twitter:card\" content=\"summary_large_image\" \/>\n<meta name=\"twitter:label1\" content=\"Est. reading time\" \/>\n\t<meta name=\"twitter:data1\" content=\"3 minute\" \/>\n<script type=\"application\/ld+json\" class=\"yoast-schema-graph\">{\"@context\":\"https:\/\/schema.org\",\"@graph\":[{\"@type\":\"WebPage\",\"@id\":\"https:\/\/www.hnhlcranes.com\/product\/hdgy-rail-clip\/\",\"url\":\"https:\/\/www.hnhlcranes.com\/product\/hdgy-rail-clip\/\",\"name\":\"HDGY Rail Clip - Crane Rail fixing device-crane Rail Clamp- Crane Parts Manufacturer\",\"isPartOf\":{\"@id\":\"https:\/\/www.hnhlcranes.com\/#website\"},\"primaryImageOfPage\":{\"@id\":\"https:\/\/www.hnhlcranes.com\/product\/hdgy-rail-clip\/#primaryimage\"},\"image\":{\"@id\":\"https:\/\/www.hnhlcranes.com\/product\/hdgy-rail-clip\/#primaryimage\"},\"thumbnailUrl\":\"https:\/\/www.hnhlcranes.com\/wp-content\/uploads\/2024\/11\/HDGY-Rail-Clip.jpg\",\"datePublished\":\"2024-11-29T14:40:44+00:00\",\"dateModified\":\"2025-01-10T10:14:36+00:00\",\"description\":\"Rail Clips,HDGY Rail Clip,Crane Rail Clips,Rail fixing device,Crane Rail fixing device,crane Rail Clamp,WJK Rail Clips,Overhead Crane Rail Clip\",\"breadcrumb\":{\"@id\":\"https:\/\/www.hnhlcranes.com\/product\/hdgy-rail-clip\/#breadcrumb\"},\"inLanguage\":\"sl-SI\",\"potentialAction\":[{\"@type\":\"ReadAction\",\"target\":[\"https:\/\/www.hnhlcranes.com\/product\/hdgy-rail-clip\/\"]}]},{\"@type\":\"ImageObject\",\"inLanguage\":\"sl-SI\",\"@id\":\"https:\/\/www.hnhlcranes.com\/product\/hdgy-rail-clip\/#primaryimage\",\"url\":\"https:\/\/www.hnhlcranes.com\/wp-content\/uploads\/2024\/11\/HDGY-Rail-Clip.jpg\",\"contentUrl\":\"https:\/\/www.hnhlcranes.com\/wp-content\/uploads\/2024\/11\/HDGY-Rail-Clip.jpg\",\"width\":600,\"height\":600},{\"@type\":\"BreadcrumbList\",\"@id\":\"https:\/\/www.hnhlcranes.com\/product\/hdgy-rail-clip\/#breadcrumb\",\"itemListElement\":[{\"@type\":\"ListItem\",\"position\":1,\"name\":\"home\",\"item\":\"https:\/\/www.hnhlcranes.com\/\"},{\"@type\":\"ListItem\",\"position\":2,\"name\":\"products\",\"item\":\"https:\/\/www.hnhlcranes.com\/products\/\"},{\"@type\":\"ListItem\",\"position\":3,\"name\":\"HDGY Rail Clip\"}]},{\"@type\":\"WebSite\",\"@id\":\"https:\/\/www.hnhlcranes.com\/#website\",\"url\":\"https:\/\/www.hnhlcranes.com\/\",\"name\":\"Crane Parts Manufacturer\",\"description\":\"Crane Wheels,Crane Drums,Crane Hooks,Crane Coupling,Crane End Carriage,Electric Hoist,European Crane Parts,Crane Rail Clip,Crane Spreader,Crane Motor,Crane Reducer,Crane Brake,Light Crane Parts,Workstation Crane Parts,Crane Electrical Parts,China Crane Parts Supplier,China Crane Parts Manufacturer,Angle box type crane wheel,45 degree split crane wheel,European crane wheel,Crane Wheel Blocks,Overhead crane drum,European crane drum,Overhead crane hook,European crane hook,Crane pulley block,Gear coupling,Brake wheel coupling,Drum gear coupling,Brake wheel drum gear coupling,Cardan Shaft Coupling,WZL drum coupling,Plum blossom elastic coupling,Brake wheel plum elastic coupling,European Single girder crane end carriage,European Double girder crane end carriage,European Suspension  crane end carriage,Wire Rope Electric Hoist,Electric Chain Hoist,European Single Girder Wire Rope Electric Hoist,European Double Girder Wire Rope Electric Hoist,Crane grab,Container spreader,Billet crane clamps,C-type hook,Lifting Electromagnet,YZR crane motor,YZP crane motor,ZQ Reducer,ZSC Reducer,QJ Reducer,QJ-L Reducer,QJY Reducer,H series gearbox,F Series Gear Motor,K Series Gear Motor,R Series Gear Motor,travelling machinery gear motor,Electro hydraulic drum brake,Electro hydraulic disc brake,Crane Safety brake,Crane cable trolley,Crane remote controller,Crane pendant controller,Crane electrical control cabinet,Crane limit switch,Crane sound and light alarm,Heavy Duty Aviation Connector,Crane overload limiter\",\"publisher\":{\"@id\":\"https:\/\/www.hnhlcranes.com\/#organization\"},\"potentialAction\":[{\"@type\":\"SearchAction\",\"target\":{\"@type\":\"EntryPoint\",\"urlTemplate\":\"https:\/\/www.hnhlcranes.com\/?s={search_term_string}\"},\"query-input\":{\"@type\":\"PropertyValueSpecification\",\"valueRequired\":true,\"valueName\":\"search_term_string\"}}],\"inLanguage\":\"sl-SI\"},{\"@type\":\"Organization\",\"@id\":\"https:\/\/www.hnhlcranes.com\/#organization\",\"name\":\"Crane Parts Manufacturer\",\"url\":\"https:\/\/www.hnhlcranes.com\/\",\"logo\":{\"@type\":\"ImageObject\",\"inLanguage\":\"sl-SI\",\"@id\":\"https:\/\/www.hnhlcranes.com\/#\/schema\/logo\/image\/\",\"url\":\"https:\/\/www.hnhlcranes.com\/wp-content\/uploads\/2025\/01\/HL-logo-1.png\",\"contentUrl\":\"https:\/\/www.hnhlcranes.com\/wp-content\/uploads\/2025\/01\/HL-logo-1.png\",\"width\":600,\"height\":169,\"caption\":\"Crane Parts Manufacturer\"},\"image\":{\"@id\":\"https:\/\/www.hnhlcranes.com\/#\/schema\/logo\/image\/\"}}]}<\/script>\n<!-- \/ Yoast SEO plugin. -->","yoast_head_json":{"title":"HDGY Rail Clip - Crane Rail fixing device-crane Rail Clamp- Crane Parts Manufacturer","description":"Rail Clips,HDGY Rail Clip,Crane Rail Clips,Rail fixing device,Crane Rail fixing device,crane Rail Clamp,WJK Rail Clips,Overhead Crane Rail Clip","robots":{"index":"index","follow":"follow","max-snippet":"max-snippet:-1","max-image-preview":"max-image-preview:large","max-video-preview":"max-video-preview:-1"},"canonical":"https:\/\/www.hnhlcranes.com\/sl\/izdelek\/hdgy-rail-clip\/","og_locale":"sl_SI","og_type":"article","og_title":"HDGY Rail Clip - Crane Rail fixing device-crane Rail Clamp- Crane Parts Manufacturer","og_description":"Rail Clips,HDGY Rail Clip,Crane Rail Clips,Rail fixing device,Crane Rail fixing device,crane Rail Clamp,WJK Rail Clips,Overhead Crane Rail Clip","og_url":"https:\/\/www.hnhlcranes.com\/sl\/izdelek\/hdgy-rail-clip\/","og_site_name":"Crane Parts Manufacturer","article_modified_time":"2025-01-10T10:14:36+00:00","og_image":[{"width":600,"height":600,"url":"https:\/\/www.hnhlcranes.com\/wp-content\/uploads\/2024\/11\/HDGY-Rail-Clip.jpg","type":"image\/jpeg"}],"twitter_card":"summary_large_image","twitter_misc":{"Est. reading time":"3 minute"},"schema":{"@context":"https:\/\/schema.org","@graph":[{"@type":"WebPage","@id":"https:\/\/www.hnhlcranes.com\/product\/hdgy-rail-clip\/","url":"https:\/\/www.hnhlcranes.com\/product\/hdgy-rail-clip\/","name":"HDGY Rail Clip - Crane Rail fixing device-crane Rail Clamp- Crane Parts Manufacturer","isPartOf":{"@id":"https:\/\/www.hnhlcranes.com\/#website"},"primaryImageOfPage":{"@id":"https:\/\/www.hnhlcranes.com\/product\/hdgy-rail-clip\/#primaryimage"},"image":{"@id":"https:\/\/www.hnhlcranes.com\/product\/hdgy-rail-clip\/#primaryimage"},"thumbnailUrl":"https:\/\/www.hnhlcranes.com\/wp-content\/uploads\/2024\/11\/HDGY-Rail-Clip.jpg","datePublished":"2024-11-29T14:40:44+00:00","dateModified":"2025-01-10T10:14:36+00:00","description":"Rail Clips,HDGY Rail Clip,Crane Rail Clips,Rail fixing device,Crane Rail fixing device,crane Rail Clamp,WJK Rail Clips,Overhead Crane Rail Clip","breadcrumb":{"@id":"https:\/\/www.hnhlcranes.com\/product\/hdgy-rail-clip\/#breadcrumb"},"inLanguage":"sl-SI","potentialAction":[{"@type":"ReadAction","target":["https:\/\/www.hnhlcranes.com\/product\/hdgy-rail-clip\/"]}]},{"@type":"ImageObject","inLanguage":"sl-SI","@id":"https:\/\/www.hnhlcranes.com\/product\/hdgy-rail-clip\/#primaryimage","url":"https:\/\/www.hnhlcranes.com\/wp-content\/uploads\/2024\/11\/HDGY-Rail-Clip.jpg","contentUrl":"https:\/\/www.hnhlcranes.com\/wp-content\/uploads\/2024\/11\/HDGY-Rail-Clip.jpg","width":600,"height":600},{"@type":"BreadcrumbList","@id":"https:\/\/www.hnhlcranes.com\/product\/hdgy-rail-clip\/#breadcrumb","itemListElement":[{"@type":"ListItem","position":1,"name":"home","item":"https:\/\/www.hnhlcranes.com\/"},{"@type":"ListItem","position":2,"name":"products","item":"https:\/\/www.hnhlcranes.com\/products\/"},{"@type":"ListItem","position":3,"name":"HDGY Rail Clip"}]},{"@type":"WebSite","@id":"https:\/\/www.hnhlcranes.com\/#website","url":"https:\/\/www.hnhlcranes.com\/","name":"Crane Parts Manufacturer","description":"Crane Wheels,Crane Drums,Crane Hooks,Crane Coupling,Crane End Carriage,Electric Hoist,European Crane Parts,Crane Rail Clip,Crane Spreader,Crane Motor,Crane Reducer,Crane Brake,Light Crane Parts,Workstation Crane Parts,Crane Electrical Parts,China Crane Parts Supplier,China Crane Parts Manufacturer,Angle box type crane wheel,45 degree split crane wheel,European crane wheel,Crane Wheel Blocks,Overhead crane drum,European crane drum,Overhead crane hook,European crane hook,Crane pulley block,Gear coupling,Brake wheel coupling,Drum gear coupling,Brake wheel drum gear coupling,Cardan Shaft Coupling,WZL drum coupling,Plum blossom elastic coupling,Brake wheel plum elastic coupling,European Single girder crane end carriage,European Double girder crane end carriage,European Suspension  crane end carriage,Wire Rope Electric Hoist,Electric Chain Hoist,European Single Girder Wire Rope Electric Hoist,European Double Girder Wire Rope Electric Hoist,Crane grab,Container spreader,Billet crane clamps,C-type hook,Lifting Electromagnet,YZR crane motor,YZP crane motor,ZQ Reducer,ZSC Reducer,QJ Reducer,QJ-L Reducer,QJY Reducer,H series gearbox,F Series Gear Motor,K Series Gear Motor,R Series Gear Motor,travelling machinery gear motor,Electro hydraulic drum brake,Electro hydraulic disc brake,Crane Safety brake,Crane cable trolley,Crane remote controller,Crane pendant controller,Crane electrical control cabinet,Crane limit switch,Crane sound and light alarm,Heavy Duty Aviation Connector,Crane overload limiter","publisher":{"@id":"https:\/\/www.hnhlcranes.com\/#organization"},"potentialAction":[{"@type":"SearchAction","target":{"@type":"EntryPoint","urlTemplate":"https:\/\/www.hnhlcranes.com\/?s={search_term_string}"},"query-input":{"@type":"PropertyValueSpecification","valueRequired":true,"valueName":"search_term_string"}}],"inLanguage":"sl-SI"},{"@type":"Organization","@id":"https:\/\/www.hnhlcranes.com\/#organization","name":"Crane Parts Manufacturer","url":"https:\/\/www.hnhlcranes.com\/","logo":{"@type":"ImageObject","inLanguage":"sl-SI","@id":"https:\/\/www.hnhlcranes.com\/#\/schema\/logo\/image\/","url":"https:\/\/www.hnhlcranes.com\/wp-content\/uploads\/2025\/01\/HL-logo-1.png","contentUrl":"https:\/\/www.hnhlcranes.com\/wp-content\/uploads\/2025\/01\/HL-logo-1.png","width":600,"height":169,"caption":"Crane Parts Manufacturer"},"image":{"@id":"https:\/\/www.hnhlcranes.com\/#\/schema\/logo\/image\/"}}]}},"_links":{"self":[{"href":"https:\/\/www.hnhlcranes.com\/sl\/wp-json\/wp\/v2\/product\/5544","targetHints":{"allow":["GET"]}}],"collection":[{"href":"https:\/\/www.hnhlcranes.com\/sl\/wp-json\/wp\/v2\/product"}],"about":[{"href":"https:\/\/www.hnhlcranes.com\/sl\/wp-json\/wp\/v2\/types\/product"}],"version-history":[{"count":3,"href":"https:\/\/www.hnhlcranes.com\/sl\/wp-json\/wp\/v2\/product\/5544\/revisions"}],"predecessor-version":[{"id":7196,"href":"https:\/\/www.hnhlcranes.com\/sl\/wp-json\/wp\/v2\/product\/5544\/revisions\/7196"}],"wp:featuredmedia":[{"embeddable":true,"href":"https:\/\/www.hnhlcranes.com\/sl\/wp-json\/wp\/v2\/media\/7117"}],"wp:attachment":[{"href":"https:\/\/www.hnhlcranes.com\/sl\/wp-json\/wp\/v2\/media?parent=5544"}],"wp:term":[{"taxonomy":"product_brand","embeddable":true,"href":"https:\/\/www.hnhlcranes.com\/sl\/wp-json\/wp\/v2\/product_brand?post=5544"},{"taxonomy":"product_cat","embeddable":true,"href":"https:\/\/www.hnhlcranes.com\/sl\/wp-json\/wp\/v2\/product_cat?post=5544"},{"taxonomy":"product_tag","embeddable":true,"href":"https:\/\/www.hnhlcranes.com\/sl\/wp-json\/wp\/v2\/product_tag?post=5544"}],"curies":[{"name":"wp","href":"https:\/\/api.w.org\/{rel}","templated":true}]}}