{"id":5246,"date":"2024-11-10T22:54:55","date_gmt":"2024-11-10T14:54:55","guid":{"rendered":"https:\/\/www.hnhlcranes.com\/?post_type=product&#038;p=5246"},"modified":"2025-01-13T00:15:24","modified_gmt":"2025-01-12T16:15:24","slug":"vaxelmotor-i-r-serien","status":"publish","type":"product","link":"https:\/\/www.hnhlcranes.com\/sv\/produkt\/vaxelmotor-i-r-serien\/","title":{"rendered":"V\u00e4xelmotor i R-serien"},"content":{"rendered":"<h3>Prestandaegenskaper<\/h3>\n<p>V\u00e4xelmotor i R-serien, <a href=\"https:\/\/www.hnhlcranes.com\/sv\/produkt\/k-serie-vaxelmotor\/\" target=\"_blank\" rel=\"noopener\">V\u00e4xelmotor i K-serien<\/a>, och F-seriens v\u00e4xelmotorer \u00e4r inte bara kompakta utan ocks\u00e5 kraftfulla och levererar ett h\u00f6gt vridmoment trots sin ringa storlek. Dessa v\u00e4xelmotorer \u00e4r konstruerade och tillverkade med hj\u00e4lp av ett modul\u00e4rt kombinationssystem. De erbjuder d\u00e4rf\u00f6r ett brett utbud av motorkombinationer, monteringskonfigurationer och konstruktionsalternativ. Dessutom g\u00f6r de fint graderade utv\u00e4xlingsf\u00f6rh\u00e5llandena att de kan anpassas s\u00f6ml\u00f6st till olika driftsf\u00f6rh\u00e5llanden och uppn\u00e5 en effektiv elektromekanisk integration.<\/p>\n<p>I synnerhet F-, K- och R-seriens reduktionsv\u00e4xlar anv\u00e4nder en modul\u00e4r enhetsdesign som effektiviserar tillverkningsprocessen. Detta tillv\u00e4gag\u00e5ngss\u00e4tt minskar avsev\u00e4rt antalet olika delar och lagerniv\u00e5er och f\u00f6rkortar d\u00e4rmed leveranstiderna. Dessutom utm\u00e4rker sig dessa v\u00e4xelmotorer med sin h\u00f6ga transmissionseffektivitet, l\u00e5ga energif\u00f6rbrukning och enast\u00e5ende \u00f6vergripande prestanda, vilket g\u00f6r dem till ett utm\u00e4rkt val i sin kategori.<\/p>\n<p>V\u00e4xelmotorerna har ett gjutj\u00e4rnshus med h\u00f6g styvhet som f\u00f6rst\u00e4rkts med ribbor f\u00f6r \u00f6kad styrka. Dessutom tillverkar tillverkarna kugghjulen av h\u00f6gkvalitativt legerat st\u00e5l och till\u00e4mpar en f\u00f6rgasnings- och sl\u00e4ckningsh\u00e4rdningsprocess. D\u00e4refter f\u00f6ljer precisionsslipning, vilket ger en j\u00e4mn transmission, l\u00e5g ljudniv\u00e5, h\u00f6g lastkapacitet, minimal temperatur\u00f6kning och l\u00e5ng livsl\u00e4ngd.<\/p>\n<p>Tack vare sin exceptionella m\u00e5ngsidighet anv\u00e4nds dessa v\u00e4xelmotorer i stor utstr\u00e4ckning inom olika branscher. De \u00e4r t.ex. oumb\u00e4rliga inom lyftutrustning, l\u00e4tt industri, rulltrappor, automatiserade lagringssystem, byggmaskiner, st\u00e5l- och metallurgi, papperstillverkning och tr\u00e4paneltillverkning. Dessutom anv\u00e4nds de ofta inom biltillverkning, tobaksmaskiner, vattenv\u00e5rdsprojekt, tryck och f\u00f6rpackning, l\u00e4kemedel, textilier, byggmaterial, logistik, fodermaskiner och milj\u00f6skydd.<\/p>\n<p>F\u00f6re leverans l\u00e4mnar tillverkarna dessa reduktionsv\u00e4xlar utan olja f\u00f6r att garantera s\u00e4ker transport. D\u00e4rf\u00f6r rekommenderas anv\u00e4ndarna att tills\u00e4tta N220 medeltrycksolja f\u00f6r industriella v\u00e4xlar innan motorerna tas i drift f\u00f6r att optimera deras prestanda.<\/p>\n<h6><strong><span style=\"font-family: arial, helvetica, sans-serif; font-size: 18pt;\">Struktur och konfiguration<\/span><\/strong><\/h6>\n<p><img fetchpriority=\"high\" decoding=\"async\" class=\"alignnone  wp-image-7335\" src=\"https:\/\/www.hnhlcranes.com\/wp-content\/uploads\/2024\/11\/R-Series-Gear-Motor-5-300x68.jpg\" alt=\"\" width=\"962\" height=\"218\" srcset=\"https:\/\/www.hnhlcranes.com\/wp-content\/uploads\/2024\/11\/R-Series-Gear-Motor-5-300x68.jpg 300w, https:\/\/www.hnhlcranes.com\/wp-content\/uploads\/2024\/11\/R-Series-Gear-Motor-5-768x175.jpg 768w, https:\/\/www.hnhlcranes.com\/wp-content\/uploads\/2024\/11\/R-Series-Gear-Motor-5-600x137.jpg 600w, https:\/\/www.hnhlcranes.com\/wp-content\/uploads\/2024\/11\/R-Series-Gear-Motor-5.jpg 1000w\" sizes=\"(max-width: 962px) 100vw, 962px\" \/><\/p>\n<h6><strong><span style=\"font-family: arial, helvetica, sans-serif; font-size: 18pt;\">Formul\u00e4r f\u00f6r installation<\/span><\/strong><\/h6>\n<p><img decoding=\"async\" class=\"alignnone  wp-image-7336\" src=\"https:\/\/www.hnhlcranes.com\/wp-content\/uploads\/2024\/11\/R-Series-Gear-Motor-6-300x117.jpg\" alt=\"\" width=\"969\" height=\"378\" srcset=\"https:\/\/www.hnhlcranes.com\/wp-content\/uploads\/2024\/11\/R-Series-Gear-Motor-6-300x117.jpg 300w, https:\/\/www.hnhlcranes.com\/wp-content\/uploads\/2024\/11\/R-Series-Gear-Motor-6-768x300.jpg 768w, https:\/\/www.hnhlcranes.com\/wp-content\/uploads\/2024\/11\/R-Series-Gear-Motor-6-600x234.jpg 600w, https:\/\/www.hnhlcranes.com\/wp-content\/uploads\/2024\/11\/R-Series-Gear-Motor-6.jpg 1000w\" sizes=\"(max-width: 969px) 100vw, 969px\" \/><\/p>\n<h6><strong><span style=\"font-family: arial, helvetica, sans-serif; font-size: 18pt;\">Position f\u00f6r motorns kopplingsdosa<\/span><\/strong><\/h6>\n<p><img decoding=\"async\" class=\"alignnone  wp-image-7337\" src=\"https:\/\/www.hnhlcranes.com\/wp-content\/uploads\/2024\/11\/R-Series-Gear-Motor-7-300x70.jpg\" alt=\"\" width=\"969\" height=\"226\" srcset=\"https:\/\/www.hnhlcranes.com\/wp-content\/uploads\/2024\/11\/R-Series-Gear-Motor-7-300x70.jpg 300w, https:\/\/www.hnhlcranes.com\/wp-content\/uploads\/2024\/11\/R-Series-Gear-Motor-7-768x178.jpg 768w, https:\/\/www.hnhlcranes.com\/wp-content\/uploads\/2024\/11\/R-Series-Gear-Motor-7-600x139.jpg 600w, https:\/\/www.hnhlcranes.com\/wp-content\/uploads\/2024\/11\/R-Series-Gear-Motor-7.jpg 1000w\" sizes=\"(max-width: 969px) 100vw, 969px\" \/><\/p>\n<h6><strong><span style=\"font-family: arial, helvetica, sans-serif; font-size: 18pt;\">R-seriens v\u00e4xelmotor Varvtalsintervall och maximalt vridmoment<\/span><\/strong><\/h6>\n<table style=\"width: 100%; border-style: solid; border-color: #000000;\" border=\"1\" cellspacing=\"0.5\">\n<tbody>\n<tr>\n<td style=\"text-align: center;\" width=\"173\"><span style=\"font-size: 10pt;\">Typ<\/span><\/td>\n<td style=\"text-align: center;\" width=\"85\"><span style=\"font-size: 10pt;\">02<\/span><\/td>\n<td style=\"text-align: center;\" width=\"85\"><span style=\"font-size: 10pt;\">03<\/span><\/td>\n<td style=\"text-align: center;\" width=\"85\"><span style=\"font-size: 10pt;\">04<\/span><\/td>\n<td style=\"text-align: center;\" width=\"85\"><span style=\"font-size: 10pt;\">05<\/span><\/td>\n<td style=\"text-align: center;\" width=\"85\"><span style=\"font-size: 10pt;\">06<\/span><\/td>\n<td style=\"text-align: center;\" width=\"85\"><span style=\"font-size: 10pt;\">07<\/span><\/td>\n<td style=\"text-align: center;\" width=\"85\"><span style=\"font-size: 10pt;\">08<\/span><\/td>\n<td style=\"text-align: center;\" width=\"85\"><span style=\"font-size: 10pt;\">09<\/span><\/td>\n<td style=\"text-align: center;\" width=\"85\"><span style=\"font-size: 10pt;\">10<\/span><\/td>\n<td style=\"text-align: center;\" width=\"85\"><span style=\"font-size: 10pt;\">13<\/span><\/td>\n<td style=\"text-align: center;\" width=\"85\"><span style=\"font-size: 10pt;\">14<\/span><\/td>\n<td style=\"text-align: center;\" width=\"85\"><span style=\"font-size: 10pt;\">16<\/span><\/td>\n<td width=\"0\"><\/td>\n<\/tr>\n<tr>\n<td style=\"text-align: center;\" width=\"173\"><span style=\"font-size: 10pt;\">Strukturell form<\/span><\/td>\n<td style=\"text-align: center;\" colspan=\"13\" width=\"1020\"><span style=\"font-size: 10pt;\">R\uff0cRF<\/span><\/td>\n<\/tr>\n<tr>\n<td style=\"text-align: center;\" width=\"173\"><span style=\"font-size: 10pt;\">Utv\u00e4xling<\/span><\/td>\n<td style=\"text-align: center;\" width=\"85\"><span style=\"font-size: 10pt;\">3.37~<br \/>\n<\/span><span style=\"font-size: 10pt;\">135.09<\/span><\/td>\n<td style=\"text-align: center;\" width=\"85\"><span style=\"font-size: 10pt;\">3.41~<br \/>\n<\/span><span style=\"font-size: 10pt;\">134.82<\/span><\/td>\n<td style=\"text-align: center;\" width=\"85\"><span style=\"font-size: 10pt;\">3.83~<br \/>\n<\/span><span style=\"font-size: 10pt;\">176.88<\/span><\/td>\n<td style=\"text-align: center;\" width=\"85\"><span style=\"font-size: 10pt;\">4.39~<br \/>\n<\/span><span style=\"font-size: 10pt;\">186.89<\/span><\/td>\n<td style=\"text-align: center;\" width=\"85\"><span style=\"font-size: 10pt;\">4.29~<br \/>\n<\/span><span style=\"font-size: 10pt;\">199.81<\/span><\/td>\n<td style=\"text-align: center;\" width=\"85\"><span style=\"font-size: 10pt;\">5.31~<br \/>\n<\/span><span style=\"font-size: 10pt;\">195.24<\/span><\/td>\n<td style=\"text-align: center;\" width=\"85\"><span style=\"font-size: 10pt;\">5.30~<br \/>\n<\/span><span style=\"font-size: 10pt;\">246.54<\/span><\/td>\n<td style=\"text-align: center;\" width=\"85\"><span style=\"font-size: 10pt;\">4.5~<br \/>\n<\/span><span style=\"font-size: 10pt;\">289.74<\/span><\/td>\n<td style=\"text-align: center;\" width=\"85\"><span style=\"font-size: 10pt;\">4.92~<br \/>\n<\/span><span style=\"font-size: 10pt;\">251.15<\/span><\/td>\n<td style=\"text-align: center;\" width=\"85\"><span style=\"font-size: 10pt;\">5.15~<br \/>\n<\/span><span style=\"font-size: 10pt;\">222.6<\/span><\/td>\n<td style=\"text-align: center;\" width=\"85\"><span style=\"font-size: 10pt;\">5~<br \/>\n<\/span><span style=\"font-size: 10pt;\">163.31<\/span><\/td>\n<td style=\"text-align: center;\" width=\"85\"><span style=\"font-size: 10pt;\">10.24~<br \/>\n<\/span><span style=\"font-size: 10pt;\">229.71<\/span><\/td>\n<td width=\"0\"><\/td>\n<\/tr>\n<tr>\n<td style=\"text-align: center;\" width=\"173\"><span style=\"font-size: 10pt;\">Maximalt vridmoment<br \/>\n<\/span><span style=\"font-size: 10pt;\">N.m<\/span><\/td>\n<td style=\"text-align: center;\" width=\"85\"><span style=\"font-size: 10pt;\">130<\/span><\/td>\n<td style=\"text-align: center;\" width=\"85\"><span style=\"font-size: 10pt;\">200<\/span><\/td>\n<td style=\"text-align: center;\" width=\"85\"><span style=\"font-size: 10pt;\">300<\/span><\/td>\n<td style=\"text-align: center;\" width=\"85\"><span style=\"font-size: 10pt;\">450<\/span><\/td>\n<td style=\"text-align: center;\" width=\"85\"><span style=\"font-size: 10pt;\">600<\/span><\/td>\n<td style=\"text-align: center;\" width=\"85\"><span style=\"font-size: 10pt;\">820<\/span><\/td>\n<td style=\"text-align: center;\" width=\"85\"><span style=\"font-size: 10pt;\">1550<\/span><\/td>\n<td style=\"text-align: center;\" width=\"85\"><span style=\"font-size: 10pt;\">3000<\/span><\/td>\n<td style=\"text-align: center;\" width=\"85\"><span style=\"font-size: 10pt;\">4300<\/span><\/td>\n<td style=\"text-align: center;\" width=\"85\"><span style=\"font-size: 10pt;\">8000<\/span><\/td>\n<td style=\"text-align: center;\" width=\"85\"><span style=\"font-size: 10pt;\">13000<\/span><\/td>\n<td style=\"text-align: center;\" width=\"85\"><span style=\"font-size: 10pt;\">18000<\/span><\/td>\n<td width=\"0\"><\/td>\n<\/tr>\n<\/tbody>\n<\/table>\n<p>&nbsp;<\/p>","protected":false},"excerpt":{"rendered":"<h6><strong><span style=\"font-family: arial, helvetica, sans-serif; font-size: 14pt;\">Specifikationer f\u00f6r kuggv\u00e4xelmotorer i R-serien<\/span><\/strong><\/h6>\n<ul>\n<li><strong>Modeller<\/strong>: R..02, R..03, R..04, R..05, R..06, R..07, R..08, R..09, R..10, R..13, R..14, R..16<\/li>\n<li><strong>Hastighetsf\u00f6rh\u00e5llande<\/strong>: 3,37 till 229,71<\/li>\n<li><strong>Effektomr\u00e5de (kW)<\/strong>: 0.12, 0.18, 0.25, 0.37, 0.55, 0.75, 1.1, 1.5, 2.2, 3, 4, 5.5, 7.5, 11, 15, 18.5, 22, 30, 37, 45, 55, 75, 90, 110, 132, 160<\/li>\n<li><strong>Strukturella typer<\/strong>: R, RF, RM<\/li>\n<li><strong>Utg\u00e5ende vridmoment<\/strong>: 130 Nm till 18.000 Nm<\/li>\n<\/ul>","protected":false},"featured_media":7332,"template":"","meta":{"_kad_post_transparent":"default","_kad_post_title":"","_kad_post_layout":"default","_kad_post_sidebar_id":"","_kad_post_content_style":"default","_kad_post_vertical_padding":"show","_kad_post_feature":"","_kad_post_feature_position":"","_kad_post_header":false,"_kad_post_footer":false},"product_brand":[],"product_cat":[55],"product_tag":[376,374,561,558,373,542,547,557,566,555,546,559,564,541,565,551,543,548,575,570,538,571,539,576,572,540,549,544,550,563,562,567,560,552,553,556,545,554,573,568,536,574,569,537],"class_list":{"0":"post-5246","1":"product","2":"type-product","3":"status-publish","4":"has-post-thumbnail","6":"product_cat-crane-reducer","7":"product_tag-china-crane-parts-supplier","8":"product_tag-crane-accessories","9":"product_tag-crane-decelerators","10":"product_tag-crane-gearbox","11":"product_tag-crane-parts","12":"product_tag-f-series-gear-motor","13":"product_tag-f-series-three-in-one-reducer","14":"product_tag-fem-standard-gear-motors","15":"product_tag-flender-reducer","16":"product_tag-gear-motor-for-crane-traveling","17":"product_tag-gear-motors","18":"product_tag-gear-reducer","19":"product_tag-gear-reducer-for-crane","20":"product_tag-h-series-gearbox","21":"product_tag-hard-tooth-surface-reducercrane-and-hoist-reducer","22":"product_tag-helical-gear-motor-r-series","23":"product_tag-k-series-gear-motor","24":"product_tag-k-series-three-in-one-reducer","25":"product_tag-qj-crane-reducer","26":"product_tag-qj-gearbox","27":"product_tag-qj-reducer","28":"product_tag-qj-l-gearbox","29":"product_tag-qj-l-reducer","30":"product_tag-qjy-crane-reducer","31":"product_tag-qjy-gearbox","32":"product_tag-qjy-reducer","33":"product_tag-r-series-crane-reducer","34":"product_tag-r-series-gear-motor","35":"product_tag-r-series-helical-gear-units","36":"product_tag-reducer-for-crane","37":"product_tag-reducer-gearbox","38":"product_tag-reducer-manufacturer","39":"product_tag-speed-reducer","40":"product_tag-three-in-one-reducer","41":"product_tag-travelling-machinery","42":"product_tag-travelling-machinery-frequency-inverter-motors","43":"product_tag-travelling-machinery-gear-motor","44":"product_tag-travelling-motor-with-gear","45":"product_tag-zq-crane-reducer","46":"product_tag-zq-gearbox","47":"product_tag-zq-reducer","48":"product_tag-zsc-crane-reducer","49":"product_tag-zsc-gearbox","50":"product_tag-zsc-reducer","52":"first","53":"instock","54":"shipping-taxable","55":"product-type-simple","56":"entry","57":"content-bg","58":"loop-entry"},"yoast_head":"<!-- This site is optimized with the Yoast SEO plugin v24.5 - https:\/\/yoast.com\/wordpress\/plugins\/seo\/ -->\n<title>R Series Gear Motor - R series three-in-one reducer-Crane Parts Manufacturer<\/title>\n<meta name=\"description\" content=\"R Series Gear Motor,R series three-in-one reducer,F series three-in-one reducer,Crane Gearbox,travelling machinery gear motors,Travelling Motor With Gear\" \/>\n<meta name=\"robots\" content=\"index, follow, max-snippet:-1, max-image-preview:large, max-video-preview:-1\" \/>\n<link rel=\"canonical\" href=\"https:\/\/www.hnhlcranes.com\/sv\/produkt\/vaxelmotor-i-r-serien\/\" \/>\n<meta property=\"og:locale\" content=\"sv_SE\" \/>\n<meta property=\"og:type\" content=\"article\" \/>\n<meta property=\"og:title\" content=\"R Series Gear Motor - R series three-in-one reducer-Crane Parts Manufacturer\" \/>\n<meta property=\"og:description\" content=\"R Series Gear Motor,R series three-in-one reducer,F series three-in-one reducer,Crane Gearbox,travelling machinery gear motors,Travelling Motor With Gear\" \/>\n<meta property=\"og:url\" content=\"https:\/\/www.hnhlcranes.com\/sv\/produkt\/vaxelmotor-i-r-serien\/\" \/>\n<meta property=\"og:site_name\" content=\"Crane Parts Manufacturer\" \/>\n<meta property=\"article:modified_time\" content=\"2025-01-12T16:15:24+00:00\" \/>\n<meta property=\"og:image\" content=\"https:\/\/www.hnhlcranes.com\/wp-content\/uploads\/2024\/11\/R-Series-Gear-Motor-2.jpg\" \/>\n\t<meta property=\"og:image:width\" content=\"600\" \/>\n\t<meta property=\"og:image:height\" content=\"600\" \/>\n\t<meta property=\"og:image:type\" content=\"image\/jpeg\" \/>\n<meta name=\"twitter:card\" content=\"summary_large_image\" \/>\n<meta name=\"twitter:label1\" content=\"Ber\u00e4knad l\u00e4stid\" \/>\n\t<meta name=\"twitter:data1\" content=\"3 minuter\" \/>\n<script type=\"application\/ld+json\" class=\"yoast-schema-graph\">{\"@context\":\"https:\/\/schema.org\",\"@graph\":[{\"@type\":\"WebPage\",\"@id\":\"https:\/\/www.hnhlcranes.com\/product\/r-series-gear-motor\/\",\"url\":\"https:\/\/www.hnhlcranes.com\/product\/r-series-gear-motor\/\",\"name\":\"R Series Gear Motor - R series three-in-one reducer-Crane Parts Manufacturer\",\"isPartOf\":{\"@id\":\"https:\/\/www.hnhlcranes.com\/#website\"},\"primaryImageOfPage\":{\"@id\":\"https:\/\/www.hnhlcranes.com\/product\/r-series-gear-motor\/#primaryimage\"},\"image\":{\"@id\":\"https:\/\/www.hnhlcranes.com\/product\/r-series-gear-motor\/#primaryimage\"},\"thumbnailUrl\":\"https:\/\/www.hnhlcranes.com\/wp-content\/uploads\/2024\/11\/R-Series-Gear-Motor-2.jpg\",\"datePublished\":\"2024-11-10T14:54:55+00:00\",\"dateModified\":\"2025-01-12T16:15:24+00:00\",\"description\":\"R Series Gear Motor,R series three-in-one reducer,F series three-in-one reducer,Crane Gearbox,travelling machinery gear motors,Travelling Motor With Gear\",\"breadcrumb\":{\"@id\":\"https:\/\/www.hnhlcranes.com\/product\/r-series-gear-motor\/#breadcrumb\"},\"inLanguage\":\"sv-SE\",\"potentialAction\":[{\"@type\":\"ReadAction\",\"target\":[\"https:\/\/www.hnhlcranes.com\/product\/r-series-gear-motor\/\"]}]},{\"@type\":\"ImageObject\",\"inLanguage\":\"sv-SE\",\"@id\":\"https:\/\/www.hnhlcranes.com\/product\/r-series-gear-motor\/#primaryimage\",\"url\":\"https:\/\/www.hnhlcranes.com\/wp-content\/uploads\/2024\/11\/R-Series-Gear-Motor-2.jpg\",\"contentUrl\":\"https:\/\/www.hnhlcranes.com\/wp-content\/uploads\/2024\/11\/R-Series-Gear-Motor-2.jpg\",\"width\":600,\"height\":600},{\"@type\":\"BreadcrumbList\",\"@id\":\"https:\/\/www.hnhlcranes.com\/product\/r-series-gear-motor\/#breadcrumb\",\"itemListElement\":[{\"@type\":\"ListItem\",\"position\":1,\"name\":\"home\",\"item\":\"https:\/\/www.hnhlcranes.com\/\"},{\"@type\":\"ListItem\",\"position\":2,\"name\":\"products\",\"item\":\"https:\/\/www.hnhlcranes.com\/products\/\"},{\"@type\":\"ListItem\",\"position\":3,\"name\":\"R Series Gear Motor\"}]},{\"@type\":\"WebSite\",\"@id\":\"https:\/\/www.hnhlcranes.com\/#website\",\"url\":\"https:\/\/www.hnhlcranes.com\/\",\"name\":\"Crane Parts Manufacturer\",\"description\":\"Crane Wheels,Crane Drums,Crane Hooks,Crane Coupling,Crane End Carriage,Electric Hoist,European Crane Parts,Crane Rail Clip,Crane Spreader,Crane Motor,Crane Reducer,Crane Brake,Light Crane Parts,Workstation Crane Parts,Crane Electrical Parts,China Crane Parts Supplier,China Crane Parts Manufacturer,Angle box type crane wheel,45 degree split crane wheel,European crane wheel,Crane Wheel Blocks,Overhead crane drum,European crane drum,Overhead crane hook,European crane hook,Crane pulley block,Gear coupling,Brake wheel coupling,Drum gear coupling,Brake wheel drum gear coupling,Cardan Shaft Coupling,WZL drum coupling,Plum blossom elastic coupling,Brake wheel plum elastic coupling,European Single girder crane end carriage,European Double girder crane end carriage,European Suspension  crane end carriage,Wire Rope Electric Hoist,Electric Chain Hoist,European Single Girder Wire Rope Electric Hoist,European Double Girder Wire Rope Electric Hoist,Crane grab,Container spreader,Billet crane clamps,C-type hook,Lifting Electromagnet,YZR crane motor,YZP crane motor,ZQ Reducer,ZSC Reducer,QJ Reducer,QJ-L Reducer,QJY Reducer,H series gearbox,F Series Gear Motor,K Series Gear Motor,R Series Gear Motor,travelling machinery gear motor,Electro hydraulic drum brake,Electro hydraulic disc brake,Crane Safety brake,Crane cable trolley,Crane remote controller,Crane pendant controller,Crane electrical control cabinet,Crane limit switch,Crane sound and light alarm,Heavy Duty Aviation Connector,Crane overload limiter\",\"publisher\":{\"@id\":\"https:\/\/www.hnhlcranes.com\/#organization\"},\"potentialAction\":[{\"@type\":\"SearchAction\",\"target\":{\"@type\":\"EntryPoint\",\"urlTemplate\":\"https:\/\/www.hnhlcranes.com\/?s={search_term_string}\"},\"query-input\":{\"@type\":\"PropertyValueSpecification\",\"valueRequired\":true,\"valueName\":\"search_term_string\"}}],\"inLanguage\":\"sv-SE\"},{\"@type\":\"Organization\",\"@id\":\"https:\/\/www.hnhlcranes.com\/#organization\",\"name\":\"Crane Parts Manufacturer\",\"url\":\"https:\/\/www.hnhlcranes.com\/\",\"logo\":{\"@type\":\"ImageObject\",\"inLanguage\":\"sv-SE\",\"@id\":\"https:\/\/www.hnhlcranes.com\/#\/schema\/logo\/image\/\",\"url\":\"https:\/\/www.hnhlcranes.com\/wp-content\/uploads\/2025\/01\/HL-logo-1.png\",\"contentUrl\":\"https:\/\/www.hnhlcranes.com\/wp-content\/uploads\/2025\/01\/HL-logo-1.png\",\"width\":600,\"height\":169,\"caption\":\"Crane Parts Manufacturer\"},\"image\":{\"@id\":\"https:\/\/www.hnhlcranes.com\/#\/schema\/logo\/image\/\"}}]}<\/script>\n<!-- \/ Yoast SEO plugin. -->","yoast_head_json":{"title":"R Series Gear Motor - R series three-in-one reducer-Crane Parts Manufacturer","description":"R Series Gear Motor,R series three-in-one reducer,F series three-in-one reducer,Crane Gearbox,travelling machinery gear motors,Travelling Motor With Gear","robots":{"index":"index","follow":"follow","max-snippet":"max-snippet:-1","max-image-preview":"max-image-preview:large","max-video-preview":"max-video-preview:-1"},"canonical":"https:\/\/www.hnhlcranes.com\/sv\/produkt\/vaxelmotor-i-r-serien\/","og_locale":"sv_SE","og_type":"article","og_title":"R Series Gear Motor - R series three-in-one reducer-Crane Parts Manufacturer","og_description":"R Series Gear Motor,R series three-in-one reducer,F series three-in-one reducer,Crane Gearbox,travelling machinery gear motors,Travelling Motor With Gear","og_url":"https:\/\/www.hnhlcranes.com\/sv\/produkt\/vaxelmotor-i-r-serien\/","og_site_name":"Crane Parts Manufacturer","article_modified_time":"2025-01-12T16:15:24+00:00","og_image":[{"width":600,"height":600,"url":"https:\/\/www.hnhlcranes.com\/wp-content\/uploads\/2024\/11\/R-Series-Gear-Motor-2.jpg","type":"image\/jpeg"}],"twitter_card":"summary_large_image","twitter_misc":{"Ber\u00e4knad l\u00e4stid":"3 minuter"},"schema":{"@context":"https:\/\/schema.org","@graph":[{"@type":"WebPage","@id":"https:\/\/www.hnhlcranes.com\/product\/r-series-gear-motor\/","url":"https:\/\/www.hnhlcranes.com\/product\/r-series-gear-motor\/","name":"R Series Gear Motor - R series three-in-one reducer-Crane Parts Manufacturer","isPartOf":{"@id":"https:\/\/www.hnhlcranes.com\/#website"},"primaryImageOfPage":{"@id":"https:\/\/www.hnhlcranes.com\/product\/r-series-gear-motor\/#primaryimage"},"image":{"@id":"https:\/\/www.hnhlcranes.com\/product\/r-series-gear-motor\/#primaryimage"},"thumbnailUrl":"https:\/\/www.hnhlcranes.com\/wp-content\/uploads\/2024\/11\/R-Series-Gear-Motor-2.jpg","datePublished":"2024-11-10T14:54:55+00:00","dateModified":"2025-01-12T16:15:24+00:00","description":"R Series Gear Motor,R series three-in-one reducer,F series three-in-one reducer,Crane Gearbox,travelling machinery gear motors,Travelling Motor With Gear","breadcrumb":{"@id":"https:\/\/www.hnhlcranes.com\/product\/r-series-gear-motor\/#breadcrumb"},"inLanguage":"sv-SE","potentialAction":[{"@type":"ReadAction","target":["https:\/\/www.hnhlcranes.com\/product\/r-series-gear-motor\/"]}]},{"@type":"ImageObject","inLanguage":"sv-SE","@id":"https:\/\/www.hnhlcranes.com\/product\/r-series-gear-motor\/#primaryimage","url":"https:\/\/www.hnhlcranes.com\/wp-content\/uploads\/2024\/11\/R-Series-Gear-Motor-2.jpg","contentUrl":"https:\/\/www.hnhlcranes.com\/wp-content\/uploads\/2024\/11\/R-Series-Gear-Motor-2.jpg","width":600,"height":600},{"@type":"BreadcrumbList","@id":"https:\/\/www.hnhlcranes.com\/product\/r-series-gear-motor\/#breadcrumb","itemListElement":[{"@type":"ListItem","position":1,"name":"home","item":"https:\/\/www.hnhlcranes.com\/"},{"@type":"ListItem","position":2,"name":"products","item":"https:\/\/www.hnhlcranes.com\/products\/"},{"@type":"ListItem","position":3,"name":"R Series Gear Motor"}]},{"@type":"WebSite","@id":"https:\/\/www.hnhlcranes.com\/#website","url":"https:\/\/www.hnhlcranes.com\/","name":"Crane Parts Manufacturer","description":"Crane Wheels,Crane Drums,Crane Hooks,Crane Coupling,Crane End Carriage,Electric Hoist,European Crane Parts,Crane Rail Clip,Crane Spreader,Crane Motor,Crane Reducer,Crane Brake,Light Crane Parts,Workstation Crane Parts,Crane Electrical Parts,China Crane Parts Supplier,China Crane Parts Manufacturer,Angle box type crane wheel,45 degree split crane wheel,European crane wheel,Crane Wheel Blocks,Overhead crane drum,European crane drum,Overhead crane hook,European crane hook,Crane pulley block,Gear coupling,Brake wheel coupling,Drum gear coupling,Brake wheel drum gear coupling,Cardan Shaft Coupling,WZL drum coupling,Plum blossom elastic coupling,Brake wheel plum elastic coupling,European Single girder crane end carriage,European Double girder crane end carriage,European Suspension  crane end carriage,Wire Rope Electric Hoist,Electric Chain Hoist,European Single Girder Wire Rope Electric Hoist,European Double Girder Wire Rope Electric Hoist,Crane grab,Container spreader,Billet crane clamps,C-type hook,Lifting Electromagnet,YZR crane motor,YZP crane motor,ZQ Reducer,ZSC Reducer,QJ Reducer,QJ-L Reducer,QJY Reducer,H series gearbox,F Series Gear Motor,K Series Gear Motor,R Series Gear Motor,travelling machinery gear motor,Electro hydraulic drum brake,Electro hydraulic disc brake,Crane Safety brake,Crane cable trolley,Crane remote controller,Crane pendant controller,Crane electrical control cabinet,Crane limit switch,Crane sound and light alarm,Heavy Duty Aviation Connector,Crane overload limiter","publisher":{"@id":"https:\/\/www.hnhlcranes.com\/#organization"},"potentialAction":[{"@type":"SearchAction","target":{"@type":"EntryPoint","urlTemplate":"https:\/\/www.hnhlcranes.com\/?s={search_term_string}"},"query-input":{"@type":"PropertyValueSpecification","valueRequired":true,"valueName":"search_term_string"}}],"inLanguage":"sv-SE"},{"@type":"Organization","@id":"https:\/\/www.hnhlcranes.com\/#organization","name":"Crane Parts Manufacturer","url":"https:\/\/www.hnhlcranes.com\/","logo":{"@type":"ImageObject","inLanguage":"sv-SE","@id":"https:\/\/www.hnhlcranes.com\/#\/schema\/logo\/image\/","url":"https:\/\/www.hnhlcranes.com\/wp-content\/uploads\/2025\/01\/HL-logo-1.png","contentUrl":"https:\/\/www.hnhlcranes.com\/wp-content\/uploads\/2025\/01\/HL-logo-1.png","width":600,"height":169,"caption":"Crane Parts Manufacturer"},"image":{"@id":"https:\/\/www.hnhlcranes.com\/#\/schema\/logo\/image\/"}}]}},"_links":{"self":[{"href":"https:\/\/www.hnhlcranes.com\/sv\/wp-json\/wp\/v2\/product\/5246","targetHints":{"allow":["GET"]}}],"collection":[{"href":"https:\/\/www.hnhlcranes.com\/sv\/wp-json\/wp\/v2\/product"}],"about":[{"href":"https:\/\/www.hnhlcranes.com\/sv\/wp-json\/wp\/v2\/types\/product"}],"version-history":[{"count":2,"href":"https:\/\/www.hnhlcranes.com\/sv\/wp-json\/wp\/v2\/product\/5246\/revisions"}],"predecessor-version":[{"id":7339,"href":"https:\/\/www.hnhlcranes.com\/sv\/wp-json\/wp\/v2\/product\/5246\/revisions\/7339"}],"wp:featuredmedia":[{"embeddable":true,"href":"https:\/\/www.hnhlcranes.com\/sv\/wp-json\/wp\/v2\/media\/7332"}],"wp:attachment":[{"href":"https:\/\/www.hnhlcranes.com\/sv\/wp-json\/wp\/v2\/media?parent=5246"}],"wp:term":[{"taxonomy":"product_brand","embeddable":true,"href":"https:\/\/www.hnhlcranes.com\/sv\/wp-json\/wp\/v2\/product_brand?post=5246"},{"taxonomy":"product_cat","embeddable":true,"href":"https:\/\/www.hnhlcranes.com\/sv\/wp-json\/wp\/v2\/product_cat?post=5246"},{"taxonomy":"product_tag","embeddable":true,"href":"https:\/\/www.hnhlcranes.com\/sv\/wp-json\/wp\/v2\/product_tag?post=5246"}],"curies":[{"name":"wp","href":"https:\/\/api.w.org\/{rel}","templated":true}]}}