{"id":5472,"date":"2024-11-26T00:45:41","date_gmt":"2024-11-25T16:45:41","guid":{"rendered":"https:\/\/www.hnhlcranes.com\/?post_type=product&#038;p=5472"},"modified":"2025-01-10T15:26:49","modified_gmt":"2025-01-10T07:26:49","slug":"krok-typ-c","status":"publish","type":"product","link":"https:\/\/www.hnhlcranes.com\/sv\/produkt\/krok-typ-c\/","title":{"rendered":"Krok av C-typ"},"content":{"rendered":"<h3><strong>Introduktion till C-typ krok<\/strong><\/h3>\n<p>Den <strong>Krok av C-typ<\/strong> \u00e4r en allm\u00e4nt anv\u00e4nd lyftanordning i kranar och lyftutrustning, uppkallad efter sin \"C\"-form. Den anv\u00e4nds fr\u00e4mst f\u00f6r att b\u00e4ra och lyfta tunga laster och \u00e4r vanligt f\u00f6rekommande vid materialhantering och lyftoperationer inom industriproduktion, lagerlogistik och p\u00e5 byggarbetsplatser. P\u00e5 grund av sin enkla struktur och starka b\u00e4rf\u00f6rm\u00e5ga \u00e4r C-kroken ett vanligt verktyg vid olika lyftuppgifter.<\/p>\n<h3><strong>C-typ krok <\/strong><strong>Viktiga funktioner<\/strong><\/h3>\n<ul>\n<li><strong>Enkel struktur<\/strong>: C-kroken har en enkel design med ett C-format utseende, vilket g\u00f6r den b\u00e5de l\u00e4tt att tillverka och anv\u00e4nda. Den \u00e4r vanligtvis tillverkad av h\u00f6gh\u00e5llfast st\u00e5l eller legerat material, vilket ger utm\u00e4rkt b\u00e4rf\u00f6rm\u00e5ga och h\u00e5llbarhet.<\/li>\n<li><strong>Stark lastb\u00e4rande kapacitet<\/strong>: C-krokens konstruktion g\u00f6r att den kan motst\u00e5 betydande sp\u00e4nningar och vikt, vilket g\u00f6r den l\u00e4mplig f\u00f6r lyft av tunga f\u00f6rem\u00e5l. Genom en v\u00e4l utformad struktur erbjuder C-kroken effektivt och s\u00e4kert st\u00f6d under lyftoperationer.<\/li>\n<li><strong>Stark anpassningsf\u00f6rm\u00e5ga<\/strong>: Kroken av C-typ anv\u00e4nds ofta p\u00e5 kranar, tornkranar, lyfttruckar och annan utrustning som kan hantera material i olika storlekar och former. Den anv\u00e4nds inte bara f\u00f6r att lyfta stora komponenter utan ocks\u00e5 f\u00f6r att flytta industriella material som st\u00e5l, maskiner och byggmaterial.<\/li>\n<li><strong>H\u00f6g s\u00e4kerhet<\/strong>: M\u00e5nga krokar av C-typ \u00e4r utrustade med fallskydd, t.ex. s\u00e4kerhetsl\u00e5s eller specialutformade krokmunstycken. Dessa mekanismer hindrar effektivt f\u00f6rem\u00e5l fr\u00e5n att falla under lyft, vilket s\u00e4kerst\u00e4ller att lyftoperationerna f\u00f6rblir s\u00e4kra.<\/li>\n<\/ul>\n<h3><strong>Arbetsprincip<\/strong><\/h3>\n<p>Arbetsprincipen f\u00f6r en krok av C-typ \u00e4r enkel. Den ansluts typiskt till lyftutrustningens vajer eller kedja. Vid lyft s\u00e4krar vajern lasten genom krokens \u00f6ppning. Kranens lyftkraft anv\u00e4nds sedan f\u00f6r att hissa upp lasten. P\u00e5 grund av krokens konstruktion ger krokmunnen ett starkt st\u00f6d f\u00f6r att h\u00e5lla lasten stadigt och bibeh\u00e5lla stabiliteten under hela lyftprocessen.<\/p>\n<h3><strong>F\u00f6rdelar<\/strong><\/h3>\n<ul>\n<li><strong>Effektivitet och tillf\u00f6rlitlighet<\/strong>: C-krokarnas konstruktion g\u00f6r att den kan lyfta tunga f\u00f6rem\u00e5l snabbt och tillf\u00f6rlitligt, vilket g\u00f6r den l\u00e4mplig f\u00f6r frekventa lyft.<\/li>\n<li><strong>Kostnadseffektivt<\/strong>: P\u00e5 grund av sin enkla struktur och starka material \u00e4r produktionskostnaden f\u00f6r en krok av C-typ relativt l\u00e5g och underh\u00e5llskostnaderna \u00e4r minimala, vilket g\u00f6r den till ett ekonomiskt och praktiskt lyftverktyg.<\/li>\n<li><strong>Enkel anv\u00e4ndning<\/strong>: Kroken av C-typ \u00e4r enkel att anv\u00e4nda, med snabb anslutning och bortkoppling, vilket minskar f\u00f6rberedelsetiden och f\u00f6rb\u00e4ttrar arbetseffektiviteten.<\/li>\n<li><strong>H\u00f6g s\u00e4kerhet<\/strong>: Krokar av C-typ utrustade med s\u00e4kerhetsl\u00e5s och fallskydd minskar effektivt risken f\u00f6r att f\u00f6rem\u00e5l faller ner under lyftprocessen, vilket garanterar s\u00e4kerheten under arbetet.<\/li>\n<\/ul>\n<h3><strong>Slutsats<\/strong><\/h3>\n<p>Sammanfattningsvis \u00e4r C-kroken, med sin enkla men robusta konstruktion, ett viktigt lyftverktyg som ofta anv\u00e4nds f\u00f6r olika lyftuppgifter. Dess struktur g\u00f6r att den kan b\u00e4ra tunga laster, anpassa sig till olika lyftbehov och s\u00e4kerst\u00e4lla h\u00f6g s\u00e4kerhet och enkel anv\u00e4ndning. Oavsett om det \u00e4r p\u00e5 byggarbetsplatser, industrianl\u00e4ggningar, hamnar eller lager spelar C-krokar en avg\u00f6rande roll f\u00f6r att f\u00f6rb\u00e4ttra arbetseffektiviteten och s\u00e4kerst\u00e4lla s\u00e4kerheten under lyftoperationer.<\/p>\n<h6><strong><span style=\"font-family: arial, helvetica, sans-serif; font-size: 18pt;\">M\u00e5tt och parametrar<\/span><\/strong><\/h6>\n<p><img fetchpriority=\"high\" decoding=\"async\" class=\"alignnone wp-image-7171\" src=\"https:\/\/www.hnhlcranes.com\/wp-content\/uploads\/2024\/11\/C-type-hook-7-245x300.jpg\" alt=\"\" width=\"955\" height=\"1169\" srcset=\"https:\/\/www.hnhlcranes.com\/wp-content\/uploads\/2024\/11\/C-type-hook-7-245x300.jpg 245w, https:\/\/www.hnhlcranes.com\/wp-content\/uploads\/2024\/11\/C-type-hook-7-768x939.jpg 768w, https:\/\/www.hnhlcranes.com\/wp-content\/uploads\/2024\/11\/C-type-hook-7-600x734.jpg 600w, https:\/\/www.hnhlcranes.com\/wp-content\/uploads\/2024\/11\/C-type-hook-7.jpg 800w\" sizes=\"(max-width: 955px) 100vw, 955px\" \/><\/p>","protected":false},"excerpt":{"rendered":"<p>Coil C-typ krok,coil krok,traverskran st\u00e5l Coil C-typ krok,kran C-krok,C-typ spridare,C-typ krok,kran C-typ spridare,speciell kranspridare<\/p>","protected":false},"featured_media":7172,"template":"","meta":{"_kad_post_transparent":"default","_kad_post_title":"","_kad_post_layout":"default","_kad_post_sidebar_id":"","_kad_post_content_style":"default","_kad_post_vertical_padding":"show","_kad_post_feature":"","_kad_post_feature_position":"","_kad_post_header":false,"_kad_post_footer":false},"product_brand":[],"product_cat":[59],"product_tag":[508,510,513,497,514,512,515,498,521,376,517,518,496,507,520,516,495,522,494,504,502,505,501,506,499,523,503,519,509,500,493,511],"class_list":{"0":"post-5472","1":"product","2":"type-product","3":"status-publish","4":"has-post-thumbnail","6":"product_cat-crane-spreader","7":"product_tag-20ft-container-spreader","8":"product_tag-40ft-container-lifting-frame","9":"product_tag-billet-clamps","10":"product_tag-billet-crane-clamp","11":"product_tag-billet-crane-clamps-manufacturer","12":"product_tag-billet-lifting-clamp","13":"product_tag-billet-lifting-clamps-china-supplier","14":"product_tag-c-type-hook","15":"product_tag-c-type-spreader","16":"product_tag-china-crane-parts-supplier","17":"product_tag-coil-c-type-hook","18":"product_tag-coil-hook","19":"product_tag-container-spreader","20":"product_tag-container-spreader-manufacturers","21":"product_tag-crane-c-hook","22":"product_tag-crane-c-type-spreader","23":"product_tag-crane-grab","24":"product_tag-crane-magnets","25":"product_tag-crane-spreader","26":"product_tag-electric-motor-grab","27":"product_tag-electro-hydraulic-multi-flap-grab","28":"product_tag-electro-hydraulicclamshell-grab","29":"product_tag-four-rope-grab","30":"product_tag-grab-manufacturers","31":"product_tag-lifting-electromagnet","32":"product_tag-lifting-electromagnet-spreader","33":"product_tag-orange-peel-grab","34":"product_tag-overhead-crane-steel-coil-c-type-hook","35":"product_tag-semi-automatic-container-spreader","36":"product_tag-singlr-rope-grab","37":"product_tag-special-crane-spreader","38":"product_tag-tec-container-spreader","40":"first","41":"instock","42":"featured","43":"shipping-taxable","44":"product-type-simple","45":"entry","46":"content-bg","47":"loop-entry"},"yoast_head":"<!-- This site is optimized with the Yoast SEO plugin v24.5 - https:\/\/yoast.com\/wordpress\/plugins\/seo\/ -->\n<title>C-type hook - Crane C-type spreader-Coil hook-Crane Parts Manufacturer<\/title>\n<meta name=\"description\" content=\"Special Crane Spreader,Coil C-Type Hook,coil hooks,Overhead Crane Steel Coil C-Type Hooks,Crane C-hooks,C-type spreader,C-type hook\" \/>\n<meta name=\"robots\" content=\"index, follow, max-snippet:-1, max-image-preview:large, max-video-preview:-1\" \/>\n<link rel=\"canonical\" href=\"https:\/\/www.hnhlcranes.com\/sv\/produkt\/krok-typ-c\/\" \/>\n<meta property=\"og:locale\" content=\"sv_SE\" \/>\n<meta property=\"og:type\" content=\"article\" \/>\n<meta property=\"og:title\" content=\"C-type hook - Crane C-type spreader-Coil hook-Crane Parts Manufacturer\" \/>\n<meta property=\"og:description\" content=\"Special Crane Spreader,Coil C-Type Hook,coil hooks,Overhead Crane Steel Coil C-Type Hooks,Crane C-hooks,C-type spreader,C-type hook\" \/>\n<meta property=\"og:url\" content=\"https:\/\/www.hnhlcranes.com\/sv\/produkt\/krok-typ-c\/\" \/>\n<meta property=\"og:site_name\" content=\"Crane Parts Manufacturer\" \/>\n<meta property=\"article:modified_time\" content=\"2025-01-10T07:26:49+00:00\" \/>\n<meta property=\"og:image\" content=\"https:\/\/www.hnhlcranes.com\/wp-content\/uploads\/2024\/11\/C-type-hook.jpg\" \/>\n\t<meta property=\"og:image:width\" content=\"600\" \/>\n\t<meta property=\"og:image:height\" content=\"600\" \/>\n\t<meta property=\"og:image:type\" content=\"image\/jpeg\" \/>\n<meta name=\"twitter:card\" content=\"summary_large_image\" \/>\n<meta name=\"twitter:label1\" content=\"Ber\u00e4knad l\u00e4stid\" \/>\n\t<meta name=\"twitter:data1\" content=\"3 minuter\" \/>\n<script type=\"application\/ld+json\" class=\"yoast-schema-graph\">{\"@context\":\"https:\/\/schema.org\",\"@graph\":[{\"@type\":\"WebPage\",\"@id\":\"https:\/\/www.hnhlcranes.com\/product\/c-type-hook\/\",\"url\":\"https:\/\/www.hnhlcranes.com\/product\/c-type-hook\/\",\"name\":\"C-type hook - Crane C-type spreader-Coil hook-Crane Parts Manufacturer\",\"isPartOf\":{\"@id\":\"https:\/\/www.hnhlcranes.com\/#website\"},\"primaryImageOfPage\":{\"@id\":\"https:\/\/www.hnhlcranes.com\/product\/c-type-hook\/#primaryimage\"},\"image\":{\"@id\":\"https:\/\/www.hnhlcranes.com\/product\/c-type-hook\/#primaryimage\"},\"thumbnailUrl\":\"https:\/\/www.hnhlcranes.com\/wp-content\/uploads\/2024\/11\/C-type-hook.jpg\",\"datePublished\":\"2024-11-25T16:45:41+00:00\",\"dateModified\":\"2025-01-10T07:26:49+00:00\",\"description\":\"Special Crane Spreader,Coil C-Type Hook,coil hooks,Overhead Crane Steel Coil C-Type Hooks,Crane C-hooks,C-type spreader,C-type hook\",\"breadcrumb\":{\"@id\":\"https:\/\/www.hnhlcranes.com\/product\/c-type-hook\/#breadcrumb\"},\"inLanguage\":\"sv-SE\",\"potentialAction\":[{\"@type\":\"ReadAction\",\"target\":[\"https:\/\/www.hnhlcranes.com\/product\/c-type-hook\/\"]}]},{\"@type\":\"ImageObject\",\"inLanguage\":\"sv-SE\",\"@id\":\"https:\/\/www.hnhlcranes.com\/product\/c-type-hook\/#primaryimage\",\"url\":\"https:\/\/www.hnhlcranes.com\/wp-content\/uploads\/2024\/11\/C-type-hook.jpg\",\"contentUrl\":\"https:\/\/www.hnhlcranes.com\/wp-content\/uploads\/2024\/11\/C-type-hook.jpg\",\"width\":600,\"height\":600},{\"@type\":\"BreadcrumbList\",\"@id\":\"https:\/\/www.hnhlcranes.com\/product\/c-type-hook\/#breadcrumb\",\"itemListElement\":[{\"@type\":\"ListItem\",\"position\":1,\"name\":\"home\",\"item\":\"https:\/\/www.hnhlcranes.com\/\"},{\"@type\":\"ListItem\",\"position\":2,\"name\":\"products\",\"item\":\"https:\/\/www.hnhlcranes.com\/products\/\"},{\"@type\":\"ListItem\",\"position\":3,\"name\":\"C-type hook\"}]},{\"@type\":\"WebSite\",\"@id\":\"https:\/\/www.hnhlcranes.com\/#website\",\"url\":\"https:\/\/www.hnhlcranes.com\/\",\"name\":\"Crane Parts Manufacturer\",\"description\":\"Crane Wheels,Crane Drums,Crane Hooks,Crane Coupling,Crane End Carriage,Electric Hoist,European Crane Parts,Crane Rail Clip,Crane Spreader,Crane Motor,Crane Reducer,Crane Brake,Light Crane Parts,Workstation Crane Parts,Crane Electrical Parts,China Crane Parts Supplier,China Crane Parts Manufacturer,Angle box type crane wheel,45 degree split crane wheel,European crane wheel,Crane Wheel Blocks,Overhead crane drum,European crane drum,Overhead crane hook,European crane hook,Crane pulley block,Gear coupling,Brake wheel coupling,Drum gear coupling,Brake wheel drum gear coupling,Cardan Shaft Coupling,WZL drum coupling,Plum blossom elastic coupling,Brake wheel plum elastic coupling,European Single girder crane end carriage,European Double girder crane end carriage,European Suspension  crane end carriage,Wire Rope Electric Hoist,Electric Chain Hoist,European Single Girder Wire Rope Electric Hoist,European Double Girder Wire Rope Electric Hoist,Crane grab,Container spreader,Billet crane clamps,C-type hook,Lifting Electromagnet,YZR crane motor,YZP crane motor,ZQ Reducer,ZSC Reducer,QJ Reducer,QJ-L Reducer,QJY Reducer,H series gearbox,F Series Gear Motor,K Series Gear Motor,R Series Gear Motor,travelling machinery gear motor,Electro hydraulic drum brake,Electro hydraulic disc brake,Crane Safety brake,Crane cable trolley,Crane remote controller,Crane pendant controller,Crane electrical control cabinet,Crane limit switch,Crane sound and light alarm,Heavy Duty Aviation Connector,Crane overload limiter\",\"publisher\":{\"@id\":\"https:\/\/www.hnhlcranes.com\/#organization\"},\"potentialAction\":[{\"@type\":\"SearchAction\",\"target\":{\"@type\":\"EntryPoint\",\"urlTemplate\":\"https:\/\/www.hnhlcranes.com\/?s={search_term_string}\"},\"query-input\":{\"@type\":\"PropertyValueSpecification\",\"valueRequired\":true,\"valueName\":\"search_term_string\"}}],\"inLanguage\":\"sv-SE\"},{\"@type\":\"Organization\",\"@id\":\"https:\/\/www.hnhlcranes.com\/#organization\",\"name\":\"Crane Parts Manufacturer\",\"url\":\"https:\/\/www.hnhlcranes.com\/\",\"logo\":{\"@type\":\"ImageObject\",\"inLanguage\":\"sv-SE\",\"@id\":\"https:\/\/www.hnhlcranes.com\/#\/schema\/logo\/image\/\",\"url\":\"https:\/\/www.hnhlcranes.com\/wp-content\/uploads\/2025\/01\/HL-logo-1.png\",\"contentUrl\":\"https:\/\/www.hnhlcranes.com\/wp-content\/uploads\/2025\/01\/HL-logo-1.png\",\"width\":600,\"height\":169,\"caption\":\"Crane Parts Manufacturer\"},\"image\":{\"@id\":\"https:\/\/www.hnhlcranes.com\/#\/schema\/logo\/image\/\"}}]}<\/script>\n<!-- \/ Yoast SEO plugin. -->","yoast_head_json":{"title":"C-type hook - Crane C-type spreader-Coil hook-Crane Parts Manufacturer","description":"Special Crane Spreader,Coil C-Type Hook,coil hooks,Overhead Crane Steel Coil C-Type Hooks,Crane C-hooks,C-type spreader,C-type hook","robots":{"index":"index","follow":"follow","max-snippet":"max-snippet:-1","max-image-preview":"max-image-preview:large","max-video-preview":"max-video-preview:-1"},"canonical":"https:\/\/www.hnhlcranes.com\/sv\/produkt\/krok-typ-c\/","og_locale":"sv_SE","og_type":"article","og_title":"C-type hook - Crane C-type spreader-Coil hook-Crane Parts Manufacturer","og_description":"Special Crane Spreader,Coil C-Type Hook,coil hooks,Overhead Crane Steel Coil C-Type Hooks,Crane C-hooks,C-type spreader,C-type hook","og_url":"https:\/\/www.hnhlcranes.com\/sv\/produkt\/krok-typ-c\/","og_site_name":"Crane Parts Manufacturer","article_modified_time":"2025-01-10T07:26:49+00:00","og_image":[{"width":600,"height":600,"url":"https:\/\/www.hnhlcranes.com\/wp-content\/uploads\/2024\/11\/C-type-hook.jpg","type":"image\/jpeg"}],"twitter_card":"summary_large_image","twitter_misc":{"Ber\u00e4knad l\u00e4stid":"3 minuter"},"schema":{"@context":"https:\/\/schema.org","@graph":[{"@type":"WebPage","@id":"https:\/\/www.hnhlcranes.com\/product\/c-type-hook\/","url":"https:\/\/www.hnhlcranes.com\/product\/c-type-hook\/","name":"C-type hook - Crane C-type spreader-Coil hook-Crane Parts Manufacturer","isPartOf":{"@id":"https:\/\/www.hnhlcranes.com\/#website"},"primaryImageOfPage":{"@id":"https:\/\/www.hnhlcranes.com\/product\/c-type-hook\/#primaryimage"},"image":{"@id":"https:\/\/www.hnhlcranes.com\/product\/c-type-hook\/#primaryimage"},"thumbnailUrl":"https:\/\/www.hnhlcranes.com\/wp-content\/uploads\/2024\/11\/C-type-hook.jpg","datePublished":"2024-11-25T16:45:41+00:00","dateModified":"2025-01-10T07:26:49+00:00","description":"Special Crane Spreader,Coil C-Type Hook,coil hooks,Overhead Crane Steel Coil C-Type Hooks,Crane C-hooks,C-type spreader,C-type hook","breadcrumb":{"@id":"https:\/\/www.hnhlcranes.com\/product\/c-type-hook\/#breadcrumb"},"inLanguage":"sv-SE","potentialAction":[{"@type":"ReadAction","target":["https:\/\/www.hnhlcranes.com\/product\/c-type-hook\/"]}]},{"@type":"ImageObject","inLanguage":"sv-SE","@id":"https:\/\/www.hnhlcranes.com\/product\/c-type-hook\/#primaryimage","url":"https:\/\/www.hnhlcranes.com\/wp-content\/uploads\/2024\/11\/C-type-hook.jpg","contentUrl":"https:\/\/www.hnhlcranes.com\/wp-content\/uploads\/2024\/11\/C-type-hook.jpg","width":600,"height":600},{"@type":"BreadcrumbList","@id":"https:\/\/www.hnhlcranes.com\/product\/c-type-hook\/#breadcrumb","itemListElement":[{"@type":"ListItem","position":1,"name":"home","item":"https:\/\/www.hnhlcranes.com\/"},{"@type":"ListItem","position":2,"name":"products","item":"https:\/\/www.hnhlcranes.com\/products\/"},{"@type":"ListItem","position":3,"name":"C-type hook"}]},{"@type":"WebSite","@id":"https:\/\/www.hnhlcranes.com\/#website","url":"https:\/\/www.hnhlcranes.com\/","name":"Crane Parts Manufacturer","description":"Crane Wheels,Crane Drums,Crane Hooks,Crane Coupling,Crane End Carriage,Electric Hoist,European Crane Parts,Crane Rail Clip,Crane Spreader,Crane Motor,Crane Reducer,Crane Brake,Light Crane Parts,Workstation Crane Parts,Crane Electrical Parts,China Crane Parts Supplier,China Crane Parts Manufacturer,Angle box type crane wheel,45 degree split crane wheel,European crane wheel,Crane Wheel Blocks,Overhead crane drum,European crane drum,Overhead crane hook,European crane hook,Crane pulley block,Gear coupling,Brake wheel coupling,Drum gear coupling,Brake wheel drum gear coupling,Cardan Shaft Coupling,WZL drum coupling,Plum blossom elastic coupling,Brake wheel plum elastic coupling,European Single girder crane end carriage,European Double girder crane end carriage,European Suspension  crane end carriage,Wire Rope Electric Hoist,Electric Chain Hoist,European Single Girder Wire Rope Electric Hoist,European Double Girder Wire Rope Electric Hoist,Crane grab,Container spreader,Billet crane clamps,C-type hook,Lifting Electromagnet,YZR crane motor,YZP crane motor,ZQ Reducer,ZSC Reducer,QJ Reducer,QJ-L Reducer,QJY Reducer,H series gearbox,F Series Gear Motor,K Series Gear Motor,R Series Gear Motor,travelling machinery gear motor,Electro hydraulic drum brake,Electro hydraulic disc brake,Crane Safety brake,Crane cable trolley,Crane remote controller,Crane pendant controller,Crane electrical control cabinet,Crane limit switch,Crane sound and light alarm,Heavy Duty Aviation Connector,Crane overload limiter","publisher":{"@id":"https:\/\/www.hnhlcranes.com\/#organization"},"potentialAction":[{"@type":"SearchAction","target":{"@type":"EntryPoint","urlTemplate":"https:\/\/www.hnhlcranes.com\/?s={search_term_string}"},"query-input":{"@type":"PropertyValueSpecification","valueRequired":true,"valueName":"search_term_string"}}],"inLanguage":"sv-SE"},{"@type":"Organization","@id":"https:\/\/www.hnhlcranes.com\/#organization","name":"Crane Parts Manufacturer","url":"https:\/\/www.hnhlcranes.com\/","logo":{"@type":"ImageObject","inLanguage":"sv-SE","@id":"https:\/\/www.hnhlcranes.com\/#\/schema\/logo\/image\/","url":"https:\/\/www.hnhlcranes.com\/wp-content\/uploads\/2025\/01\/HL-logo-1.png","contentUrl":"https:\/\/www.hnhlcranes.com\/wp-content\/uploads\/2025\/01\/HL-logo-1.png","width":600,"height":169,"caption":"Crane Parts Manufacturer"},"image":{"@id":"https:\/\/www.hnhlcranes.com\/#\/schema\/logo\/image\/"}}]}},"_links":{"self":[{"href":"https:\/\/www.hnhlcranes.com\/sv\/wp-json\/wp\/v2\/product\/5472","targetHints":{"allow":["GET"]}}],"collection":[{"href":"https:\/\/www.hnhlcranes.com\/sv\/wp-json\/wp\/v2\/product"}],"about":[{"href":"https:\/\/www.hnhlcranes.com\/sv\/wp-json\/wp\/v2\/types\/product"}],"version-history":[{"count":5,"href":"https:\/\/www.hnhlcranes.com\/sv\/wp-json\/wp\/v2\/product\/5472\/revisions"}],"predecessor-version":[{"id":7176,"href":"https:\/\/www.hnhlcranes.com\/sv\/wp-json\/wp\/v2\/product\/5472\/revisions\/7176"}],"wp:featuredmedia":[{"embeddable":true,"href":"https:\/\/www.hnhlcranes.com\/sv\/wp-json\/wp\/v2\/media\/7172"}],"wp:attachment":[{"href":"https:\/\/www.hnhlcranes.com\/sv\/wp-json\/wp\/v2\/media?parent=5472"}],"wp:term":[{"taxonomy":"product_brand","embeddable":true,"href":"https:\/\/www.hnhlcranes.com\/sv\/wp-json\/wp\/v2\/product_brand?post=5472"},{"taxonomy":"product_cat","embeddable":true,"href":"https:\/\/www.hnhlcranes.com\/sv\/wp-json\/wp\/v2\/product_cat?post=5472"},{"taxonomy":"product_tag","embeddable":true,"href":"https:\/\/www.hnhlcranes.com\/sv\/wp-json\/wp\/v2\/product_tag?post=5472"}],"curies":[{"name":"wp","href":"https:\/\/api.w.org\/{rel}","templated":true}]}}