{"id":5524,"date":"2024-11-29T21:45:30","date_gmt":"2024-11-29T13:45:30","guid":{"rendered":"https:\/\/www.hnhlcranes.com\/?post_type=product&#038;p=5524"},"modified":"2025-01-10T17:37:54","modified_gmt":"2025-01-10T09:37:54","slug":"cgwk-skenklamma","status":"publish","type":"product","link":"https:\/\/www.hnhlcranes.com\/sv\/produkt\/cgwk-skenklamma\/","title":{"rendered":"CGWK skenkl\u00e4mma"},"content":{"rendered":"<h6><img fetchpriority=\"high\" decoding=\"async\" class=\"alignnone wp-image-7096\" src=\"https:\/\/www.hnhlcranes.com\/wp-content\/uploads\/2024\/11\/CGWK-Rail-Clip-1-300x103.jpg\" alt=\"\" width=\"955\" height=\"328\" srcset=\"https:\/\/www.hnhlcranes.com\/wp-content\/uploads\/2024\/11\/CGWK-Rail-Clip-1-300x103.jpg 300w, https:\/\/www.hnhlcranes.com\/wp-content\/uploads\/2024\/11\/CGWK-Rail-Clip-1-768x263.jpg 768w, https:\/\/www.hnhlcranes.com\/wp-content\/uploads\/2024\/11\/CGWK-Rail-Clip-1-600x205.jpg 600w, https:\/\/www.hnhlcranes.com\/wp-content\/uploads\/2024\/11\/CGWK-Rail-Clip-1.jpg 1000w\" sizes=\"(max-width: 955px) 100vw, 955px\" \/><\/h6>\n<h3><strong>Funktioner hos CGWK Rail Clip<\/strong><\/h3>\n<h4><strong>Svetsning av bottenplatta<\/strong><\/h4>\n<p>Den <strong>CGWK basplatta<\/strong> svetsas till den \u00f6vre fl\u00e4nsen p\u00e5 kranbalken av st\u00e5l med antingen k\u00e4lsvetsar p\u00e5 tv\u00e5 sidor eller omslutande svetsar p\u00e5 tre sidor. Detta s\u00e4kerst\u00e4ller att de horisontella sidokrafterna fr\u00e5n kranen \u00f6verf\u00f6rs j\u00e4mnt till kranbalken. I sin tur undviker man de strukturella svagheter som vanligtvis orsakas av omfattande borrning p\u00e5 balkfl\u00e4nsen, vilket f\u00f6rb\u00e4ttrar kransystemets \u00f6vergripande stabilitet.<\/p>\n<h4><strong>Sf\u00e4risk g\u00e5ngj\u00e4rnsanslutning<\/strong><\/h4>\n<p>Basplattan och den \u00f6vre kl\u00e4mplattan \u00e4r f\u00f6rbundna med varandra genom ett sf\u00e4riskt g\u00e5ngj\u00e4rn. Konstruktionen medger en l\u00e4tt lutning under sidokrafter, vilket effektivt minskar horisontalkrafternas inverkan p\u00e5 kranbalken och bromssystemen. P\u00e5 s\u00e5 s\u00e4tt bidrar den till att f\u00f6rl\u00e4nga livsl\u00e4ngden f\u00f6r b\u00e5de kranbalk och bromssystem genom att minska p\u00e5frestningarna p\u00e5 dessa komponenter.<\/p>\n<h4><strong>Positionering N\u00e4rhet<\/strong><\/h4>\n<p>Den <strong>CGWK basplatta<\/strong> \u00e4r strategiskt placerad cirka 1 mm under r\u00e4lsens nedre kant. Denna exakta positionering begr\u00e4nsar effektivt r\u00e4lsens r\u00f6relse i sidled, vilket ger \u00f6kad stabilitet och minskar risken f\u00f6r felaktig inriktning av r\u00e4lsen under drift.<\/p>\n<h4><strong>Specialbultar f\u00f6r stabilitet<\/strong><\/h4>\n<p>F\u00f6r att optimera lastf\u00f6rdelningen p\u00e5 inf\u00e4stningskomponenterna anv\u00e4nds specialbultar. Dessa bultar f\u00f6rb\u00e4ttrar systemets \u00f6vergripande stabilitet och den \u00f6vre kl\u00e4mplattan kan enkelt tas bort. Denna designfunktion f\u00f6renklar installation och underh\u00e5ll avsev\u00e4rt, vilket g\u00f6r systemet mer anv\u00e4ndarv\u00e4nligt och kostnadseffektivt.<\/p>\n<h4><strong>Material och h\u00e5llfasthet<\/strong><\/h4>\n<p>Alla f\u00e4stkomponenter \u00e4r tillverkade av l\u00e5glegerat h\u00f6gh\u00e5llfast st\u00e5l, vilket garanterar h\u00e5llbarhet och styrka. Bultarna i h\u00e5llfasthetsklass M20 Grade 8.8 dras \u00e5t med ett vridmoment p\u00e5 220 Nm, vilket ger en robust och s\u00e4ker fasts\u00e4ttning. Dessutom klarar systemet en maximal sidokraft p\u00e5 65 kN vid varje hjullastpunkt, vilket s\u00e4kerst\u00e4ller dess tillf\u00f6rlitlighet vid kr\u00e4vande kranoperationer.<\/p>\n<h3><strong>Installationsanvisningar f\u00f6r CGWK skenkl\u00e4mma<\/strong><\/h3>\n<h4><strong>J\u00e4rnv\u00e4gsinriktning<\/strong><\/h4>\n<p>Innan installationen p\u00e5b\u00f6rjas \u00e4r det viktigt att rikta in skenan i enlighet med konstruktionsspecifikationerna. Detta steg \u00e4r avg\u00f6rande f\u00f6r att s\u00e4kerst\u00e4lla att skenan \u00e4r korrekt placerad och att hela systemet fungerar som det ska.<\/p>\n<h4><strong>Positionering av basplatta<\/strong><\/h4>\n<p>Placera sedan basplattorna l\u00e4ngs skenriktningen med 500 mm mellanrum. Se dessutom till att det vinkelr\u00e4ta avst\u00e5ndet fr\u00e5n bultens centrum till skenans centrum (v\u00e4rde a) \u00e4r korrekt placerat f\u00f6r att s\u00e4kerst\u00e4lla korrekt inriktning och funktion.<\/p>\n<h4><strong>Svetsning av bottenplatta<\/strong><\/h4>\n<p>N\u00e4r basplattorna har placerats ut ska du svetsa fast basplattan p\u00e5 kranbalken med den angivna svetsmetoden (antingen tv\u00e5- eller tresidig svetsning). Detta steg s\u00e4krar basplattorna till kranbalken och bildar en stabil grund f\u00f6r r\u00e4lskl\u00e4mmorna.<\/p>\n<h4><strong>Montering av komponenter<\/strong><\/h4>\n<p>F\u00f6r att montera <strong>CGWK skenkl\u00e4mma<\/strong>F\u00f6lj dessa steg i den ordning som beskrivs nedan:<\/p>\n<ul>\n<li>Placera bultarna f\u00f6r att s\u00e4kra komponenterna.<\/li>\n<li>Placera den \u00f6vre sp\u00e4nnplattan p\u00e5 basplattan.<\/li>\n<li>Montera plattbrickor, fj\u00e4derbrickor och muttrar p\u00e5 bultarna.<\/li>\n<li>Dra slutligen \u00e5t muttrarna med ett vridmoment p\u00e5 220N-m, s\u00e5 att systemet \u00e4r ordentligt monterat och klart f\u00f6r anv\u00e4ndning.<\/li>\n<\/ul>\n<p>Genom att f\u00f6lja dessa instruktioner kan <strong>CGWK skenkl\u00e4mma<\/strong> Systemet installeras effektivt och ger en tillf\u00f6rlitlig och h\u00e5llbar l\u00f6sning f\u00f6r att s\u00e4kra kranskenor. Den exakta konstruktionen, anv\u00e4ndningen av h\u00f6gh\u00e5llfasta material och den enkla installationen g\u00f6r det till ett perfekt val f\u00f6r kr\u00e4vande industriella applikationer.<\/p>","protected":false},"excerpt":{"rendered":"<h6><span style=\"font-family: arial, helvetica, sans-serif; font-size: 14pt;\"><strong>Specifikationer f\u00f6r CGWK Rail Clip<\/strong><\/span><\/h6>\n<ul>\n<li><strong>Modeller<\/strong>: CGWK38, CGWK43, CGWK50, CGWK60, CGWK70, CGWK80, CGWK100, CGWK120<\/li>\n<li><strong>Fasts\u00e4ttningsmetod<\/strong>: Svetsad bottenplatta<\/li>\n<\/ul>","protected":false},"featured_media":7094,"template":"","meta":{"_kad_post_transparent":"default","_kad_post_title":"","_kad_post_layout":"default","_kad_post_sidebar_id":"","_kad_post_content_style":"default","_kad_post_vertical_padding":"show","_kad_post_feature":"","_kad_post_feature_position":"","_kad_post_header":false,"_kad_post_footer":false},"product_brand":[],"product_cat":[83],"product_tag":[483,482,481,480,376,489,486,490,488,484,492,487,485,493,478,491,477,479],"class_list":{"0":"post-5524","1":"product","2":"type-product","3":"status-publish","4":"has-post-thumbnail","6":"product_cat-crane-rail-clip","7":"product_tag-05g525-rail-clip","8":"product_tag-cgbk-rail-clip","9":"product_tag-cgek-rail-clip","10":"product_tag-cgwk-rail-clip","11":"product_tag-china-crane-parts-supplier","12":"product_tag-crane-rail-clamp","13":"product_tag-crane-rail-clip","14":"product_tag-crane-rail-clip-supplier","15":"product_tag-crane-rail-fixing-device","16":"product_tag-hdgy-rail-clip","17":"product_tag-rail-connection-splint","18":"product_tag-rail-fixing-device","19":"product_tag-rail-joint","20":"product_tag-special-crane-spreader","21":"product_tag-swjk-rail-clip","22":"product_tag-tracks-jointing-plates","23":"product_tag-wjk-rail-clip","24":"product_tag-wjkc-rail-clip","26":"first","27":"instock","28":"shipping-taxable","29":"product-type-simple","30":"entry","31":"content-bg","32":"loop-entry"},"yoast_head":"<!-- This site is optimized with the Yoast SEO plugin v24.5 - https:\/\/yoast.com\/wordpress\/plugins\/seo\/ -->\n<title>CGWK Rail Clip - Rail fixing device- Rail Clamp-Crane Parts Manufacturer<\/title>\n<meta name=\"description\" content=\"Rail Clips,CGWK Rail Clip,Crane Rail Clips,Rail fixing device,Crane Rail fixing device,crane Rail Clamp,WJK Rail Clips,Overhead Crane Rail Clip\" \/>\n<meta name=\"robots\" content=\"index, follow, max-snippet:-1, max-image-preview:large, max-video-preview:-1\" \/>\n<link rel=\"canonical\" href=\"https:\/\/www.hnhlcranes.com\/sv\/produkt\/cgwk-skenklamma\/\" \/>\n<meta property=\"og:locale\" content=\"sv_SE\" \/>\n<meta property=\"og:type\" content=\"article\" \/>\n<meta property=\"og:title\" content=\"CGWK Rail Clip - Rail fixing device- Rail Clamp-Crane Parts Manufacturer\" \/>\n<meta property=\"og:description\" content=\"Rail Clips,CGWK Rail Clip,Crane Rail Clips,Rail fixing device,Crane Rail fixing device,crane Rail Clamp,WJK Rail Clips,Overhead Crane Rail Clip\" \/>\n<meta property=\"og:url\" content=\"https:\/\/www.hnhlcranes.com\/sv\/produkt\/cgwk-skenklamma\/\" \/>\n<meta property=\"og:site_name\" content=\"Crane Parts Manufacturer\" \/>\n<meta property=\"article:modified_time\" content=\"2025-01-10T09:37:54+00:00\" \/>\n<meta property=\"og:image\" content=\"https:\/\/www.hnhlcranes.com\/wp-content\/uploads\/2024\/11\/CGWK-Rail-Clip.jpg\" \/>\n\t<meta property=\"og:image:width\" content=\"600\" \/>\n\t<meta property=\"og:image:height\" content=\"600\" \/>\n\t<meta property=\"og:image:type\" content=\"image\/jpeg\" \/>\n<meta name=\"twitter:card\" content=\"summary_large_image\" \/>\n<meta name=\"twitter:label1\" content=\"Ber\u00e4knad l\u00e4stid\" \/>\n\t<meta name=\"twitter:data1\" content=\"3 minuter\" \/>\n<script type=\"application\/ld+json\" class=\"yoast-schema-graph\">{\"@context\":\"https:\/\/schema.org\",\"@graph\":[{\"@type\":\"WebPage\",\"@id\":\"https:\/\/www.hnhlcranes.com\/product\/cgwk-rail-clip\/\",\"url\":\"https:\/\/www.hnhlcranes.com\/product\/cgwk-rail-clip\/\",\"name\":\"CGWK Rail Clip - Rail fixing device- Rail Clamp-Crane Parts Manufacturer\",\"isPartOf\":{\"@id\":\"https:\/\/www.hnhlcranes.com\/#website\"},\"primaryImageOfPage\":{\"@id\":\"https:\/\/www.hnhlcranes.com\/product\/cgwk-rail-clip\/#primaryimage\"},\"image\":{\"@id\":\"https:\/\/www.hnhlcranes.com\/product\/cgwk-rail-clip\/#primaryimage\"},\"thumbnailUrl\":\"https:\/\/www.hnhlcranes.com\/wp-content\/uploads\/2024\/11\/CGWK-Rail-Clip.jpg\",\"datePublished\":\"2024-11-29T13:45:30+00:00\",\"dateModified\":\"2025-01-10T09:37:54+00:00\",\"description\":\"Rail Clips,CGWK Rail Clip,Crane Rail Clips,Rail fixing device,Crane Rail fixing device,crane Rail Clamp,WJK Rail Clips,Overhead Crane Rail Clip\",\"breadcrumb\":{\"@id\":\"https:\/\/www.hnhlcranes.com\/product\/cgwk-rail-clip\/#breadcrumb\"},\"inLanguage\":\"sv-SE\",\"potentialAction\":[{\"@type\":\"ReadAction\",\"target\":[\"https:\/\/www.hnhlcranes.com\/product\/cgwk-rail-clip\/\"]}]},{\"@type\":\"ImageObject\",\"inLanguage\":\"sv-SE\",\"@id\":\"https:\/\/www.hnhlcranes.com\/product\/cgwk-rail-clip\/#primaryimage\",\"url\":\"https:\/\/www.hnhlcranes.com\/wp-content\/uploads\/2024\/11\/CGWK-Rail-Clip.jpg\",\"contentUrl\":\"https:\/\/www.hnhlcranes.com\/wp-content\/uploads\/2024\/11\/CGWK-Rail-Clip.jpg\",\"width\":600,\"height\":600},{\"@type\":\"BreadcrumbList\",\"@id\":\"https:\/\/www.hnhlcranes.com\/product\/cgwk-rail-clip\/#breadcrumb\",\"itemListElement\":[{\"@type\":\"ListItem\",\"position\":1,\"name\":\"home\",\"item\":\"https:\/\/www.hnhlcranes.com\/\"},{\"@type\":\"ListItem\",\"position\":2,\"name\":\"products\",\"item\":\"https:\/\/www.hnhlcranes.com\/products\/\"},{\"@type\":\"ListItem\",\"position\":3,\"name\":\"CGWK Rail Clip\"}]},{\"@type\":\"WebSite\",\"@id\":\"https:\/\/www.hnhlcranes.com\/#website\",\"url\":\"https:\/\/www.hnhlcranes.com\/\",\"name\":\"Crane Parts Manufacturer\",\"description\":\"Crane Wheels,Crane Drums,Crane Hooks,Crane Coupling,Crane End Carriage,Electric Hoist,European Crane Parts,Crane Rail Clip,Crane Spreader,Crane Motor,Crane Reducer,Crane Brake,Light Crane Parts,Workstation Crane Parts,Crane Electrical Parts,China Crane Parts Supplier,China Crane Parts Manufacturer,Angle box type crane wheel,45 degree split crane wheel,European crane wheel,Crane Wheel Blocks,Overhead crane drum,European crane drum,Overhead crane hook,European crane hook,Crane pulley block,Gear coupling,Brake wheel coupling,Drum gear coupling,Brake wheel drum gear coupling,Cardan Shaft Coupling,WZL drum coupling,Plum blossom elastic coupling,Brake wheel plum elastic coupling,European Single girder crane end carriage,European Double girder crane end carriage,European Suspension  crane end carriage,Wire Rope Electric Hoist,Electric Chain Hoist,European Single Girder Wire Rope Electric Hoist,European Double Girder Wire Rope Electric Hoist,Crane grab,Container spreader,Billet crane clamps,C-type hook,Lifting Electromagnet,YZR crane motor,YZP crane motor,ZQ Reducer,ZSC Reducer,QJ Reducer,QJ-L Reducer,QJY Reducer,H series gearbox,F Series Gear Motor,K Series Gear Motor,R Series Gear Motor,travelling machinery gear motor,Electro hydraulic drum brake,Electro hydraulic disc brake,Crane Safety brake,Crane cable trolley,Crane remote controller,Crane pendant controller,Crane electrical control cabinet,Crane limit switch,Crane sound and light alarm,Heavy Duty Aviation Connector,Crane overload limiter\",\"publisher\":{\"@id\":\"https:\/\/www.hnhlcranes.com\/#organization\"},\"potentialAction\":[{\"@type\":\"SearchAction\",\"target\":{\"@type\":\"EntryPoint\",\"urlTemplate\":\"https:\/\/www.hnhlcranes.com\/?s={search_term_string}\"},\"query-input\":{\"@type\":\"PropertyValueSpecification\",\"valueRequired\":true,\"valueName\":\"search_term_string\"}}],\"inLanguage\":\"sv-SE\"},{\"@type\":\"Organization\",\"@id\":\"https:\/\/www.hnhlcranes.com\/#organization\",\"name\":\"Crane Parts Manufacturer\",\"url\":\"https:\/\/www.hnhlcranes.com\/\",\"logo\":{\"@type\":\"ImageObject\",\"inLanguage\":\"sv-SE\",\"@id\":\"https:\/\/www.hnhlcranes.com\/#\/schema\/logo\/image\/\",\"url\":\"https:\/\/www.hnhlcranes.com\/wp-content\/uploads\/2025\/01\/HL-logo-1.png\",\"contentUrl\":\"https:\/\/www.hnhlcranes.com\/wp-content\/uploads\/2025\/01\/HL-logo-1.png\",\"width\":600,\"height\":169,\"caption\":\"Crane Parts Manufacturer\"},\"image\":{\"@id\":\"https:\/\/www.hnhlcranes.com\/#\/schema\/logo\/image\/\"}}]}<\/script>\n<!-- \/ Yoast SEO plugin. -->","yoast_head_json":{"title":"CGWK Rail Clip - Rail fixing device- Rail Clamp-Crane Parts Manufacturer","description":"Rail Clips,CGWK Rail Clip,Crane Rail Clips,Rail fixing device,Crane Rail fixing device,crane Rail Clamp,WJK Rail Clips,Overhead Crane Rail Clip","robots":{"index":"index","follow":"follow","max-snippet":"max-snippet:-1","max-image-preview":"max-image-preview:large","max-video-preview":"max-video-preview:-1"},"canonical":"https:\/\/www.hnhlcranes.com\/sv\/produkt\/cgwk-skenklamma\/","og_locale":"sv_SE","og_type":"article","og_title":"CGWK Rail Clip - Rail fixing device- Rail Clamp-Crane Parts Manufacturer","og_description":"Rail Clips,CGWK Rail Clip,Crane Rail Clips,Rail fixing device,Crane Rail fixing device,crane Rail Clamp,WJK Rail Clips,Overhead Crane Rail Clip","og_url":"https:\/\/www.hnhlcranes.com\/sv\/produkt\/cgwk-skenklamma\/","og_site_name":"Crane Parts Manufacturer","article_modified_time":"2025-01-10T09:37:54+00:00","og_image":[{"width":600,"height":600,"url":"https:\/\/www.hnhlcranes.com\/wp-content\/uploads\/2024\/11\/CGWK-Rail-Clip.jpg","type":"image\/jpeg"}],"twitter_card":"summary_large_image","twitter_misc":{"Ber\u00e4knad l\u00e4stid":"3 minuter"},"schema":{"@context":"https:\/\/schema.org","@graph":[{"@type":"WebPage","@id":"https:\/\/www.hnhlcranes.com\/product\/cgwk-rail-clip\/","url":"https:\/\/www.hnhlcranes.com\/product\/cgwk-rail-clip\/","name":"CGWK Rail Clip - Rail fixing device- Rail Clamp-Crane Parts Manufacturer","isPartOf":{"@id":"https:\/\/www.hnhlcranes.com\/#website"},"primaryImageOfPage":{"@id":"https:\/\/www.hnhlcranes.com\/product\/cgwk-rail-clip\/#primaryimage"},"image":{"@id":"https:\/\/www.hnhlcranes.com\/product\/cgwk-rail-clip\/#primaryimage"},"thumbnailUrl":"https:\/\/www.hnhlcranes.com\/wp-content\/uploads\/2024\/11\/CGWK-Rail-Clip.jpg","datePublished":"2024-11-29T13:45:30+00:00","dateModified":"2025-01-10T09:37:54+00:00","description":"Rail Clips,CGWK Rail Clip,Crane Rail Clips,Rail fixing device,Crane Rail fixing device,crane Rail Clamp,WJK Rail Clips,Overhead Crane Rail Clip","breadcrumb":{"@id":"https:\/\/www.hnhlcranes.com\/product\/cgwk-rail-clip\/#breadcrumb"},"inLanguage":"sv-SE","potentialAction":[{"@type":"ReadAction","target":["https:\/\/www.hnhlcranes.com\/product\/cgwk-rail-clip\/"]}]},{"@type":"ImageObject","inLanguage":"sv-SE","@id":"https:\/\/www.hnhlcranes.com\/product\/cgwk-rail-clip\/#primaryimage","url":"https:\/\/www.hnhlcranes.com\/wp-content\/uploads\/2024\/11\/CGWK-Rail-Clip.jpg","contentUrl":"https:\/\/www.hnhlcranes.com\/wp-content\/uploads\/2024\/11\/CGWK-Rail-Clip.jpg","width":600,"height":600},{"@type":"BreadcrumbList","@id":"https:\/\/www.hnhlcranes.com\/product\/cgwk-rail-clip\/#breadcrumb","itemListElement":[{"@type":"ListItem","position":1,"name":"home","item":"https:\/\/www.hnhlcranes.com\/"},{"@type":"ListItem","position":2,"name":"products","item":"https:\/\/www.hnhlcranes.com\/products\/"},{"@type":"ListItem","position":3,"name":"CGWK Rail Clip"}]},{"@type":"WebSite","@id":"https:\/\/www.hnhlcranes.com\/#website","url":"https:\/\/www.hnhlcranes.com\/","name":"Crane Parts Manufacturer","description":"Crane Wheels,Crane Drums,Crane Hooks,Crane Coupling,Crane End Carriage,Electric Hoist,European Crane Parts,Crane Rail Clip,Crane Spreader,Crane Motor,Crane Reducer,Crane Brake,Light Crane Parts,Workstation Crane Parts,Crane Electrical Parts,China Crane Parts Supplier,China Crane Parts Manufacturer,Angle box type crane wheel,45 degree split crane wheel,European crane wheel,Crane Wheel Blocks,Overhead crane drum,European crane drum,Overhead crane hook,European crane hook,Crane pulley block,Gear coupling,Brake wheel coupling,Drum gear coupling,Brake wheel drum gear coupling,Cardan Shaft Coupling,WZL drum coupling,Plum blossom elastic coupling,Brake wheel plum elastic coupling,European Single girder crane end carriage,European Double girder crane end carriage,European Suspension  crane end carriage,Wire Rope Electric Hoist,Electric Chain Hoist,European Single Girder Wire Rope Electric Hoist,European Double Girder Wire Rope Electric Hoist,Crane grab,Container spreader,Billet crane clamps,C-type hook,Lifting Electromagnet,YZR crane motor,YZP crane motor,ZQ Reducer,ZSC Reducer,QJ Reducer,QJ-L Reducer,QJY Reducer,H series gearbox,F Series Gear Motor,K Series Gear Motor,R Series Gear Motor,travelling machinery gear motor,Electro hydraulic drum brake,Electro hydraulic disc brake,Crane Safety brake,Crane cable trolley,Crane remote controller,Crane pendant controller,Crane electrical control cabinet,Crane limit switch,Crane sound and light alarm,Heavy Duty Aviation Connector,Crane overload limiter","publisher":{"@id":"https:\/\/www.hnhlcranes.com\/#organization"},"potentialAction":[{"@type":"SearchAction","target":{"@type":"EntryPoint","urlTemplate":"https:\/\/www.hnhlcranes.com\/?s={search_term_string}"},"query-input":{"@type":"PropertyValueSpecification","valueRequired":true,"valueName":"search_term_string"}}],"inLanguage":"sv-SE"},{"@type":"Organization","@id":"https:\/\/www.hnhlcranes.com\/#organization","name":"Crane Parts Manufacturer","url":"https:\/\/www.hnhlcranes.com\/","logo":{"@type":"ImageObject","inLanguage":"sv-SE","@id":"https:\/\/www.hnhlcranes.com\/#\/schema\/logo\/image\/","url":"https:\/\/www.hnhlcranes.com\/wp-content\/uploads\/2025\/01\/HL-logo-1.png","contentUrl":"https:\/\/www.hnhlcranes.com\/wp-content\/uploads\/2025\/01\/HL-logo-1.png","width":600,"height":169,"caption":"Crane Parts Manufacturer"},"image":{"@id":"https:\/\/www.hnhlcranes.com\/#\/schema\/logo\/image\/"}}]}},"_links":{"self":[{"href":"https:\/\/www.hnhlcranes.com\/sv\/wp-json\/wp\/v2\/product\/5524","targetHints":{"allow":["GET"]}}],"collection":[{"href":"https:\/\/www.hnhlcranes.com\/sv\/wp-json\/wp\/v2\/product"}],"about":[{"href":"https:\/\/www.hnhlcranes.com\/sv\/wp-json\/wp\/v2\/types\/product"}],"version-history":[{"count":5,"href":"https:\/\/www.hnhlcranes.com\/sv\/wp-json\/wp\/v2\/product\/5524\/revisions"}],"predecessor-version":[{"id":7194,"href":"https:\/\/www.hnhlcranes.com\/sv\/wp-json\/wp\/v2\/product\/5524\/revisions\/7194"}],"wp:featuredmedia":[{"embeddable":true,"href":"https:\/\/www.hnhlcranes.com\/sv\/wp-json\/wp\/v2\/media\/7094"}],"wp:attachment":[{"href":"https:\/\/www.hnhlcranes.com\/sv\/wp-json\/wp\/v2\/media?parent=5524"}],"wp:term":[{"taxonomy":"product_brand","embeddable":true,"href":"https:\/\/www.hnhlcranes.com\/sv\/wp-json\/wp\/v2\/product_brand?post=5524"},{"taxonomy":"product_cat","embeddable":true,"href":"https:\/\/www.hnhlcranes.com\/sv\/wp-json\/wp\/v2\/product_cat?post=5524"},{"taxonomy":"product_tag","embeddable":true,"href":"https:\/\/www.hnhlcranes.com\/sv\/wp-json\/wp\/v2\/product_tag?post=5524"}],"curies":[{"name":"wp","href":"https:\/\/api.w.org\/{rel}","templated":true}]}}