{"id":5590,"date":"2024-12-02T21:15:24","date_gmt":"2024-12-02T13:15:24","guid":{"rendered":"https:\/\/www.hnhlcranes.com\/?post_type=product&#038;p=5590"},"modified":"2025-01-17T02:27:00","modified_gmt":"2025-01-16T18:27:00","slug":"europeisk-elektrisk-linhiss-med-enkel-balk","status":"publish","type":"product","link":"https:\/\/www.hnhlcranes.com\/sv\/produkt\/europeisk-elektrisk-linhiss-med-enkel-balk\/","title":{"rendered":"Europeisk elektrisk lyftanordning med enkel balk och vajer"},"content":{"rendered":"<div class=\"flex max-w-full flex-col flex-grow\">\n<div class=\"min-h-8 text-message flex w-full flex-col items-end gap-2 whitespace-normal break-words [.text-message+&amp;]:mt-5\" dir=\"auto\" data-message-author-role=\"assistant\" data-message-id=\"ea78a6a9-c395-4bcc-8ce3-affe95563cd7\" data-message-model-slug=\"gpt-4o\">\n<div class=\"flex w-full flex-col gap-1 empty:hidden first:pt-[3px]\">\n<div class=\"markdown prose w-full break-words dark:prose-invert light\">\n<div class=\"flex-shrink-0 flex flex-col relative items-end\">\n<div class=\"pt-0\">\n<div class=\"gizmo-bot-avatar flex h-8 w-8 items-center justify-center overflow-hidden rounded-full\">\n<p>Den <strong>Europeisk elektrisk lyftanordning med enkel balk och vajer<\/strong> \u00e4r en avancerad lyftanordning som utnyttjar en enkelbalkskonstruktion och vajer som prim\u00e4rt lyftmedium. Den anv\u00e4nds ofta i industriella milj\u00f6er som kr\u00e4ver effektiva och s\u00e4kra lyft. Denna typ av elektrisk lyftanordning anv\u00e4nds ofta i fabriker, lager, logistikcenter och andra platser, s\u00e4rskilt i milj\u00f6er som kr\u00e4ver h\u00f6ga lyfth\u00f6jder och hantering av tunga laster.<\/p>\n<h3>Huvudfunktioner:<\/h3>\n<ol>\n<li><strong>Konstruktion med en enda balk<\/strong>: J\u00e4mf\u00f6rt med traditionella dubbelbalkskonstruktioner \u00e4r enkelbalkskonstruktionen mer kompakt och enkel, vilket ger kraftfulla lyftm\u00f6jligheter samtidigt som den tar mindre plats.<\/li>\n<li><strong>Wire Rope Drive<\/strong>: Den h\u00e4r telfern anv\u00e4nder vajer som lyftmedium, vilket g\u00f6r den mer l\u00e4mpad f\u00f6r att lyfta st\u00f6rre laster och arbeta i milj\u00f6er med l\u00e4ngre avst\u00e5nd \u00e4n k\u00e4ttingtelfrar.<\/li>\n<li><strong>H\u00f6g lastkapacitet<\/strong>: Europeiska elektriska linbanetelfrar med enkel balk har vanligtvis h\u00f6g lyftkapacitet, fr\u00e5n hundratals kilo till flera ton, vilket g\u00f6r att de kan hantera tunga laster.<\/li>\n<li><strong>Effektiv elmotor<\/strong>: Utrustade med en h\u00f6geffektiv motor kan dessa lyftanordningar arbeta kontinuerligt under l\u00e4ngre perioder, vilket f\u00f6rb\u00e4ttrar arbetsproduktiviteten.<\/li>\n<li><strong>Kompakt design<\/strong>: Lyftanordningens kompakta design sparar utrymme, vilket g\u00f6r den idealisk f\u00f6r anv\u00e4ndning i milj\u00f6er med begr\u00e4nsat arbetsutrymme.<\/li>\n<li><strong>Smidig lyftning och s\u00e4nkning<\/strong>: Lyftanordningen ger smidig drift under b\u00e5de lyft och s\u00e4nkning, vilket minskar p\u00e5verkan p\u00e5 lasten och utrustningen och f\u00f6rl\u00e4nger lyftanordningens livsl\u00e4ngd.<\/li>\n<li><strong>S\u00e4kerhetsfunktioner<\/strong>: Vanligtvis \u00e4r de utrustade med \u00f6verbelastningsskydd, gr\u00e4nsl\u00e4gesbrytare och bromssystem f\u00f6r att garantera s\u00e4kerheten under drift.<\/li>\n<\/ol>\n<h3>Strukturella komponenter:<\/h3>\n<ol>\n<li><strong>Elektrisk motor<\/strong>: Tillhandah\u00e5ller kraften f\u00f6r att driva lyftanordningens lyftmekanism, vilket s\u00e4kerst\u00e4ller stabil och effektiv drift.<\/li>\n<li><strong>Reducerare<\/strong>: Reduceraren omvandlar motorns h\u00f6ghastighetsrotation till en l\u00e4gre hastighetsrotation som \u00e4r l\u00e4mplig f\u00f6r lyft och \u00f6kar d\u00e4rmed vridmomentet.<\/li>\n<li><strong>Vajer<\/strong>: Som lyftmedium har st\u00e5llinan h\u00f6g dragh\u00e5llfasthet och b\u00e4rf\u00f6rm\u00e5ga, vilket g\u00f6r den l\u00e4mplig f\u00f6r lyft av tunga f\u00f6rem\u00e5l.<\/li>\n<li><strong>Styrsystem<\/strong>: Operat\u00f6rerna styr lyftanordningen via en kontrollbox eller tr\u00e5dl\u00f6s fj\u00e4rrkontroll, vilket g\u00f6r lyftprocessen bekv\u00e4m och enkel.<\/li>\n<li><strong>S\u00e4kerhetsanordningar<\/strong>: Funktioner som \u00f6verbelastningsskydd, gr\u00e4nsl\u00e4gesbrytare och bromssystem s\u00e4kerst\u00e4ller att lyftanordningen fungerar s\u00e4kert och tillf\u00f6rlitligt.<\/li>\n<\/ol>\n<h3>F\u00f6rdelar:<\/h3>\n<ul>\n<li><strong>F\u00f6rb\u00e4ttrad arbetseffektivitet<\/strong>: Den h\u00f6geffektiva motorn och den smidiga driften f\u00f6rb\u00e4ttrar arbetseffektiviteten avsev\u00e4rt genom att m\u00f6jligg\u00f6ra snabbare och s\u00e4krare lyft.<\/li>\n<li><strong>S\u00e4kerhet och tillf\u00f6rlitlighet<\/strong>: Flera s\u00e4kerhetsfunktioner s\u00e4kerst\u00e4ller att lyften f\u00f6rblir stabil och s\u00e4ker \u00e4ven under tunga arbetsuppgifter, vilket f\u00f6rhindrar potentiella risker.<\/li>\n<li><strong>M\u00e5ngsidighet<\/strong>: Lyftblocket \u00e4r l\u00e4mpligt f\u00f6r ett brett spektrum av lyftuppgifter med h\u00f6g belastning och h\u00f6g frekvens, s\u00e4rskilt i tr\u00e5nga utrymmen d\u00e4r andra system kanske inte passar.<\/li>\n<li><strong>H\u00e5llbarhet<\/strong>: Vajern och den h\u00f6gkvalitativa motorn ger hissen en l\u00e4ngre livsl\u00e4ngd, vilket minskar underh\u00e5llskostnaderna och stillest\u00e5ndstiden.<\/li>\n<\/ul>\n<h3>Slutsats:<\/h3>\n<p>Den <strong>Europeisk elektrisk lyftanordning med enkel balk och vajer<\/strong> \u00e4r en effektiv, s\u00e4ker och h\u00e5llbar lyftanordning som tack vare sin kompakta design och kraftfulla b\u00e4rf\u00f6rm\u00e5ga anv\u00e4nds i stor utstr\u00e4ckning inom olika industri- och byggomr\u00e5den. Den erbjuder smidiga lyftoperationer och fungerar utm\u00e4rkt i en rad olika milj\u00f6er. Denna lyftanordning har blivit en oumb\u00e4rlig del av utrustningen i moderna fabriker och byggprojekt.<\/p>\n<div class=\"relative p-1 rounded-sm flex items-center justify-center bg-token-main-surface-primary text-token-text-primary h-8 w-8\">\n<p><img fetchpriority=\"high\" decoding=\"async\" class=\"alignnone wp-image-7046\" src=\"https:\/\/www.hnhlcranes.com\/wp-content\/uploads\/2024\/12\/European-Single-Girder-Wire-Rope-Electric-Hoist-K2-246x300.jpg\" alt=\"\" width=\"952\" height=\"1161\" srcset=\"https:\/\/www.hnhlcranes.com\/wp-content\/uploads\/2024\/12\/European-Single-Girder-Wire-Rope-Electric-Hoist-K2-246x300.jpg 246w, https:\/\/www.hnhlcranes.com\/wp-content\/uploads\/2024\/12\/European-Single-Girder-Wire-Rope-Electric-Hoist-K2-839x1024.jpg 839w, https:\/\/www.hnhlcranes.com\/wp-content\/uploads\/2024\/12\/European-Single-Girder-Wire-Rope-Electric-Hoist-K2-768x938.jpg 768w, https:\/\/www.hnhlcranes.com\/wp-content\/uploads\/2024\/12\/European-Single-Girder-Wire-Rope-Electric-Hoist-K2-600x733.jpg 600w, https:\/\/www.hnhlcranes.com\/wp-content\/uploads\/2024\/12\/European-Single-Girder-Wire-Rope-Electric-Hoist-K2.jpg 1000w\" sizes=\"(max-width: 952px) 100vw, 952px\" \/> <img decoding=\"async\" class=\"alignnone wp-image-7047\" src=\"https:\/\/www.hnhlcranes.com\/wp-content\/uploads\/2024\/12\/European-Single-Girder-Wire-Rope-Electric-Hoist-K3-250x300.jpg\" alt=\"\" width=\"951\" height=\"1141\" srcset=\"https:\/\/www.hnhlcranes.com\/wp-content\/uploads\/2024\/12\/European-Single-Girder-Wire-Rope-Electric-Hoist-K3-250x300.jpg 250w, https:\/\/www.hnhlcranes.com\/wp-content\/uploads\/2024\/12\/European-Single-Girder-Wire-Rope-Electric-Hoist-K3-600x721.jpg 600w\" sizes=\"(max-width: 951px) 100vw, 951px\" \/><\/p>\n<p><img decoding=\"async\" class=\"alignnone wp-image-7048\" src=\"https:\/\/www.hnhlcranes.com\/wp-content\/uploads\/2024\/12\/European-Single-Girder-Wire-Rope-Electric-Hoist-K4-246x300.jpg\" alt=\"\" width=\"950\" height=\"1159\" srcset=\"https:\/\/www.hnhlcranes.com\/wp-content\/uploads\/2024\/12\/European-Single-Girder-Wire-Rope-Electric-Hoist-K4-246x300.jpg 246w, https:\/\/www.hnhlcranes.com\/wp-content\/uploads\/2024\/12\/European-Single-Girder-Wire-Rope-Electric-Hoist-K4-600x731.jpg 600w\" sizes=\"(max-width: 950px) 100vw, 950px\" \/><\/p>\n<\/div>\n<\/div>\n<\/div>\n<\/div>\n<\/div>\n<\/div>\n<\/div>\n<\/div>","protected":false},"excerpt":{"rendered":"<h6><strong><span style=\"font-family: arial, helvetica, sans-serif; font-size: 14pt;\">Specifikationer f\u00f6r europeiska elektriska lyftanordningar med enkelbalk och vajer<\/span><\/strong><\/h6>\n<ul>\n<li><strong>Alternativ f\u00f6r kapacitet<\/strong>: 2t, 3,2t, 5t, 6,3t, 8t, 10t, 12,5t<\/li>\n<li><strong>Klassificering av arbetsuppgifter<\/strong>: M3, M4, M5, M6<\/li>\n<li><strong>Omr\u00e5de f\u00f6r lyfth\u00f6jd<\/strong>: 6m, 9m, 12m, 15m, 18m<\/li>\n<\/ul>","protected":false},"featured_media":7049,"template":"","meta":{"_kad_post_transparent":"default","_kad_post_title":"","_kad_post_layout":"default","_kad_post_sidebar_id":"","_kad_post_content_style":"default","_kad_post_vertical_padding":"show","_kad_post_feature":"","_kad_post_feature_position":"","_kad_post_header":false,"_kad_post_footer":false},"product_brand":[],"product_cat":[60,61],"product_tag":[457,462,376,460,474,464,463,461,472,476,470,469,475,466,471,465,467,468,459,473,458],"class_list":{"0":"post-5590","1":"product","2":"type-product","3":"status-publish","4":"has-post-thumbnail","6":"product_cat-electric-hoist","7":"product_cat-european-crane-parts","8":"product_tag-cd-md-wire-rope-electric-hoist","9":"product_tag-chain-hoist","10":"product_tag-china-crane-parts-supplier","11":"product_tag-double-girder-wire-rope-electric-hoist","12":"product_tag-electric-chain-hoist","13":"product_tag-electric-chain-hoist-china-distributor","14":"product_tag-electric-chain-hoist-manufacturer","15":"product_tag-electric-hoist","16":"product_tag-european-double-beam-wire-rope-electric-hoist","17":"product_tag-european-double-girder-wire-rope-electric-hoist","18":"product_tag-european-electric-hoist","19":"product_tag-european-hoist","20":"product_tag-european-single-girder-wire-rope-electric-hoist","21":"product_tag-european-wire-rope-electric-hoist","22":"product_tag-fem-double-girder-wire-rope-electric-hoist","23":"product_tag-fem-single-girder-wire-rope-electric-hoist","24":"product_tag-low-headroom-electric-hoist","25":"product_tag-single-beam-electric-hoist","26":"product_tag-single-girder-wire-rope-electric-hoist","27":"product_tag-wire-rope-electric-hoist","28":"product_tag-wire-rope-electric-hoist-china-manufacturer","30":"first","31":"instock","32":"featured","33":"shipping-taxable","34":"product-type-simple","35":"entry","36":"content-bg","37":"loop-entry"},"yoast_head":"<!-- This site is optimized with the Yoast SEO plugin v24.5 - https:\/\/yoast.com\/wordpress\/plugins\/seo\/ -->\n<title>European Single Girder Wire Rope Electric Hoist - Electric Hoist-Crane Parts Manufacturer<\/title>\n<meta name=\"description\" content=\"European wire rope electric hoist,Low headroom electric hoist,Single beam electric hoist,FEM Single Girder Wire Rope Electric Hoist,Electric Hoist\" \/>\n<meta name=\"robots\" content=\"index, follow, max-snippet:-1, max-image-preview:large, max-video-preview:-1\" \/>\n<link rel=\"canonical\" href=\"https:\/\/www.hnhlcranes.com\/sv\/produkt\/europeisk-elektrisk-linhiss-med-enkel-balk\/\" \/>\n<meta property=\"og:locale\" content=\"sv_SE\" \/>\n<meta property=\"og:type\" content=\"article\" \/>\n<meta property=\"og:title\" content=\"European Single Girder Wire Rope Electric Hoist - Electric Hoist-Crane Parts Manufacturer\" \/>\n<meta property=\"og:description\" content=\"European wire rope electric hoist,Low headroom electric hoist,Single beam electric hoist,FEM Single Girder Wire Rope Electric Hoist,Electric Hoist\" \/>\n<meta property=\"og:url\" content=\"https:\/\/www.hnhlcranes.com\/sv\/produkt\/europeisk-elektrisk-linhiss-med-enkel-balk\/\" \/>\n<meta property=\"og:site_name\" content=\"Crane Parts Manufacturer\" \/>\n<meta property=\"article:modified_time\" content=\"2025-01-16T18:27:00+00:00\" \/>\n<meta property=\"og:image\" content=\"https:\/\/www.hnhlcranes.com\/wp-content\/uploads\/2024\/12\/European-Single-Girder-Wire-Rope-Electric-Hoist.jpg\" \/>\n\t<meta property=\"og:image:width\" content=\"600\" \/>\n\t<meta property=\"og:image:height\" content=\"600\" \/>\n\t<meta property=\"og:image:type\" content=\"image\/jpeg\" \/>\n<meta name=\"twitter:card\" content=\"summary_large_image\" \/>\n<meta name=\"twitter:label1\" content=\"Ber\u00e4knad l\u00e4stid\" \/>\n\t<meta name=\"twitter:data1\" content=\"3 minuter\" \/>\n<script type=\"application\/ld+json\" class=\"yoast-schema-graph\">{\"@context\":\"https:\/\/schema.org\",\"@graph\":[{\"@type\":\"WebPage\",\"@id\":\"https:\/\/www.hnhlcranes.com\/product\/european-single-girder-wire-rope-electric-hoist\/\",\"url\":\"https:\/\/www.hnhlcranes.com\/product\/european-single-girder-wire-rope-electric-hoist\/\",\"name\":\"European Single Girder Wire Rope Electric Hoist - Electric Hoist-Crane Parts Manufacturer\",\"isPartOf\":{\"@id\":\"https:\/\/www.hnhlcranes.com\/#website\"},\"primaryImageOfPage\":{\"@id\":\"https:\/\/www.hnhlcranes.com\/product\/european-single-girder-wire-rope-electric-hoist\/#primaryimage\"},\"image\":{\"@id\":\"https:\/\/www.hnhlcranes.com\/product\/european-single-girder-wire-rope-electric-hoist\/#primaryimage\"},\"thumbnailUrl\":\"https:\/\/www.hnhlcranes.com\/wp-content\/uploads\/2024\/12\/European-Single-Girder-Wire-Rope-Electric-Hoist.jpg\",\"datePublished\":\"2024-12-02T13:15:24+00:00\",\"dateModified\":\"2025-01-16T18:27:00+00:00\",\"description\":\"European wire rope electric hoist,Low headroom electric hoist,Single beam electric hoist,FEM Single Girder Wire Rope Electric Hoist,Electric Hoist\",\"breadcrumb\":{\"@id\":\"https:\/\/www.hnhlcranes.com\/product\/european-single-girder-wire-rope-electric-hoist\/#breadcrumb\"},\"inLanguage\":\"sv-SE\",\"potentialAction\":[{\"@type\":\"ReadAction\",\"target\":[\"https:\/\/www.hnhlcranes.com\/product\/european-single-girder-wire-rope-electric-hoist\/\"]}]},{\"@type\":\"ImageObject\",\"inLanguage\":\"sv-SE\",\"@id\":\"https:\/\/www.hnhlcranes.com\/product\/european-single-girder-wire-rope-electric-hoist\/#primaryimage\",\"url\":\"https:\/\/www.hnhlcranes.com\/wp-content\/uploads\/2024\/12\/European-Single-Girder-Wire-Rope-Electric-Hoist.jpg\",\"contentUrl\":\"https:\/\/www.hnhlcranes.com\/wp-content\/uploads\/2024\/12\/European-Single-Girder-Wire-Rope-Electric-Hoist.jpg\",\"width\":600,\"height\":600},{\"@type\":\"BreadcrumbList\",\"@id\":\"https:\/\/www.hnhlcranes.com\/product\/european-single-girder-wire-rope-electric-hoist\/#breadcrumb\",\"itemListElement\":[{\"@type\":\"ListItem\",\"position\":1,\"name\":\"home\",\"item\":\"https:\/\/www.hnhlcranes.com\/\"},{\"@type\":\"ListItem\",\"position\":2,\"name\":\"products\",\"item\":\"https:\/\/www.hnhlcranes.com\/products\/\"},{\"@type\":\"ListItem\",\"position\":3,\"name\":\"European Single Girder Wire Rope Electric Hoist\"}]},{\"@type\":\"WebSite\",\"@id\":\"https:\/\/www.hnhlcranes.com\/#website\",\"url\":\"https:\/\/www.hnhlcranes.com\/\",\"name\":\"Crane Parts Manufacturer\",\"description\":\"Crane Wheels,Crane Drums,Crane Hooks,Crane Coupling,Crane End Carriage,Electric Hoist,European Crane Parts,Crane Rail Clip,Crane Spreader,Crane Motor,Crane Reducer,Crane Brake,Light Crane Parts,Workstation Crane Parts,Crane Electrical Parts,China Crane Parts Supplier,China Crane Parts Manufacturer,Angle box type crane wheel,45 degree split crane wheel,European crane wheel,Crane Wheel Blocks,Overhead crane drum,European crane drum,Overhead crane hook,European crane hook,Crane pulley block,Gear coupling,Brake wheel coupling,Drum gear coupling,Brake wheel drum gear coupling,Cardan Shaft Coupling,WZL drum coupling,Plum blossom elastic coupling,Brake wheel plum elastic coupling,European Single girder crane end carriage,European Double girder crane end carriage,European Suspension  crane end carriage,Wire Rope Electric Hoist,Electric Chain Hoist,European Single Girder Wire Rope Electric Hoist,European Double Girder Wire Rope Electric Hoist,Crane grab,Container spreader,Billet crane clamps,C-type hook,Lifting Electromagnet,YZR crane motor,YZP crane motor,ZQ Reducer,ZSC Reducer,QJ Reducer,QJ-L Reducer,QJY Reducer,H series gearbox,F Series Gear Motor,K Series Gear Motor,R Series Gear Motor,travelling machinery gear motor,Electro hydraulic drum brake,Electro hydraulic disc brake,Crane Safety brake,Crane cable trolley,Crane remote controller,Crane pendant controller,Crane electrical control cabinet,Crane limit switch,Crane sound and light alarm,Heavy Duty Aviation Connector,Crane overload limiter\",\"publisher\":{\"@id\":\"https:\/\/www.hnhlcranes.com\/#organization\"},\"potentialAction\":[{\"@type\":\"SearchAction\",\"target\":{\"@type\":\"EntryPoint\",\"urlTemplate\":\"https:\/\/www.hnhlcranes.com\/?s={search_term_string}\"},\"query-input\":{\"@type\":\"PropertyValueSpecification\",\"valueRequired\":true,\"valueName\":\"search_term_string\"}}],\"inLanguage\":\"sv-SE\"},{\"@type\":\"Organization\",\"@id\":\"https:\/\/www.hnhlcranes.com\/#organization\",\"name\":\"Crane Parts Manufacturer\",\"url\":\"https:\/\/www.hnhlcranes.com\/\",\"logo\":{\"@type\":\"ImageObject\",\"inLanguage\":\"sv-SE\",\"@id\":\"https:\/\/www.hnhlcranes.com\/#\/schema\/logo\/image\/\",\"url\":\"https:\/\/www.hnhlcranes.com\/wp-content\/uploads\/2025\/01\/HL-logo-1.png\",\"contentUrl\":\"https:\/\/www.hnhlcranes.com\/wp-content\/uploads\/2025\/01\/HL-logo-1.png\",\"width\":600,\"height\":169,\"caption\":\"Crane Parts Manufacturer\"},\"image\":{\"@id\":\"https:\/\/www.hnhlcranes.com\/#\/schema\/logo\/image\/\"}}]}<\/script>\n<!-- \/ Yoast SEO plugin. -->","yoast_head_json":{"title":"European Single Girder Wire Rope Electric Hoist - Electric Hoist-Crane Parts Manufacturer","description":"European wire rope electric hoist,Low headroom electric hoist,Single beam electric hoist,FEM Single Girder Wire Rope Electric Hoist,Electric Hoist","robots":{"index":"index","follow":"follow","max-snippet":"max-snippet:-1","max-image-preview":"max-image-preview:large","max-video-preview":"max-video-preview:-1"},"canonical":"https:\/\/www.hnhlcranes.com\/sv\/produkt\/europeisk-elektrisk-linhiss-med-enkel-balk\/","og_locale":"sv_SE","og_type":"article","og_title":"European Single Girder Wire Rope Electric Hoist - Electric Hoist-Crane Parts Manufacturer","og_description":"European wire rope electric hoist,Low headroom electric hoist,Single beam electric hoist,FEM Single Girder Wire Rope Electric Hoist,Electric Hoist","og_url":"https:\/\/www.hnhlcranes.com\/sv\/produkt\/europeisk-elektrisk-linhiss-med-enkel-balk\/","og_site_name":"Crane Parts Manufacturer","article_modified_time":"2025-01-16T18:27:00+00:00","og_image":[{"width":600,"height":600,"url":"https:\/\/www.hnhlcranes.com\/wp-content\/uploads\/2024\/12\/European-Single-Girder-Wire-Rope-Electric-Hoist.jpg","type":"image\/jpeg"}],"twitter_card":"summary_large_image","twitter_misc":{"Ber\u00e4knad l\u00e4stid":"3 minuter"},"schema":{"@context":"https:\/\/schema.org","@graph":[{"@type":"WebPage","@id":"https:\/\/www.hnhlcranes.com\/product\/european-single-girder-wire-rope-electric-hoist\/","url":"https:\/\/www.hnhlcranes.com\/product\/european-single-girder-wire-rope-electric-hoist\/","name":"European Single Girder Wire Rope Electric Hoist - Electric Hoist-Crane Parts Manufacturer","isPartOf":{"@id":"https:\/\/www.hnhlcranes.com\/#website"},"primaryImageOfPage":{"@id":"https:\/\/www.hnhlcranes.com\/product\/european-single-girder-wire-rope-electric-hoist\/#primaryimage"},"image":{"@id":"https:\/\/www.hnhlcranes.com\/product\/european-single-girder-wire-rope-electric-hoist\/#primaryimage"},"thumbnailUrl":"https:\/\/www.hnhlcranes.com\/wp-content\/uploads\/2024\/12\/European-Single-Girder-Wire-Rope-Electric-Hoist.jpg","datePublished":"2024-12-02T13:15:24+00:00","dateModified":"2025-01-16T18:27:00+00:00","description":"European wire rope electric hoist,Low headroom electric hoist,Single beam electric hoist,FEM Single Girder Wire Rope Electric Hoist,Electric Hoist","breadcrumb":{"@id":"https:\/\/www.hnhlcranes.com\/product\/european-single-girder-wire-rope-electric-hoist\/#breadcrumb"},"inLanguage":"sv-SE","potentialAction":[{"@type":"ReadAction","target":["https:\/\/www.hnhlcranes.com\/product\/european-single-girder-wire-rope-electric-hoist\/"]}]},{"@type":"ImageObject","inLanguage":"sv-SE","@id":"https:\/\/www.hnhlcranes.com\/product\/european-single-girder-wire-rope-electric-hoist\/#primaryimage","url":"https:\/\/www.hnhlcranes.com\/wp-content\/uploads\/2024\/12\/European-Single-Girder-Wire-Rope-Electric-Hoist.jpg","contentUrl":"https:\/\/www.hnhlcranes.com\/wp-content\/uploads\/2024\/12\/European-Single-Girder-Wire-Rope-Electric-Hoist.jpg","width":600,"height":600},{"@type":"BreadcrumbList","@id":"https:\/\/www.hnhlcranes.com\/product\/european-single-girder-wire-rope-electric-hoist\/#breadcrumb","itemListElement":[{"@type":"ListItem","position":1,"name":"home","item":"https:\/\/www.hnhlcranes.com\/"},{"@type":"ListItem","position":2,"name":"products","item":"https:\/\/www.hnhlcranes.com\/products\/"},{"@type":"ListItem","position":3,"name":"European Single Girder Wire Rope Electric Hoist"}]},{"@type":"WebSite","@id":"https:\/\/www.hnhlcranes.com\/#website","url":"https:\/\/www.hnhlcranes.com\/","name":"Crane Parts Manufacturer","description":"Crane Wheels,Crane Drums,Crane Hooks,Crane Coupling,Crane End Carriage,Electric Hoist,European Crane Parts,Crane Rail Clip,Crane Spreader,Crane Motor,Crane Reducer,Crane Brake,Light Crane Parts,Workstation Crane Parts,Crane Electrical Parts,China Crane Parts Supplier,China Crane Parts Manufacturer,Angle box type crane wheel,45 degree split crane wheel,European crane wheel,Crane Wheel Blocks,Overhead crane drum,European crane drum,Overhead crane hook,European crane hook,Crane pulley block,Gear coupling,Brake wheel coupling,Drum gear coupling,Brake wheel drum gear coupling,Cardan Shaft Coupling,WZL drum coupling,Plum blossom elastic coupling,Brake wheel plum elastic coupling,European Single girder crane end carriage,European Double girder crane end carriage,European Suspension  crane end carriage,Wire Rope Electric Hoist,Electric Chain Hoist,European Single Girder Wire Rope Electric Hoist,European Double Girder Wire Rope Electric Hoist,Crane grab,Container spreader,Billet crane clamps,C-type hook,Lifting Electromagnet,YZR crane motor,YZP crane motor,ZQ Reducer,ZSC Reducer,QJ Reducer,QJ-L Reducer,QJY Reducer,H series gearbox,F Series Gear Motor,K Series Gear Motor,R Series Gear Motor,travelling machinery gear motor,Electro hydraulic drum brake,Electro hydraulic disc brake,Crane Safety brake,Crane cable trolley,Crane remote controller,Crane pendant controller,Crane electrical control cabinet,Crane limit switch,Crane sound and light alarm,Heavy Duty Aviation Connector,Crane overload limiter","publisher":{"@id":"https:\/\/www.hnhlcranes.com\/#organization"},"potentialAction":[{"@type":"SearchAction","target":{"@type":"EntryPoint","urlTemplate":"https:\/\/www.hnhlcranes.com\/?s={search_term_string}"},"query-input":{"@type":"PropertyValueSpecification","valueRequired":true,"valueName":"search_term_string"}}],"inLanguage":"sv-SE"},{"@type":"Organization","@id":"https:\/\/www.hnhlcranes.com\/#organization","name":"Crane Parts Manufacturer","url":"https:\/\/www.hnhlcranes.com\/","logo":{"@type":"ImageObject","inLanguage":"sv-SE","@id":"https:\/\/www.hnhlcranes.com\/#\/schema\/logo\/image\/","url":"https:\/\/www.hnhlcranes.com\/wp-content\/uploads\/2025\/01\/HL-logo-1.png","contentUrl":"https:\/\/www.hnhlcranes.com\/wp-content\/uploads\/2025\/01\/HL-logo-1.png","width":600,"height":169,"caption":"Crane Parts Manufacturer"},"image":{"@id":"https:\/\/www.hnhlcranes.com\/#\/schema\/logo\/image\/"}}]}},"_links":{"self":[{"href":"https:\/\/www.hnhlcranes.com\/sv\/wp-json\/wp\/v2\/product\/5590","targetHints":{"allow":["GET"]}}],"collection":[{"href":"https:\/\/www.hnhlcranes.com\/sv\/wp-json\/wp\/v2\/product"}],"about":[{"href":"https:\/\/www.hnhlcranes.com\/sv\/wp-json\/wp\/v2\/types\/product"}],"version-history":[{"count":3,"href":"https:\/\/www.hnhlcranes.com\/sv\/wp-json\/wp\/v2\/product\/5590\/revisions"}],"predecessor-version":[{"id":7051,"href":"https:\/\/www.hnhlcranes.com\/sv\/wp-json\/wp\/v2\/product\/5590\/revisions\/7051"}],"wp:featuredmedia":[{"embeddable":true,"href":"https:\/\/www.hnhlcranes.com\/sv\/wp-json\/wp\/v2\/media\/7049"}],"wp:attachment":[{"href":"https:\/\/www.hnhlcranes.com\/sv\/wp-json\/wp\/v2\/media?parent=5590"}],"wp:term":[{"taxonomy":"product_brand","embeddable":true,"href":"https:\/\/www.hnhlcranes.com\/sv\/wp-json\/wp\/v2\/product_brand?post=5590"},{"taxonomy":"product_cat","embeddable":true,"href":"https:\/\/www.hnhlcranes.com\/sv\/wp-json\/wp\/v2\/product_cat?post=5590"},{"taxonomy":"product_tag","embeddable":true,"href":"https:\/\/www.hnhlcranes.com\/sv\/wp-json\/wp\/v2\/product_tag?post=5590"}],"curies":[{"name":"wp","href":"https:\/\/api.w.org\/{rel}","templated":true}]}}