{"id":5677,"date":"2024-12-04T00:34:44","date_gmt":"2024-12-03T16:34:44","guid":{"rendered":"https:\/\/www.hnhlcranes.com\/?post_type=product&#038;p=5677"},"modified":"2025-01-14T23:58:30","modified_gmt":"2025-01-14T15:58:30","slug":"latt-krandel","status":"publish","type":"product","link":"https:\/\/www.hnhlcranes.com\/sv\/produkt\/latt-krandel\/","title":{"rendered":"Ljuskran Del"},"content":{"rendered":"<div class=\"flex max-w-full flex-col flex-grow\">\n<div class=\"min-h-8 text-message flex w-full flex-col items-end gap-2 whitespace-normal break-words [.text-message+&amp;]:mt-5\" dir=\"auto\" data-message-author-role=\"assistant\" data-message-id=\"c8d7d5a5-db5c-4384-9025-33dbfdf6a310\" data-message-model-slug=\"gpt-4o\">\n<div class=\"flex w-full flex-col gap-1 empty:hidden first:pt-[3px]\">\n<div class=\"markdown prose w-full break-words dark:prose-invert light\">\n<h3>\u00d6versikt \u00f6ver ljuskranar<\/h3>\n<p>Light Crane, \u00e4ven k\u00e4nd som en modul\u00e4r kran, \u00e4r en mycket effektiv och flexibel materialhanteringsl\u00f6sning. Tack vare sin m\u00e5ngsidighet anv\u00e4nds den ofta i fabriker, lagerlokaler och produktionslinjer. Den best\u00e5r av olika standardmoduler, t.ex. upph\u00e4ngningsanordningar, r\u00e4ls, v\u00e4xlar, vagnar, elektriska lyftanordningar, mobila str\u00f6mf\u00f6rs\u00f6rjningsenheter (glidskenor) och styrenheter. Dessutom inneh\u00e5ller den andra viktiga delar till l\u00e4tta kranar, vilket s\u00e4kerst\u00e4ller s\u00f6ml\u00f6s integration och drift.<\/p>\n<h3>Ljuskran Del<\/h3>\n<p>F\u00f6r att leverera optimal funktionalitet f\u00f6rlitar sig Light Cranes p\u00e5 f\u00f6ljande komponenter:<\/p>\n<ul>\n<li><strong>Upph\u00e4ngningsanordningar:<\/strong> Dessa anordningar h\u00e4nger upp kranens olika komponenter och s\u00e4kerst\u00e4ller stabilitet och effektiv drift.<\/li>\n<li><strong>Sp\u00e5r:<\/strong> Sp\u00e5ren ger en k\u00f6rbana f\u00f6r kranen, vilket m\u00f6jligg\u00f6r en smidig och exakt r\u00f6relse.<\/li>\n<li><strong>Omkopplare:<\/strong> Operat\u00f6rerna anv\u00e4nder v\u00e4xlar f\u00f6r att \u00e4ndra sp\u00e5rriktningen, vilket ger flexibilitet i driften.<\/li>\n<li><strong>Vagnar:<\/strong> Vagnar b\u00e4r och transporterar lasten p\u00e5 ett effektivt s\u00e4tt \u00f6ver det avsedda omr\u00e5det.<\/li>\n<li><strong>Elektriska lyftanordningar:<\/strong> Dessa telfrar utf\u00f6r lyftfunktionen och s\u00e4kerst\u00e4ller snabb och tillf\u00f6rlitlig lasthantering.<\/li>\n<li><strong>Mobila str\u00f6mf\u00f6rs\u00f6rjningsenheter:<\/strong> Dessa enheter levererar str\u00f6m till kranen och s\u00e4kerst\u00e4ller oavbruten drift.<\/li>\n<li><strong>Kontrollanordningar:<\/strong> Styrenheter sk\u00f6ter kranens drift och ger exakt och tillf\u00f6rlitlig kontroll.<\/li>\n<\/ul>\n<h3>Anv\u00e4ndningsomr\u00e5den f\u00f6r l\u00e4tta kranar<\/h3>\n<p>Light Cranes utm\u00e4rker sig i olika applikationer tack vare sin anpassningsf\u00f6rm\u00e5ga och effektivitet:<\/p>\n<ul>\n<li><strong>Sm\u00e5 verkst\u00e4der och underh\u00e5llsbutiker:<\/strong> P\u00e5 arbetsplatser med begr\u00e4nsat utrymme st\u00f6der Light Cranes flexibla layouter och effektiv materialhantering.<\/li>\n<li><strong>Stora fabriker och lagerlokaler:<\/strong> De m\u00f6jligg\u00f6r snabb materialhantering mellan olika arbetsomr\u00e5den, vilket \u00f6kar produktiviteten.<\/li>\n<li><strong>Lager och laboratorier i h\u00f6ghus:<\/strong> Den l\u00e4tta och kompakta konstruktionen g\u00f6r dem idealiska f\u00f6r platser d\u00e4r viktbegr\u00e4nsningar f\u00f6r utrustningen \u00e4r kritiska.<\/li>\n<\/ul>\n<h3>Tekniska f\u00f6rdelar<\/h3>\n<p>Light Cranes erbjuder flera tekniska f\u00f6rdelar som f\u00f6rb\u00e4ttrar effektiviteten och tillf\u00f6rlitligheten:<\/p>\n<ul>\n<li><strong>Standardiserad och modul\u00e4r design:<\/strong> Denna design f\u00f6renklar installation, underh\u00e5ll och uppgraderingar. Dessutom s\u00e4kerst\u00e4ller den bekv\u00e4m och praktisk drift.<\/li>\n<li><strong>H\u00f6gkvalitativa material och tillverkning:<\/strong> Tillverkarna anv\u00e4nder f\u00f6rstklassiga material och processer f\u00f6r att s\u00e4kerst\u00e4lla kranens styrka och h\u00e5llbarhet.<\/li>\n<li><strong>Effektiva elektriska lyftanordningar:<\/strong> De h\u00e4r lyftarna har snabba lyfthastigheter, smidig funktion och l\u00e5g ljudniv\u00e5, vilket g\u00f6r dem idealiska f\u00f6r h\u00f6gpresterande milj\u00f6er.<\/li>\n<\/ul>\n<h3>Drift och underh\u00e5ll<\/h3>\n<p>Drift och underh\u00e5ll av en Light Cranes \u00e4r b\u00e5de enkelt och effektivt. Operat\u00f6rerna kan styra kranen antingen manuellt eller via automatiserade system. Tack vare den modul\u00e4ra konstruktionen kan anv\u00e4ndarna enkelt underh\u00e5lla och reparera kranen. Skadade komponenter kan t.ex. snabbt bytas ut, vilket minimerar stillest\u00e5ndstiden och \u00f6kar produktionseffektiviteten. F\u00f6ljaktligen kan f\u00f6retag f\u00f6rlita sig p\u00e5 Light Cranes f\u00f6r tillf\u00f6rlitlig och kontinuerlig drift.<\/p>\n<p>&nbsp;<\/p>\n<p><img decoding=\"async\" class=\"wp-image-5681 alignleft\" src=\"https:\/\/www.hnhlcranes.com\/wp-content\/uploads\/2024\/12\/Light-crane-cable-slider-300x300.jpg\" alt=\"\" width=\"199\" height=\"199\" \/> <img decoding=\"async\" class=\"wp-image-5682 alignleft\" src=\"https:\/\/www.hnhlcranes.com\/wp-content\/uploads\/2024\/12\/Light-crane-cable-end-clamp-300x300.jpg\" alt=\"\" width=\"200\" height=\"200\" \/><img decoding=\"async\" class=\"wp-image-5683 alignleft\" src=\"https:\/\/www.hnhlcranes.com\/wp-content\/uploads\/2024\/12\/Light-crane-internal-stop-300x300.jpg\" alt=\"\" width=\"200\" height=\"200\" \/><\/p>\n<\/div>\n<\/div>\n<\/div>\n<\/div>\n<p><img loading=\"lazy\" decoding=\"async\" class=\"wp-image-5684 alignleft\" style=\"margin-right: var(--global-md-spacing);\" src=\"https:\/\/www.hnhlcranes.com\/wp-content\/uploads\/2024\/12\/C-type-steel-cable-trolley-1-300x300.jpg\" alt=\"\" width=\"200\" height=\"200\" \/><\/p>\n<p>&nbsp;<\/p>\n<p>&nbsp;<\/p>\n<p>&nbsp;<\/p>\n<p>&nbsp;<\/p>\n<p>&nbsp;<\/p>\n<p style=\"text-align: left;\">Kabelglidare f\u00f6r l\u00e4tta kranar \u00c4ndkl\u00e4mma f\u00f6r l\u00e4tta kranars kabel L\u00e4tta kranars interna stopp C-typ st\u00e5lkabelvagn<\/p>\n<p>&nbsp;<\/p>\n<p><img loading=\"lazy\" decoding=\"async\" class=\"wp-image-5685 alignleft\" src=\"https:\/\/www.hnhlcranes.com\/wp-content\/uploads\/2024\/12\/C-type-steel-cable-trolley-2-300x300.jpg\" alt=\"\" width=\"200\" height=\"200\" \/> <img loading=\"lazy\" decoding=\"async\" class=\"wp-image-5686 alignleft\" src=\"https:\/\/www.hnhlcranes.com\/wp-content\/uploads\/2024\/12\/Light-crane-manual-trolley-300x300.jpg\" alt=\"\" width=\"200\" height=\"200\" \/><\/p>\n<p><img loading=\"lazy\" decoding=\"async\" class=\"wp-image-5687 alignleft\" style=\"margin-right: var(--global-md-spacing);\" src=\"https:\/\/www.hnhlcranes.com\/wp-content\/uploads\/2024\/12\/Light-crane-manual-trolley-connecting-plate-300x300.jpg\" alt=\"\" width=\"200\" height=\"200\" \/><\/p>\n<p><img loading=\"lazy\" decoding=\"async\" class=\"wp-image-5688 alignleft\" style=\"margin-right: var(--global-md-spacing);\" src=\"https:\/\/www.hnhlcranes.com\/wp-content\/uploads\/2024\/12\/Light-crane-electric-trolley-300x300.jpg\" alt=\"\" width=\"199\" height=\"199\" \/><\/p>\n<p>&nbsp;<\/p>\n<p>&nbsp;<\/p>\n<p>&nbsp;<\/p>\n<p>&nbsp;<\/p>\n<p>&nbsp;<\/p>\n<p style=\"text-align: left;\">\u00a0C-typ st\u00e5lkabelvagn L\u00e4tta kranar manuell vagn Manuell vagn Anslutningsplatta f\u00f6r manuell vagn L\u00e4tta kranar elektrisk vagn<\/p>\n<p>&nbsp;<\/p>\n<p><img loading=\"lazy\" decoding=\"async\" class=\"wp-image-5689 alignleft\" src=\"https:\/\/www.hnhlcranes.com\/wp-content\/uploads\/2024\/12\/Light-crane-Track-suspension-300x300.jpg\" alt=\"\" width=\"200\" height=\"200\" \/><\/p>\n<p><img loading=\"lazy\" decoding=\"async\" class=\"wp-image-5690 alignleft\" style=\"margin-right: var(--global-md-spacing);\" src=\"https:\/\/www.hnhlcranes.com\/wp-content\/uploads\/2024\/12\/Light-crane-suspension-point-300x300.jpg\" alt=\"\" width=\"200\" height=\"200\" \/><\/p>\n<p><img loading=\"lazy\" decoding=\"async\" class=\"wp-image-5691 alignleft\" style=\"margin-right: var(--global-md-spacing);\" src=\"https:\/\/www.hnhlcranes.com\/wp-content\/uploads\/2024\/12\/Light-crane-end-beam-300x300.jpg\" alt=\"\" width=\"199\" height=\"199\" \/><\/p>\n<p>&nbsp;<\/p>\n<p>&nbsp;<\/p>\n<p>&nbsp;<\/p>\n<p><strong>\u00a0 \u00a0<\/strong><\/p>\n<p>&nbsp;<\/p>\n<p style=\"text-align: left;\">\u00a0 L\u00e4tta kranar Bandupph\u00e4ngning L\u00e4tta kranars upph\u00e4ngningspunkt L\u00e4tta kranars \u00e4ndbalk<\/p>\n<p>&nbsp;<\/p>","protected":false},"excerpt":{"rendered":"<p>L\u00e4tta kranens kabelglidare,L\u00e4tta kranens kabel\u00e4ndkl\u00e4mma,L\u00e4tta kranens interna stopp,C-typ st\u00e5lkabelvagn,L\u00e4tta kranens manuella vagn,L\u00e4tta kranens manuella vagnsanslutningsplatta,L\u00e4tta kranens sp\u00e5rupph\u00e4ngning,L\u00e4tta kranens upph\u00e4ngningspunkt,L\u00e4tta kranens \u00e4ndbalk<\/p>","protected":false},"featured_media":7402,"template":"","meta":{"_kad_post_transparent":"default","_kad_post_title":"","_kad_post_layout":"default","_kad_post_sidebar_id":"","_kad_post_content_style":"default","_kad_post_vertical_padding":"show","_kad_post_feature":"","_kad_post_feature_position":"","_kad_post_header":false,"_kad_post_footer":false},"product_brand":[],"product_cat":[63],"product_tag":[593,376,599,602,591,590,596,600,592,594,595,601,598,597],"class_list":{"0":"post-5677","1":"product","2":"type-product","3":"status-publish","4":"has-post-thumbnail","6":"product_cat-light-crane-parts","7":"product_tag-c-type-steel-cable-trolley","8":"product_tag-china-crane-parts-supplier","9":"product_tag-flexible-track-crane-parts","10":"product_tag-light-crane","11":"product_tag-light-crane-cable-end-clamp","12":"product_tag-light-crane-cable-slider","13":"product_tag-light-crane-electric-trolley","14":"product_tag-light-crane-end-beam","15":"product_tag-light-crane-internal-stop","16":"product_tag-light-crane-manual-trolley","17":"product_tag-light-crane-manual-trolley-connecting-plate","18":"product_tag-light-crane-part","19":"product_tag-light-crane-suspension-point","20":"product_tag-light-crane-track-suspension","22":"first","23":"instock","24":"shipping-taxable","25":"product-type-simple","26":"entry","27":"content-bg","28":"loop-entry"},"yoast_head":"<!-- This site is optimized with the Yoast SEO plugin v24.5 - https:\/\/yoast.com\/wordpress\/plugins\/seo\/ -->\n<title>Light Crane Part - Light Crane- Light crane manual trolley-Crane Parts Manufacturer<\/title>\n<meta name=\"description\" content=\"Light crane Track suspension,Light Crane Parts,C-type steel cable trolley,cable slider,manual trolley,Flexible Track Crane Parts,China Crane Parts Supplier\" \/>\n<meta name=\"robots\" content=\"index, follow, max-snippet:-1, max-image-preview:large, max-video-preview:-1\" \/>\n<link rel=\"canonical\" href=\"https:\/\/www.hnhlcranes.com\/sv\/produkt\/latt-krandel\/\" \/>\n<meta property=\"og:locale\" content=\"sv_SE\" \/>\n<meta property=\"og:type\" content=\"article\" \/>\n<meta property=\"og:title\" content=\"Light Crane Part - Light Crane- Light crane manual trolley-Crane Parts Manufacturer\" \/>\n<meta property=\"og:description\" content=\"Light crane Track suspension,Light Crane Parts,C-type steel cable trolley,cable slider,manual trolley,Flexible Track Crane Parts,China Crane Parts Supplier\" \/>\n<meta property=\"og:url\" content=\"https:\/\/www.hnhlcranes.com\/sv\/produkt\/latt-krandel\/\" \/>\n<meta property=\"og:site_name\" content=\"Crane Parts Manufacturer\" \/>\n<meta property=\"article:modified_time\" content=\"2025-01-14T15:58:30+00:00\" \/>\n<meta property=\"og:image\" content=\"https:\/\/www.hnhlcranes.com\/wp-content\/uploads\/2024\/12\/Light-Crane-Part.jpg\" \/>\n\t<meta property=\"og:image:width\" content=\"600\" \/>\n\t<meta property=\"og:image:height\" content=\"600\" \/>\n\t<meta property=\"og:image:type\" content=\"image\/jpeg\" \/>\n<meta name=\"twitter:card\" content=\"summary_large_image\" \/>\n<meta name=\"twitter:label1\" content=\"Ber\u00e4knad l\u00e4stid\" \/>\n\t<meta name=\"twitter:data1\" content=\"5 minuter\" \/>\n<script type=\"application\/ld+json\" class=\"yoast-schema-graph\">{\"@context\":\"https:\/\/schema.org\",\"@graph\":[{\"@type\":\"WebPage\",\"@id\":\"https:\/\/www.hnhlcranes.com\/product\/light-crane-part\/\",\"url\":\"https:\/\/www.hnhlcranes.com\/product\/light-crane-part\/\",\"name\":\"Light Crane Part - Light Crane- Light crane manual trolley-Crane Parts Manufacturer\",\"isPartOf\":{\"@id\":\"https:\/\/www.hnhlcranes.com\/#website\"},\"primaryImageOfPage\":{\"@id\":\"https:\/\/www.hnhlcranes.com\/product\/light-crane-part\/#primaryimage\"},\"image\":{\"@id\":\"https:\/\/www.hnhlcranes.com\/product\/light-crane-part\/#primaryimage\"},\"thumbnailUrl\":\"https:\/\/www.hnhlcranes.com\/wp-content\/uploads\/2024\/12\/Light-Crane-Part.jpg\",\"datePublished\":\"2024-12-03T16:34:44+00:00\",\"dateModified\":\"2025-01-14T15:58:30+00:00\",\"description\":\"Light crane Track suspension,Light Crane Parts,C-type steel cable trolley,cable slider,manual trolley,Flexible Track Crane Parts,China Crane Parts Supplier\",\"breadcrumb\":{\"@id\":\"https:\/\/www.hnhlcranes.com\/product\/light-crane-part\/#breadcrumb\"},\"inLanguage\":\"sv-SE\",\"potentialAction\":[{\"@type\":\"ReadAction\",\"target\":[\"https:\/\/www.hnhlcranes.com\/product\/light-crane-part\/\"]}]},{\"@type\":\"ImageObject\",\"inLanguage\":\"sv-SE\",\"@id\":\"https:\/\/www.hnhlcranes.com\/product\/light-crane-part\/#primaryimage\",\"url\":\"https:\/\/www.hnhlcranes.com\/wp-content\/uploads\/2024\/12\/Light-Crane-Part.jpg\",\"contentUrl\":\"https:\/\/www.hnhlcranes.com\/wp-content\/uploads\/2024\/12\/Light-Crane-Part.jpg\",\"width\":600,\"height\":600},{\"@type\":\"BreadcrumbList\",\"@id\":\"https:\/\/www.hnhlcranes.com\/product\/light-crane-part\/#breadcrumb\",\"itemListElement\":[{\"@type\":\"ListItem\",\"position\":1,\"name\":\"home\",\"item\":\"https:\/\/www.hnhlcranes.com\/\"},{\"@type\":\"ListItem\",\"position\":2,\"name\":\"products\",\"item\":\"https:\/\/www.hnhlcranes.com\/products\/\"},{\"@type\":\"ListItem\",\"position\":3,\"name\":\"Light Crane Part\"}]},{\"@type\":\"WebSite\",\"@id\":\"https:\/\/www.hnhlcranes.com\/#website\",\"url\":\"https:\/\/www.hnhlcranes.com\/\",\"name\":\"Crane Parts Manufacturer\",\"description\":\"Crane Wheels,Crane Drums,Crane Hooks,Crane Coupling,Crane End Carriage,Electric Hoist,European Crane Parts,Crane Rail Clip,Crane Spreader,Crane Motor,Crane Reducer,Crane Brake,Light Crane Parts,Workstation Crane Parts,Crane Electrical Parts,China Crane Parts Supplier,China Crane Parts Manufacturer,Angle box type crane wheel,45 degree split crane wheel,European crane wheel,Crane Wheel Blocks,Overhead crane drum,European crane drum,Overhead crane hook,European crane hook,Crane pulley block,Gear coupling,Brake wheel coupling,Drum gear coupling,Brake wheel drum gear coupling,Cardan Shaft Coupling,WZL drum coupling,Plum blossom elastic coupling,Brake wheel plum elastic coupling,European Single girder crane end carriage,European Double girder crane end carriage,European Suspension  crane end carriage,Wire Rope Electric Hoist,Electric Chain Hoist,European Single Girder Wire Rope Electric Hoist,European Double Girder Wire Rope Electric Hoist,Crane grab,Container spreader,Billet crane clamps,C-type hook,Lifting Electromagnet,YZR crane motor,YZP crane motor,ZQ Reducer,ZSC Reducer,QJ Reducer,QJ-L Reducer,QJY Reducer,H series gearbox,F Series Gear Motor,K Series Gear Motor,R Series Gear Motor,travelling machinery gear motor,Electro hydraulic drum brake,Electro hydraulic disc brake,Crane Safety brake,Crane cable trolley,Crane remote controller,Crane pendant controller,Crane electrical control cabinet,Crane limit switch,Crane sound and light alarm,Heavy Duty Aviation Connector,Crane overload limiter\",\"publisher\":{\"@id\":\"https:\/\/www.hnhlcranes.com\/#organization\"},\"potentialAction\":[{\"@type\":\"SearchAction\",\"target\":{\"@type\":\"EntryPoint\",\"urlTemplate\":\"https:\/\/www.hnhlcranes.com\/?s={search_term_string}\"},\"query-input\":{\"@type\":\"PropertyValueSpecification\",\"valueRequired\":true,\"valueName\":\"search_term_string\"}}],\"inLanguage\":\"sv-SE\"},{\"@type\":\"Organization\",\"@id\":\"https:\/\/www.hnhlcranes.com\/#organization\",\"name\":\"Crane Parts Manufacturer\",\"url\":\"https:\/\/www.hnhlcranes.com\/\",\"logo\":{\"@type\":\"ImageObject\",\"inLanguage\":\"sv-SE\",\"@id\":\"https:\/\/www.hnhlcranes.com\/#\/schema\/logo\/image\/\",\"url\":\"https:\/\/www.hnhlcranes.com\/wp-content\/uploads\/2025\/01\/HL-logo-1.png\",\"contentUrl\":\"https:\/\/www.hnhlcranes.com\/wp-content\/uploads\/2025\/01\/HL-logo-1.png\",\"width\":600,\"height\":169,\"caption\":\"Crane Parts Manufacturer\"},\"image\":{\"@id\":\"https:\/\/www.hnhlcranes.com\/#\/schema\/logo\/image\/\"}}]}<\/script>\n<!-- \/ Yoast SEO plugin. -->","yoast_head_json":{"title":"Light Crane Part - Light Crane- Light crane manual trolley-Crane Parts Manufacturer","description":"Light crane Track suspension,Light Crane Parts,C-type steel cable trolley,cable slider,manual trolley,Flexible Track Crane Parts,China Crane Parts Supplier","robots":{"index":"index","follow":"follow","max-snippet":"max-snippet:-1","max-image-preview":"max-image-preview:large","max-video-preview":"max-video-preview:-1"},"canonical":"https:\/\/www.hnhlcranes.com\/sv\/produkt\/latt-krandel\/","og_locale":"sv_SE","og_type":"article","og_title":"Light Crane Part - Light Crane- Light crane manual trolley-Crane Parts Manufacturer","og_description":"Light crane Track suspension,Light Crane Parts,C-type steel cable trolley,cable slider,manual trolley,Flexible Track Crane Parts,China Crane Parts Supplier","og_url":"https:\/\/www.hnhlcranes.com\/sv\/produkt\/latt-krandel\/","og_site_name":"Crane Parts Manufacturer","article_modified_time":"2025-01-14T15:58:30+00:00","og_image":[{"width":600,"height":600,"url":"https:\/\/www.hnhlcranes.com\/wp-content\/uploads\/2024\/12\/Light-Crane-Part.jpg","type":"image\/jpeg"}],"twitter_card":"summary_large_image","twitter_misc":{"Ber\u00e4knad l\u00e4stid":"5 minuter"},"schema":{"@context":"https:\/\/schema.org","@graph":[{"@type":"WebPage","@id":"https:\/\/www.hnhlcranes.com\/product\/light-crane-part\/","url":"https:\/\/www.hnhlcranes.com\/product\/light-crane-part\/","name":"Light Crane Part - Light Crane- Light crane manual trolley-Crane Parts Manufacturer","isPartOf":{"@id":"https:\/\/www.hnhlcranes.com\/#website"},"primaryImageOfPage":{"@id":"https:\/\/www.hnhlcranes.com\/product\/light-crane-part\/#primaryimage"},"image":{"@id":"https:\/\/www.hnhlcranes.com\/product\/light-crane-part\/#primaryimage"},"thumbnailUrl":"https:\/\/www.hnhlcranes.com\/wp-content\/uploads\/2024\/12\/Light-Crane-Part.jpg","datePublished":"2024-12-03T16:34:44+00:00","dateModified":"2025-01-14T15:58:30+00:00","description":"Light crane Track suspension,Light Crane Parts,C-type steel cable trolley,cable slider,manual trolley,Flexible Track Crane Parts,China Crane Parts Supplier","breadcrumb":{"@id":"https:\/\/www.hnhlcranes.com\/product\/light-crane-part\/#breadcrumb"},"inLanguage":"sv-SE","potentialAction":[{"@type":"ReadAction","target":["https:\/\/www.hnhlcranes.com\/product\/light-crane-part\/"]}]},{"@type":"ImageObject","inLanguage":"sv-SE","@id":"https:\/\/www.hnhlcranes.com\/product\/light-crane-part\/#primaryimage","url":"https:\/\/www.hnhlcranes.com\/wp-content\/uploads\/2024\/12\/Light-Crane-Part.jpg","contentUrl":"https:\/\/www.hnhlcranes.com\/wp-content\/uploads\/2024\/12\/Light-Crane-Part.jpg","width":600,"height":600},{"@type":"BreadcrumbList","@id":"https:\/\/www.hnhlcranes.com\/product\/light-crane-part\/#breadcrumb","itemListElement":[{"@type":"ListItem","position":1,"name":"home","item":"https:\/\/www.hnhlcranes.com\/"},{"@type":"ListItem","position":2,"name":"products","item":"https:\/\/www.hnhlcranes.com\/products\/"},{"@type":"ListItem","position":3,"name":"Light Crane Part"}]},{"@type":"WebSite","@id":"https:\/\/www.hnhlcranes.com\/#website","url":"https:\/\/www.hnhlcranes.com\/","name":"Crane Parts Manufacturer","description":"Crane Wheels,Crane Drums,Crane Hooks,Crane Coupling,Crane End Carriage,Electric Hoist,European Crane Parts,Crane Rail Clip,Crane Spreader,Crane Motor,Crane Reducer,Crane Brake,Light Crane Parts,Workstation Crane Parts,Crane Electrical Parts,China Crane Parts Supplier,China Crane Parts Manufacturer,Angle box type crane wheel,45 degree split crane wheel,European crane wheel,Crane Wheel Blocks,Overhead crane drum,European crane drum,Overhead crane hook,European crane hook,Crane pulley block,Gear coupling,Brake wheel coupling,Drum gear coupling,Brake wheel drum gear coupling,Cardan Shaft Coupling,WZL drum coupling,Plum blossom elastic coupling,Brake wheel plum elastic coupling,European Single girder crane end carriage,European Double girder crane end carriage,European Suspension  crane end carriage,Wire Rope Electric Hoist,Electric Chain Hoist,European Single Girder Wire Rope Electric Hoist,European Double Girder Wire Rope Electric Hoist,Crane grab,Container spreader,Billet crane clamps,C-type hook,Lifting Electromagnet,YZR crane motor,YZP crane motor,ZQ Reducer,ZSC Reducer,QJ Reducer,QJ-L Reducer,QJY Reducer,H series gearbox,F Series Gear Motor,K Series Gear Motor,R Series Gear Motor,travelling machinery gear motor,Electro hydraulic drum brake,Electro hydraulic disc brake,Crane Safety brake,Crane cable trolley,Crane remote controller,Crane pendant controller,Crane electrical control cabinet,Crane limit switch,Crane sound and light alarm,Heavy Duty Aviation Connector,Crane overload limiter","publisher":{"@id":"https:\/\/www.hnhlcranes.com\/#organization"},"potentialAction":[{"@type":"SearchAction","target":{"@type":"EntryPoint","urlTemplate":"https:\/\/www.hnhlcranes.com\/?s={search_term_string}"},"query-input":{"@type":"PropertyValueSpecification","valueRequired":true,"valueName":"search_term_string"}}],"inLanguage":"sv-SE"},{"@type":"Organization","@id":"https:\/\/www.hnhlcranes.com\/#organization","name":"Crane Parts Manufacturer","url":"https:\/\/www.hnhlcranes.com\/","logo":{"@type":"ImageObject","inLanguage":"sv-SE","@id":"https:\/\/www.hnhlcranes.com\/#\/schema\/logo\/image\/","url":"https:\/\/www.hnhlcranes.com\/wp-content\/uploads\/2025\/01\/HL-logo-1.png","contentUrl":"https:\/\/www.hnhlcranes.com\/wp-content\/uploads\/2025\/01\/HL-logo-1.png","width":600,"height":169,"caption":"Crane Parts Manufacturer"},"image":{"@id":"https:\/\/www.hnhlcranes.com\/#\/schema\/logo\/image\/"}}]}},"_links":{"self":[{"href":"https:\/\/www.hnhlcranes.com\/sv\/wp-json\/wp\/v2\/product\/5677","targetHints":{"allow":["GET"]}}],"collection":[{"href":"https:\/\/www.hnhlcranes.com\/sv\/wp-json\/wp\/v2\/product"}],"about":[{"href":"https:\/\/www.hnhlcranes.com\/sv\/wp-json\/wp\/v2\/types\/product"}],"version-history":[{"count":21,"href":"https:\/\/www.hnhlcranes.com\/sv\/wp-json\/wp\/v2\/product\/5677\/revisions"}],"predecessor-version":[{"id":7425,"href":"https:\/\/www.hnhlcranes.com\/sv\/wp-json\/wp\/v2\/product\/5677\/revisions\/7425"}],"wp:featuredmedia":[{"embeddable":true,"href":"https:\/\/www.hnhlcranes.com\/sv\/wp-json\/wp\/v2\/media\/7402"}],"wp:attachment":[{"href":"https:\/\/www.hnhlcranes.com\/sv\/wp-json\/wp\/v2\/media?parent=5677"}],"wp:term":[{"taxonomy":"product_brand","embeddable":true,"href":"https:\/\/www.hnhlcranes.com\/sv\/wp-json\/wp\/v2\/product_brand?post=5677"},{"taxonomy":"product_cat","embeddable":true,"href":"https:\/\/www.hnhlcranes.com\/sv\/wp-json\/wp\/v2\/product_cat?post=5677"},{"taxonomy":"product_tag","embeddable":true,"href":"https:\/\/www.hnhlcranes.com\/sv\/wp-json\/wp\/v2\/product_tag?post=5677"}],"curies":[{"name":"wp","href":"https:\/\/api.w.org\/{rel}","templated":true}]}}