{"id":5740,"date":"2024-12-05T22:42:34","date_gmt":"2024-12-05T14:42:34","guid":{"rendered":"https:\/\/www.hnhlcranes.com\/?post_type=product&#038;p=5740"},"modified":"2025-01-14T23:36:45","modified_gmt":"2025-01-14T15:36:45","slug":"fjarrkontroll-for-kran","status":"publish","type":"product","link":"https:\/\/www.hnhlcranes.com\/sv\/produkt\/fjarrkontroll-for-kran\/","title":{"rendered":"Fj\u00e4rrkontroll f\u00f6r kran"},"content":{"rendered":"<div class=\"flex max-w-full flex-col flex-grow\">\n<div class=\"min-h-8 text-message flex w-full flex-col items-end gap-2 whitespace-normal break-words [.text-message+&amp;]:mt-5\" dir=\"auto\" data-message-author-role=\"assistant\" data-message-id=\"d22886da-3fb2-45fa-876a-33dd54db9fd5\" data-message-model-slug=\"gpt-4o\">\n<div class=\"flex w-full flex-col gap-1 empty:hidden first:pt-[3px]\">\n<div class=\"markdown prose w-full break-words dark:prose-invert light\">\n<h3>\u00d6versikt \u00f6ver kranens fj\u00e4rrkontroll<\/h3>\n<p>Fj\u00e4rrkontrollen f\u00f6r kranar \u00e4r en tr\u00e5dl\u00f6s styrenhet som \u00e4r s\u00e4rskilt utformad f\u00f6r kranoperationer. Den anv\u00e4nds ofta inom olika industriella omr\u00e5den som tillverkning, logistik, hamnar och byggnation. Genom att kommunicera tr\u00e5dl\u00f6st med kranens styrsystem kan operat\u00f6rerna fj\u00e4rrstyra kranens funktioner, vilket avsev\u00e4rt f\u00f6rb\u00e4ttrar b\u00e5de arbetseffektiviteten och s\u00e4kerheten.<\/p>\n<h3>Kranens fj\u00e4rrkontroll Nyckelfunktioner<\/h3>\n<ul>\n<li><strong>Tr\u00e5dl\u00f6s kontroll<\/strong>: Fj\u00e4rrkontrollen m\u00f6jligg\u00f6r tr\u00e5dl\u00f6s styrning av viktiga kranfunktioner, t.ex. start, stopp, lyft och f\u00f6rflyttning. Detta ger st\u00f6rre flexibilitet och eliminerar begr\u00e4nsningarna med traditionella manuella styrmetoder.<\/li>\n<li><strong>Multifunktionsknappar<\/strong>: Styrenheten \u00e4r utrustad med flera knappar, vilket m\u00f6jligg\u00f6r exakt styrning av olika kranfunktioner som lyft, rotation, r\u00f6relse och n\u00f6dstopp. Denna design s\u00e4kerst\u00e4ller en h\u00f6g grad av operativ m\u00e5ngsidighet.<\/li>\n<li><strong>S\u00e4kerhetsfunktioner<\/strong>: Fj\u00e4rrkontrollen \u00e4r utrustad med en n\u00f6dstoppsknapp som g\u00f6r det m\u00f6jligt f\u00f6r f\u00f6raren att omedelbart stoppa kranen vid fara. Vissa modeller visar dessutom batteriniv\u00e5n, s\u00e5 att f\u00f6raren kan byta ut batterierna innan de tar slut.<\/li>\n<li><strong>Fj\u00e4rrstyrning<\/strong>: Med hj\u00e4lp av fj\u00e4rrkontrollen kan f\u00f6raren utf\u00f6ra kranoperationer fr\u00e5n ett s\u00e4kert avst\u00e5nd, vilket minimerar exponeringen f\u00f6r farliga milj\u00f6er och minskar risken f\u00f6r olyckor.<\/li>\n<li><strong>Flera olika driftl\u00e4gen<\/strong>: Vissa modeller erbjuder olika driftl\u00e4gen, t.ex. enhastighets-, variabelhastighets- och tv\u00e5hastighetsstyrning. Detta m\u00f6jligg\u00f6r justering utifr\u00e5n specifika driftskrav, vilket ytterligare \u00f6kar flexibiliteten i styrningen.<\/li>\n<\/ul>\n<h3>Viktiga funktioner<\/h3>\n<ul>\n<li><strong>Anv\u00e4ndarv\u00e4nlighet<\/strong>: Med sitt intuitiva gr\u00e4nssnitt och knapplayout g\u00f6r fj\u00e4rrkontrollen det m\u00f6jligt f\u00f6r operat\u00f6rer att snabbt l\u00e4ra sig att anv\u00e4nda den och utf\u00f6ra kranuppgifter p\u00e5 ett effektivt s\u00e4tt.<\/li>\n<li><strong>Effektivitet<\/strong>: Styrenheten svarar snabbt p\u00e5 kommandon, vilket snabbar upp driften och minskar den fysiska belastningen p\u00e5 operat\u00f6rerna.<\/li>\n<li><strong>Stabilitet<\/strong>: Med hj\u00e4lp av avancerad tr\u00e5dl\u00f6s teknik s\u00e4kerst\u00e4ller styrenheten stabil signal\u00f6verf\u00f6ring, vilket f\u00f6rhindrar st\u00f6rningar som kan leda till felaktig anv\u00e4ndning.<\/li>\n<li><strong>H\u00e5llbarhet<\/strong>: Styrenhetens h\u00f6lje \u00e4r tillverkat av st\u00f6tt\u00e5liga, slitstarka material, vilket s\u00e4kerst\u00e4ller att den klarar tuffa arbetsf\u00f6rh\u00e5llanden och h\u00e5ller under l\u00e5ng tid.<\/li>\n<\/ul>\n<h3>Till\u00e4mpningar<\/h3>\n<ul>\n<li><strong>Kranar<\/strong>: Fj\u00e4rrkontrollen anv\u00e4nds ofta med kranar som traverskranar, portalkranar och sv\u00e4ngkranar, vilket ger effektiv och s\u00e4ker drift vid olika lyftuppgifter.<\/li>\n<li><strong>Industriella verkst\u00e4der<\/strong>: I stora tillverkningsanl\u00e4ggningar anv\u00e4nder operat\u00f6rerna fj\u00e4rrkontrollen f\u00f6r att styra kranarna med precision, vilket s\u00e4kerst\u00e4ller smidig drift l\u00e4ngs produktionslinjen.<\/li>\n<li><strong>Hamnlogistik<\/strong>: I hamnar kan operat\u00f6rer med hj\u00e4lp av fj\u00e4rrkontroller styra kranar och lastnings-\/lossningsutrustning fr\u00e5n ett s\u00e4kert avst\u00e5nd, vilket minimerar potentiella faror.<\/li>\n<\/ul>\n<h3>Slutsats<\/h3>\n<p>Sammanfattningsvis \u00e4r fj\u00e4rrstyrningen av kranar ett viktigt verktyg f\u00f6r modern kranverksamhet. Genom att utnyttja tr\u00e5dl\u00f6s styrteknik f\u00f6rb\u00e4ttrar den s\u00e4kerheten och effektiviteten och ger operat\u00f6rerna flexibiliteten att styra kranar p\u00e5 distans. Detta f\u00f6rb\u00e4ttrar s\u00e4kerheten, \u00f6kar produktiviteten och bidrar till en s\u00e4krare och mer effektiv arbetsmilj\u00f6.<\/p>\n<\/div>\n<\/div>\n<\/div>\n<\/div>\n<p>&nbsp;<\/p>","protected":false},"excerpt":{"rendered":"<h6><strong><span style=\"font-family: arial, helvetica, sans-serif; font-size: 14pt;\">Specifikationer f\u00f6r Crane fj\u00e4rrkontroll<\/span><\/strong><\/h6>\n<ul>\n<li><strong>Modellalternativ<\/strong>: F24-6D, F24-8D, F24-10D, F24-12D, F24-60<\/li>\n<li><strong>Alternativ f\u00f6r knappar<\/strong>: 6, 8, 10, 12 knappar eller joystickstyrning<\/li>\n<li><strong>Skyddsklassning<\/strong>: IP65<\/li>\n<li><strong>Frekvensomr\u00e5de<\/strong>: VHF: 310-331 MHz; UHF: 425-446 MHz<\/li>\n<li><strong>Mottagarens str\u00f6mf\u00f6rs\u00f6rjningsalternativ<\/strong>: 24V, 36V, 220V, 380V (tillval)<\/li>\n<li><strong>Driftstemperatur<\/strong>: -40\u00b0C till +85\u00b0C<\/li>\n<li><strong>Kontrollavst\u00e5nd<\/strong>: Upp till 100 m i \u00f6ppna milj\u00f6er<\/li>\n<\/ul>","protected":false},"featured_media":7455,"template":"","meta":{"_kad_post_transparent":"default","_kad_post_title":"","_kad_post_layout":"default","_kad_post_sidebar_id":"","_kad_post_content_style":"default","_kad_post_vertical_padding":"show","_kad_post_feature":"","_kad_post_feature_position":"","_kad_post_header":false,"_kad_post_footer":false},"product_brand":[],"product_cat":[65],"product_tag":[632,622,376,634,612,616,626,627,629,613,617,620,615,614,618,628,619,621,623,630,635,633,625,631,624],"class_list":{"0":"post-5740","1":"product","2":"type-product","3":"status-publish","4":"has-post-thumbnail","6":"product_cat-crane-electrical-parts","7":"product_tag-aviation-plug","8":"product_tag-cable-trolley","9":"product_tag-china-crane-parts-supplier","10":"product_tag-crane-aviation-plug","11":"product_tag-crane-cable-trolley","12":"product_tag-crane-control-cabinet","13":"product_tag-crane-control-handle","14":"product_tag-crane-controls","15":"product_tag-crane-electrical-control-cabinet","16":"product_tag-crane-electrical-part","17":"product_tag-crane-limit-switch","18":"product_tag-crane-overload-limiter","19":"product_tag-crane-pendant-controller","20":"product_tag-crane-remote-controller","21":"product_tag-crane-sound-and-light-alarm","22":"product_tag-electrical-control-cabinet","23":"product_tag-heavy-duty-aviation-connector","24":"product_tag-i-beam-cable-trolley","25":"product_tag-i-beam-cable-trolley-supplier","26":"product_tag-limit-switch","27":"product_tag-overload-limiter","28":"product_tag-quick-connector","29":"product_tag-remote-controller","30":"product_tag-sound-and-light-alarm","31":"product_tag-wireless-remote-control","33":"first","34":"instock","35":"shipping-taxable","36":"product-type-simple","37":"entry","38":"content-bg","39":"loop-entry"},"yoast_head":"<!-- This site is optimized with the Yoast SEO plugin v24.5 - https:\/\/yoast.com\/wordpress\/plugins\/seo\/ -->\n<title>Crane remote controller - Wireless remote control-remote controller- Crane Parts Manufacturer<\/title>\n<meta name=\"description\" content=\"Crane remote controller,Wireless remote control,remote controller, remote controller manufacturer,remote controller Supplier,Crane Electrical Parts\" \/>\n<meta name=\"robots\" content=\"index, follow, max-snippet:-1, max-image-preview:large, max-video-preview:-1\" \/>\n<link rel=\"canonical\" href=\"https:\/\/www.hnhlcranes.com\/sv\/produkt\/fjarrkontroll-for-kran\/\" \/>\n<meta property=\"og:locale\" content=\"sv_SE\" \/>\n<meta property=\"og:type\" content=\"article\" \/>\n<meta property=\"og:title\" content=\"Crane remote controller - Wireless remote control-remote controller- Crane Parts Manufacturer\" \/>\n<meta property=\"og:description\" content=\"Crane remote controller,Wireless remote control,remote controller, remote controller manufacturer,remote controller Supplier,Crane Electrical Parts\" \/>\n<meta property=\"og:url\" content=\"https:\/\/www.hnhlcranes.com\/sv\/produkt\/fjarrkontroll-for-kran\/\" \/>\n<meta property=\"og:site_name\" content=\"Crane Parts Manufacturer\" \/>\n<meta property=\"article:modified_time\" content=\"2025-01-14T15:36:45+00:00\" \/>\n<meta property=\"og:image\" content=\"https:\/\/www.hnhlcranes.com\/wp-content\/uploads\/2024\/12\/Crane-remote-controller.jpg\" \/>\n\t<meta property=\"og:image:width\" content=\"600\" \/>\n\t<meta property=\"og:image:height\" content=\"600\" \/>\n\t<meta property=\"og:image:type\" content=\"image\/jpeg\" \/>\n<meta name=\"twitter:card\" content=\"summary_large_image\" \/>\n<meta name=\"twitter:label1\" content=\"Ber\u00e4knad l\u00e4stid\" \/>\n\t<meta name=\"twitter:data1\" content=\"3 minuter\" \/>\n<script type=\"application\/ld+json\" class=\"yoast-schema-graph\">{\"@context\":\"https:\/\/schema.org\",\"@graph\":[{\"@type\":\"WebPage\",\"@id\":\"https:\/\/www.hnhlcranes.com\/product\/crane-remote-controller\/\",\"url\":\"https:\/\/www.hnhlcranes.com\/product\/crane-remote-controller\/\",\"name\":\"Crane remote controller - Wireless remote control-remote controller- Crane Parts Manufacturer\",\"isPartOf\":{\"@id\":\"https:\/\/www.hnhlcranes.com\/#website\"},\"primaryImageOfPage\":{\"@id\":\"https:\/\/www.hnhlcranes.com\/product\/crane-remote-controller\/#primaryimage\"},\"image\":{\"@id\":\"https:\/\/www.hnhlcranes.com\/product\/crane-remote-controller\/#primaryimage\"},\"thumbnailUrl\":\"https:\/\/www.hnhlcranes.com\/wp-content\/uploads\/2024\/12\/Crane-remote-controller.jpg\",\"datePublished\":\"2024-12-05T14:42:34+00:00\",\"dateModified\":\"2025-01-14T15:36:45+00:00\",\"description\":\"Crane remote controller,Wireless remote control,remote controller, remote controller manufacturer,remote controller Supplier,Crane Electrical Parts\",\"breadcrumb\":{\"@id\":\"https:\/\/www.hnhlcranes.com\/product\/crane-remote-controller\/#breadcrumb\"},\"inLanguage\":\"sv-SE\",\"potentialAction\":[{\"@type\":\"ReadAction\",\"target\":[\"https:\/\/www.hnhlcranes.com\/product\/crane-remote-controller\/\"]}]},{\"@type\":\"ImageObject\",\"inLanguage\":\"sv-SE\",\"@id\":\"https:\/\/www.hnhlcranes.com\/product\/crane-remote-controller\/#primaryimage\",\"url\":\"https:\/\/www.hnhlcranes.com\/wp-content\/uploads\/2024\/12\/Crane-remote-controller.jpg\",\"contentUrl\":\"https:\/\/www.hnhlcranes.com\/wp-content\/uploads\/2024\/12\/Crane-remote-controller.jpg\",\"width\":600,\"height\":600},{\"@type\":\"BreadcrumbList\",\"@id\":\"https:\/\/www.hnhlcranes.com\/product\/crane-remote-controller\/#breadcrumb\",\"itemListElement\":[{\"@type\":\"ListItem\",\"position\":1,\"name\":\"home\",\"item\":\"https:\/\/www.hnhlcranes.com\/\"},{\"@type\":\"ListItem\",\"position\":2,\"name\":\"products\",\"item\":\"https:\/\/www.hnhlcranes.com\/products\/\"},{\"@type\":\"ListItem\",\"position\":3,\"name\":\"Crane remote controller\"}]},{\"@type\":\"WebSite\",\"@id\":\"https:\/\/www.hnhlcranes.com\/#website\",\"url\":\"https:\/\/www.hnhlcranes.com\/\",\"name\":\"Crane Parts Manufacturer\",\"description\":\"Crane Wheels,Crane Drums,Crane Hooks,Crane Coupling,Crane End Carriage,Electric Hoist,European Crane Parts,Crane Rail Clip,Crane Spreader,Crane Motor,Crane Reducer,Crane Brake,Light Crane Parts,Workstation Crane Parts,Crane Electrical Parts,China Crane Parts Supplier,China Crane Parts Manufacturer,Angle box type crane wheel,45 degree split crane wheel,European crane wheel,Crane Wheel Blocks,Overhead crane drum,European crane drum,Overhead crane hook,European crane hook,Crane pulley block,Gear coupling,Brake wheel coupling,Drum gear coupling,Brake wheel drum gear coupling,Cardan Shaft Coupling,WZL drum coupling,Plum blossom elastic coupling,Brake wheel plum elastic coupling,European Single girder crane end carriage,European Double girder crane end carriage,European Suspension  crane end carriage,Wire Rope Electric Hoist,Electric Chain Hoist,European Single Girder Wire Rope Electric Hoist,European Double Girder Wire Rope Electric Hoist,Crane grab,Container spreader,Billet crane clamps,C-type hook,Lifting Electromagnet,YZR crane motor,YZP crane motor,ZQ Reducer,ZSC Reducer,QJ Reducer,QJ-L Reducer,QJY Reducer,H series gearbox,F Series Gear Motor,K Series Gear Motor,R Series Gear Motor,travelling machinery gear motor,Electro hydraulic drum brake,Electro hydraulic disc brake,Crane Safety brake,Crane cable trolley,Crane remote controller,Crane pendant controller,Crane electrical control cabinet,Crane limit switch,Crane sound and light alarm,Heavy Duty Aviation Connector,Crane overload limiter\",\"publisher\":{\"@id\":\"https:\/\/www.hnhlcranes.com\/#organization\"},\"potentialAction\":[{\"@type\":\"SearchAction\",\"target\":{\"@type\":\"EntryPoint\",\"urlTemplate\":\"https:\/\/www.hnhlcranes.com\/?s={search_term_string}\"},\"query-input\":{\"@type\":\"PropertyValueSpecification\",\"valueRequired\":true,\"valueName\":\"search_term_string\"}}],\"inLanguage\":\"sv-SE\"},{\"@type\":\"Organization\",\"@id\":\"https:\/\/www.hnhlcranes.com\/#organization\",\"name\":\"Crane Parts Manufacturer\",\"url\":\"https:\/\/www.hnhlcranes.com\/\",\"logo\":{\"@type\":\"ImageObject\",\"inLanguage\":\"sv-SE\",\"@id\":\"https:\/\/www.hnhlcranes.com\/#\/schema\/logo\/image\/\",\"url\":\"https:\/\/www.hnhlcranes.com\/wp-content\/uploads\/2025\/01\/HL-logo-1.png\",\"contentUrl\":\"https:\/\/www.hnhlcranes.com\/wp-content\/uploads\/2025\/01\/HL-logo-1.png\",\"width\":600,\"height\":169,\"caption\":\"Crane Parts Manufacturer\"},\"image\":{\"@id\":\"https:\/\/www.hnhlcranes.com\/#\/schema\/logo\/image\/\"}}]}<\/script>\n<!-- \/ Yoast SEO plugin. -->","yoast_head_json":{"title":"Crane remote controller - Wireless remote control-remote controller- Crane Parts Manufacturer","description":"Crane remote controller,Wireless remote control,remote controller, remote controller manufacturer,remote controller Supplier,Crane Electrical Parts","robots":{"index":"index","follow":"follow","max-snippet":"max-snippet:-1","max-image-preview":"max-image-preview:large","max-video-preview":"max-video-preview:-1"},"canonical":"https:\/\/www.hnhlcranes.com\/sv\/produkt\/fjarrkontroll-for-kran\/","og_locale":"sv_SE","og_type":"article","og_title":"Crane remote controller - Wireless remote control-remote controller- Crane Parts Manufacturer","og_description":"Crane remote controller,Wireless remote control,remote controller, remote controller manufacturer,remote controller Supplier,Crane Electrical Parts","og_url":"https:\/\/www.hnhlcranes.com\/sv\/produkt\/fjarrkontroll-for-kran\/","og_site_name":"Crane Parts Manufacturer","article_modified_time":"2025-01-14T15:36:45+00:00","og_image":[{"width":600,"height":600,"url":"https:\/\/www.hnhlcranes.com\/wp-content\/uploads\/2024\/12\/Crane-remote-controller.jpg","type":"image\/jpeg"}],"twitter_card":"summary_large_image","twitter_misc":{"Ber\u00e4knad l\u00e4stid":"3 minuter"},"schema":{"@context":"https:\/\/schema.org","@graph":[{"@type":"WebPage","@id":"https:\/\/www.hnhlcranes.com\/product\/crane-remote-controller\/","url":"https:\/\/www.hnhlcranes.com\/product\/crane-remote-controller\/","name":"Crane remote controller - Wireless remote control-remote controller- Crane Parts Manufacturer","isPartOf":{"@id":"https:\/\/www.hnhlcranes.com\/#website"},"primaryImageOfPage":{"@id":"https:\/\/www.hnhlcranes.com\/product\/crane-remote-controller\/#primaryimage"},"image":{"@id":"https:\/\/www.hnhlcranes.com\/product\/crane-remote-controller\/#primaryimage"},"thumbnailUrl":"https:\/\/www.hnhlcranes.com\/wp-content\/uploads\/2024\/12\/Crane-remote-controller.jpg","datePublished":"2024-12-05T14:42:34+00:00","dateModified":"2025-01-14T15:36:45+00:00","description":"Crane remote controller,Wireless remote control,remote controller, remote controller manufacturer,remote controller Supplier,Crane Electrical Parts","breadcrumb":{"@id":"https:\/\/www.hnhlcranes.com\/product\/crane-remote-controller\/#breadcrumb"},"inLanguage":"sv-SE","potentialAction":[{"@type":"ReadAction","target":["https:\/\/www.hnhlcranes.com\/product\/crane-remote-controller\/"]}]},{"@type":"ImageObject","inLanguage":"sv-SE","@id":"https:\/\/www.hnhlcranes.com\/product\/crane-remote-controller\/#primaryimage","url":"https:\/\/www.hnhlcranes.com\/wp-content\/uploads\/2024\/12\/Crane-remote-controller.jpg","contentUrl":"https:\/\/www.hnhlcranes.com\/wp-content\/uploads\/2024\/12\/Crane-remote-controller.jpg","width":600,"height":600},{"@type":"BreadcrumbList","@id":"https:\/\/www.hnhlcranes.com\/product\/crane-remote-controller\/#breadcrumb","itemListElement":[{"@type":"ListItem","position":1,"name":"home","item":"https:\/\/www.hnhlcranes.com\/"},{"@type":"ListItem","position":2,"name":"products","item":"https:\/\/www.hnhlcranes.com\/products\/"},{"@type":"ListItem","position":3,"name":"Crane remote controller"}]},{"@type":"WebSite","@id":"https:\/\/www.hnhlcranes.com\/#website","url":"https:\/\/www.hnhlcranes.com\/","name":"Crane Parts Manufacturer","description":"Crane Wheels,Crane Drums,Crane Hooks,Crane Coupling,Crane End Carriage,Electric Hoist,European Crane Parts,Crane Rail Clip,Crane Spreader,Crane Motor,Crane Reducer,Crane Brake,Light Crane Parts,Workstation Crane Parts,Crane Electrical Parts,China Crane Parts Supplier,China Crane Parts Manufacturer,Angle box type crane wheel,45 degree split crane wheel,European crane wheel,Crane Wheel Blocks,Overhead crane drum,European crane drum,Overhead crane hook,European crane hook,Crane pulley block,Gear coupling,Brake wheel coupling,Drum gear coupling,Brake wheel drum gear coupling,Cardan Shaft Coupling,WZL drum coupling,Plum blossom elastic coupling,Brake wheel plum elastic coupling,European Single girder crane end carriage,European Double girder crane end carriage,European Suspension  crane end carriage,Wire Rope Electric Hoist,Electric Chain Hoist,European Single Girder Wire Rope Electric Hoist,European Double Girder Wire Rope Electric Hoist,Crane grab,Container spreader,Billet crane clamps,C-type hook,Lifting Electromagnet,YZR crane motor,YZP crane motor,ZQ Reducer,ZSC Reducer,QJ Reducer,QJ-L Reducer,QJY Reducer,H series gearbox,F Series Gear Motor,K Series Gear Motor,R Series Gear Motor,travelling machinery gear motor,Electro hydraulic drum brake,Electro hydraulic disc brake,Crane Safety brake,Crane cable trolley,Crane remote controller,Crane pendant controller,Crane electrical control cabinet,Crane limit switch,Crane sound and light alarm,Heavy Duty Aviation Connector,Crane overload limiter","publisher":{"@id":"https:\/\/www.hnhlcranes.com\/#organization"},"potentialAction":[{"@type":"SearchAction","target":{"@type":"EntryPoint","urlTemplate":"https:\/\/www.hnhlcranes.com\/?s={search_term_string}"},"query-input":{"@type":"PropertyValueSpecification","valueRequired":true,"valueName":"search_term_string"}}],"inLanguage":"sv-SE"},{"@type":"Organization","@id":"https:\/\/www.hnhlcranes.com\/#organization","name":"Crane Parts Manufacturer","url":"https:\/\/www.hnhlcranes.com\/","logo":{"@type":"ImageObject","inLanguage":"sv-SE","@id":"https:\/\/www.hnhlcranes.com\/#\/schema\/logo\/image\/","url":"https:\/\/www.hnhlcranes.com\/wp-content\/uploads\/2025\/01\/HL-logo-1.png","contentUrl":"https:\/\/www.hnhlcranes.com\/wp-content\/uploads\/2025\/01\/HL-logo-1.png","width":600,"height":169,"caption":"Crane Parts Manufacturer"},"image":{"@id":"https:\/\/www.hnhlcranes.com\/#\/schema\/logo\/image\/"}}]}},"_links":{"self":[{"href":"https:\/\/www.hnhlcranes.com\/sv\/wp-json\/wp\/v2\/product\/5740","targetHints":{"allow":["GET"]}}],"collection":[{"href":"https:\/\/www.hnhlcranes.com\/sv\/wp-json\/wp\/v2\/product"}],"about":[{"href":"https:\/\/www.hnhlcranes.com\/sv\/wp-json\/wp\/v2\/types\/product"}],"version-history":[{"count":3,"href":"https:\/\/www.hnhlcranes.com\/sv\/wp-json\/wp\/v2\/product\/5740\/revisions"}],"predecessor-version":[{"id":7458,"href":"https:\/\/www.hnhlcranes.com\/sv\/wp-json\/wp\/v2\/product\/5740\/revisions\/7458"}],"wp:featuredmedia":[{"embeddable":true,"href":"https:\/\/www.hnhlcranes.com\/sv\/wp-json\/wp\/v2\/media\/7455"}],"wp:attachment":[{"href":"https:\/\/www.hnhlcranes.com\/sv\/wp-json\/wp\/v2\/media?parent=5740"}],"wp:term":[{"taxonomy":"product_brand","embeddable":true,"href":"https:\/\/www.hnhlcranes.com\/sv\/wp-json\/wp\/v2\/product_brand?post=5740"},{"taxonomy":"product_cat","embeddable":true,"href":"https:\/\/www.hnhlcranes.com\/sv\/wp-json\/wp\/v2\/product_cat?post=5740"},{"taxonomy":"product_tag","embeddable":true,"href":"https:\/\/www.hnhlcranes.com\/sv\/wp-json\/wp\/v2\/product_tag?post=5740"}],"curies":[{"name":"wp","href":"https:\/\/api.w.org\/{rel}","templated":true}]}}