{"id":5753,"date":"2024-12-05T22:58:36","date_gmt":"2024-12-05T14:58:36","guid":{"rendered":"https:\/\/www.hnhlcranes.com\/?post_type=product&#038;p=5753"},"modified":"2025-01-14T23:46:32","modified_gmt":"2025-01-14T15:46:32","slug":"styrenhet-for-hangande-kran","status":"publish","type":"product","link":"https:\/\/www.hnhlcranes.com\/sv\/produkt\/styrenhet-for-hangande-kran\/","title":{"rendered":"Styrenhet f\u00f6r kranpendel"},"content":{"rendered":"<h3>ntroduktion till kranens h\u00e4ngande styrenhet<\/h3>\n<p>Crane Pendant Controller \u00e4r fr\u00e4mst utformad f\u00f6r att hantera olika kranfunktioner, t.ex. start, stopp och styrning av riktningsr\u00f6relser. Den erbjuder en tillf\u00f6rlitlig l\u00f6sning f\u00f6r b\u00e5de kran- och lyftanordningar i m\u00e5nga olika milj\u00f6er, b\u00e5de inomhus och utomhus. Nedan kommer vi att utforska dess till\u00e4mpningar, driftsmetoder, s\u00e4kerhetsfunktioner och underh\u00e5llskrav i detalj.<\/p>\n<h3>Till\u00e4mpningsomr\u00e5de och arbetsmilj\u00f6<\/h3>\n<p>Crane Pendant-styrenheten \u00e4r l\u00e4mplig f\u00f6r styrsystem som arbetar under f\u00f6ljande f\u00f6rh\u00e5llanden:<\/p>\n<ul>\n<li><strong>AC str\u00f6mf\u00f6rs\u00f6rjning:<\/strong> Drift vid 50 Hz eller 60 Hz, med en sp\u00e4nningskapacitet p\u00e5 upp till 380 V.<\/li>\n<li><strong>DC str\u00f6mf\u00f6rs\u00f6rjning:<\/strong> L\u00e4mplig f\u00f6r en arbetssp\u00e4nning p\u00e5 upp till 220V.<\/li>\n<\/ul>\n<p>Styrenheten \u00e4r utformad f\u00f6r m\u00e5ngsidighet och \u00e4r motst\u00e5ndskraftig mot regn, sn\u00f6 och damm, vilket g\u00f6r den till ett idealiskt val f\u00f6r utomhusapplikationer, inklusive kranar och elektriska lyftanordningar i tuffa v\u00e4derf\u00f6rh\u00e5llanden.<\/p>\n<h3>Driftsmetoder och funktioner<\/h3>\n<p>Crane Pendant Controller styrs via knappar p\u00e5 man\u00f6verhandtaget och har flera viktiga funktioner som f\u00f6rb\u00e4ttrar b\u00e5de s\u00e4kerhet och funktionalitet:<\/p>\n<ul>\n<li><strong>N\u00f6dstoppsbrytare:<\/strong> Styrenheten \u00e4r utrustad med en n\u00f6dstoppsbrytare med rotations\u00e5terst\u00e4llning och svamphuvud som m\u00f6jligg\u00f6r snabb avst\u00e4ngning av motorn i n\u00f6dsituationer, vilket s\u00e4kerst\u00e4ller en snabb reaktion p\u00e5 potentiella faror.<\/li>\n<li><strong>Riktad kontroll:<\/strong> Styrenheten anv\u00e4nder knappar med internationellt erk\u00e4nda pilsymboler. Dessutom \u00e4r motsatta riktningsknappar mekaniskt f\u00f6rreglade f\u00f6r att f\u00f6rhindra samtidig anv\u00e4ndning, vilket skyddar mot oavsiktlig felanv\u00e4ndning.<\/li>\n<li><strong>Kabelupph\u00e4ngning:<\/strong> Handtaget \u00e4r upph\u00e4ngt med mjuka, tunna st\u00e5lvajrar under elsk\u00e5pet. Denna konstruktion minimerar kabelbelastningen och hj\u00e4lper till att f\u00f6rhindra skador p\u00e5 k\u00e4rnan, vilket fr\u00e4mjar l\u00e5ng livsl\u00e4ngd och tillf\u00f6rlitlig prestanda.<\/li>\n<\/ul>\n<h3>S\u00e4kerhetsfunktioner och skydd<\/h3>\n<p>Crane Pendant Controller \u00e4r utrustad med flera s\u00e4kerhetsmekanismer som garanterar b\u00e5de operat\u00f6rens s\u00e4kerhet och utrustningens livsl\u00e4ngd:<\/p>\n<ul>\n<li><strong>Vattent\u00e4t och slitstark:<\/strong> Styrenheten \u00e4r s\u00e4rskilt utformad f\u00f6r att klara tuffa milj\u00f6f\u00f6rh\u00e5llanden och garanterar konsekvent och tillf\u00f6rlitlig prestanda, \u00e4ven i utmanande v\u00e4der.<\/li>\n<li><strong>L\u00e5g styrsp\u00e4nning:<\/strong> Knappens styrsp\u00e4nning \u00e4r begr\u00e4nsad till 36 V, vilket f\u00f6rb\u00e4ttrar operat\u00f6rens s\u00e4kerhet genom att minska risken f\u00f6r elektriska st\u00f6tar under anv\u00e4ndning.<\/li>\n<li><strong>H\u00f6g skyddsgrad:<\/strong> Med en imponerande skyddsniv\u00e5 p\u00e5 IP65 \u00e4r styrenheten motst\u00e5ndskraftig mot b\u00e5de vatten och damm, vilket s\u00e4kerst\u00e4ller funktion under extrema f\u00f6rh\u00e5llanden.<\/li>\n<li><strong>Isolering och resistans:<\/strong> Anv\u00e4ndningen av h\u00f6gkvalitativa isoleringsmaterial garanterar s\u00e4ker och tillf\u00f6rlitlig drift, \u00e4ven i fuktiga eller ogynnsamma milj\u00f6er.<\/li>\n<\/ul>\n<h3>Underh\u00e5ll och sk\u00f6tsel<\/h3>\n<p>F\u00f6r att s\u00e4kerst\u00e4lla l\u00e5ngsiktig stabilitet och funktionalitet f\u00f6r Crane Pendant Controller \u00e4r regelbundet underh\u00e5ll viktigt. H\u00e4r f\u00f6ljer n\u00e5gra viktiga underh\u00e5llstips:<\/p>\n<ul>\n<li><strong>Kontroll av knapp och n\u00f6dstopp:<\/strong> Inspektera regelbundet knapparna och n\u00f6dstoppsbrytaren f\u00f6r att s\u00e4kerst\u00e4lla att de fortfarande fungerar fullt ut och att de snabbt kan \u00e5terst\u00e4llas vid behov.<\/li>\n<li><strong>Symbolens synlighet:<\/strong> Kontrollera regelbundet knapparnas m\u00e4rkning f\u00f6r att s\u00e4kerst\u00e4lla att de \u00e4r tydliga och synliga, vilket underl\u00e4ttar intuitiv anv\u00e4ndning.<\/li>\n<li><strong>Fj\u00e4dringssystemets integritet:<\/strong> Inspektera handtagets upph\u00e4ngningssystem f\u00f6r att s\u00e4kerst\u00e4lla att det \u00e4r ordentligt fastsatt. Detta hj\u00e4lper till att f\u00f6rhindra \u00f6verdriven belastning p\u00e5 kablarna och skyddar styrenheten fr\u00e5n potentiella skador.<\/li>\n<li><strong>Milj\u00f6skydd:<\/strong> F\u00f6rvara och anv\u00e4nd styrenheten under f\u00f6rh\u00e5llanden som minimerar l\u00e5ngvarig exponering f\u00f6r extrema v\u00e4derf\u00f6rh\u00e5llanden, vilket bevarar dess funktionalitet och livsl\u00e4ngd.<\/li>\n<\/ul>","protected":false},"excerpt":{"rendered":"<h6><strong><span style=\"font-family: arial, helvetica, sans-serif; font-size: 14pt;\">Specifikationer f\u00f6r h\u00e4ngande styrenheter f\u00f6r kranar<\/span><\/strong><\/h6>\n<ul>\n<li><strong>Antal knappar<\/strong>: 2, 4 eller 6 knappar.<\/li>\n<li><strong>Skyddsniv\u00e5<\/strong>: IP65.<\/li>\n<li><strong>Styrsp\u00e4nning<\/strong>: 36V.<\/li>\n<li><strong>Driftstemperaturomr\u00e5de<\/strong>: -40\u00b0C till +85\u00b0C.<\/li>\n<\/ul>","protected":false},"featured_media":7464,"template":"","meta":{"_kad_post_transparent":"default","_kad_post_title":"","_kad_post_layout":"default","_kad_post_sidebar_id":"","_kad_post_content_style":"default","_kad_post_vertical_padding":"show","_kad_post_feature":"","_kad_post_feature_position":"","_kad_post_header":false,"_kad_post_footer":false},"product_brand":[],"product_cat":[65],"product_tag":[632,622,376,634,612,616,626,627,629,613,617,620,615,614,618,628,619,621,623,630,635,633,625,631,624],"class_list":{"0":"post-5753","1":"product","2":"type-product","3":"status-publish","4":"has-post-thumbnail","6":"product_cat-crane-electrical-parts","7":"product_tag-aviation-plug","8":"product_tag-cable-trolley","9":"product_tag-china-crane-parts-supplier","10":"product_tag-crane-aviation-plug","11":"product_tag-crane-cable-trolley","12":"product_tag-crane-control-cabinet","13":"product_tag-crane-control-handle","14":"product_tag-crane-controls","15":"product_tag-crane-electrical-control-cabinet","16":"product_tag-crane-electrical-part","17":"product_tag-crane-limit-switch","18":"product_tag-crane-overload-limiter","19":"product_tag-crane-pendant-controller","20":"product_tag-crane-remote-controller","21":"product_tag-crane-sound-and-light-alarm","22":"product_tag-electrical-control-cabinet","23":"product_tag-heavy-duty-aviation-connector","24":"product_tag-i-beam-cable-trolley","25":"product_tag-i-beam-cable-trolley-supplier","26":"product_tag-limit-switch","27":"product_tag-overload-limiter","28":"product_tag-quick-connector","29":"product_tag-remote-controller","30":"product_tag-sound-and-light-alarm","31":"product_tag-wireless-remote-control","33":"first","34":"instock","35":"shipping-taxable","36":"product-type-simple","37":"entry","38":"content-bg","39":"loop-entry"},"yoast_head":"<!-- This site is optimized with the Yoast SEO plugin v24.5 - https:\/\/yoast.com\/wordpress\/plugins\/seo\/ -->\n<title>Crane pendant controller - Crane control handle-Crane Controls-Crane Parts Manufacturer<\/title>\n<meta name=\"description\" content=\"Crane control handle,Crane Controls,Crane pendant controller,Pendant controller manufacturer,Crane pendant controller Supplier,Crane Electrical Parts\" \/>\n<meta name=\"robots\" content=\"index, follow, max-snippet:-1, max-image-preview:large, max-video-preview:-1\" \/>\n<link rel=\"canonical\" href=\"https:\/\/www.hnhlcranes.com\/sv\/produkt\/styrenhet-for-hangande-kran\/\" \/>\n<meta property=\"og:locale\" content=\"sv_SE\" \/>\n<meta property=\"og:type\" content=\"article\" \/>\n<meta property=\"og:title\" content=\"Crane pendant controller - Crane control handle-Crane Controls-Crane Parts Manufacturer\" \/>\n<meta property=\"og:description\" content=\"Crane control handle,Crane Controls,Crane pendant controller,Pendant controller manufacturer,Crane pendant controller Supplier,Crane Electrical Parts\" \/>\n<meta property=\"og:url\" content=\"https:\/\/www.hnhlcranes.com\/sv\/produkt\/styrenhet-for-hangande-kran\/\" \/>\n<meta property=\"og:site_name\" content=\"Crane Parts Manufacturer\" \/>\n<meta property=\"article:modified_time\" content=\"2025-01-14T15:46:32+00:00\" \/>\n<meta property=\"og:image\" content=\"https:\/\/www.hnhlcranes.com\/wp-content\/uploads\/2024\/12\/Crane-pendant-controller.jpg\" \/>\n\t<meta property=\"og:image:width\" content=\"600\" \/>\n\t<meta property=\"og:image:height\" content=\"600\" \/>\n\t<meta property=\"og:image:type\" content=\"image\/jpeg\" \/>\n<meta name=\"twitter:card\" content=\"summary_large_image\" \/>\n<meta name=\"twitter:label1\" content=\"Ber\u00e4knad l\u00e4stid\" \/>\n\t<meta name=\"twitter:data1\" content=\"3 minuter\" \/>\n<script type=\"application\/ld+json\" class=\"yoast-schema-graph\">{\"@context\":\"https:\/\/schema.org\",\"@graph\":[{\"@type\":\"WebPage\",\"@id\":\"https:\/\/www.hnhlcranes.com\/product\/crane-pendant-controller\/\",\"url\":\"https:\/\/www.hnhlcranes.com\/product\/crane-pendant-controller\/\",\"name\":\"Crane pendant controller - Crane control handle-Crane Controls-Crane Parts Manufacturer\",\"isPartOf\":{\"@id\":\"https:\/\/www.hnhlcranes.com\/#website\"},\"primaryImageOfPage\":{\"@id\":\"https:\/\/www.hnhlcranes.com\/product\/crane-pendant-controller\/#primaryimage\"},\"image\":{\"@id\":\"https:\/\/www.hnhlcranes.com\/product\/crane-pendant-controller\/#primaryimage\"},\"thumbnailUrl\":\"https:\/\/www.hnhlcranes.com\/wp-content\/uploads\/2024\/12\/Crane-pendant-controller.jpg\",\"datePublished\":\"2024-12-05T14:58:36+00:00\",\"dateModified\":\"2025-01-14T15:46:32+00:00\",\"description\":\"Crane control handle,Crane Controls,Crane pendant controller,Pendant controller manufacturer,Crane pendant controller Supplier,Crane Electrical Parts\",\"breadcrumb\":{\"@id\":\"https:\/\/www.hnhlcranes.com\/product\/crane-pendant-controller\/#breadcrumb\"},\"inLanguage\":\"sv-SE\",\"potentialAction\":[{\"@type\":\"ReadAction\",\"target\":[\"https:\/\/www.hnhlcranes.com\/product\/crane-pendant-controller\/\"]}]},{\"@type\":\"ImageObject\",\"inLanguage\":\"sv-SE\",\"@id\":\"https:\/\/www.hnhlcranes.com\/product\/crane-pendant-controller\/#primaryimage\",\"url\":\"https:\/\/www.hnhlcranes.com\/wp-content\/uploads\/2024\/12\/Crane-pendant-controller.jpg\",\"contentUrl\":\"https:\/\/www.hnhlcranes.com\/wp-content\/uploads\/2024\/12\/Crane-pendant-controller.jpg\",\"width\":600,\"height\":600},{\"@type\":\"BreadcrumbList\",\"@id\":\"https:\/\/www.hnhlcranes.com\/product\/crane-pendant-controller\/#breadcrumb\",\"itemListElement\":[{\"@type\":\"ListItem\",\"position\":1,\"name\":\"home\",\"item\":\"https:\/\/www.hnhlcranes.com\/\"},{\"@type\":\"ListItem\",\"position\":2,\"name\":\"products\",\"item\":\"https:\/\/www.hnhlcranes.com\/products\/\"},{\"@type\":\"ListItem\",\"position\":3,\"name\":\"Crane pendant controller\"}]},{\"@type\":\"WebSite\",\"@id\":\"https:\/\/www.hnhlcranes.com\/#website\",\"url\":\"https:\/\/www.hnhlcranes.com\/\",\"name\":\"Crane Parts Manufacturer\",\"description\":\"Crane Wheels,Crane Drums,Crane Hooks,Crane Coupling,Crane End Carriage,Electric Hoist,European Crane Parts,Crane Rail Clip,Crane Spreader,Crane Motor,Crane Reducer,Crane Brake,Light Crane Parts,Workstation Crane Parts,Crane Electrical Parts,China Crane Parts Supplier,China Crane Parts Manufacturer,Angle box type crane wheel,45 degree split crane wheel,European crane wheel,Crane Wheel Blocks,Overhead crane drum,European crane drum,Overhead crane hook,European crane hook,Crane pulley block,Gear coupling,Brake wheel coupling,Drum gear coupling,Brake wheel drum gear coupling,Cardan Shaft Coupling,WZL drum coupling,Plum blossom elastic coupling,Brake wheel plum elastic coupling,European Single girder crane end carriage,European Double girder crane end carriage,European Suspension  crane end carriage,Wire Rope Electric Hoist,Electric Chain Hoist,European Single Girder Wire Rope Electric Hoist,European Double Girder Wire Rope Electric Hoist,Crane grab,Container spreader,Billet crane clamps,C-type hook,Lifting Electromagnet,YZR crane motor,YZP crane motor,ZQ Reducer,ZSC Reducer,QJ Reducer,QJ-L Reducer,QJY Reducer,H series gearbox,F Series Gear Motor,K Series Gear Motor,R Series Gear Motor,travelling machinery gear motor,Electro hydraulic drum brake,Electro hydraulic disc brake,Crane Safety brake,Crane cable trolley,Crane remote controller,Crane pendant controller,Crane electrical control cabinet,Crane limit switch,Crane sound and light alarm,Heavy Duty Aviation Connector,Crane overload limiter\",\"publisher\":{\"@id\":\"https:\/\/www.hnhlcranes.com\/#organization\"},\"potentialAction\":[{\"@type\":\"SearchAction\",\"target\":{\"@type\":\"EntryPoint\",\"urlTemplate\":\"https:\/\/www.hnhlcranes.com\/?s={search_term_string}\"},\"query-input\":{\"@type\":\"PropertyValueSpecification\",\"valueRequired\":true,\"valueName\":\"search_term_string\"}}],\"inLanguage\":\"sv-SE\"},{\"@type\":\"Organization\",\"@id\":\"https:\/\/www.hnhlcranes.com\/#organization\",\"name\":\"Crane Parts Manufacturer\",\"url\":\"https:\/\/www.hnhlcranes.com\/\",\"logo\":{\"@type\":\"ImageObject\",\"inLanguage\":\"sv-SE\",\"@id\":\"https:\/\/www.hnhlcranes.com\/#\/schema\/logo\/image\/\",\"url\":\"https:\/\/www.hnhlcranes.com\/wp-content\/uploads\/2025\/01\/HL-logo-1.png\",\"contentUrl\":\"https:\/\/www.hnhlcranes.com\/wp-content\/uploads\/2025\/01\/HL-logo-1.png\",\"width\":600,\"height\":169,\"caption\":\"Crane Parts Manufacturer\"},\"image\":{\"@id\":\"https:\/\/www.hnhlcranes.com\/#\/schema\/logo\/image\/\"}}]}<\/script>\n<!-- \/ Yoast SEO plugin. -->","yoast_head_json":{"title":"Crane pendant controller - Crane control handle-Crane Controls-Crane Parts Manufacturer","description":"Crane control handle,Crane Controls,Crane pendant controller,Pendant controller manufacturer,Crane pendant controller Supplier,Crane Electrical Parts","robots":{"index":"index","follow":"follow","max-snippet":"max-snippet:-1","max-image-preview":"max-image-preview:large","max-video-preview":"max-video-preview:-1"},"canonical":"https:\/\/www.hnhlcranes.com\/sv\/produkt\/styrenhet-for-hangande-kran\/","og_locale":"sv_SE","og_type":"article","og_title":"Crane pendant controller - Crane control handle-Crane Controls-Crane Parts Manufacturer","og_description":"Crane control handle,Crane Controls,Crane pendant controller,Pendant controller manufacturer,Crane pendant controller Supplier,Crane Electrical Parts","og_url":"https:\/\/www.hnhlcranes.com\/sv\/produkt\/styrenhet-for-hangande-kran\/","og_site_name":"Crane Parts Manufacturer","article_modified_time":"2025-01-14T15:46:32+00:00","og_image":[{"width":600,"height":600,"url":"https:\/\/www.hnhlcranes.com\/wp-content\/uploads\/2024\/12\/Crane-pendant-controller.jpg","type":"image\/jpeg"}],"twitter_card":"summary_large_image","twitter_misc":{"Ber\u00e4knad l\u00e4stid":"3 minuter"},"schema":{"@context":"https:\/\/schema.org","@graph":[{"@type":"WebPage","@id":"https:\/\/www.hnhlcranes.com\/product\/crane-pendant-controller\/","url":"https:\/\/www.hnhlcranes.com\/product\/crane-pendant-controller\/","name":"Crane pendant controller - Crane control handle-Crane Controls-Crane Parts Manufacturer","isPartOf":{"@id":"https:\/\/www.hnhlcranes.com\/#website"},"primaryImageOfPage":{"@id":"https:\/\/www.hnhlcranes.com\/product\/crane-pendant-controller\/#primaryimage"},"image":{"@id":"https:\/\/www.hnhlcranes.com\/product\/crane-pendant-controller\/#primaryimage"},"thumbnailUrl":"https:\/\/www.hnhlcranes.com\/wp-content\/uploads\/2024\/12\/Crane-pendant-controller.jpg","datePublished":"2024-12-05T14:58:36+00:00","dateModified":"2025-01-14T15:46:32+00:00","description":"Crane control handle,Crane Controls,Crane pendant controller,Pendant controller manufacturer,Crane pendant controller Supplier,Crane Electrical Parts","breadcrumb":{"@id":"https:\/\/www.hnhlcranes.com\/product\/crane-pendant-controller\/#breadcrumb"},"inLanguage":"sv-SE","potentialAction":[{"@type":"ReadAction","target":["https:\/\/www.hnhlcranes.com\/product\/crane-pendant-controller\/"]}]},{"@type":"ImageObject","inLanguage":"sv-SE","@id":"https:\/\/www.hnhlcranes.com\/product\/crane-pendant-controller\/#primaryimage","url":"https:\/\/www.hnhlcranes.com\/wp-content\/uploads\/2024\/12\/Crane-pendant-controller.jpg","contentUrl":"https:\/\/www.hnhlcranes.com\/wp-content\/uploads\/2024\/12\/Crane-pendant-controller.jpg","width":600,"height":600},{"@type":"BreadcrumbList","@id":"https:\/\/www.hnhlcranes.com\/product\/crane-pendant-controller\/#breadcrumb","itemListElement":[{"@type":"ListItem","position":1,"name":"home","item":"https:\/\/www.hnhlcranes.com\/"},{"@type":"ListItem","position":2,"name":"products","item":"https:\/\/www.hnhlcranes.com\/products\/"},{"@type":"ListItem","position":3,"name":"Crane pendant controller"}]},{"@type":"WebSite","@id":"https:\/\/www.hnhlcranes.com\/#website","url":"https:\/\/www.hnhlcranes.com\/","name":"Crane Parts Manufacturer","description":"Crane Wheels,Crane Drums,Crane Hooks,Crane Coupling,Crane End Carriage,Electric Hoist,European Crane Parts,Crane Rail Clip,Crane Spreader,Crane Motor,Crane Reducer,Crane Brake,Light Crane Parts,Workstation Crane Parts,Crane Electrical Parts,China Crane Parts Supplier,China Crane Parts Manufacturer,Angle box type crane wheel,45 degree split crane wheel,European crane wheel,Crane Wheel Blocks,Overhead crane drum,European crane drum,Overhead crane hook,European crane hook,Crane pulley block,Gear coupling,Brake wheel coupling,Drum gear coupling,Brake wheel drum gear coupling,Cardan Shaft Coupling,WZL drum coupling,Plum blossom elastic coupling,Brake wheel plum elastic coupling,European Single girder crane end carriage,European Double girder crane end carriage,European Suspension  crane end carriage,Wire Rope Electric Hoist,Electric Chain Hoist,European Single Girder Wire Rope Electric Hoist,European Double Girder Wire Rope Electric Hoist,Crane grab,Container spreader,Billet crane clamps,C-type hook,Lifting Electromagnet,YZR crane motor,YZP crane motor,ZQ Reducer,ZSC Reducer,QJ Reducer,QJ-L Reducer,QJY Reducer,H series gearbox,F Series Gear Motor,K Series Gear Motor,R Series Gear Motor,travelling machinery gear motor,Electro hydraulic drum brake,Electro hydraulic disc brake,Crane Safety brake,Crane cable trolley,Crane remote controller,Crane pendant controller,Crane electrical control cabinet,Crane limit switch,Crane sound and light alarm,Heavy Duty Aviation Connector,Crane overload limiter","publisher":{"@id":"https:\/\/www.hnhlcranes.com\/#organization"},"potentialAction":[{"@type":"SearchAction","target":{"@type":"EntryPoint","urlTemplate":"https:\/\/www.hnhlcranes.com\/?s={search_term_string}"},"query-input":{"@type":"PropertyValueSpecification","valueRequired":true,"valueName":"search_term_string"}}],"inLanguage":"sv-SE"},{"@type":"Organization","@id":"https:\/\/www.hnhlcranes.com\/#organization","name":"Crane Parts Manufacturer","url":"https:\/\/www.hnhlcranes.com\/","logo":{"@type":"ImageObject","inLanguage":"sv-SE","@id":"https:\/\/www.hnhlcranes.com\/#\/schema\/logo\/image\/","url":"https:\/\/www.hnhlcranes.com\/wp-content\/uploads\/2025\/01\/HL-logo-1.png","contentUrl":"https:\/\/www.hnhlcranes.com\/wp-content\/uploads\/2025\/01\/HL-logo-1.png","width":600,"height":169,"caption":"Crane Parts Manufacturer"},"image":{"@id":"https:\/\/www.hnhlcranes.com\/#\/schema\/logo\/image\/"}}]}},"_links":{"self":[{"href":"https:\/\/www.hnhlcranes.com\/sv\/wp-json\/wp\/v2\/product\/5753","targetHints":{"allow":["GET"]}}],"collection":[{"href":"https:\/\/www.hnhlcranes.com\/sv\/wp-json\/wp\/v2\/product"}],"about":[{"href":"https:\/\/www.hnhlcranes.com\/sv\/wp-json\/wp\/v2\/types\/product"}],"version-history":[{"count":2,"href":"https:\/\/www.hnhlcranes.com\/sv\/wp-json\/wp\/v2\/product\/5753\/revisions"}],"predecessor-version":[{"id":7465,"href":"https:\/\/www.hnhlcranes.com\/sv\/wp-json\/wp\/v2\/product\/5753\/revisions\/7465"}],"wp:featuredmedia":[{"embeddable":true,"href":"https:\/\/www.hnhlcranes.com\/sv\/wp-json\/wp\/v2\/media\/7464"}],"wp:attachment":[{"href":"https:\/\/www.hnhlcranes.com\/sv\/wp-json\/wp\/v2\/media?parent=5753"}],"wp:term":[{"taxonomy":"product_brand","embeddable":true,"href":"https:\/\/www.hnhlcranes.com\/sv\/wp-json\/wp\/v2\/product_brand?post=5753"},{"taxonomy":"product_cat","embeddable":true,"href":"https:\/\/www.hnhlcranes.com\/sv\/wp-json\/wp\/v2\/product_cat?post=5753"},{"taxonomy":"product_tag","embeddable":true,"href":"https:\/\/www.hnhlcranes.com\/sv\/wp-json\/wp\/v2\/product_tag?post=5753"}],"curies":[{"name":"wp","href":"https:\/\/api.w.org\/{rel}","templated":true}]}}