{"id":5820,"date":"2024-12-06T01:29:13","date_gmt":"2024-12-05T17:29:13","guid":{"rendered":"https:\/\/www.hnhlcranes.com\/?post_type=product&#038;p=5820"},"modified":"2025-01-16T16:14:10","modified_gmt":"2025-01-16T08:14:10","slug":"overlastbegransare-for-kran","status":"publish","type":"product","link":"https:\/\/www.hnhlcranes.com\/sv\/produkt\/overlastbegransare-for-kran\/","title":{"rendered":"\u00d6verbelastningsbegr\u00e4nsare f\u00f6r kran"},"content":{"rendered":"<div class=\"flex-1 overflow-hidden\">\n<div class=\"h-full\">\n<div class=\"react-scroll-to-bottom--css-fbdqh-79elbk h-full\">\n<div class=\"react-scroll-to-bottom--css-fbdqh-1n7m0yu\">\n<div class=\"flex flex-col text-sm md:pb-9\">\n<article class=\"w-full scroll-mb-[var(--thread-trailing-height,150px)] text-token-text-primary focus-visible:outline-2 focus-visible:outline-offset-[-4px]\" dir=\"auto\" data-testid=\"conversation-turn-17\" data-scroll-anchor=\"true\">\n<div class=\"m-auto text-base py-[18px] px-3 md:px-4 w-full md:px-5 lg:px-4 xl:px-5\">\n<div class=\"mx-auto flex flex-1 gap-4 text-base md:gap-5 lg:gap-6 md:max-w-3xl lg:max-w-[40rem] xl:max-w-[48rem]\">\n<div class=\"group\/conversation-turn relative flex w-full min-w-0 flex-col agent-turn\">\n<div class=\"flex-col gap-1 md:gap-3\">\n<div class=\"flex max-w-full flex-col flex-grow\">\n<div class=\"min-h-8 text-message flex w-full flex-col items-end gap-2 whitespace-normal break-words text-start [.text-message+&amp;]:mt-5\" dir=\"auto\" data-message-author-role=\"assistant\" data-message-id=\"6538a722-2ad3-40cd-9770-c47786dcb06e\" data-message-model-slug=\"gpt-4o\">\n<div class=\"flex w-full flex-col gap-1 empty:hidden first:pt-[3px]\">\n<div class=\"markdown prose w-full break-words dark:prose-invert light\">\n<div class=\"flex max-w-full flex-col flex-grow\">\n<div class=\"min-h-8 text-message flex w-full flex-col items-end gap-2 whitespace-normal break-words text-start [.text-message+&amp;]:mt-5\" dir=\"auto\" data-message-author-role=\"assistant\" data-message-id=\"4161658d-c029-4f43-843c-307ecec1274a\" data-message-model-slug=\"gpt-4o\">\n<div class=\"flex w-full flex-col gap-1 empty:hidden first:pt-[3px]\">\n<div class=\"markdown prose w-full break-words dark:prose-invert light\">\n<h3><strong>Milj\u00f6m\u00e4ssig l\u00e4mplighet <\/strong>av \u00f6verbelastningsbegr\u00e4nsare f\u00f6r kranar<\/h3>\n<ol>\n<li><strong>Milj\u00f6er med h\u00f6g och l\u00e5g temperatur:<\/strong>\n<ul>\n<li>Kranens \u00f6verbelastningsbegr\u00e4nsare kan arbeta tillf\u00f6rlitligt i ett brett temperaturomr\u00e5de, vanligtvis fr\u00e5n -40\u00b0C till +85\u00b0C, vilket g\u00f6r dem l\u00e4mpliga f\u00f6r b\u00e5de h\u00f6ga och l\u00e5ga temperaturer.<\/li>\n<\/ul>\n<\/li>\n<li><strong>Fuktiga och vattent\u00e4ta milj\u00f6er:<\/strong>\n<ul>\n<li>Dessa begr\u00e4nsare har vanligtvis en IP65-klassning eller h\u00f6gre, vilket f\u00f6rhindrar att vatten och damm tr\u00e4nger in i enheten. Detta g\u00f6r dem idealiska f\u00f6r anv\u00e4ndning i fuktiga, dammiga eller tuffa v\u00e4derf\u00f6rh\u00e5llanden.<\/li>\n<\/ul>\n<\/li>\n<\/ol>\n<h3><strong>Huvudfunktioner <\/strong>av \u00f6verbelastningsbegr\u00e4nsare f\u00f6r kranar<\/h3>\n<ol>\n<li><strong>\u00d6vervakning av belastning och f\u00f6rebyggande av \u00f6verbelastning:<\/strong>\n<ul>\n<li>\u00d6verlastbegr\u00e4nsaren \u00f6vervakar kontinuerligt lasten p\u00e5 kroken och j\u00e4mf\u00f6r den med kranens nominella kapacitet. Om lasten \u00f6verskrider den s\u00e4kra gr\u00e4nsen begr\u00e4nsar systemet automatiskt ytterligare lyftoperationer.<\/li>\n<\/ul>\n<\/li>\n<li><strong>Automatiskt larm:<\/strong>\n<ul>\n<li>N\u00e4r belastningen n\u00e4rmar sig eller \u00f6verskrider s\u00e4kerhetstr\u00f6skeln utl\u00f6ser systemet ett larm, inklusive akustiska och visuella signaler, som varnar operat\u00f6ren att vidta korrigerande \u00e5tg\u00e4rder och f\u00f6rhindra ytterligare \u00f6verbelastning.<\/li>\n<\/ul>\n<\/li>\n<li><strong>Operativt skydd:<\/strong>\n<ul>\n<li>\u00d6verbelastningsbegr\u00e4nsaren kan interagera med kranens styrsystem f\u00f6r att automatiskt minska lyfthastigheten eller helt stoppa ytterligare lyftoperationer, vilket f\u00f6rhindrar skador p\u00e5 utrustningen eller s\u00e4kerhetsrisker som orsakas av \u00f6verbelastning.<\/li>\n<\/ul>\n<\/li>\n<li><strong>Datalagring och analys:<\/strong>\n<ul>\n<li>Begr\u00e4nsaren \u00e4r vanligtvis utrustad med datalagringsfunktioner, vilket g\u00f6r att den kan registrera historiska belastningsdata, larminformation och andra driftdetaljer. Detta underl\u00e4ttar analys, diagnostik och underh\u00e5ll efter drift. Vissa modeller har \u00e4ven st\u00f6d f\u00f6r fj\u00e4rr\u00f6vervakning och nedladdning av data.<\/li>\n<\/ul>\n<\/li>\n<li><strong>Fj\u00e4rrkontroll och varningar:<\/strong>\n<ul>\n<li>Vissa modeller har funktioner f\u00f6r fj\u00e4rr\u00f6vervakning och fj\u00e4rrstyrning, vilket g\u00f6r det m\u00f6jligt f\u00f6r f\u00f6rare eller chefer att se lastdata och larminformation p\u00e5 avst\u00e5nd, vilket f\u00f6rb\u00e4ttrar den \u00f6vergripande s\u00e4kerheten under kranarbetet.<\/li>\n<\/ul>\n<\/li>\n<\/ol>\n<h3><strong>Arbetsprincip<\/strong><\/h3>\n<ol>\n<li><strong>M\u00e4tning av belastning:<\/strong>\n<ul>\n<li>Kranens \u00f6verbelastningsbegr\u00e4nsare anv\u00e4nder sensorer, t.ex. tryck-, drag- eller f\u00f6rskjutningssensorer, f\u00f6r att m\u00e4ta belastningen p\u00e5 kroken i realtid. Sensorerna skickar dessa data till styrsystemet f\u00f6r bearbetning.<\/li>\n<\/ul>\n<\/li>\n<li><strong>Databehandling och j\u00e4mf\u00f6relse:<\/strong>\n<ul>\n<li>N\u00e4r styrsystemet har tagit emot sensordata j\u00e4mf\u00f6r det den aktuella belastningen med den f\u00f6rinst\u00e4llda s\u00e4kerhetsgr\u00e4nsen. Om belastningen \u00f6verskrider gr\u00e4nsen utl\u00f6ser systemet omedelbart larmet och aktiverar skyddsmekanismen.<\/li>\n<\/ul>\n<\/li>\n<li><strong>Larm- och skyddsmekanism:<\/strong>\n<ul>\n<li>N\u00e4r lasten \u00f6verskrider den s\u00e4kra tr\u00f6skeln aktiverar systemet det akustiska och visuella larmet f\u00f6r att varna operat\u00f6ren. Samtidigt vidtar systemet automatiskt \u00e5tg\u00e4rder, t.ex. s\u00e4nker lyfthastigheten eller stoppar ytterligare lyft f\u00f6r att f\u00f6rhindra skador p\u00e5 utrustningen eller s\u00e4kerhetsincidenter.<\/li>\n<\/ul>\n<\/li>\n<li><strong>\u00d6vervakning och inspelning i realtid:<\/strong>\n<ul>\n<li>\u00d6verbelastningsbegr\u00e4nsaren visar belastningsdata i realtid p\u00e5 en sk\u00e4rm och registrerar historiska data f\u00f6r senare granskning. Vissa avancerade modeller kan \u00f6verf\u00f6ra data p\u00e5 distans till en \u00f6vervakningscentral, vilket m\u00f6jligg\u00f6r kontinuerlig observation av operat\u00f6ren eller ledningsgruppen.<\/li>\n<\/ul>\n<\/li>\n<li><strong>Justering och optimering:<\/strong>\n<ul>\n<li>Vissa avancerade \u00f6verlastbegr\u00e4nsare har intelligenta justeringsfunktioner. De justerar automatiskt lastgr\u00e4nsen baserat p\u00e5 de f\u00f6r\u00e4ndrade arbetsf\u00f6rh\u00e5llandena, vilket s\u00e4kerst\u00e4ller att kranen alltid arbetar inom s\u00e4kerhetsintervallet.<\/li>\n<\/ul>\n<\/li>\n<\/ol>\n<\/div>\n<\/div>\n<\/div>\n<\/div>\n<h6><strong><span style=\"font-family: arial, helvetica, sans-serif; font-size: 18pt;\">Slutsats<\/span><\/strong><\/h6>\n<p>Den <strong>QCX \u00d6verbelastningsbegr\u00e4nsare f\u00f6r kranar<\/strong> \u00e4r en oumb\u00e4rlig s\u00e4kerhetsmekanism f\u00f6r dubbeltraverskranar. Genom att erbjuda exakt last\u00f6vervakning, tillf\u00f6rlitliga larm och automatisk motoravst\u00e4ngning minimerar den riskerna i samband med \u00f6verbelastning och bidrar v\u00e4sentligt till moderna industriella s\u00e4kerhetsstandarder.<\/p>\n<\/div>\n<\/div>\n<\/div>\n<\/div>\n<\/div>\n<\/div>\n<\/div>\n<\/div>\n<\/article>\n<\/div>\n<\/div>\n<\/div>\n<\/div>\n<\/div>\n<div><span style=\"font-family: var(--global-body-font-family);\">Sensorer med axelhus och baser, kombinerat med instrument av typen QCX-M, \u00e4r den vanligaste formen av lyftviktsbegr\u00e4nsare. Dimensionerna f\u00f6r standardprodukter visas i f\u00f6ljande tabell. Till exempel \u00e4r ordermodellen: \u201cQCX-M-4-20t\/170-320\u201d.<\/span><\/div>\n<div><img fetchpriority=\"high\" decoding=\"async\" class=\"alignnone wp-image-7540\" src=\"https:\/\/www.hnhlcranes.com\/wp-content\/uploads\/2024\/12\/Crane-overload-limiter-7-300x188.jpg\" alt=\"\" width=\"962\" height=\"603\" srcset=\"https:\/\/www.hnhlcranes.com\/wp-content\/uploads\/2024\/12\/Crane-overload-limiter-7-300x188.jpg 300w, https:\/\/www.hnhlcranes.com\/wp-content\/uploads\/2024\/12\/Crane-overload-limiter-7-768x482.jpg 768w, https:\/\/www.hnhlcranes.com\/wp-content\/uploads\/2024\/12\/Crane-overload-limiter-7-600x377.jpg 600w, https:\/\/www.hnhlcranes.com\/wp-content\/uploads\/2024\/12\/Crane-overload-limiter-7.jpg 1000w\" sizes=\"(max-width: 962px) 100vw, 962px\" \/><\/div>\n<div>\n<p>&nbsp;<\/p>\n<p>Sensorer f\u00f6r stora tonnagebegr\u00e4nsare \u00e4r i allm\u00e4nhet anpassade enligt anv\u00e4ndarritningar. Seriedimensionerna i f\u00f6ljande tabell \u00e4r sammanfattade baserat p\u00e5 orderritningar fr\u00e5n stora kinesiska krantillverkare som referens n\u00e4r nya anv\u00e4ndare best\u00e4ller eller konstruerar produkter som inte \u00e4r standard.<\/p>\n<p><img decoding=\"async\" class=\"alignnone wp-image-7541\" src=\"https:\/\/www.hnhlcranes.com\/wp-content\/uploads\/2024\/12\/Crane-overload-limiter-8-300x206.jpg\" alt=\"\" width=\"990\" height=\"680\" srcset=\"https:\/\/www.hnhlcranes.com\/wp-content\/uploads\/2024\/12\/Crane-overload-limiter-8-300x206.jpg 300w, https:\/\/www.hnhlcranes.com\/wp-content\/uploads\/2024\/12\/Crane-overload-limiter-8-768x528.jpg 768w, https:\/\/www.hnhlcranes.com\/wp-content\/uploads\/2024\/12\/Crane-overload-limiter-8-600x413.jpg 600w, https:\/\/www.hnhlcranes.com\/wp-content\/uploads\/2024\/12\/Crane-overload-limiter-8.jpg 1000w\" sizes=\"(max-width: 990px) 100vw, 990px\" \/><\/p>\n<p>HLF-3A-seriens sensorer best\u00e5r av tv\u00e5 delar: sensorer och kuddar. De \u00e4r huvudsakligen installerade under de tv\u00e5 \u00e4ndarna av kranens fasta remskiveaxel f\u00f6r att motst\u00e5 det tryck som genereras av remskivans block. I allm\u00e4nhet anv\u00e4nds tv\u00e5 sensorer i en grupp. De anv\u00e4nds ofta vid tillf\u00e4llen med relativt h\u00f6ga krav p\u00e5 m\u00e4tnoggrannhet, t.ex. elektroniska v\u00e5gar f\u00f6r kranar.<\/p>\n<p>&nbsp;<\/p>\n<\/div>\n<div><img decoding=\"async\" class=\"alignnone wp-image-7542\" src=\"https:\/\/www.hnhlcranes.com\/wp-content\/uploads\/2024\/12\/Crane-overload-limiter-HLF-300x187.jpg\" alt=\"\" width=\"977\" height=\"609\" srcset=\"https:\/\/www.hnhlcranes.com\/wp-content\/uploads\/2024\/12\/Crane-overload-limiter-HLF-300x187.jpg 300w, https:\/\/www.hnhlcranes.com\/wp-content\/uploads\/2024\/12\/Crane-overload-limiter-HLF-768x479.jpg 768w, https:\/\/www.hnhlcranes.com\/wp-content\/uploads\/2024\/12\/Crane-overload-limiter-HLF-600x374.jpg 600w, https:\/\/www.hnhlcranes.com\/wp-content\/uploads\/2024\/12\/Crane-overload-limiter-HLF.jpg 1000w\" sizes=\"(max-width: 977px) 100vw, 977px\" \/><\/div>","protected":false},"excerpt":{"rendered":"<h6><strong><span style=\"font-family: arial, helvetica, sans-serif; font-size: 14pt;\">Huvudparametrar:<\/span><\/strong><\/h6>\n<ul>\n<li>Noggrannhet \u22645%F.S.<\/li>\n<li>90% varning, 105% larm<\/li>\n<li>130% omedelbar styrning, utmatning av en upps\u00e4ttning rel\u00e4kontakter<\/li>\n<li>Kapacitet 10A, 380V<\/li>\n<li>Str\u00f6mf\u00f6rs\u00f6rjningssp\u00e4nning AC380V eller 220V\/50Hz<\/li>\n<li>Omgivningstemperatur -20 \uff5e + 60 \u2103\/90%RH<\/li>\n<li>Sensor med skyddsniv\u00e5 IP65,<\/li>\n<li>Instrument IP42<\/li>\n<\/ul>","protected":false},"featured_media":7543,"template":"","meta":{"_kad_post_transparent":"default","_kad_post_title":"","_kad_post_layout":"default","_kad_post_sidebar_id":"","_kad_post_content_style":"default","_kad_post_vertical_padding":"show","_kad_post_feature":"","_kad_post_feature_position":"","_kad_post_header":false,"_kad_post_footer":false},"product_brand":[],"product_cat":[65],"product_tag":[632,622,376,634,612,616,626,627,629,613,617,620,615,614,618,628,619,621,623,630,635,633,625,631,624],"class_list":{"0":"post-5820","1":"product","2":"type-product","3":"status-publish","4":"has-post-thumbnail","6":"product_cat-crane-electrical-parts","7":"product_tag-aviation-plug","8":"product_tag-cable-trolley","9":"product_tag-china-crane-parts-supplier","10":"product_tag-crane-aviation-plug","11":"product_tag-crane-cable-trolley","12":"product_tag-crane-control-cabinet","13":"product_tag-crane-control-handle","14":"product_tag-crane-controls","15":"product_tag-crane-electrical-control-cabinet","16":"product_tag-crane-electrical-part","17":"product_tag-crane-limit-switch","18":"product_tag-crane-overload-limiter","19":"product_tag-crane-pendant-controller","20":"product_tag-crane-remote-controller","21":"product_tag-crane-sound-and-light-alarm","22":"product_tag-electrical-control-cabinet","23":"product_tag-heavy-duty-aviation-connector","24":"product_tag-i-beam-cable-trolley","25":"product_tag-i-beam-cable-trolley-supplier","26":"product_tag-limit-switch","27":"product_tag-overload-limiter","28":"product_tag-quick-connector","29":"product_tag-remote-controller","30":"product_tag-sound-and-light-alarm","31":"product_tag-wireless-remote-control","33":"first","34":"instock","35":"shipping-taxable","36":"product-type-simple","37":"entry","38":"content-bg","39":"loop-entry"},"yoast_head":"<!-- This site is optimized with the Yoast SEO plugin v24.5 - https:\/\/yoast.com\/wordpress\/plugins\/seo\/ -->\n<title>Crane overload limiter - Overload limiter-Crane Electrical Part-Crane Parts Manufacturer<\/title>\n<meta name=\"description\" content=\"Overload limiter,Crane overload limiter manufacturer,Crane overload limiter Supplier,Crane overload limiter,Crane Parts Supplier\" \/>\n<meta name=\"robots\" content=\"index, follow, max-snippet:-1, max-image-preview:large, max-video-preview:-1\" \/>\n<link rel=\"canonical\" href=\"https:\/\/www.hnhlcranes.com\/sv\/produkt\/overlastbegransare-for-kran\/\" \/>\n<meta property=\"og:locale\" content=\"sv_SE\" \/>\n<meta property=\"og:type\" content=\"article\" \/>\n<meta property=\"og:title\" content=\"Crane overload limiter - Overload limiter-Crane Electrical Part-Crane Parts Manufacturer\" \/>\n<meta property=\"og:description\" content=\"Overload limiter,Crane overload limiter manufacturer,Crane overload limiter Supplier,Crane overload limiter,Crane Parts Supplier\" \/>\n<meta property=\"og:url\" content=\"https:\/\/www.hnhlcranes.com\/sv\/produkt\/overlastbegransare-for-kran\/\" \/>\n<meta property=\"og:site_name\" content=\"Crane Parts Manufacturer\" \/>\n<meta property=\"article:modified_time\" content=\"2025-01-16T08:14:10+00:00\" \/>\n<meta property=\"og:image\" content=\"https:\/\/www.hnhlcranes.com\/wp-content\/uploads\/2024\/12\/Crane-overload-limiter.jpg\" \/>\n\t<meta property=\"og:image:width\" content=\"600\" \/>\n\t<meta property=\"og:image:height\" content=\"600\" \/>\n\t<meta property=\"og:image:type\" content=\"image\/jpeg\" \/>\n<meta name=\"twitter:card\" content=\"summary_large_image\" \/>\n<meta name=\"twitter:label1\" content=\"Ber\u00e4knad l\u00e4stid\" \/>\n\t<meta name=\"twitter:data1\" content=\"4 minuter\" \/>\n<script type=\"application\/ld+json\" class=\"yoast-schema-graph\">{\"@context\":\"https:\/\/schema.org\",\"@graph\":[{\"@type\":\"WebPage\",\"@id\":\"https:\/\/www.hnhlcranes.com\/product\/crane-overload-limiter\/\",\"url\":\"https:\/\/www.hnhlcranes.com\/product\/crane-overload-limiter\/\",\"name\":\"Crane overload limiter - Overload limiter-Crane Electrical Part-Crane Parts Manufacturer\",\"isPartOf\":{\"@id\":\"https:\/\/www.hnhlcranes.com\/#website\"},\"primaryImageOfPage\":{\"@id\":\"https:\/\/www.hnhlcranes.com\/product\/crane-overload-limiter\/#primaryimage\"},\"image\":{\"@id\":\"https:\/\/www.hnhlcranes.com\/product\/crane-overload-limiter\/#primaryimage\"},\"thumbnailUrl\":\"https:\/\/www.hnhlcranes.com\/wp-content\/uploads\/2024\/12\/Crane-overload-limiter.jpg\",\"datePublished\":\"2024-12-05T17:29:13+00:00\",\"dateModified\":\"2025-01-16T08:14:10+00:00\",\"description\":\"Overload limiter,Crane overload limiter manufacturer,Crane overload limiter Supplier,Crane overload limiter,Crane Parts Supplier\",\"breadcrumb\":{\"@id\":\"https:\/\/www.hnhlcranes.com\/product\/crane-overload-limiter\/#breadcrumb\"},\"inLanguage\":\"sv-SE\",\"potentialAction\":[{\"@type\":\"ReadAction\",\"target\":[\"https:\/\/www.hnhlcranes.com\/product\/crane-overload-limiter\/\"]}]},{\"@type\":\"ImageObject\",\"inLanguage\":\"sv-SE\",\"@id\":\"https:\/\/www.hnhlcranes.com\/product\/crane-overload-limiter\/#primaryimage\",\"url\":\"https:\/\/www.hnhlcranes.com\/wp-content\/uploads\/2024\/12\/Crane-overload-limiter.jpg\",\"contentUrl\":\"https:\/\/www.hnhlcranes.com\/wp-content\/uploads\/2024\/12\/Crane-overload-limiter.jpg\",\"width\":600,\"height\":600},{\"@type\":\"BreadcrumbList\",\"@id\":\"https:\/\/www.hnhlcranes.com\/product\/crane-overload-limiter\/#breadcrumb\",\"itemListElement\":[{\"@type\":\"ListItem\",\"position\":1,\"name\":\"home\",\"item\":\"https:\/\/www.hnhlcranes.com\/\"},{\"@type\":\"ListItem\",\"position\":2,\"name\":\"products\",\"item\":\"https:\/\/www.hnhlcranes.com\/products\/\"},{\"@type\":\"ListItem\",\"position\":3,\"name\":\"Crane overload limiter\"}]},{\"@type\":\"WebSite\",\"@id\":\"https:\/\/www.hnhlcranes.com\/#website\",\"url\":\"https:\/\/www.hnhlcranes.com\/\",\"name\":\"Crane Parts Manufacturer\",\"description\":\"Crane Wheels,Crane Drums,Crane Hooks,Crane Coupling,Crane End Carriage,Electric Hoist,European Crane Parts,Crane Rail Clip,Crane Spreader,Crane Motor,Crane Reducer,Crane Brake,Light Crane Parts,Workstation Crane Parts,Crane Electrical Parts,China Crane Parts Supplier,China Crane Parts Manufacturer,Angle box type crane wheel,45 degree split crane wheel,European crane wheel,Crane Wheel Blocks,Overhead crane drum,European crane drum,Overhead crane hook,European crane hook,Crane pulley block,Gear coupling,Brake wheel coupling,Drum gear coupling,Brake wheel drum gear coupling,Cardan Shaft Coupling,WZL drum coupling,Plum blossom elastic coupling,Brake wheel plum elastic coupling,European Single girder crane end carriage,European Double girder crane end carriage,European Suspension  crane end carriage,Wire Rope Electric Hoist,Electric Chain Hoist,European Single Girder Wire Rope Electric Hoist,European Double Girder Wire Rope Electric Hoist,Crane grab,Container spreader,Billet crane clamps,C-type hook,Lifting Electromagnet,YZR crane motor,YZP crane motor,ZQ Reducer,ZSC Reducer,QJ Reducer,QJ-L Reducer,QJY Reducer,H series gearbox,F Series Gear Motor,K Series Gear Motor,R Series Gear Motor,travelling machinery gear motor,Electro hydraulic drum brake,Electro hydraulic disc brake,Crane Safety brake,Crane cable trolley,Crane remote controller,Crane pendant controller,Crane electrical control cabinet,Crane limit switch,Crane sound and light alarm,Heavy Duty Aviation Connector,Crane overload limiter\",\"publisher\":{\"@id\":\"https:\/\/www.hnhlcranes.com\/#organization\"},\"potentialAction\":[{\"@type\":\"SearchAction\",\"target\":{\"@type\":\"EntryPoint\",\"urlTemplate\":\"https:\/\/www.hnhlcranes.com\/?s={search_term_string}\"},\"query-input\":{\"@type\":\"PropertyValueSpecification\",\"valueRequired\":true,\"valueName\":\"search_term_string\"}}],\"inLanguage\":\"sv-SE\"},{\"@type\":\"Organization\",\"@id\":\"https:\/\/www.hnhlcranes.com\/#organization\",\"name\":\"Crane Parts Manufacturer\",\"url\":\"https:\/\/www.hnhlcranes.com\/\",\"logo\":{\"@type\":\"ImageObject\",\"inLanguage\":\"sv-SE\",\"@id\":\"https:\/\/www.hnhlcranes.com\/#\/schema\/logo\/image\/\",\"url\":\"https:\/\/www.hnhlcranes.com\/wp-content\/uploads\/2025\/01\/HL-logo-1.png\",\"contentUrl\":\"https:\/\/www.hnhlcranes.com\/wp-content\/uploads\/2025\/01\/HL-logo-1.png\",\"width\":600,\"height\":169,\"caption\":\"Crane Parts Manufacturer\"},\"image\":{\"@id\":\"https:\/\/www.hnhlcranes.com\/#\/schema\/logo\/image\/\"}}]}<\/script>\n<!-- \/ Yoast SEO plugin. -->","yoast_head_json":{"title":"Crane overload limiter - Overload limiter-Crane Electrical Part-Crane Parts Manufacturer","description":"Overload limiter,Crane overload limiter manufacturer,Crane overload limiter Supplier,Crane overload limiter,Crane Parts Supplier","robots":{"index":"index","follow":"follow","max-snippet":"max-snippet:-1","max-image-preview":"max-image-preview:large","max-video-preview":"max-video-preview:-1"},"canonical":"https:\/\/www.hnhlcranes.com\/sv\/produkt\/overlastbegransare-for-kran\/","og_locale":"sv_SE","og_type":"article","og_title":"Crane overload limiter - Overload limiter-Crane Electrical Part-Crane Parts Manufacturer","og_description":"Overload limiter,Crane overload limiter manufacturer,Crane overload limiter Supplier,Crane overload limiter,Crane Parts Supplier","og_url":"https:\/\/www.hnhlcranes.com\/sv\/produkt\/overlastbegransare-for-kran\/","og_site_name":"Crane Parts Manufacturer","article_modified_time":"2025-01-16T08:14:10+00:00","og_image":[{"width":600,"height":600,"url":"https:\/\/www.hnhlcranes.com\/wp-content\/uploads\/2024\/12\/Crane-overload-limiter.jpg","type":"image\/jpeg"}],"twitter_card":"summary_large_image","twitter_misc":{"Ber\u00e4knad l\u00e4stid":"4 minuter"},"schema":{"@context":"https:\/\/schema.org","@graph":[{"@type":"WebPage","@id":"https:\/\/www.hnhlcranes.com\/product\/crane-overload-limiter\/","url":"https:\/\/www.hnhlcranes.com\/product\/crane-overload-limiter\/","name":"Crane overload limiter - Overload limiter-Crane Electrical Part-Crane Parts Manufacturer","isPartOf":{"@id":"https:\/\/www.hnhlcranes.com\/#website"},"primaryImageOfPage":{"@id":"https:\/\/www.hnhlcranes.com\/product\/crane-overload-limiter\/#primaryimage"},"image":{"@id":"https:\/\/www.hnhlcranes.com\/product\/crane-overload-limiter\/#primaryimage"},"thumbnailUrl":"https:\/\/www.hnhlcranes.com\/wp-content\/uploads\/2024\/12\/Crane-overload-limiter.jpg","datePublished":"2024-12-05T17:29:13+00:00","dateModified":"2025-01-16T08:14:10+00:00","description":"Overload limiter,Crane overload limiter manufacturer,Crane overload limiter Supplier,Crane overload limiter,Crane Parts Supplier","breadcrumb":{"@id":"https:\/\/www.hnhlcranes.com\/product\/crane-overload-limiter\/#breadcrumb"},"inLanguage":"sv-SE","potentialAction":[{"@type":"ReadAction","target":["https:\/\/www.hnhlcranes.com\/product\/crane-overload-limiter\/"]}]},{"@type":"ImageObject","inLanguage":"sv-SE","@id":"https:\/\/www.hnhlcranes.com\/product\/crane-overload-limiter\/#primaryimage","url":"https:\/\/www.hnhlcranes.com\/wp-content\/uploads\/2024\/12\/Crane-overload-limiter.jpg","contentUrl":"https:\/\/www.hnhlcranes.com\/wp-content\/uploads\/2024\/12\/Crane-overload-limiter.jpg","width":600,"height":600},{"@type":"BreadcrumbList","@id":"https:\/\/www.hnhlcranes.com\/product\/crane-overload-limiter\/#breadcrumb","itemListElement":[{"@type":"ListItem","position":1,"name":"home","item":"https:\/\/www.hnhlcranes.com\/"},{"@type":"ListItem","position":2,"name":"products","item":"https:\/\/www.hnhlcranes.com\/products\/"},{"@type":"ListItem","position":3,"name":"Crane overload limiter"}]},{"@type":"WebSite","@id":"https:\/\/www.hnhlcranes.com\/#website","url":"https:\/\/www.hnhlcranes.com\/","name":"Crane Parts Manufacturer","description":"Crane Wheels,Crane Drums,Crane Hooks,Crane Coupling,Crane End Carriage,Electric Hoist,European Crane Parts,Crane Rail Clip,Crane Spreader,Crane Motor,Crane Reducer,Crane Brake,Light Crane Parts,Workstation Crane Parts,Crane Electrical Parts,China Crane Parts Supplier,China Crane Parts Manufacturer,Angle box type crane wheel,45 degree split crane wheel,European crane wheel,Crane Wheel Blocks,Overhead crane drum,European crane drum,Overhead crane hook,European crane hook,Crane pulley block,Gear coupling,Brake wheel coupling,Drum gear coupling,Brake wheel drum gear coupling,Cardan Shaft Coupling,WZL drum coupling,Plum blossom elastic coupling,Brake wheel plum elastic coupling,European Single girder crane end carriage,European Double girder crane end carriage,European Suspension  crane end carriage,Wire Rope Electric Hoist,Electric Chain Hoist,European Single Girder Wire Rope Electric Hoist,European Double Girder Wire Rope Electric Hoist,Crane grab,Container spreader,Billet crane clamps,C-type hook,Lifting Electromagnet,YZR crane motor,YZP crane motor,ZQ Reducer,ZSC Reducer,QJ Reducer,QJ-L Reducer,QJY Reducer,H series gearbox,F Series Gear Motor,K Series Gear Motor,R Series Gear Motor,travelling machinery gear motor,Electro hydraulic drum brake,Electro hydraulic disc brake,Crane Safety brake,Crane cable trolley,Crane remote controller,Crane pendant controller,Crane electrical control cabinet,Crane limit switch,Crane sound and light alarm,Heavy Duty Aviation Connector,Crane overload limiter","publisher":{"@id":"https:\/\/www.hnhlcranes.com\/#organization"},"potentialAction":[{"@type":"SearchAction","target":{"@type":"EntryPoint","urlTemplate":"https:\/\/www.hnhlcranes.com\/?s={search_term_string}"},"query-input":{"@type":"PropertyValueSpecification","valueRequired":true,"valueName":"search_term_string"}}],"inLanguage":"sv-SE"},{"@type":"Organization","@id":"https:\/\/www.hnhlcranes.com\/#organization","name":"Crane Parts Manufacturer","url":"https:\/\/www.hnhlcranes.com\/","logo":{"@type":"ImageObject","inLanguage":"sv-SE","@id":"https:\/\/www.hnhlcranes.com\/#\/schema\/logo\/image\/","url":"https:\/\/www.hnhlcranes.com\/wp-content\/uploads\/2025\/01\/HL-logo-1.png","contentUrl":"https:\/\/www.hnhlcranes.com\/wp-content\/uploads\/2025\/01\/HL-logo-1.png","width":600,"height":169,"caption":"Crane Parts Manufacturer"},"image":{"@id":"https:\/\/www.hnhlcranes.com\/#\/schema\/logo\/image\/"}}]}},"_links":{"self":[{"href":"https:\/\/www.hnhlcranes.com\/sv\/wp-json\/wp\/v2\/product\/5820","targetHints":{"allow":["GET"]}}],"collection":[{"href":"https:\/\/www.hnhlcranes.com\/sv\/wp-json\/wp\/v2\/product"}],"about":[{"href":"https:\/\/www.hnhlcranes.com\/sv\/wp-json\/wp\/v2\/types\/product"}],"version-history":[{"count":6,"href":"https:\/\/www.hnhlcranes.com\/sv\/wp-json\/wp\/v2\/product\/5820\/revisions"}],"predecessor-version":[{"id":7547,"href":"https:\/\/www.hnhlcranes.com\/sv\/wp-json\/wp\/v2\/product\/5820\/revisions\/7547"}],"wp:featuredmedia":[{"embeddable":true,"href":"https:\/\/www.hnhlcranes.com\/sv\/wp-json\/wp\/v2\/media\/7543"}],"wp:attachment":[{"href":"https:\/\/www.hnhlcranes.com\/sv\/wp-json\/wp\/v2\/media?parent=5820"}],"wp:term":[{"taxonomy":"product_brand","embeddable":true,"href":"https:\/\/www.hnhlcranes.com\/sv\/wp-json\/wp\/v2\/product_brand?post=5820"},{"taxonomy":"product_cat","embeddable":true,"href":"https:\/\/www.hnhlcranes.com\/sv\/wp-json\/wp\/v2\/product_cat?post=5820"},{"taxonomy":"product_tag","embeddable":true,"href":"https:\/\/www.hnhlcranes.com\/sv\/wp-json\/wp\/v2\/product_tag?post=5820"}],"curies":[{"name":"wp","href":"https:\/\/api.w.org\/{rel}","templated":true}]}}