{"id":5444,"date":"2024-11-25T23:42:41","date_gmt":"2024-11-25T15:42:41","guid":{"rendered":"https:\/\/www.hnhlcranes.com\/?post_type=product&#038;p=5444"},"modified":"2025-01-10T15:05:04","modified_gmt":"2025-01-10T07:05:04","slug":"konteyner-yayici","status":"publish","type":"product","link":"https:\/\/www.hnhlcranes.com\/tr\/urun\/konteyner-yayici\/","title":{"rendered":"Konteyner da\u011f\u0131t\u0131c\u0131"},"content":{"rendered":"<h3><strong>Konteyner Serpme Makinesine Giri\u015f<\/strong><\/h3>\n<p>A <strong>konteyner yay\u0131c\u0131<\/strong> konteynerlerin kald\u0131r\u0131lmas\u0131, ta\u015f\u0131nmas\u0131 ve hassas bir \u015fekilde yerle\u015ftirilmesi i\u00e7in \u00f6zel olarak tasarlanm\u0131\u015f bir cihazd\u0131r. Tipik olarak r\u0131ht\u0131m vin\u00e7leri ve portal vin\u00e7ler gibi liman vin\u00e7lerinde kullan\u0131l\u0131r. Yay\u0131c\u0131, vincin kancas\u0131na veya kald\u0131rma halatlar\u0131na ba\u011flan\u0131r ve konteynerlerin g\u00fcvenli bir \u015fekilde kald\u0131r\u0131lmas\u0131n\u0131 ve ta\u015f\u0131nmas\u0131n\u0131 sa\u011flar. Uzatma ve kilitleme mekanizmalar\u0131yla konteyner da\u011f\u0131t\u0131c\u0131, kald\u0131rma i\u015flemi s\u0131ras\u0131nda konteynerlerin dengesini ve g\u00fcvenli\u011fini korumada \u00e7ok \u00f6nemli bir rol oynar.<\/p>\n<h3><strong>Ana Fonksiyonlar<\/strong><\/h3>\n<ul>\n<li><strong>Konteyner Kald\u0131rma<\/strong>: Konteyner da\u011f\u0131t\u0131c\u0131n\u0131n birincil i\u015flevi, konteynerleri kargo gemilerinden veya liman sahalar\u0131ndan kald\u0131rmak ve ba\u015fka yerlere ta\u015f\u0131makt\u0131r. Konteynerin d\u00f6rt k\u00f6\u015fe d\u00f6k\u00fcm\u00fcne ba\u011flanarak kald\u0131rma i\u015flemi s\u0131ras\u0131nda konteyneri yerinde sabitler.<\/li>\n<li><strong>Hassas Yerle\u015ftirme<\/strong>: Konteyner da\u011f\u0131t\u0131c\u0131, konteynerlerin bir yerden ba\u015fka bir yere ta\u015f\u0131n\u0131rken hassas bir \u015fekilde yerle\u015ftirilmesini sa\u011flar. Bu \u00f6zellikle istifleme ve bo\u015faltma i\u00e7in y\u00fcksek hassasiyetin gerekli oldu\u011fu liman operasyonlar\u0131nda \u00f6nemlidir. Da\u011f\u0131t\u0131c\u0131, konteynerlerin transfer s\u0131ras\u0131nda devrilmesini veya d\u00fc\u015fmesini \u00f6nlemeye yard\u0131mc\u0131 olur.<\/li>\n<li><strong>Uzatma ve Ayarlama<\/strong>: \u00c7o\u011fu konteyner serici, geni\u015fliklerini farkl\u0131 konteyner boyutlar\u0131na (20 fit, 40 fit veya 45 fit konteynerler gibi) uyacak \u015fekilde ayarlamalar\u0131na olanak tan\u0131yan uzat\u0131labilir bir \u00f6zelli\u011fe sahiptir. Bu uyarlanabilirlik, ayn\u0131 sericinin birden fazla konteyner boyutunu ta\u015f\u0131yabilece\u011fi ve operasyonel verimlili\u011fi art\u0131raca\u011f\u0131 anlam\u0131na gelir.<\/li>\n<li><strong>Kilitleme Mekanizmas\u0131<\/strong>: Kald\u0131rma s\u0131ras\u0131nda konteynerin kaymamas\u0131n\u0131 sa\u011flamak i\u00e7in konteyner da\u011f\u0131t\u0131c\u0131 bir kilitleme mekanizmas\u0131 ile donat\u0131lm\u0131\u015ft\u0131r. Bu otomatik veya manuel olabilir ve ba\u011fland\u0131ktan sonra konteynerin d\u00f6rt k\u00f6\u015fe d\u00f6k\u00fcm\u00fcn\u00fc g\u00fcvenli bir \u015fekilde kilitleyerek kald\u0131rma i\u015flemi s\u0131ras\u0131nda kazara ayr\u0131lmas\u0131n\u0131 \u00f6nler.<\/li>\n<li><strong>Geli\u015ftirilmi\u015f Verimlilik<\/strong>: Konteyner da\u011f\u0131t\u0131c\u0131lar, vincin operasyonel verimlili\u011fini art\u0131ran h\u0131zl\u0131 ba\u011flant\u0131 ve ba\u011flant\u0131 kesme i\u00e7in tasarlanm\u0131\u015ft\u0131r. Yo\u011fun limanlarda, yay\u0131c\u0131 geri d\u00f6n\u00fc\u015f s\u00fcresini k\u0131saltarak y\u00fck elle\u00e7leme ve ta\u015f\u0131may\u0131 h\u0131zland\u0131rmaya yard\u0131mc\u0131 olur.<\/li>\n<\/ul>\n<h3><strong>Temel Yap\u0131sal Bile\u015fenler<\/strong><\/h3>\n<ul>\n<li><strong>\u00c7er\u00e7eve<\/strong>: \u00c7er\u00e7eve, serpme makinesinin t\u00fcm yap\u0131s\u0131n\u0131 destekler ve konteynerin a\u011f\u0131rl\u0131\u011f\u0131n\u0131 ta\u015f\u0131mak i\u00e7in tipik olarak y\u00fcksek mukavemetli \u00e7elikten yap\u0131l\u0131r.<\/li>\n<li><strong>Kancalar veya Kald\u0131rma Halkalar\u0131<\/strong>: Bunlar, serpme makinesini vincin kald\u0131rma sistemine ba\u011flayarak kald\u0131rma i\u015flemini kolayla\u015ft\u0131r\u0131r.<\/li>\n<li><strong>Uzat\u0131labilir Kollar<\/strong>: Serpicinin uzat\u0131labilir k\u0131sm\u0131, farkl\u0131 konteyner boyutlar\u0131na uyum sa\u011flamas\u0131na olanak tan\u0131r.<\/li>\n<li><strong>Kilitleme Mekanizmas\u0131<\/strong>: Bu mekanizma, konteynerin k\u00f6\u015fe d\u00f6k\u00fcmlerinin yay\u0131c\u0131ya g\u00fcvenli bir \u015fekilde ba\u011flanmas\u0131n\u0131 sa\u011flayarak konteynerin kaymas\u0131n\u0131 \u00f6nler.<\/li>\n<li><strong>Kontrol Sistemi<\/strong>: Modern konteyner serpme makineleri uzatma, kilitleme ve di\u011fer i\u015flevleri y\u00f6netmek i\u00e7in elektronik kontrol sistemlerine sahip olabilir, hatta baz\u0131lar\u0131 uzaktan kumanda \u00f6zellikleri de sunar.<\/li>\n<\/ul>\n<h3><strong>Avantajlar<\/strong><\/h3>\n<ul>\n<li><strong>Artan Verimlilik<\/strong>: Otomatik kilitleme sistemi ve h\u0131zl\u0131 \u00e7al\u0131\u015fan tasar\u0131m, konteyner elle\u00e7leme verimlili\u011fini \u00f6nemli \u00f6l\u00e7\u00fcde art\u0131r\u0131r.<\/li>\n<li><strong>Farkl\u0131 Boyutlara Uyarlanabilirlik<\/strong>: Uzat\u0131labilir kollar, serpme makinesini \u00e7ok \u00e7e\u015fitli konteyner boyutlar\u0131 i\u00e7in uygun hale getirerek y\u00fcksek \u00e7ok y\u00f6nl\u00fcl\u00fck sa\u011flar.<\/li>\n<li><strong>Y\u00fcksek G\u00fcvenlik<\/strong>: Kilitleme mekanizmas\u0131, konteynerlerin ta\u015f\u0131ma s\u0131ras\u0131nda sabit ve g\u00fcvenli kalmas\u0131n\u0131 sa\u011flayarak kaza riskini azalt\u0131r.<\/li>\n<li><strong>Azalt\u0131lm\u0131\u015f Manuel M\u00fcdahale<\/strong>: Modern konteyner sericiler genellikle otomatik kontrol sistemleriyle birlikte gelir ve manuel i\u015flemlere olan ihtiyac\u0131 azaltarak g\u00fcvenlik ve verimlili\u011fi art\u0131r\u0131r.<\/li>\n<\/ul>\n<h3><strong>Sonu\u00e7<\/strong><\/h3>\n<p>Sonu\u00e7 olarak, konteyner da\u011f\u0131t\u0131c\u0131 liman, r\u0131ht\u0131m ve di\u011fer konteyner elle\u00e7leme operasyonlar\u0131nda \u00f6nemli bir ekipman par\u00e7as\u0131d\u0131r. Konteynerlerin verimli, g\u00fcvenli ve hassas bir \u015fekilde kald\u0131r\u0131lmas\u0131n\u0131 ve elle\u00e7lenmesini sa\u011flar. Uzat\u0131labilirlik ve kilitleme mekanizmalar\u0131, farkl\u0131 konteyner boyutlar\u0131na uyum sa\u011flamas\u0131na olanak tan\u0131yarak d\u00fcnya \u00e7ap\u0131nda konteyner ta\u015f\u0131mac\u0131l\u0131\u011f\u0131, y\u00fckleme, bo\u015faltma ve istifleme i\u015flemlerinde yayg\u0131n olarak kullan\u0131lmas\u0131n\u0131 sa\u011flar.<\/p>","protected":false},"excerpt":{"rendered":"<p>Konteyner serpme makinesi \u00fcreticileri,20ft Konteyner Serpme Makinesi,Yar\u0131 Otomatik konteyner serpme makinesi,40ft Konteyner Kald\u0131rma \u00c7er\u00e7evesi,Konteyner serpme makinesi<\/p>","protected":false},"featured_media":7148,"template":"","meta":{"_kad_post_transparent":"default","_kad_post_title":"","_kad_post_layout":"default","_kad_post_sidebar_id":"","_kad_post_content_style":"default","_kad_post_vertical_padding":"show","_kad_post_feature":"","_kad_post_feature_position":"","_kad_post_header":false,"_kad_post_footer":false},"product_brand":[],"product_cat":[59],"product_tag":[508,510,513,497,514,512,515,498,521,376,517,518,496,507,520,516,495,522,494,504,502,505,501,506,499,523,503,519,509,500,493,511],"class_list":{"0":"post-5444","1":"product","2":"type-product","3":"status-publish","4":"has-post-thumbnail","6":"product_cat-crane-spreader","7":"product_tag-20ft-container-spreader","8":"product_tag-40ft-container-lifting-frame","9":"product_tag-billet-clamps","10":"product_tag-billet-crane-clamp","11":"product_tag-billet-crane-clamps-manufacturer","12":"product_tag-billet-lifting-clamp","13":"product_tag-billet-lifting-clamps-china-supplier","14":"product_tag-c-type-hook","15":"product_tag-c-type-spreader","16":"product_tag-china-crane-parts-supplier","17":"product_tag-coil-c-type-hook","18":"product_tag-coil-hook","19":"product_tag-container-spreader","20":"product_tag-container-spreader-manufacturers","21":"product_tag-crane-c-hook","22":"product_tag-crane-c-type-spreader","23":"product_tag-crane-grab","24":"product_tag-crane-magnets","25":"product_tag-crane-spreader","26":"product_tag-electric-motor-grab","27":"product_tag-electro-hydraulic-multi-flap-grab","28":"product_tag-electro-hydraulicclamshell-grab","29":"product_tag-four-rope-grab","30":"product_tag-grab-manufacturers","31":"product_tag-lifting-electromagnet","32":"product_tag-lifting-electromagnet-spreader","33":"product_tag-orange-peel-grab","34":"product_tag-overhead-crane-steel-coil-c-type-hook","35":"product_tag-semi-automatic-container-spreader","36":"product_tag-singlr-rope-grab","37":"product_tag-special-crane-spreader","38":"product_tag-tec-container-spreader","40":"first","41":"instock","42":"shipping-taxable","43":"product-type-simple","44":"entry","45":"content-bg","46":"loop-entry"},"yoast_head":"<!-- This site is optimized with the Yoast SEO plugin v24.5 - https:\/\/yoast.com\/wordpress\/plugins\/seo\/ -->\n<title>Container spreader - Container spreader manufacturers- Crane Parts Manufacturer<\/title>\n<meta name=\"description\" content=\"Container spreader manufacturer,Semi Automatic container spreader,40ft Container Lifting Frame,China Crane Parts Supplier\" \/>\n<meta name=\"robots\" content=\"index, follow, max-snippet:-1, max-image-preview:large, max-video-preview:-1\" \/>\n<link rel=\"canonical\" href=\"https:\/\/www.hnhlcranes.com\/tr\/urun\/konteyner-yayici\/\" \/>\n<meta property=\"og:locale\" content=\"tr_TR\" \/>\n<meta property=\"og:type\" content=\"article\" \/>\n<meta property=\"og:title\" content=\"Container spreader - Container spreader manufacturers- Crane Parts Manufacturer\" \/>\n<meta property=\"og:description\" content=\"Container spreader manufacturer,Semi Automatic container spreader,40ft Container Lifting Frame,China Crane Parts Supplier\" \/>\n<meta property=\"og:url\" content=\"https:\/\/www.hnhlcranes.com\/tr\/urun\/konteyner-yayici\/\" \/>\n<meta property=\"og:site_name\" content=\"Crane Parts Manufacturer\" \/>\n<meta property=\"article:modified_time\" content=\"2025-01-10T07:05:04+00:00\" \/>\n<meta property=\"og:image\" content=\"https:\/\/www.hnhlcranes.com\/wp-content\/uploads\/2024\/11\/Container-spreader.jpg\" \/>\n\t<meta property=\"og:image:width\" content=\"600\" \/>\n\t<meta property=\"og:image:height\" content=\"600\" \/>\n\t<meta property=\"og:image:type\" content=\"image\/jpeg\" \/>\n<meta name=\"twitter:card\" content=\"summary_large_image\" \/>\n<meta name=\"twitter:label1\" content=\"Tahmini okuma s\u00fcresi\" \/>\n\t<meta name=\"twitter:data1\" content=\"3 dakika\" \/>\n<script type=\"application\/ld+json\" class=\"yoast-schema-graph\">{\"@context\":\"https:\/\/schema.org\",\"@graph\":[{\"@type\":\"WebPage\",\"@id\":\"https:\/\/www.hnhlcranes.com\/product\/container-spreader\/\",\"url\":\"https:\/\/www.hnhlcranes.com\/product\/container-spreader\/\",\"name\":\"Container spreader - Container spreader manufacturers- Crane Parts Manufacturer\",\"isPartOf\":{\"@id\":\"https:\/\/www.hnhlcranes.com\/#website\"},\"primaryImageOfPage\":{\"@id\":\"https:\/\/www.hnhlcranes.com\/product\/container-spreader\/#primaryimage\"},\"image\":{\"@id\":\"https:\/\/www.hnhlcranes.com\/product\/container-spreader\/#primaryimage\"},\"thumbnailUrl\":\"https:\/\/www.hnhlcranes.com\/wp-content\/uploads\/2024\/11\/Container-spreader.jpg\",\"datePublished\":\"2024-11-25T15:42:41+00:00\",\"dateModified\":\"2025-01-10T07:05:04+00:00\",\"description\":\"Container spreader manufacturer,Semi Automatic container spreader,40ft Container Lifting Frame,China Crane Parts Supplier\",\"breadcrumb\":{\"@id\":\"https:\/\/www.hnhlcranes.com\/product\/container-spreader\/#breadcrumb\"},\"inLanguage\":\"tr\",\"potentialAction\":[{\"@type\":\"ReadAction\",\"target\":[\"https:\/\/www.hnhlcranes.com\/product\/container-spreader\/\"]}]},{\"@type\":\"ImageObject\",\"inLanguage\":\"tr\",\"@id\":\"https:\/\/www.hnhlcranes.com\/product\/container-spreader\/#primaryimage\",\"url\":\"https:\/\/www.hnhlcranes.com\/wp-content\/uploads\/2024\/11\/Container-spreader.jpg\",\"contentUrl\":\"https:\/\/www.hnhlcranes.com\/wp-content\/uploads\/2024\/11\/Container-spreader.jpg\",\"width\":600,\"height\":600},{\"@type\":\"BreadcrumbList\",\"@id\":\"https:\/\/www.hnhlcranes.com\/product\/container-spreader\/#breadcrumb\",\"itemListElement\":[{\"@type\":\"ListItem\",\"position\":1,\"name\":\"home\",\"item\":\"https:\/\/www.hnhlcranes.com\/\"},{\"@type\":\"ListItem\",\"position\":2,\"name\":\"products\",\"item\":\"https:\/\/www.hnhlcranes.com\/products\/\"},{\"@type\":\"ListItem\",\"position\":3,\"name\":\"Container spreader\"}]},{\"@type\":\"WebSite\",\"@id\":\"https:\/\/www.hnhlcranes.com\/#website\",\"url\":\"https:\/\/www.hnhlcranes.com\/\",\"name\":\"Crane Parts Manufacturer\",\"description\":\"Crane Wheels,Crane Drums,Crane Hooks,Crane Coupling,Crane End Carriage,Electric Hoist,European Crane Parts,Crane Rail Clip,Crane Spreader,Crane Motor,Crane Reducer,Crane Brake,Light Crane Parts,Workstation Crane Parts,Crane Electrical Parts,China Crane Parts Supplier,China Crane Parts Manufacturer,Angle box type crane wheel,45 degree split crane wheel,European crane wheel,Crane Wheel Blocks,Overhead crane drum,European crane drum,Overhead crane hook,European crane hook,Crane pulley block,Gear coupling,Brake wheel coupling,Drum gear coupling,Brake wheel drum gear coupling,Cardan Shaft Coupling,WZL drum coupling,Plum blossom elastic coupling,Brake wheel plum elastic coupling,European Single girder crane end carriage,European Double girder crane end carriage,European Suspension  crane end carriage,Wire Rope Electric Hoist,Electric Chain Hoist,European Single Girder Wire Rope Electric Hoist,European Double Girder Wire Rope Electric Hoist,Crane grab,Container spreader,Billet crane clamps,C-type hook,Lifting Electromagnet,YZR crane motor,YZP crane motor,ZQ Reducer,ZSC Reducer,QJ Reducer,QJ-L Reducer,QJY Reducer,H series gearbox,F Series Gear Motor,K Series Gear Motor,R Series Gear Motor,travelling machinery gear motor,Electro hydraulic drum brake,Electro hydraulic disc brake,Crane Safety brake,Crane cable trolley,Crane remote controller,Crane pendant controller,Crane electrical control cabinet,Crane limit switch,Crane sound and light alarm,Heavy Duty Aviation Connector,Crane overload limiter\",\"publisher\":{\"@id\":\"https:\/\/www.hnhlcranes.com\/#organization\"},\"potentialAction\":[{\"@type\":\"SearchAction\",\"target\":{\"@type\":\"EntryPoint\",\"urlTemplate\":\"https:\/\/www.hnhlcranes.com\/?s={search_term_string}\"},\"query-input\":{\"@type\":\"PropertyValueSpecification\",\"valueRequired\":true,\"valueName\":\"search_term_string\"}}],\"inLanguage\":\"tr\"},{\"@type\":\"Organization\",\"@id\":\"https:\/\/www.hnhlcranes.com\/#organization\",\"name\":\"Crane Parts Manufacturer\",\"url\":\"https:\/\/www.hnhlcranes.com\/\",\"logo\":{\"@type\":\"ImageObject\",\"inLanguage\":\"tr\",\"@id\":\"https:\/\/www.hnhlcranes.com\/#\/schema\/logo\/image\/\",\"url\":\"https:\/\/www.hnhlcranes.com\/wp-content\/uploads\/2025\/01\/HL-logo-1.png\",\"contentUrl\":\"https:\/\/www.hnhlcranes.com\/wp-content\/uploads\/2025\/01\/HL-logo-1.png\",\"width\":600,\"height\":169,\"caption\":\"Crane Parts Manufacturer\"},\"image\":{\"@id\":\"https:\/\/www.hnhlcranes.com\/#\/schema\/logo\/image\/\"}}]}<\/script>\n<!-- \/ Yoast SEO plugin. -->","yoast_head_json":{"title":"Container spreader - Container spreader manufacturers- Crane Parts Manufacturer","description":"Container spreader manufacturer,Semi Automatic container spreader,40ft Container Lifting Frame,China Crane Parts Supplier","robots":{"index":"index","follow":"follow","max-snippet":"max-snippet:-1","max-image-preview":"max-image-preview:large","max-video-preview":"max-video-preview:-1"},"canonical":"https:\/\/www.hnhlcranes.com\/tr\/urun\/konteyner-yayici\/","og_locale":"tr_TR","og_type":"article","og_title":"Container spreader - Container spreader manufacturers- Crane Parts Manufacturer","og_description":"Container spreader manufacturer,Semi Automatic container spreader,40ft Container Lifting Frame,China Crane Parts Supplier","og_url":"https:\/\/www.hnhlcranes.com\/tr\/urun\/konteyner-yayici\/","og_site_name":"Crane Parts Manufacturer","article_modified_time":"2025-01-10T07:05:04+00:00","og_image":[{"width":600,"height":600,"url":"https:\/\/www.hnhlcranes.com\/wp-content\/uploads\/2024\/11\/Container-spreader.jpg","type":"image\/jpeg"}],"twitter_card":"summary_large_image","twitter_misc":{"Tahmini okuma s\u00fcresi":"3 dakika"},"schema":{"@context":"https:\/\/schema.org","@graph":[{"@type":"WebPage","@id":"https:\/\/www.hnhlcranes.com\/product\/container-spreader\/","url":"https:\/\/www.hnhlcranes.com\/product\/container-spreader\/","name":"Container spreader - Container spreader manufacturers- Crane Parts Manufacturer","isPartOf":{"@id":"https:\/\/www.hnhlcranes.com\/#website"},"primaryImageOfPage":{"@id":"https:\/\/www.hnhlcranes.com\/product\/container-spreader\/#primaryimage"},"image":{"@id":"https:\/\/www.hnhlcranes.com\/product\/container-spreader\/#primaryimage"},"thumbnailUrl":"https:\/\/www.hnhlcranes.com\/wp-content\/uploads\/2024\/11\/Container-spreader.jpg","datePublished":"2024-11-25T15:42:41+00:00","dateModified":"2025-01-10T07:05:04+00:00","description":"Container spreader manufacturer,Semi Automatic container spreader,40ft Container Lifting Frame,China Crane Parts Supplier","breadcrumb":{"@id":"https:\/\/www.hnhlcranes.com\/product\/container-spreader\/#breadcrumb"},"inLanguage":"tr","potentialAction":[{"@type":"ReadAction","target":["https:\/\/www.hnhlcranes.com\/product\/container-spreader\/"]}]},{"@type":"ImageObject","inLanguage":"tr","@id":"https:\/\/www.hnhlcranes.com\/product\/container-spreader\/#primaryimage","url":"https:\/\/www.hnhlcranes.com\/wp-content\/uploads\/2024\/11\/Container-spreader.jpg","contentUrl":"https:\/\/www.hnhlcranes.com\/wp-content\/uploads\/2024\/11\/Container-spreader.jpg","width":600,"height":600},{"@type":"BreadcrumbList","@id":"https:\/\/www.hnhlcranes.com\/product\/container-spreader\/#breadcrumb","itemListElement":[{"@type":"ListItem","position":1,"name":"home","item":"https:\/\/www.hnhlcranes.com\/"},{"@type":"ListItem","position":2,"name":"products","item":"https:\/\/www.hnhlcranes.com\/products\/"},{"@type":"ListItem","position":3,"name":"Container spreader"}]},{"@type":"WebSite","@id":"https:\/\/www.hnhlcranes.com\/#website","url":"https:\/\/www.hnhlcranes.com\/","name":"Crane Parts Manufacturer","description":"Crane Wheels,Crane Drums,Crane Hooks,Crane Coupling,Crane End Carriage,Electric Hoist,European Crane Parts,Crane Rail Clip,Crane Spreader,Crane Motor,Crane Reducer,Crane Brake,Light Crane Parts,Workstation Crane Parts,Crane Electrical Parts,China Crane Parts Supplier,China Crane Parts Manufacturer,Angle box type crane wheel,45 degree split crane wheel,European crane wheel,Crane Wheel Blocks,Overhead crane drum,European crane drum,Overhead crane hook,European crane hook,Crane pulley block,Gear coupling,Brake wheel coupling,Drum gear coupling,Brake wheel drum gear coupling,Cardan Shaft Coupling,WZL drum coupling,Plum blossom elastic coupling,Brake wheel plum elastic coupling,European Single girder crane end carriage,European Double girder crane end carriage,European Suspension  crane end carriage,Wire Rope Electric Hoist,Electric Chain Hoist,European Single Girder Wire Rope Electric Hoist,European Double Girder Wire Rope Electric Hoist,Crane grab,Container spreader,Billet crane clamps,C-type hook,Lifting Electromagnet,YZR crane motor,YZP crane motor,ZQ Reducer,ZSC Reducer,QJ Reducer,QJ-L Reducer,QJY Reducer,H series gearbox,F Series Gear Motor,K Series Gear Motor,R Series Gear Motor,travelling machinery gear motor,Electro hydraulic drum brake,Electro hydraulic disc brake,Crane Safety brake,Crane cable trolley,Crane remote controller,Crane pendant controller,Crane electrical control cabinet,Crane limit switch,Crane sound and light alarm,Heavy Duty Aviation Connector,Crane overload limiter","publisher":{"@id":"https:\/\/www.hnhlcranes.com\/#organization"},"potentialAction":[{"@type":"SearchAction","target":{"@type":"EntryPoint","urlTemplate":"https:\/\/www.hnhlcranes.com\/?s={search_term_string}"},"query-input":{"@type":"PropertyValueSpecification","valueRequired":true,"valueName":"search_term_string"}}],"inLanguage":"tr"},{"@type":"Organization","@id":"https:\/\/www.hnhlcranes.com\/#organization","name":"Crane Parts Manufacturer","url":"https:\/\/www.hnhlcranes.com\/","logo":{"@type":"ImageObject","inLanguage":"tr","@id":"https:\/\/www.hnhlcranes.com\/#\/schema\/logo\/image\/","url":"https:\/\/www.hnhlcranes.com\/wp-content\/uploads\/2025\/01\/HL-logo-1.png","contentUrl":"https:\/\/www.hnhlcranes.com\/wp-content\/uploads\/2025\/01\/HL-logo-1.png","width":600,"height":169,"caption":"Crane Parts Manufacturer"},"image":{"@id":"https:\/\/www.hnhlcranes.com\/#\/schema\/logo\/image\/"}}]}},"_links":{"self":[{"href":"https:\/\/www.hnhlcranes.com\/tr\/wp-json\/wp\/v2\/product\/5444","targetHints":{"allow":["GET"]}}],"collection":[{"href":"https:\/\/www.hnhlcranes.com\/tr\/wp-json\/wp\/v2\/product"}],"about":[{"href":"https:\/\/www.hnhlcranes.com\/tr\/wp-json\/wp\/v2\/types\/product"}],"version-history":[{"count":4,"href":"https:\/\/www.hnhlcranes.com\/tr\/wp-json\/wp\/v2\/product\/5444\/revisions"}],"predecessor-version":[{"id":7152,"href":"https:\/\/www.hnhlcranes.com\/tr\/wp-json\/wp\/v2\/product\/5444\/revisions\/7152"}],"wp:featuredmedia":[{"embeddable":true,"href":"https:\/\/www.hnhlcranes.com\/tr\/wp-json\/wp\/v2\/media\/7148"}],"wp:attachment":[{"href":"https:\/\/www.hnhlcranes.com\/tr\/wp-json\/wp\/v2\/media?parent=5444"}],"wp:term":[{"taxonomy":"product_brand","embeddable":true,"href":"https:\/\/www.hnhlcranes.com\/tr\/wp-json\/wp\/v2\/product_brand?post=5444"},{"taxonomy":"product_cat","embeddable":true,"href":"https:\/\/www.hnhlcranes.com\/tr\/wp-json\/wp\/v2\/product_cat?post=5444"},{"taxonomy":"product_tag","embeddable":true,"href":"https:\/\/www.hnhlcranes.com\/tr\/wp-json\/wp\/v2\/product_tag?post=5444"}],"curies":[{"name":"wp","href":"https:\/\/api.w.org\/{rel}","templated":true}]}}