{"id":5472,"date":"2024-11-26T00:45:41","date_gmt":"2024-11-25T16:45:41","guid":{"rendered":"https:\/\/www.hnhlcranes.com\/?post_type=product&#038;p=5472"},"modified":"2025-01-10T15:26:49","modified_gmt":"2025-01-10T07:26:49","slug":"c-tipi-kanca","status":"publish","type":"product","link":"https:\/\/www.hnhlcranes.com\/tr\/urun\/c-tipi-kanca\/","title":{"rendered":"C tipi kanca"},"content":{"rendered":"<h3><strong>C-Tipi Kancaya Giri\u015f<\/strong><\/h3>\n<p>Bu <strong>C tipi kanca<\/strong> vin\u00e7lerde ve kald\u0131rma ekipmanlar\u0131nda yayg\u0131n olarak kullan\u0131lan bir kald\u0131rma cihaz\u0131d\u0131r ve ad\u0131n\u0131 \"C\" \u015feklinden al\u0131r. \u00d6ncelikle a\u011f\u0131r y\u00fckleri ta\u015f\u0131mak ve kald\u0131rmak i\u00e7in kullan\u0131l\u0131r ve end\u00fcstriyel \u00fcretim, depo lojisti\u011fi ve \u015fantiyelerde malzeme ta\u015f\u0131ma ve kald\u0131rma i\u015flemlerinde yayg\u0131n olarak kullan\u0131l\u0131r. Basit yap\u0131s\u0131 ve g\u00fc\u00e7l\u00fc y\u00fck ta\u015f\u0131ma kapasitesi nedeniyle, C tipi kancalar \u00e7e\u015fitli kald\u0131rma g\u00f6revlerinde yayg\u0131n olarak kullan\u0131lan bir ara\u00e7t\u0131r.<\/p>\n<h3><strong>C-Tipi Kanca <\/strong><strong>Temel \u00d6zellikler<\/strong><\/h3>\n<ul>\n<li><strong>Basit Yap\u0131<\/strong>: C tipi kancalar, C \u015feklinde bir g\u00f6r\u00fcn\u00fcme sahip basit bir tasar\u0131ma sahiptir ve bu sayede hem \u00fcretimi hem de kullan\u0131m\u0131 kolayd\u0131r. Tipik olarak, m\u00fckemmel y\u00fck ta\u015f\u0131ma kapasitesi ve dayan\u0131kl\u0131l\u0131k sa\u011flayan y\u00fcksek mukavemetli \u00e7elik veya ala\u015f\u0131ml\u0131 malzemeden yap\u0131l\u0131r.<\/li>\n<li><strong>G\u00fc\u00e7l\u00fc Y\u00fck Ta\u015f\u0131ma Kapasitesi<\/strong>: C-tipi kancalar\u0131n tasar\u0131m\u0131, \u00f6nemli gerilime ve a\u011f\u0131rl\u0131\u011fa dayanmas\u0131n\u0131 sa\u011flayarak a\u011f\u0131r nesnelerin kald\u0131r\u0131lmas\u0131 i\u00e7in uygun hale getirir. \u0130yi tasarlanm\u0131\u015f bir yap\u0131 sayesinde C-tipi kanca, kald\u0131rma i\u015flemleri s\u0131ras\u0131nda verimli ve g\u00fcvenli bir destek sunar.<\/li>\n<li><strong>G\u00fc\u00e7l\u00fc Uyarlanabilirlik<\/strong>: C tipi kanca, \u00e7e\u015fitli boyut ve \u015fekillerde malzemeleri ta\u015f\u0131yabilen vin\u00e7lerde, kule vin\u00e7lerde, kald\u0131rma kamyonlar\u0131nda ve di\u011fer ekipmanlarda yayg\u0131n olarak kullan\u0131l\u0131r. Sadece b\u00fcy\u00fck par\u00e7alar\u0131 kald\u0131rmak i\u00e7in de\u011fil, ayn\u0131 zamanda \u00e7elik, makine ve in\u015faat malzemeleri gibi end\u00fcstriyel malzemeleri ta\u015f\u0131mak i\u00e7in de kullan\u0131l\u0131r.<\/li>\n<li><strong>Y\u00fcksek G\u00fcvenlik<\/strong>: Bir\u00e7ok C tipi kanca, g\u00fcvenlik kilitleri veya \u00f6zel kanca a\u011fz\u0131 tasar\u0131mlar\u0131 gibi d\u00fc\u015fmeyi \u00f6nleyici \u00f6zelliklerle donat\u0131lm\u0131\u015ft\u0131r. Bu mekanizmalar, kald\u0131rma s\u0131ras\u0131nda e\u015fyalar\u0131n d\u00fc\u015fmesini etkili bir \u015fekilde \u00f6nleyerek kald\u0131rma i\u015flemlerinin g\u00fcvenli kalmas\u0131n\u0131 sa\u011flar.<\/li>\n<\/ul>\n<h3><strong>\u00c7al\u0131\u015fma Prensibi<\/strong><\/h3>\n<p>C tipi kancalar\u0131n \u00e7al\u0131\u015fma prensibi basittir. Tipik olarak kald\u0131rma ekipman\u0131n\u0131n tel halat\u0131na veya zincirine ba\u011flan\u0131r. Kald\u0131rma s\u0131ras\u0131nda tel halat, y\u00fck\u00fc kancan\u0131n a\u00e7\u0131kl\u0131\u011f\u0131ndan ge\u00e7irerek sabitler. Daha sonra y\u00fck\u00fc kald\u0131rmak i\u00e7in vincin kald\u0131rma g\u00fcc\u00fc kullan\u0131l\u0131r. Kancan\u0131n tasar\u0131m\u0131 nedeniyle, kanca a\u011fz\u0131 y\u00fck\u00fc s\u0131k\u0131ca tutmak i\u00e7in g\u00fc\u00e7l\u00fc bir destek sa\u011flar ve kald\u0131rma i\u015flemi boyunca dengeyi korur.<\/p>\n<h3><strong>Avantajlar<\/strong><\/h3>\n<ul>\n<li><strong>Verimlilik ve G\u00fcvenilirlik<\/strong>: C tipi kanca tasar\u0131m\u0131, a\u011f\u0131r e\u015fyalar\u0131 h\u0131zl\u0131 ve g\u00fcvenilir bir \u015fekilde kald\u0131rmas\u0131n\u0131 sa\u011flayarak s\u0131k kald\u0131rma i\u015flemleri i\u00e7in uygun hale getirir.<\/li>\n<li><strong>Uygun Maliyetli<\/strong>: Basit yap\u0131s\u0131 ve g\u00fc\u00e7l\u00fc malzemeleri nedeniyle, C tipi bir kancan\u0131n \u00fcretim maliyeti nispeten d\u00fc\u015f\u00fckt\u00fcr ve bak\u0131m maliyetleri minimumdur, bu da onu ekonomik ve pratik bir kald\u0131rma arac\u0131 haline getirir.<\/li>\n<li><strong>\u00c7al\u0131\u015fma Kolayl\u0131\u011f\u0131<\/strong>: C-tipi kancan\u0131n kullan\u0131m\u0131 kolayd\u0131r, h\u0131zl\u0131 ba\u011flant\u0131 ve ba\u011flant\u0131 kesme ile haz\u0131rl\u0131k s\u00fcresini azalt\u0131r ve i\u015f verimlili\u011fini art\u0131r\u0131r.<\/li>\n<li><strong>Y\u00fcksek G\u00fcvenlik<\/strong>: G\u00fcvenlik kilitleri ve d\u00fc\u015fme \u00f6nleyici \u00f6zelliklerle donat\u0131lm\u0131\u015f C tipi kancalar, kald\u0131rma i\u015flemi s\u0131ras\u0131nda e\u015fyalar\u0131n d\u00fc\u015fme riskini etkili bir \u015fekilde azaltarak i\u015flemler s\u0131ras\u0131nda g\u00fcvenli\u011fi sa\u011flar.<\/li>\n<\/ul>\n<h3><strong>Sonu\u00e7<\/strong><\/h3>\n<p>Sonu\u00e7 olarak, C tipi kancalar basit ancak sa\u011flam tasar\u0131m\u0131yla \u00e7e\u015fitli kald\u0131rma g\u00f6revlerinde yayg\u0131n olarak kullan\u0131lan temel bir kald\u0131rma arac\u0131d\u0131r. Yap\u0131s\u0131, a\u011f\u0131r y\u00fckleri ta\u015f\u0131mas\u0131na, farkl\u0131 kald\u0131rma ihtiya\u00e7lar\u0131na uyum sa\u011flamas\u0131na ve y\u00fcksek g\u00fcvenlik ve kullan\u0131m kolayl\u0131\u011f\u0131 sa\u011flamas\u0131na olanak tan\u0131r. \u0130ster \u015fantiyelerde, ister end\u00fcstriyel tesislerde, limanlarda veya depolarda olsun, C tipi kancalar i\u015f verimlili\u011fini art\u0131rmada ve kald\u0131rma i\u015flemleri s\u0131ras\u0131nda g\u00fcvenli\u011fi sa\u011flamada \u00e7ok \u00f6nemli bir rol oynar.<\/p>\n<h6><strong><span style=\"font-family: arial, helvetica, sans-serif; font-size: 18pt;\">Boyutlar ve parametreler<\/span><\/strong><\/h6>\n<p><img fetchpriority=\"high\" decoding=\"async\" class=\"alignnone wp-image-7171\" src=\"https:\/\/www.hnhlcranes.com\/wp-content\/uploads\/2024\/11\/C-type-hook-7-245x300.jpg\" alt=\"\" width=\"955\" height=\"1169\" srcset=\"https:\/\/www.hnhlcranes.com\/wp-content\/uploads\/2024\/11\/C-type-hook-7-245x300.jpg 245w, https:\/\/www.hnhlcranes.com\/wp-content\/uploads\/2024\/11\/C-type-hook-7-768x939.jpg 768w, https:\/\/www.hnhlcranes.com\/wp-content\/uploads\/2024\/11\/C-type-hook-7-600x734.jpg 600w, https:\/\/www.hnhlcranes.com\/wp-content\/uploads\/2024\/11\/C-type-hook-7.jpg 800w\" sizes=\"(max-width: 955px) 100vw, 955px\" \/><\/p>","protected":false},"excerpt":{"rendered":"<p>Bobin C-Tipi Kanca, bobin kancas\u0131, Gezer Vin\u00e7 \u00c7elik Bobin C-Tipi Kanca, Vin\u00e7 C-kancas\u0131, C-tipi yay\u0131c\u0131, C-tipi kanca, Vin\u00e7 C-tipi yay\u0131c\u0131, \u00d6zel Vin\u00e7 Serpme<\/p>","protected":false},"featured_media":7172,"template":"","meta":{"_kad_post_transparent":"default","_kad_post_title":"","_kad_post_layout":"default","_kad_post_sidebar_id":"","_kad_post_content_style":"default","_kad_post_vertical_padding":"show","_kad_post_feature":"","_kad_post_feature_position":"","_kad_post_header":false,"_kad_post_footer":false},"product_brand":[],"product_cat":[59],"product_tag":[508,510,513,497,514,512,515,498,521,376,517,518,496,507,520,516,495,522,494,504,502,505,501,506,499,523,503,519,509,500,493,511],"class_list":{"0":"post-5472","1":"product","2":"type-product","3":"status-publish","4":"has-post-thumbnail","6":"product_cat-crane-spreader","7":"product_tag-20ft-container-spreader","8":"product_tag-40ft-container-lifting-frame","9":"product_tag-billet-clamps","10":"product_tag-billet-crane-clamp","11":"product_tag-billet-crane-clamps-manufacturer","12":"product_tag-billet-lifting-clamp","13":"product_tag-billet-lifting-clamps-china-supplier","14":"product_tag-c-type-hook","15":"product_tag-c-type-spreader","16":"product_tag-china-crane-parts-supplier","17":"product_tag-coil-c-type-hook","18":"product_tag-coil-hook","19":"product_tag-container-spreader","20":"product_tag-container-spreader-manufacturers","21":"product_tag-crane-c-hook","22":"product_tag-crane-c-type-spreader","23":"product_tag-crane-grab","24":"product_tag-crane-magnets","25":"product_tag-crane-spreader","26":"product_tag-electric-motor-grab","27":"product_tag-electro-hydraulic-multi-flap-grab","28":"product_tag-electro-hydraulicclamshell-grab","29":"product_tag-four-rope-grab","30":"product_tag-grab-manufacturers","31":"product_tag-lifting-electromagnet","32":"product_tag-lifting-electromagnet-spreader","33":"product_tag-orange-peel-grab","34":"product_tag-overhead-crane-steel-coil-c-type-hook","35":"product_tag-semi-automatic-container-spreader","36":"product_tag-singlr-rope-grab","37":"product_tag-special-crane-spreader","38":"product_tag-tec-container-spreader","40":"first","41":"instock","42":"featured","43":"shipping-taxable","44":"product-type-simple","45":"entry","46":"content-bg","47":"loop-entry"},"yoast_head":"<!-- This site is optimized with the Yoast SEO plugin v24.5 - https:\/\/yoast.com\/wordpress\/plugins\/seo\/ -->\n<title>C-type hook - Crane C-type spreader-Coil hook-Crane Parts Manufacturer<\/title>\n<meta name=\"description\" content=\"Special Crane Spreader,Coil C-Type Hook,coil hooks,Overhead Crane Steel Coil C-Type Hooks,Crane C-hooks,C-type spreader,C-type hook\" \/>\n<meta name=\"robots\" content=\"index, follow, max-snippet:-1, max-image-preview:large, max-video-preview:-1\" \/>\n<link rel=\"canonical\" href=\"https:\/\/www.hnhlcranes.com\/tr\/urun\/c-tipi-kanca\/\" \/>\n<meta property=\"og:locale\" content=\"tr_TR\" \/>\n<meta property=\"og:type\" content=\"article\" \/>\n<meta property=\"og:title\" content=\"C-type hook - Crane C-type spreader-Coil hook-Crane Parts Manufacturer\" \/>\n<meta property=\"og:description\" content=\"Special Crane Spreader,Coil C-Type Hook,coil hooks,Overhead Crane Steel Coil C-Type Hooks,Crane C-hooks,C-type spreader,C-type hook\" \/>\n<meta property=\"og:url\" content=\"https:\/\/www.hnhlcranes.com\/tr\/urun\/c-tipi-kanca\/\" \/>\n<meta property=\"og:site_name\" content=\"Crane Parts Manufacturer\" \/>\n<meta property=\"article:modified_time\" content=\"2025-01-10T07:26:49+00:00\" \/>\n<meta property=\"og:image\" content=\"https:\/\/www.hnhlcranes.com\/wp-content\/uploads\/2024\/11\/C-type-hook.jpg\" \/>\n\t<meta property=\"og:image:width\" content=\"600\" \/>\n\t<meta property=\"og:image:height\" content=\"600\" \/>\n\t<meta property=\"og:image:type\" content=\"image\/jpeg\" \/>\n<meta name=\"twitter:card\" content=\"summary_large_image\" \/>\n<meta name=\"twitter:label1\" content=\"Tahmini okuma s\u00fcresi\" \/>\n\t<meta name=\"twitter:data1\" content=\"3 dakika\" \/>\n<script type=\"application\/ld+json\" class=\"yoast-schema-graph\">{\"@context\":\"https:\/\/schema.org\",\"@graph\":[{\"@type\":\"WebPage\",\"@id\":\"https:\/\/www.hnhlcranes.com\/product\/c-type-hook\/\",\"url\":\"https:\/\/www.hnhlcranes.com\/product\/c-type-hook\/\",\"name\":\"C-type hook - Crane C-type spreader-Coil hook-Crane Parts Manufacturer\",\"isPartOf\":{\"@id\":\"https:\/\/www.hnhlcranes.com\/#website\"},\"primaryImageOfPage\":{\"@id\":\"https:\/\/www.hnhlcranes.com\/product\/c-type-hook\/#primaryimage\"},\"image\":{\"@id\":\"https:\/\/www.hnhlcranes.com\/product\/c-type-hook\/#primaryimage\"},\"thumbnailUrl\":\"https:\/\/www.hnhlcranes.com\/wp-content\/uploads\/2024\/11\/C-type-hook.jpg\",\"datePublished\":\"2024-11-25T16:45:41+00:00\",\"dateModified\":\"2025-01-10T07:26:49+00:00\",\"description\":\"Special Crane Spreader,Coil C-Type Hook,coil hooks,Overhead Crane Steel Coil C-Type Hooks,Crane C-hooks,C-type spreader,C-type hook\",\"breadcrumb\":{\"@id\":\"https:\/\/www.hnhlcranes.com\/product\/c-type-hook\/#breadcrumb\"},\"inLanguage\":\"tr\",\"potentialAction\":[{\"@type\":\"ReadAction\",\"target\":[\"https:\/\/www.hnhlcranes.com\/product\/c-type-hook\/\"]}]},{\"@type\":\"ImageObject\",\"inLanguage\":\"tr\",\"@id\":\"https:\/\/www.hnhlcranes.com\/product\/c-type-hook\/#primaryimage\",\"url\":\"https:\/\/www.hnhlcranes.com\/wp-content\/uploads\/2024\/11\/C-type-hook.jpg\",\"contentUrl\":\"https:\/\/www.hnhlcranes.com\/wp-content\/uploads\/2024\/11\/C-type-hook.jpg\",\"width\":600,\"height\":600},{\"@type\":\"BreadcrumbList\",\"@id\":\"https:\/\/www.hnhlcranes.com\/product\/c-type-hook\/#breadcrumb\",\"itemListElement\":[{\"@type\":\"ListItem\",\"position\":1,\"name\":\"home\",\"item\":\"https:\/\/www.hnhlcranes.com\/\"},{\"@type\":\"ListItem\",\"position\":2,\"name\":\"products\",\"item\":\"https:\/\/www.hnhlcranes.com\/products\/\"},{\"@type\":\"ListItem\",\"position\":3,\"name\":\"C-type hook\"}]},{\"@type\":\"WebSite\",\"@id\":\"https:\/\/www.hnhlcranes.com\/#website\",\"url\":\"https:\/\/www.hnhlcranes.com\/\",\"name\":\"Crane Parts Manufacturer\",\"description\":\"Crane Wheels,Crane Drums,Crane Hooks,Crane Coupling,Crane End Carriage,Electric Hoist,European Crane Parts,Crane Rail Clip,Crane Spreader,Crane Motor,Crane Reducer,Crane Brake,Light Crane Parts,Workstation Crane Parts,Crane Electrical Parts,China Crane Parts Supplier,China Crane Parts Manufacturer,Angle box type crane wheel,45 degree split crane wheel,European crane wheel,Crane Wheel Blocks,Overhead crane drum,European crane drum,Overhead crane hook,European crane hook,Crane pulley block,Gear coupling,Brake wheel coupling,Drum gear coupling,Brake wheel drum gear coupling,Cardan Shaft Coupling,WZL drum coupling,Plum blossom elastic coupling,Brake wheel plum elastic coupling,European Single girder crane end carriage,European Double girder crane end carriage,European Suspension  crane end carriage,Wire Rope Electric Hoist,Electric Chain Hoist,European Single Girder Wire Rope Electric Hoist,European Double Girder Wire Rope Electric Hoist,Crane grab,Container spreader,Billet crane clamps,C-type hook,Lifting Electromagnet,YZR crane motor,YZP crane motor,ZQ Reducer,ZSC Reducer,QJ Reducer,QJ-L Reducer,QJY Reducer,H series gearbox,F Series Gear Motor,K Series Gear Motor,R Series Gear Motor,travelling machinery gear motor,Electro hydraulic drum brake,Electro hydraulic disc brake,Crane Safety brake,Crane cable trolley,Crane remote controller,Crane pendant controller,Crane electrical control cabinet,Crane limit switch,Crane sound and light alarm,Heavy Duty Aviation Connector,Crane overload limiter\",\"publisher\":{\"@id\":\"https:\/\/www.hnhlcranes.com\/#organization\"},\"potentialAction\":[{\"@type\":\"SearchAction\",\"target\":{\"@type\":\"EntryPoint\",\"urlTemplate\":\"https:\/\/www.hnhlcranes.com\/?s={search_term_string}\"},\"query-input\":{\"@type\":\"PropertyValueSpecification\",\"valueRequired\":true,\"valueName\":\"search_term_string\"}}],\"inLanguage\":\"tr\"},{\"@type\":\"Organization\",\"@id\":\"https:\/\/www.hnhlcranes.com\/#organization\",\"name\":\"Crane Parts Manufacturer\",\"url\":\"https:\/\/www.hnhlcranes.com\/\",\"logo\":{\"@type\":\"ImageObject\",\"inLanguage\":\"tr\",\"@id\":\"https:\/\/www.hnhlcranes.com\/#\/schema\/logo\/image\/\",\"url\":\"https:\/\/www.hnhlcranes.com\/wp-content\/uploads\/2025\/01\/HL-logo-1.png\",\"contentUrl\":\"https:\/\/www.hnhlcranes.com\/wp-content\/uploads\/2025\/01\/HL-logo-1.png\",\"width\":600,\"height\":169,\"caption\":\"Crane Parts Manufacturer\"},\"image\":{\"@id\":\"https:\/\/www.hnhlcranes.com\/#\/schema\/logo\/image\/\"}}]}<\/script>\n<!-- \/ Yoast SEO plugin. -->","yoast_head_json":{"title":"C-type hook - Crane C-type spreader-Coil hook-Crane Parts Manufacturer","description":"Special Crane Spreader,Coil C-Type Hook,coil hooks,Overhead Crane Steel Coil C-Type Hooks,Crane C-hooks,C-type spreader,C-type hook","robots":{"index":"index","follow":"follow","max-snippet":"max-snippet:-1","max-image-preview":"max-image-preview:large","max-video-preview":"max-video-preview:-1"},"canonical":"https:\/\/www.hnhlcranes.com\/tr\/urun\/c-tipi-kanca\/","og_locale":"tr_TR","og_type":"article","og_title":"C-type hook - Crane C-type spreader-Coil hook-Crane Parts Manufacturer","og_description":"Special Crane Spreader,Coil C-Type Hook,coil hooks,Overhead Crane Steel Coil C-Type Hooks,Crane C-hooks,C-type spreader,C-type hook","og_url":"https:\/\/www.hnhlcranes.com\/tr\/urun\/c-tipi-kanca\/","og_site_name":"Crane Parts Manufacturer","article_modified_time":"2025-01-10T07:26:49+00:00","og_image":[{"width":600,"height":600,"url":"https:\/\/www.hnhlcranes.com\/wp-content\/uploads\/2024\/11\/C-type-hook.jpg","type":"image\/jpeg"}],"twitter_card":"summary_large_image","twitter_misc":{"Tahmini okuma s\u00fcresi":"3 dakika"},"schema":{"@context":"https:\/\/schema.org","@graph":[{"@type":"WebPage","@id":"https:\/\/www.hnhlcranes.com\/product\/c-type-hook\/","url":"https:\/\/www.hnhlcranes.com\/product\/c-type-hook\/","name":"C-type hook - Crane C-type spreader-Coil hook-Crane Parts Manufacturer","isPartOf":{"@id":"https:\/\/www.hnhlcranes.com\/#website"},"primaryImageOfPage":{"@id":"https:\/\/www.hnhlcranes.com\/product\/c-type-hook\/#primaryimage"},"image":{"@id":"https:\/\/www.hnhlcranes.com\/product\/c-type-hook\/#primaryimage"},"thumbnailUrl":"https:\/\/www.hnhlcranes.com\/wp-content\/uploads\/2024\/11\/C-type-hook.jpg","datePublished":"2024-11-25T16:45:41+00:00","dateModified":"2025-01-10T07:26:49+00:00","description":"Special Crane Spreader,Coil C-Type Hook,coil hooks,Overhead Crane Steel Coil C-Type Hooks,Crane C-hooks,C-type spreader,C-type hook","breadcrumb":{"@id":"https:\/\/www.hnhlcranes.com\/product\/c-type-hook\/#breadcrumb"},"inLanguage":"tr","potentialAction":[{"@type":"ReadAction","target":["https:\/\/www.hnhlcranes.com\/product\/c-type-hook\/"]}]},{"@type":"ImageObject","inLanguage":"tr","@id":"https:\/\/www.hnhlcranes.com\/product\/c-type-hook\/#primaryimage","url":"https:\/\/www.hnhlcranes.com\/wp-content\/uploads\/2024\/11\/C-type-hook.jpg","contentUrl":"https:\/\/www.hnhlcranes.com\/wp-content\/uploads\/2024\/11\/C-type-hook.jpg","width":600,"height":600},{"@type":"BreadcrumbList","@id":"https:\/\/www.hnhlcranes.com\/product\/c-type-hook\/#breadcrumb","itemListElement":[{"@type":"ListItem","position":1,"name":"home","item":"https:\/\/www.hnhlcranes.com\/"},{"@type":"ListItem","position":2,"name":"products","item":"https:\/\/www.hnhlcranes.com\/products\/"},{"@type":"ListItem","position":3,"name":"C-type hook"}]},{"@type":"WebSite","@id":"https:\/\/www.hnhlcranes.com\/#website","url":"https:\/\/www.hnhlcranes.com\/","name":"Crane Parts Manufacturer","description":"Crane Wheels,Crane Drums,Crane Hooks,Crane Coupling,Crane End Carriage,Electric Hoist,European Crane Parts,Crane Rail Clip,Crane Spreader,Crane Motor,Crane Reducer,Crane Brake,Light Crane Parts,Workstation Crane Parts,Crane Electrical Parts,China Crane Parts Supplier,China Crane Parts Manufacturer,Angle box type crane wheel,45 degree split crane wheel,European crane wheel,Crane Wheel Blocks,Overhead crane drum,European crane drum,Overhead crane hook,European crane hook,Crane pulley block,Gear coupling,Brake wheel coupling,Drum gear coupling,Brake wheel drum gear coupling,Cardan Shaft Coupling,WZL drum coupling,Plum blossom elastic coupling,Brake wheel plum elastic coupling,European Single girder crane end carriage,European Double girder crane end carriage,European Suspension  crane end carriage,Wire Rope Electric Hoist,Electric Chain Hoist,European Single Girder Wire Rope Electric Hoist,European Double Girder Wire Rope Electric Hoist,Crane grab,Container spreader,Billet crane clamps,C-type hook,Lifting Electromagnet,YZR crane motor,YZP crane motor,ZQ Reducer,ZSC Reducer,QJ Reducer,QJ-L Reducer,QJY Reducer,H series gearbox,F Series Gear Motor,K Series Gear Motor,R Series Gear Motor,travelling machinery gear motor,Electro hydraulic drum brake,Electro hydraulic disc brake,Crane Safety brake,Crane cable trolley,Crane remote controller,Crane pendant controller,Crane electrical control cabinet,Crane limit switch,Crane sound and light alarm,Heavy Duty Aviation Connector,Crane overload limiter","publisher":{"@id":"https:\/\/www.hnhlcranes.com\/#organization"},"potentialAction":[{"@type":"SearchAction","target":{"@type":"EntryPoint","urlTemplate":"https:\/\/www.hnhlcranes.com\/?s={search_term_string}"},"query-input":{"@type":"PropertyValueSpecification","valueRequired":true,"valueName":"search_term_string"}}],"inLanguage":"tr"},{"@type":"Organization","@id":"https:\/\/www.hnhlcranes.com\/#organization","name":"Crane Parts Manufacturer","url":"https:\/\/www.hnhlcranes.com\/","logo":{"@type":"ImageObject","inLanguage":"tr","@id":"https:\/\/www.hnhlcranes.com\/#\/schema\/logo\/image\/","url":"https:\/\/www.hnhlcranes.com\/wp-content\/uploads\/2025\/01\/HL-logo-1.png","contentUrl":"https:\/\/www.hnhlcranes.com\/wp-content\/uploads\/2025\/01\/HL-logo-1.png","width":600,"height":169,"caption":"Crane Parts Manufacturer"},"image":{"@id":"https:\/\/www.hnhlcranes.com\/#\/schema\/logo\/image\/"}}]}},"_links":{"self":[{"href":"https:\/\/www.hnhlcranes.com\/tr\/wp-json\/wp\/v2\/product\/5472","targetHints":{"allow":["GET"]}}],"collection":[{"href":"https:\/\/www.hnhlcranes.com\/tr\/wp-json\/wp\/v2\/product"}],"about":[{"href":"https:\/\/www.hnhlcranes.com\/tr\/wp-json\/wp\/v2\/types\/product"}],"version-history":[{"count":5,"href":"https:\/\/www.hnhlcranes.com\/tr\/wp-json\/wp\/v2\/product\/5472\/revisions"}],"predecessor-version":[{"id":7176,"href":"https:\/\/www.hnhlcranes.com\/tr\/wp-json\/wp\/v2\/product\/5472\/revisions\/7176"}],"wp:featuredmedia":[{"embeddable":true,"href":"https:\/\/www.hnhlcranes.com\/tr\/wp-json\/wp\/v2\/media\/7172"}],"wp:attachment":[{"href":"https:\/\/www.hnhlcranes.com\/tr\/wp-json\/wp\/v2\/media?parent=5472"}],"wp:term":[{"taxonomy":"product_brand","embeddable":true,"href":"https:\/\/www.hnhlcranes.com\/tr\/wp-json\/wp\/v2\/product_brand?post=5472"},{"taxonomy":"product_cat","embeddable":true,"href":"https:\/\/www.hnhlcranes.com\/tr\/wp-json\/wp\/v2\/product_cat?post=5472"},{"taxonomy":"product_tag","embeddable":true,"href":"https:\/\/www.hnhlcranes.com\/tr\/wp-json\/wp\/v2\/product_tag?post=5472"}],"curies":[{"name":"wp","href":"https:\/\/api.w.org\/{rel}","templated":true}]}}