{"id":5487,"date":"2024-11-26T01:03:18","date_gmt":"2024-11-25T17:03:18","guid":{"rendered":"https:\/\/www.hnhlcranes.com\/?post_type=product&#038;p=5487"},"modified":"2025-01-10T15:41:51","modified_gmt":"2025-01-10T07:41:51","slug":"kaldirma-elektromiknatisi","status":"publish","type":"product","link":"https:\/\/www.hnhlcranes.com\/tr\/urun\/kaldirma-elektromiknatisi\/","title":{"rendered":"Kald\u0131rma Elektrom\u0131knat\u0131s\u0131"},"content":{"rendered":"<div class=\"flex-1 overflow-hidden @container\/thread\">\n<div class=\"h-full\">\n<div class=\"react-scroll-to-bottom--css-xvoge-79elbk h-full\">\n<div class=\"react-scroll-to-bottom--css-xvoge-1n7m0yu\">\n<div class=\"flex flex-col text-sm md:pb-9\">\n<article class=\"w-full scroll-mb-[var(--thread-trailing-height,150px)] text-token-text-primary focus-visible:outline-2 focus-visible:outline-offset-[-4px]\" dir=\"auto\" data-testid=\"conversation-turn-35\" data-scroll-anchor=\"true\">\n<div class=\"m-auto text-base py-[18px] px-3 md:px-4 w-full md:px-5 lg:px-4 xl:px-5\">\n<div class=\"mx-auto flex flex-1 gap-4 text-base md:gap-5 lg:gap-6 md:max-w-3xl lg:max-w-[40rem] xl:max-w-[48rem]\">\n<div class=\"group\/conversation-turn relative flex w-full min-w-0 flex-col agent-turn\">\n<div class=\"flex-col gap-1 md:gap-3\">\n<div class=\"flex max-w-full flex-col flex-grow\">\n<div class=\"min-h-8 text-message flex w-full flex-col items-end gap-2 whitespace-normal break-words text-start [.text-message+&amp;]:mt-5\" dir=\"auto\" data-message-author-role=\"assistant\" data-message-id=\"70b04e16-fa78-41b2-98a2-8fab7970678a\" data-message-model-slug=\"gpt-4o\">\n<div class=\"flex w-full flex-col gap-1 empty:hidden first:pt-[3px]\">\n<div class=\"markdown prose w-full break-words dark:prose-invert light\">\n<h3><strong>Kald\u0131rma Elektrom\u0131knat\u0131s\u0131na Genel Bak\u0131\u015f<\/strong><\/h3>\n<p>A <strong>kald\u0131rma elektrom\u0131knat\u0131s\u0131<\/strong> elektrik ak\u0131m\u0131 bir bobinden ge\u00e7ti\u011finde manyetik alan olu\u015fturan bir cihazd\u0131r. Bu manyetik alan, ferromanyetik malzemeleri kald\u0131rmas\u0131n\u0131 sa\u011flar ve ak\u0131m kapat\u0131ld\u0131\u011f\u0131nda manyetizma kaybolur. Metalurji, madencilik, makine ve ta\u015f\u0131mac\u0131l\u0131k gibi sekt\u00f6rlerde yayg\u0131n olarak kullan\u0131lan kald\u0131rma elektrom\u0131knat\u0131slar\u0131, \u00f6zellikle a\u011f\u0131r y\u00fcklerin s\u0131k s\u0131k kald\u0131r\u0131lmas\u0131n\u0131 ve ta\u015f\u0131nmas\u0131n\u0131 gerektiren uygulamalarda malzeme ta\u015f\u0131ma i\u00e7in verimli ve g\u00fcvenli bir \u00e7\u00f6z\u00fcm sunar.<\/p>\n<h3><strong>Kald\u0131rma Elektrom\u0131knat\u0131s\u0131 <\/strong><strong>Temel \u00d6zellikler<\/strong><\/h3>\n<ol>\n<li><strong>Basit Kontrol<\/strong>: Kald\u0131rma elektrom\u0131knat\u0131s\u0131n\u0131n manyetizmas\u0131, sadece ak\u0131m\u0131n a\u00e7\u0131lmas\u0131 veya kapat\u0131lmas\u0131yla kontrol edilir ve gerekti\u011finde manyetik kuvvetin etkinle\u015ftirilmesini veya devre d\u0131\u015f\u0131 b\u0131rak\u0131lmas\u0131n\u0131 kolayla\u015ft\u0131r\u0131r.<\/li>\n<li><strong>Esnek Ayarlama<\/strong>: Ak\u0131m\u0131n yo\u011funlu\u011fu ve y\u00f6n\u00fc ayarlanarak, manyetik alan\u0131n g\u00fcc\u00fc ve polaritesi \u00f6zel gereksinimlere uyacak \u015fekilde de\u011fi\u015ftirilebilir ve y\u00fcksek esneklik sa\u011flar.<\/li>\n<li><strong>Geni\u015f Uygulamalar<\/strong>: Kald\u0131rma elektrom\u0131knat\u0131slar\u0131, \u00e7elik gibi ferromanyetik malzemeleri kald\u0131rmak i\u00e7in kullan\u0131ld\u0131klar\u0131 metalurji, makine, madencilik ve ula\u015f\u0131m gibi end\u00fcstriler i\u00e7in uygundur.<\/li>\n<\/ol>\n<h3><strong>Uygulamalar<\/strong><\/h3>\n<ul>\n<li><strong>Metalurji ve Madencilik<\/strong>: Kald\u0131rma elektrom\u0131knat\u0131slar\u0131 \u00e7elik, d\u00f6kme demir k\u00fcl\u00e7eleri ve di\u011fer manyetik malzemeleri kald\u0131rmak i\u00e7in kullan\u0131l\u0131r ve \u00e7elik \u00fcretiminde ve mineral i\u015flemede hayati bir rol oynar.<\/li>\n<li><strong>Makine ve \u0130malat<\/strong>: Makine par\u00e7alar\u0131n\u0131, metal hurdalar\u0131 ve di\u011fer malzemeleri kald\u0131rmak i\u00e7in yayg\u0131n olarak kullan\u0131l\u0131rlar, \u00fcretim tesislerinde ve \u00fcretim hatlar\u0131nda verimlili\u011fi art\u0131r\u0131rlar.<\/li>\n<li><strong>Ula\u015f\u0131m<\/strong>: Demiryollar\u0131, limanlar ve gemi yap\u0131m\u0131 gibi end\u00fcstrilerde, kald\u0131rma elektrom\u0131knat\u0131slar\u0131 el eme\u011finin yerini alarak a\u011f\u0131r y\u00fcklerin kald\u0131r\u0131lmas\u0131n\u0131 kolayla\u015ft\u0131r\u0131r ve hem zamandan hem de insan g\u00fcc\u00fcnden tasarruf sa\u011flar.<\/li>\n<li><strong>\u00d6zel Ortamlar<\/strong>: Kald\u0131rma elektrom\u0131knat\u0131slar\u0131, y\u00fcksek s\u0131cakl\u0131klar, su alt\u0131, tozlu ortamlar veya zehirli gazlar\u0131n bulundu\u011fu alanlar gibi a\u015f\u0131r\u0131 ko\u015fullarda \u00e7al\u0131\u015fabilir ve zorlu ko\u015fullar alt\u0131nda g\u00fcvenilir performans sa\u011flar.<\/li>\n<\/ul>\n<h3><strong>Uzmanla\u015fm\u0131\u015f Modeller<\/strong><\/h3>\n<ul>\n<li><strong>MW5 Serisi - Hurda \u00c7elik Kald\u0131rma Elektrom\u0131knat\u0131s\u0131<\/strong>: Hurda \u00e7elik, d\u00f6kme demir k\u00fcl\u00e7eler, \u00e7elik bilyalar ve di\u011fer hurda malzemelerin kald\u0131r\u0131lmas\u0131 i\u00e7in tasarlanm\u0131\u015ft\u0131r.<\/li>\n<li><strong>MW12 Serisi - Dikd\u00f6rtgen Elektrom\u0131knat\u0131s<\/strong>: Birden fazla hava bo\u015flu\u011funa n\u00fcfuz edebilen y\u00fcksek ge\u00e7irgenli\u011fe sahip manyetik bir devre i\u00e7eren, demetlenmi\u015f in\u015faat demirini kald\u0131rmak i\u00e7in idealdir.<\/li>\n<li><strong>MW22 Serisi - \u00c7elik K\u00fcl\u00e7eler ve B\u00fcy\u00fck Bloomlar<\/strong>: \u00c7elik k\u00fcl\u00e7eleri, b\u00fcy\u00fck ilk blumlar\u0131 ve yap\u0131sal \u00e7elik bile\u015fenleri kald\u0131rmak i\u00e7in optimize edilmi\u015ftir.<\/li>\n<li><strong>MW84 Serisi - Orta ve Kal\u0131n \u00c7elik Plakalar i\u00e7in Elektrom\u0131knat\u0131s<\/strong>: Kal\u0131nl\u0131klar\u0131 6 ila 32 mm aras\u0131nda de\u011fi\u015fen \u00e7elik plakalar\u0131 kald\u0131rmak i\u00e7in \u00f6zel olarak tasarlanm\u0131\u015ft\u0131r, g\u00fcvenli ve do\u011fru i\u015flemler sa\u011flar. Daha uzun plakalar i\u00e7in birden fazla elektrom\u0131knat\u0131s birlikte kullan\u0131lmal\u0131d\u0131r.<\/li>\n<\/ul>\n<h3><strong>Avantajlar<\/strong><\/h3>\n<ol>\n<li><strong>Verimli ve G\u00fcvenilir<\/strong>: Kald\u0131rma elektrom\u0131knat\u0131slar\u0131, h\u0131zl\u0131 ve istikrarl\u0131 kald\u0131rma yetenekleri sa\u011flayarak operasyonel verimlili\u011fi b\u00fcy\u00fck \u00f6l\u00e7\u00fcde art\u0131r\u0131r.<\/li>\n<li><strong>Enerji Tasarruflu<\/strong>: Kald\u0131rma gereksinimlerini kar\u015f\u0131larken daha az enerji t\u00fcketirler, bu da onlar\u0131 \u00e7evre dostu bir se\u00e7enek haline getirir.<\/li>\n<li><strong>Y\u00fcksek G\u00fcvenlik<\/strong>: Y\u00fcksek kaliteli malzemeler ve geli\u015fmi\u015f tasar\u0131m ile kald\u0131rma elektrom\u0131knat\u0131slar\u0131, malzemelerin kazara d\u00fc\u015fmesini \u00f6nleyen g\u00fcvenlik \u00f6zellikleriyle donat\u0131lm\u0131\u015ft\u0131r.<\/li>\n<li><strong>G\u00fc\u00e7l\u00fc Uyarlanabilirlik<\/strong>: Y\u00fcksek s\u0131cakl\u0131klar, nemli ko\u015fullar, tozlu alanlar ve toksik ortamlar dahil olmak \u00fczere \u00e7e\u015fitli ortamlarda \u00e7al\u0131\u015fabilirler.<\/li>\n<\/ol>\n<h3><strong>Sonu\u00e7<\/strong><\/h3>\n<p>Sonu\u00e7 olarak, kald\u0131rma elektrom\u0131knat\u0131slar\u0131 end\u00fcstriyel uygulamalarda vazge\u00e7ilmezdir ve malzeme ta\u015f\u0131ma i\u00e7in basit, verimli ve g\u00fcvenli bir y\u00f6ntem sunar. \u0130ster \u00e7elik \u00fcretiminde, ister mineral i\u015flemede, ister makine imalat\u0131nda veya a\u015f\u0131r\u0131 ko\u015fullar alt\u0131nda kullan\u0131ls\u0131n, kald\u0131rma elektrom\u0131knat\u0131slar\u0131 g\u00fcvenilir, emniyetli ve verimli kald\u0131rma i\u015flemleri sa\u011flar. Kullan\u0131m kolayl\u0131\u011f\u0131, enerji verimlili\u011fi ve farkl\u0131 ortamlara uyum sa\u011flama yetenekleri, onlar\u0131 a\u011f\u0131r kald\u0131rma ve malzeme hareketi gerektiren end\u00fcstriler i\u00e7in paha bi\u00e7ilmez ara\u00e7lar haline getirir.<\/p>\n<\/div>\n<\/div>\n<\/div>\n<\/div>\n<\/div>\n<\/div>\n<\/div>\n<\/div>\n<\/article>\n<\/div>\n<\/div>\n<\/div>\n<\/div>\n<\/div>","protected":false},"excerpt":{"rendered":"<p>Vin\u00e7 m\u0131knat\u0131slar\u0131, Kald\u0131rma Elektrom\u0131knat\u0131s\u0131<\/p>\n<ul>\n<li><span style=\"font-family: arial, helvetica, sans-serif; font-size: 12pt;\"><strong>MW5 Serisi - Hurda \u00c7elik Kald\u0131rma Elektrom\u0131knat\u0131s\u0131<\/strong><\/span><\/li>\n<li><span style=\"font-family: arial, helvetica, sans-serif; font-size: 12pt;\"><strong>MW12 Serisi - Demetlenmi\u015f \u0130n\u015faat Demiri i\u00e7in Dikd\u00f6rtgen Elektromanyetik Ayna<\/strong><\/span><\/li>\n<li><span style=\"font-family: arial, helvetica, sans-serif; font-size: 12pt;\"><strong>MW22 Serisi - \u00c7elik K\u00fcl\u00e7eler ve B\u00fcy\u00fck Bloomlar<\/strong><\/span><\/li>\n<li><span style=\"font-family: arial, helvetica, sans-serif; font-size: 12pt;\"><strong>MW84 Serisi - Orta ve Kal\u0131n \u00c7elik Plakalar i\u00e7in Elektrom\u0131knat\u0131s<\/strong><\/span><\/li>\n<\/ul>","protected":false},"featured_media":7184,"template":"","meta":{"_kad_post_transparent":"default","_kad_post_title":"","_kad_post_layout":"default","_kad_post_sidebar_id":"","_kad_post_content_style":"default","_kad_post_vertical_padding":"show","_kad_post_feature":"","_kad_post_feature_position":"","_kad_post_header":false,"_kad_post_footer":false},"product_brand":[],"product_cat":[59],"product_tag":[508,510,513,497,514,512,515,498,521,376,517,518,496,507,520,516,495,522,494,504,502,505,501,506,499,523,503,519,509,500,493,511],"class_list":{"0":"post-5487","1":"product","2":"type-product","3":"status-publish","4":"has-post-thumbnail","6":"product_cat-crane-spreader","7":"product_tag-20ft-container-spreader","8":"product_tag-40ft-container-lifting-frame","9":"product_tag-billet-clamps","10":"product_tag-billet-crane-clamp","11":"product_tag-billet-crane-clamps-manufacturer","12":"product_tag-billet-lifting-clamp","13":"product_tag-billet-lifting-clamps-china-supplier","14":"product_tag-c-type-hook","15":"product_tag-c-type-spreader","16":"product_tag-china-crane-parts-supplier","17":"product_tag-coil-c-type-hook","18":"product_tag-coil-hook","19":"product_tag-container-spreader","20":"product_tag-container-spreader-manufacturers","21":"product_tag-crane-c-hook","22":"product_tag-crane-c-type-spreader","23":"product_tag-crane-grab","24":"product_tag-crane-magnets","25":"product_tag-crane-spreader","26":"product_tag-electric-motor-grab","27":"product_tag-electro-hydraulic-multi-flap-grab","28":"product_tag-electro-hydraulicclamshell-grab","29":"product_tag-four-rope-grab","30":"product_tag-grab-manufacturers","31":"product_tag-lifting-electromagnet","32":"product_tag-lifting-electromagnet-spreader","33":"product_tag-orange-peel-grab","34":"product_tag-overhead-crane-steel-coil-c-type-hook","35":"product_tag-semi-automatic-container-spreader","36":"product_tag-singlr-rope-grab","37":"product_tag-special-crane-spreader","38":"product_tag-tec-container-spreader","40":"first","41":"instock","42":"shipping-taxable","43":"product-type-simple","44":"entry","45":"content-bg","46":"loop-entry"},"yoast_head":"<!-- This site is optimized with the Yoast SEO plugin v24.5 - https:\/\/yoast.com\/wordpress\/plugins\/seo\/ -->\n<title>Lifting Electromagnet -Crane magnets- Crane Parts Manufacturer<\/title>\n<meta name=\"description\" content=\"Crane magnets,Special Crane Spreader,Lifting Electromagnet Spreader,China Crane Parts Supplier,Lifting Electromagnet,Crane Spreader\" \/>\n<meta name=\"robots\" content=\"index, follow, max-snippet:-1, max-image-preview:large, max-video-preview:-1\" \/>\n<link rel=\"canonical\" href=\"https:\/\/www.hnhlcranes.com\/tr\/urun\/kaldirma-elektromiknatisi\/\" \/>\n<meta property=\"og:locale\" content=\"tr_TR\" \/>\n<meta property=\"og:type\" content=\"article\" \/>\n<meta property=\"og:title\" content=\"Lifting Electromagnet -Crane magnets- Crane Parts Manufacturer\" \/>\n<meta property=\"og:description\" content=\"Crane magnets,Special Crane Spreader,Lifting Electromagnet Spreader,China Crane Parts Supplier,Lifting Electromagnet,Crane Spreader\" \/>\n<meta property=\"og:url\" content=\"https:\/\/www.hnhlcranes.com\/tr\/urun\/kaldirma-elektromiknatisi\/\" \/>\n<meta property=\"og:site_name\" content=\"Crane Parts Manufacturer\" \/>\n<meta property=\"article:modified_time\" content=\"2025-01-10T07:41:51+00:00\" \/>\n<meta property=\"og:image\" content=\"https:\/\/www.hnhlcranes.com\/wp-content\/uploads\/2024\/11\/Lifting-Electromagnet.jpg\" \/>\n\t<meta property=\"og:image:width\" content=\"600\" \/>\n\t<meta property=\"og:image:height\" content=\"600\" \/>\n\t<meta property=\"og:image:type\" content=\"image\/jpeg\" \/>\n<meta name=\"twitter:card\" content=\"summary_large_image\" \/>\n<meta name=\"twitter:label1\" content=\"Tahmini okuma s\u00fcresi\" \/>\n\t<meta name=\"twitter:data1\" content=\"3 dakika\" \/>\n<script type=\"application\/ld+json\" class=\"yoast-schema-graph\">{\"@context\":\"https:\/\/schema.org\",\"@graph\":[{\"@type\":\"WebPage\",\"@id\":\"https:\/\/www.hnhlcranes.com\/product\/lifting-electromagnet\/\",\"url\":\"https:\/\/www.hnhlcranes.com\/product\/lifting-electromagnet\/\",\"name\":\"Lifting Electromagnet -Crane magnets- Crane Parts Manufacturer\",\"isPartOf\":{\"@id\":\"https:\/\/www.hnhlcranes.com\/#website\"},\"primaryImageOfPage\":{\"@id\":\"https:\/\/www.hnhlcranes.com\/product\/lifting-electromagnet\/#primaryimage\"},\"image\":{\"@id\":\"https:\/\/www.hnhlcranes.com\/product\/lifting-electromagnet\/#primaryimage\"},\"thumbnailUrl\":\"https:\/\/www.hnhlcranes.com\/wp-content\/uploads\/2024\/11\/Lifting-Electromagnet.jpg\",\"datePublished\":\"2024-11-25T17:03:18+00:00\",\"dateModified\":\"2025-01-10T07:41:51+00:00\",\"description\":\"Crane magnets,Special Crane Spreader,Lifting Electromagnet Spreader,China Crane Parts Supplier,Lifting Electromagnet,Crane Spreader\",\"breadcrumb\":{\"@id\":\"https:\/\/www.hnhlcranes.com\/product\/lifting-electromagnet\/#breadcrumb\"},\"inLanguage\":\"tr\",\"potentialAction\":[{\"@type\":\"ReadAction\",\"target\":[\"https:\/\/www.hnhlcranes.com\/product\/lifting-electromagnet\/\"]}]},{\"@type\":\"ImageObject\",\"inLanguage\":\"tr\",\"@id\":\"https:\/\/www.hnhlcranes.com\/product\/lifting-electromagnet\/#primaryimage\",\"url\":\"https:\/\/www.hnhlcranes.com\/wp-content\/uploads\/2024\/11\/Lifting-Electromagnet.jpg\",\"contentUrl\":\"https:\/\/www.hnhlcranes.com\/wp-content\/uploads\/2024\/11\/Lifting-Electromagnet.jpg\",\"width\":600,\"height\":600},{\"@type\":\"BreadcrumbList\",\"@id\":\"https:\/\/www.hnhlcranes.com\/product\/lifting-electromagnet\/#breadcrumb\",\"itemListElement\":[{\"@type\":\"ListItem\",\"position\":1,\"name\":\"home\",\"item\":\"https:\/\/www.hnhlcranes.com\/\"},{\"@type\":\"ListItem\",\"position\":2,\"name\":\"products\",\"item\":\"https:\/\/www.hnhlcranes.com\/products\/\"},{\"@type\":\"ListItem\",\"position\":3,\"name\":\"Lifting Electromagnet\"}]},{\"@type\":\"WebSite\",\"@id\":\"https:\/\/www.hnhlcranes.com\/#website\",\"url\":\"https:\/\/www.hnhlcranes.com\/\",\"name\":\"Crane Parts Manufacturer\",\"description\":\"Crane Wheels,Crane Drums,Crane Hooks,Crane Coupling,Crane End Carriage,Electric Hoist,European Crane Parts,Crane Rail Clip,Crane Spreader,Crane Motor,Crane Reducer,Crane Brake,Light Crane Parts,Workstation Crane Parts,Crane Electrical Parts,China Crane Parts Supplier,China Crane Parts Manufacturer,Angle box type crane wheel,45 degree split crane wheel,European crane wheel,Crane Wheel Blocks,Overhead crane drum,European crane drum,Overhead crane hook,European crane hook,Crane pulley block,Gear coupling,Brake wheel coupling,Drum gear coupling,Brake wheel drum gear coupling,Cardan Shaft Coupling,WZL drum coupling,Plum blossom elastic coupling,Brake wheel plum elastic coupling,European Single girder crane end carriage,European Double girder crane end carriage,European Suspension  crane end carriage,Wire Rope Electric Hoist,Electric Chain Hoist,European Single Girder Wire Rope Electric Hoist,European Double Girder Wire Rope Electric Hoist,Crane grab,Container spreader,Billet crane clamps,C-type hook,Lifting Electromagnet,YZR crane motor,YZP crane motor,ZQ Reducer,ZSC Reducer,QJ Reducer,QJ-L Reducer,QJY Reducer,H series gearbox,F Series Gear Motor,K Series Gear Motor,R Series Gear Motor,travelling machinery gear motor,Electro hydraulic drum brake,Electro hydraulic disc brake,Crane Safety brake,Crane cable trolley,Crane remote controller,Crane pendant controller,Crane electrical control cabinet,Crane limit switch,Crane sound and light alarm,Heavy Duty Aviation Connector,Crane overload limiter\",\"publisher\":{\"@id\":\"https:\/\/www.hnhlcranes.com\/#organization\"},\"potentialAction\":[{\"@type\":\"SearchAction\",\"target\":{\"@type\":\"EntryPoint\",\"urlTemplate\":\"https:\/\/www.hnhlcranes.com\/?s={search_term_string}\"},\"query-input\":{\"@type\":\"PropertyValueSpecification\",\"valueRequired\":true,\"valueName\":\"search_term_string\"}}],\"inLanguage\":\"tr\"},{\"@type\":\"Organization\",\"@id\":\"https:\/\/www.hnhlcranes.com\/#organization\",\"name\":\"Crane Parts Manufacturer\",\"url\":\"https:\/\/www.hnhlcranes.com\/\",\"logo\":{\"@type\":\"ImageObject\",\"inLanguage\":\"tr\",\"@id\":\"https:\/\/www.hnhlcranes.com\/#\/schema\/logo\/image\/\",\"url\":\"https:\/\/www.hnhlcranes.com\/wp-content\/uploads\/2025\/01\/HL-logo-1.png\",\"contentUrl\":\"https:\/\/www.hnhlcranes.com\/wp-content\/uploads\/2025\/01\/HL-logo-1.png\",\"width\":600,\"height\":169,\"caption\":\"Crane Parts Manufacturer\"},\"image\":{\"@id\":\"https:\/\/www.hnhlcranes.com\/#\/schema\/logo\/image\/\"}}]}<\/script>\n<!-- \/ Yoast SEO plugin. -->","yoast_head_json":{"title":"Lifting Electromagnet -Crane magnets- Crane Parts Manufacturer","description":"Crane magnets,Special Crane Spreader,Lifting Electromagnet Spreader,China Crane Parts Supplier,Lifting Electromagnet,Crane Spreader","robots":{"index":"index","follow":"follow","max-snippet":"max-snippet:-1","max-image-preview":"max-image-preview:large","max-video-preview":"max-video-preview:-1"},"canonical":"https:\/\/www.hnhlcranes.com\/tr\/urun\/kaldirma-elektromiknatisi\/","og_locale":"tr_TR","og_type":"article","og_title":"Lifting Electromagnet -Crane magnets- Crane Parts Manufacturer","og_description":"Crane magnets,Special Crane Spreader,Lifting Electromagnet Spreader,China Crane Parts Supplier,Lifting Electromagnet,Crane Spreader","og_url":"https:\/\/www.hnhlcranes.com\/tr\/urun\/kaldirma-elektromiknatisi\/","og_site_name":"Crane Parts Manufacturer","article_modified_time":"2025-01-10T07:41:51+00:00","og_image":[{"width":600,"height":600,"url":"https:\/\/www.hnhlcranes.com\/wp-content\/uploads\/2024\/11\/Lifting-Electromagnet.jpg","type":"image\/jpeg"}],"twitter_card":"summary_large_image","twitter_misc":{"Tahmini okuma s\u00fcresi":"3 dakika"},"schema":{"@context":"https:\/\/schema.org","@graph":[{"@type":"WebPage","@id":"https:\/\/www.hnhlcranes.com\/product\/lifting-electromagnet\/","url":"https:\/\/www.hnhlcranes.com\/product\/lifting-electromagnet\/","name":"Lifting Electromagnet -Crane magnets- Crane Parts Manufacturer","isPartOf":{"@id":"https:\/\/www.hnhlcranes.com\/#website"},"primaryImageOfPage":{"@id":"https:\/\/www.hnhlcranes.com\/product\/lifting-electromagnet\/#primaryimage"},"image":{"@id":"https:\/\/www.hnhlcranes.com\/product\/lifting-electromagnet\/#primaryimage"},"thumbnailUrl":"https:\/\/www.hnhlcranes.com\/wp-content\/uploads\/2024\/11\/Lifting-Electromagnet.jpg","datePublished":"2024-11-25T17:03:18+00:00","dateModified":"2025-01-10T07:41:51+00:00","description":"Crane magnets,Special Crane Spreader,Lifting Electromagnet Spreader,China Crane Parts Supplier,Lifting Electromagnet,Crane Spreader","breadcrumb":{"@id":"https:\/\/www.hnhlcranes.com\/product\/lifting-electromagnet\/#breadcrumb"},"inLanguage":"tr","potentialAction":[{"@type":"ReadAction","target":["https:\/\/www.hnhlcranes.com\/product\/lifting-electromagnet\/"]}]},{"@type":"ImageObject","inLanguage":"tr","@id":"https:\/\/www.hnhlcranes.com\/product\/lifting-electromagnet\/#primaryimage","url":"https:\/\/www.hnhlcranes.com\/wp-content\/uploads\/2024\/11\/Lifting-Electromagnet.jpg","contentUrl":"https:\/\/www.hnhlcranes.com\/wp-content\/uploads\/2024\/11\/Lifting-Electromagnet.jpg","width":600,"height":600},{"@type":"BreadcrumbList","@id":"https:\/\/www.hnhlcranes.com\/product\/lifting-electromagnet\/#breadcrumb","itemListElement":[{"@type":"ListItem","position":1,"name":"home","item":"https:\/\/www.hnhlcranes.com\/"},{"@type":"ListItem","position":2,"name":"products","item":"https:\/\/www.hnhlcranes.com\/products\/"},{"@type":"ListItem","position":3,"name":"Lifting Electromagnet"}]},{"@type":"WebSite","@id":"https:\/\/www.hnhlcranes.com\/#website","url":"https:\/\/www.hnhlcranes.com\/","name":"Crane Parts Manufacturer","description":"Crane Wheels,Crane Drums,Crane Hooks,Crane Coupling,Crane End Carriage,Electric Hoist,European Crane Parts,Crane Rail Clip,Crane Spreader,Crane Motor,Crane Reducer,Crane Brake,Light Crane Parts,Workstation Crane Parts,Crane Electrical Parts,China Crane Parts Supplier,China Crane Parts Manufacturer,Angle box type crane wheel,45 degree split crane wheel,European crane wheel,Crane Wheel Blocks,Overhead crane drum,European crane drum,Overhead crane hook,European crane hook,Crane pulley block,Gear coupling,Brake wheel coupling,Drum gear coupling,Brake wheel drum gear coupling,Cardan Shaft Coupling,WZL drum coupling,Plum blossom elastic coupling,Brake wheel plum elastic coupling,European Single girder crane end carriage,European Double girder crane end carriage,European Suspension  crane end carriage,Wire Rope Electric Hoist,Electric Chain Hoist,European Single Girder Wire Rope Electric Hoist,European Double Girder Wire Rope Electric Hoist,Crane grab,Container spreader,Billet crane clamps,C-type hook,Lifting Electromagnet,YZR crane motor,YZP crane motor,ZQ Reducer,ZSC Reducer,QJ Reducer,QJ-L Reducer,QJY Reducer,H series gearbox,F Series Gear Motor,K Series Gear Motor,R Series Gear Motor,travelling machinery gear motor,Electro hydraulic drum brake,Electro hydraulic disc brake,Crane Safety brake,Crane cable trolley,Crane remote controller,Crane pendant controller,Crane electrical control cabinet,Crane limit switch,Crane sound and light alarm,Heavy Duty Aviation Connector,Crane overload limiter","publisher":{"@id":"https:\/\/www.hnhlcranes.com\/#organization"},"potentialAction":[{"@type":"SearchAction","target":{"@type":"EntryPoint","urlTemplate":"https:\/\/www.hnhlcranes.com\/?s={search_term_string}"},"query-input":{"@type":"PropertyValueSpecification","valueRequired":true,"valueName":"search_term_string"}}],"inLanguage":"tr"},{"@type":"Organization","@id":"https:\/\/www.hnhlcranes.com\/#organization","name":"Crane Parts Manufacturer","url":"https:\/\/www.hnhlcranes.com\/","logo":{"@type":"ImageObject","inLanguage":"tr","@id":"https:\/\/www.hnhlcranes.com\/#\/schema\/logo\/image\/","url":"https:\/\/www.hnhlcranes.com\/wp-content\/uploads\/2025\/01\/HL-logo-1.png","contentUrl":"https:\/\/www.hnhlcranes.com\/wp-content\/uploads\/2025\/01\/HL-logo-1.png","width":600,"height":169,"caption":"Crane Parts Manufacturer"},"image":{"@id":"https:\/\/www.hnhlcranes.com\/#\/schema\/logo\/image\/"}}]}},"_links":{"self":[{"href":"https:\/\/www.hnhlcranes.com\/tr\/wp-json\/wp\/v2\/product\/5487","targetHints":{"allow":["GET"]}}],"collection":[{"href":"https:\/\/www.hnhlcranes.com\/tr\/wp-json\/wp\/v2\/product"}],"about":[{"href":"https:\/\/www.hnhlcranes.com\/tr\/wp-json\/wp\/v2\/types\/product"}],"version-history":[{"count":3,"href":"https:\/\/www.hnhlcranes.com\/tr\/wp-json\/wp\/v2\/product\/5487\/revisions"}],"predecessor-version":[{"id":7186,"href":"https:\/\/www.hnhlcranes.com\/tr\/wp-json\/wp\/v2\/product\/5487\/revisions\/7186"}],"wp:featuredmedia":[{"embeddable":true,"href":"https:\/\/www.hnhlcranes.com\/tr\/wp-json\/wp\/v2\/media\/7184"}],"wp:attachment":[{"href":"https:\/\/www.hnhlcranes.com\/tr\/wp-json\/wp\/v2\/media?parent=5487"}],"wp:term":[{"taxonomy":"product_brand","embeddable":true,"href":"https:\/\/www.hnhlcranes.com\/tr\/wp-json\/wp\/v2\/product_brand?post=5487"},{"taxonomy":"product_cat","embeddable":true,"href":"https:\/\/www.hnhlcranes.com\/tr\/wp-json\/wp\/v2\/product_cat?post=5487"},{"taxonomy":"product_tag","embeddable":true,"href":"https:\/\/www.hnhlcranes.com\/tr\/wp-json\/wp\/v2\/product_tag?post=5487"}],"curies":[{"name":"wp","href":"https:\/\/api.w.org\/{rel}","templated":true}]}}