{"id":5519,"date":"2024-11-29T21:34:40","date_gmt":"2024-11-29T13:34:40","guid":{"rendered":"https:\/\/www.hnhlcranes.com\/?post_type=product&#038;p=5519"},"modified":"2025-01-10T17:34:32","modified_gmt":"2025-01-10T09:34:32","slug":"wjkc-ray-klipsi","status":"publish","type":"product","link":"https:\/\/www.hnhlcranes.com\/tr\/urun\/wjkc-ray-klipsi\/","title":{"rendered":"WJKC Ray Klipsi"},"content":{"rendered":"<h3><strong>WJKC Ray Klipsinin \u00d6zellikleri<\/strong><\/h3>\n<h4><strong>Birincil Uygulamalar<\/strong><\/h4>\n<p>WJKC ray klipsi \u00f6ncelikle \u00e7elik vin\u00e7 kiri\u015fleri \u00fczerinde yatay k\u0131lavuz tekerlekli vin\u00e7 raylar\u0131n\u0131 sabitlemek i\u00e7in kullan\u0131l\u0131r. Ayr\u0131ca, b\u00fcy\u00fck tonajl\u0131 yumu\u015fak kancal\u0131 vin\u00e7lerde raylar\u0131 sabitlemek i\u00e7in de kullan\u0131l\u0131r. Bu \u00e7ok y\u00f6nl\u00fcl\u00fck, onu hem vin\u00e7 ray\u0131 sistemlerinde hem de b\u00fcy\u00fck \u00f6l\u00e7ekli vin\u00e7 operasyonlar\u0131nda \u00f6nemli bir bile\u015fen haline getirir.<\/p>\n<h4><strong>Kurulum Kolayl\u0131\u011f\u0131<\/strong><\/h4>\n<p>WJKC ray klipsinin en \u00f6nemli avantajlar\u0131ndan biri, raylar\u0131n kolay kurulumunu, ayarlanmas\u0131n\u0131 ve de\u011fi\u015ftirilmesini kolayla\u015ft\u0131ran tasar\u0131m\u0131d\u0131r. Bu \u00f6zellik, kurulum ve bak\u0131m s\u00fcrecini basitle\u015ftirerek daha h\u0131zl\u0131 kurulum sa\u011flar ve ray bak\u0131m\u0131 veya de\u011fi\u015fimi s\u0131ras\u0131nda ar\u0131za s\u00fcresini en aza indirir.<\/p>\n<h4><strong>Sondaj Gerektirmez<\/strong><\/h4>\n<p>Geleneksel \u00e7\u00f6z\u00fcmlerin aksine, bu klipsler vin\u00e7 kiri\u015flerini delme ihtiyac\u0131n\u0131 ortadan kald\u0131r\u0131r. Bunun yerine, do\u011frudan vin\u00e7 kiri\u015finin \u00fcst flan\u015f\u0131na kaynaklan\u0131rlar, bu da sadece kurulum s\u0131ras\u0131nda zaman kazand\u0131rmakla kalmaz, ayn\u0131 zamanda vin\u00e7 kiri\u015finin yap\u0131sal b\u00fct\u00fcnl\u00fc\u011f\u00fcn\u00fc de korur. Bu tasar\u0131m, delme i\u015fleminin neden oldu\u011fu potansiyel zay\u0131flamay\u0131 azalt\u0131r.<\/p>\n<h4><strong>\u00c7ift C\u0131vata Ba\u011flant\u0131s\u0131<\/strong><\/h4>\n<p>Daha fazla stabilite ve g\u00fcvenilirlik i\u00e7in WJKC sabitleme cihazlar\u0131 yaln\u0131zca \u00e7ift c\u0131vatal\u0131 ba\u011flant\u0131 kullan\u0131r. Bu, klipslerin g\u00fcvenli bir \u015fekilde tak\u0131lmas\u0131n\u0131 ve vin\u00e7 operasyonlar\u0131 s\u0131ras\u0131nda uygulanan y\u00fcksek kuvvetlere dayanabilmesini sa\u011flayarak ray sisteminin genel g\u00fcvenli\u011fini ve performans\u0131n\u0131 art\u0131r\u0131r.<\/p>\n<h4><strong>Y\u00fck Ta\u015f\u0131ma Kapasitesi<\/strong><\/h4>\n<p>Bu <strong>WJKC ray klipsi<\/strong> her biri farkl\u0131 yanal kuvvetlerle ba\u015fa \u00e7\u0131kmak i\u00e7in tasarlanm\u0131\u015f farkl\u0131 modellerde mevcuttur:<\/p>\n<ul>\n<li><strong>WJKC1<\/strong>: Bu model, yatay k\u0131lavuz tekerleklerden gelen maksimum 135kN yanal kuvveti idare ederek orta hizmet uygulamalar\u0131 i\u00e7in uygun hale getirir.<\/li>\n<li><strong>WJKC2<\/strong>: Maksimum 220kN yanal kuvveti kald\u0131racak \u015fekilde tasarlanan bu model, daha a\u011f\u0131r hizmet tipi vin\u00e7 operasyonlar\u0131 i\u00e7in idealdir.<\/li>\n<li><strong>WJKC3<\/strong>: WJKC3 modeli maksimum 400kN yanal kuvvete dayanabilir, bu da onu b\u00fcy\u00fck \u00f6l\u00e7ekli, y\u00fcksek kapasiteli vin\u00e7ler i\u00e7in en sa\u011flam se\u00e7enek haline getirir.<\/li>\n<\/ul>\n<p>Genel olarak <strong>WJKC ray klipsi<\/strong> kolay kurulumu, y\u00fcksek y\u00fck ta\u015f\u0131ma kapasitesi ve vin\u00e7 kiri\u015fi b\u00fct\u00fcnl\u00fc\u011f\u00fc \u00fczerindeki minimum etkisi ile vin\u00e7 raylar\u0131n\u0131n sabitlenmesi i\u00e7in g\u00fcvenilir ve verimli bir \u00e7\u00f6z\u00fcm sunar. \u00c7ift c\u0131vata ba\u011flant\u0131s\u0131 ve delme gerektirmeyen tasar\u0131m\u0131, vin\u00e7 operat\u00f6rleri ve bak\u0131m ekipleri i\u00e7in uygun ve dayan\u0131kl\u0131 bir se\u00e7imdir.<\/p>","protected":false},"excerpt":{"rendered":"<p><span style=\"font-family: arial, helvetica, sans-serif;\"><strong>WJKC Ray Klipsinin \u00d6zellikleri<\/strong><\/span><\/p>\n<ul>\n<li><strong>Modeller<\/strong>: WJKC1, WJKC2, WJKC3<\/li>\n<li><strong>Sabitleme Y\u00f6ntemi<\/strong>: Kaynakl\u0131 taban plakas\u0131<\/li>\n<\/ul>","protected":false},"featured_media":7089,"template":"","meta":{"_kad_post_transparent":"default","_kad_post_title":"","_kad_post_layout":"default","_kad_post_sidebar_id":"","_kad_post_content_style":"default","_kad_post_vertical_padding":"show","_kad_post_feature":"","_kad_post_feature_position":"","_kad_post_header":false,"_kad_post_footer":false},"product_brand":[],"product_cat":[83],"product_tag":[483,482,481,480,376,489,486,490,488,484,492,487,485,493,478,491,477,479],"class_list":{"0":"post-5519","1":"product","2":"type-product","3":"status-publish","4":"has-post-thumbnail","6":"product_cat-crane-rail-clip","7":"product_tag-05g525-rail-clip","8":"product_tag-cgbk-rail-clip","9":"product_tag-cgek-rail-clip","10":"product_tag-cgwk-rail-clip","11":"product_tag-china-crane-parts-supplier","12":"product_tag-crane-rail-clamp","13":"product_tag-crane-rail-clip","14":"product_tag-crane-rail-clip-supplier","15":"product_tag-crane-rail-fixing-device","16":"product_tag-hdgy-rail-clip","17":"product_tag-rail-connection-splint","18":"product_tag-rail-fixing-device","19":"product_tag-rail-joint","20":"product_tag-special-crane-spreader","21":"product_tag-swjk-rail-clip","22":"product_tag-tracks-jointing-plates","23":"product_tag-wjk-rail-clip","24":"product_tag-wjkc-rail-clip","26":"first","27":"instock","28":"shipping-taxable","29":"product-type-simple","30":"entry","31":"content-bg","32":"loop-entry"},"yoast_head":"<!-- This site is optimized with the Yoast SEO plugin v24.5 - https:\/\/yoast.com\/wordpress\/plugins\/seo\/ -->\n<title>WJKC Rail Clip - Rail fixing device-Crane Rail Clamp-Crane Parts Manufacturer<\/title>\n<meta name=\"description\" content=\"Rail Clips,WJKC Rail Clip,Crane Rail Clips,Rail fixing device,Crane Rail fixing device,crane Rail Clamp,SWJK Rail Clips,Overhead Crane Rail Clip\" \/>\n<meta name=\"robots\" content=\"index, follow, max-snippet:-1, max-image-preview:large, max-video-preview:-1\" \/>\n<link rel=\"canonical\" href=\"https:\/\/www.hnhlcranes.com\/tr\/urun\/wjkc-ray-klipsi\/\" \/>\n<meta property=\"og:locale\" content=\"tr_TR\" \/>\n<meta property=\"og:type\" content=\"article\" \/>\n<meta property=\"og:title\" content=\"WJKC Rail Clip - Rail fixing device-Crane Rail Clamp-Crane Parts Manufacturer\" \/>\n<meta property=\"og:description\" content=\"Rail Clips,WJKC Rail Clip,Crane Rail Clips,Rail fixing device,Crane Rail fixing device,crane Rail Clamp,SWJK Rail Clips,Overhead Crane Rail Clip\" \/>\n<meta property=\"og:url\" content=\"https:\/\/www.hnhlcranes.com\/tr\/urun\/wjkc-ray-klipsi\/\" \/>\n<meta property=\"og:site_name\" content=\"Crane Parts Manufacturer\" \/>\n<meta property=\"article:modified_time\" content=\"2025-01-10T09:34:32+00:00\" \/>\n<meta property=\"og:image\" content=\"https:\/\/www.hnhlcranes.com\/wp-content\/uploads\/2024\/11\/WJKC3-Rail-Clip.jpg\" \/>\n\t<meta property=\"og:image:width\" content=\"600\" \/>\n\t<meta property=\"og:image:height\" content=\"600\" \/>\n\t<meta property=\"og:image:type\" content=\"image\/jpeg\" \/>\n<meta name=\"twitter:card\" content=\"summary_large_image\" \/>\n<meta name=\"twitter:label1\" content=\"Tahmini okuma s\u00fcresi\" \/>\n\t<meta name=\"twitter:data1\" content=\"2 dakika\" \/>\n<script type=\"application\/ld+json\" class=\"yoast-schema-graph\">{\"@context\":\"https:\/\/schema.org\",\"@graph\":[{\"@type\":\"WebPage\",\"@id\":\"https:\/\/www.hnhlcranes.com\/product\/wjkc-rail-clip\/\",\"url\":\"https:\/\/www.hnhlcranes.com\/product\/wjkc-rail-clip\/\",\"name\":\"WJKC Rail Clip - Rail fixing device-Crane Rail Clamp-Crane Parts Manufacturer\",\"isPartOf\":{\"@id\":\"https:\/\/www.hnhlcranes.com\/#website\"},\"primaryImageOfPage\":{\"@id\":\"https:\/\/www.hnhlcranes.com\/product\/wjkc-rail-clip\/#primaryimage\"},\"image\":{\"@id\":\"https:\/\/www.hnhlcranes.com\/product\/wjkc-rail-clip\/#primaryimage\"},\"thumbnailUrl\":\"https:\/\/www.hnhlcranes.com\/wp-content\/uploads\/2024\/11\/WJKC3-Rail-Clip.jpg\",\"datePublished\":\"2024-11-29T13:34:40+00:00\",\"dateModified\":\"2025-01-10T09:34:32+00:00\",\"description\":\"Rail Clips,WJKC Rail Clip,Crane Rail Clips,Rail fixing device,Crane Rail fixing device,crane Rail Clamp,SWJK Rail Clips,Overhead Crane Rail Clip\",\"breadcrumb\":{\"@id\":\"https:\/\/www.hnhlcranes.com\/product\/wjkc-rail-clip\/#breadcrumb\"},\"inLanguage\":\"tr\",\"potentialAction\":[{\"@type\":\"ReadAction\",\"target\":[\"https:\/\/www.hnhlcranes.com\/product\/wjkc-rail-clip\/\"]}]},{\"@type\":\"ImageObject\",\"inLanguage\":\"tr\",\"@id\":\"https:\/\/www.hnhlcranes.com\/product\/wjkc-rail-clip\/#primaryimage\",\"url\":\"https:\/\/www.hnhlcranes.com\/wp-content\/uploads\/2024\/11\/WJKC3-Rail-Clip.jpg\",\"contentUrl\":\"https:\/\/www.hnhlcranes.com\/wp-content\/uploads\/2024\/11\/WJKC3-Rail-Clip.jpg\",\"width\":600,\"height\":600},{\"@type\":\"BreadcrumbList\",\"@id\":\"https:\/\/www.hnhlcranes.com\/product\/wjkc-rail-clip\/#breadcrumb\",\"itemListElement\":[{\"@type\":\"ListItem\",\"position\":1,\"name\":\"home\",\"item\":\"https:\/\/www.hnhlcranes.com\/\"},{\"@type\":\"ListItem\",\"position\":2,\"name\":\"products\",\"item\":\"https:\/\/www.hnhlcranes.com\/products\/\"},{\"@type\":\"ListItem\",\"position\":3,\"name\":\"WJKC Rail Clip\"}]},{\"@type\":\"WebSite\",\"@id\":\"https:\/\/www.hnhlcranes.com\/#website\",\"url\":\"https:\/\/www.hnhlcranes.com\/\",\"name\":\"Crane Parts Manufacturer\",\"description\":\"Crane Wheels,Crane Drums,Crane Hooks,Crane Coupling,Crane End Carriage,Electric Hoist,European Crane Parts,Crane Rail Clip,Crane Spreader,Crane Motor,Crane Reducer,Crane Brake,Light Crane Parts,Workstation Crane Parts,Crane Electrical Parts,China Crane Parts Supplier,China Crane Parts Manufacturer,Angle box type crane wheel,45 degree split crane wheel,European crane wheel,Crane Wheel Blocks,Overhead crane drum,European crane drum,Overhead crane hook,European crane hook,Crane pulley block,Gear coupling,Brake wheel coupling,Drum gear coupling,Brake wheel drum gear coupling,Cardan Shaft Coupling,WZL drum coupling,Plum blossom elastic coupling,Brake wheel plum elastic coupling,European Single girder crane end carriage,European Double girder crane end carriage,European Suspension  crane end carriage,Wire Rope Electric Hoist,Electric Chain Hoist,European Single Girder Wire Rope Electric Hoist,European Double Girder Wire Rope Electric Hoist,Crane grab,Container spreader,Billet crane clamps,C-type hook,Lifting Electromagnet,YZR crane motor,YZP crane motor,ZQ Reducer,ZSC Reducer,QJ Reducer,QJ-L Reducer,QJY Reducer,H series gearbox,F Series Gear Motor,K Series Gear Motor,R Series Gear Motor,travelling machinery gear motor,Electro hydraulic drum brake,Electro hydraulic disc brake,Crane Safety brake,Crane cable trolley,Crane remote controller,Crane pendant controller,Crane electrical control cabinet,Crane limit switch,Crane sound and light alarm,Heavy Duty Aviation Connector,Crane overload limiter\",\"publisher\":{\"@id\":\"https:\/\/www.hnhlcranes.com\/#organization\"},\"potentialAction\":[{\"@type\":\"SearchAction\",\"target\":{\"@type\":\"EntryPoint\",\"urlTemplate\":\"https:\/\/www.hnhlcranes.com\/?s={search_term_string}\"},\"query-input\":{\"@type\":\"PropertyValueSpecification\",\"valueRequired\":true,\"valueName\":\"search_term_string\"}}],\"inLanguage\":\"tr\"},{\"@type\":\"Organization\",\"@id\":\"https:\/\/www.hnhlcranes.com\/#organization\",\"name\":\"Crane Parts Manufacturer\",\"url\":\"https:\/\/www.hnhlcranes.com\/\",\"logo\":{\"@type\":\"ImageObject\",\"inLanguage\":\"tr\",\"@id\":\"https:\/\/www.hnhlcranes.com\/#\/schema\/logo\/image\/\",\"url\":\"https:\/\/www.hnhlcranes.com\/wp-content\/uploads\/2025\/01\/HL-logo-1.png\",\"contentUrl\":\"https:\/\/www.hnhlcranes.com\/wp-content\/uploads\/2025\/01\/HL-logo-1.png\",\"width\":600,\"height\":169,\"caption\":\"Crane Parts Manufacturer\"},\"image\":{\"@id\":\"https:\/\/www.hnhlcranes.com\/#\/schema\/logo\/image\/\"}}]}<\/script>\n<!-- \/ Yoast SEO plugin. -->","yoast_head_json":{"title":"WJKC Rail Clip - Rail fixing device-Crane Rail Clamp-Crane Parts Manufacturer","description":"Rail Clips,WJKC Rail Clip,Crane Rail Clips,Rail fixing device,Crane Rail fixing device,crane Rail Clamp,SWJK Rail Clips,Overhead Crane Rail Clip","robots":{"index":"index","follow":"follow","max-snippet":"max-snippet:-1","max-image-preview":"max-image-preview:large","max-video-preview":"max-video-preview:-1"},"canonical":"https:\/\/www.hnhlcranes.com\/tr\/urun\/wjkc-ray-klipsi\/","og_locale":"tr_TR","og_type":"article","og_title":"WJKC Rail Clip - Rail fixing device-Crane Rail Clamp-Crane Parts Manufacturer","og_description":"Rail Clips,WJKC Rail Clip,Crane Rail Clips,Rail fixing device,Crane Rail fixing device,crane Rail Clamp,SWJK Rail Clips,Overhead Crane Rail Clip","og_url":"https:\/\/www.hnhlcranes.com\/tr\/urun\/wjkc-ray-klipsi\/","og_site_name":"Crane Parts Manufacturer","article_modified_time":"2025-01-10T09:34:32+00:00","og_image":[{"width":600,"height":600,"url":"https:\/\/www.hnhlcranes.com\/wp-content\/uploads\/2024\/11\/WJKC3-Rail-Clip.jpg","type":"image\/jpeg"}],"twitter_card":"summary_large_image","twitter_misc":{"Tahmini okuma s\u00fcresi":"2 dakika"},"schema":{"@context":"https:\/\/schema.org","@graph":[{"@type":"WebPage","@id":"https:\/\/www.hnhlcranes.com\/product\/wjkc-rail-clip\/","url":"https:\/\/www.hnhlcranes.com\/product\/wjkc-rail-clip\/","name":"WJKC Rail Clip - Rail fixing device-Crane Rail Clamp-Crane Parts Manufacturer","isPartOf":{"@id":"https:\/\/www.hnhlcranes.com\/#website"},"primaryImageOfPage":{"@id":"https:\/\/www.hnhlcranes.com\/product\/wjkc-rail-clip\/#primaryimage"},"image":{"@id":"https:\/\/www.hnhlcranes.com\/product\/wjkc-rail-clip\/#primaryimage"},"thumbnailUrl":"https:\/\/www.hnhlcranes.com\/wp-content\/uploads\/2024\/11\/WJKC3-Rail-Clip.jpg","datePublished":"2024-11-29T13:34:40+00:00","dateModified":"2025-01-10T09:34:32+00:00","description":"Rail Clips,WJKC Rail Clip,Crane Rail Clips,Rail fixing device,Crane Rail fixing device,crane Rail Clamp,SWJK Rail Clips,Overhead Crane Rail Clip","breadcrumb":{"@id":"https:\/\/www.hnhlcranes.com\/product\/wjkc-rail-clip\/#breadcrumb"},"inLanguage":"tr","potentialAction":[{"@type":"ReadAction","target":["https:\/\/www.hnhlcranes.com\/product\/wjkc-rail-clip\/"]}]},{"@type":"ImageObject","inLanguage":"tr","@id":"https:\/\/www.hnhlcranes.com\/product\/wjkc-rail-clip\/#primaryimage","url":"https:\/\/www.hnhlcranes.com\/wp-content\/uploads\/2024\/11\/WJKC3-Rail-Clip.jpg","contentUrl":"https:\/\/www.hnhlcranes.com\/wp-content\/uploads\/2024\/11\/WJKC3-Rail-Clip.jpg","width":600,"height":600},{"@type":"BreadcrumbList","@id":"https:\/\/www.hnhlcranes.com\/product\/wjkc-rail-clip\/#breadcrumb","itemListElement":[{"@type":"ListItem","position":1,"name":"home","item":"https:\/\/www.hnhlcranes.com\/"},{"@type":"ListItem","position":2,"name":"products","item":"https:\/\/www.hnhlcranes.com\/products\/"},{"@type":"ListItem","position":3,"name":"WJKC Rail Clip"}]},{"@type":"WebSite","@id":"https:\/\/www.hnhlcranes.com\/#website","url":"https:\/\/www.hnhlcranes.com\/","name":"Crane Parts Manufacturer","description":"Crane Wheels,Crane Drums,Crane Hooks,Crane Coupling,Crane End Carriage,Electric Hoist,European Crane Parts,Crane Rail Clip,Crane Spreader,Crane Motor,Crane Reducer,Crane Brake,Light Crane Parts,Workstation Crane Parts,Crane Electrical Parts,China Crane Parts Supplier,China Crane Parts Manufacturer,Angle box type crane wheel,45 degree split crane wheel,European crane wheel,Crane Wheel Blocks,Overhead crane drum,European crane drum,Overhead crane hook,European crane hook,Crane pulley block,Gear coupling,Brake wheel coupling,Drum gear coupling,Brake wheel drum gear coupling,Cardan Shaft Coupling,WZL drum coupling,Plum blossom elastic coupling,Brake wheel plum elastic coupling,European Single girder crane end carriage,European Double girder crane end carriage,European Suspension  crane end carriage,Wire Rope Electric Hoist,Electric Chain Hoist,European Single Girder Wire Rope Electric Hoist,European Double Girder Wire Rope Electric Hoist,Crane grab,Container spreader,Billet crane clamps,C-type hook,Lifting Electromagnet,YZR crane motor,YZP crane motor,ZQ Reducer,ZSC Reducer,QJ Reducer,QJ-L Reducer,QJY Reducer,H series gearbox,F Series Gear Motor,K Series Gear Motor,R Series Gear Motor,travelling machinery gear motor,Electro hydraulic drum brake,Electro hydraulic disc brake,Crane Safety brake,Crane cable trolley,Crane remote controller,Crane pendant controller,Crane electrical control cabinet,Crane limit switch,Crane sound and light alarm,Heavy Duty Aviation Connector,Crane overload limiter","publisher":{"@id":"https:\/\/www.hnhlcranes.com\/#organization"},"potentialAction":[{"@type":"SearchAction","target":{"@type":"EntryPoint","urlTemplate":"https:\/\/www.hnhlcranes.com\/?s={search_term_string}"},"query-input":{"@type":"PropertyValueSpecification","valueRequired":true,"valueName":"search_term_string"}}],"inLanguage":"tr"},{"@type":"Organization","@id":"https:\/\/www.hnhlcranes.com\/#organization","name":"Crane Parts Manufacturer","url":"https:\/\/www.hnhlcranes.com\/","logo":{"@type":"ImageObject","inLanguage":"tr","@id":"https:\/\/www.hnhlcranes.com\/#\/schema\/logo\/image\/","url":"https:\/\/www.hnhlcranes.com\/wp-content\/uploads\/2025\/01\/HL-logo-1.png","contentUrl":"https:\/\/www.hnhlcranes.com\/wp-content\/uploads\/2025\/01\/HL-logo-1.png","width":600,"height":169,"caption":"Crane Parts Manufacturer"},"image":{"@id":"https:\/\/www.hnhlcranes.com\/#\/schema\/logo\/image\/"}}]}},"_links":{"self":[{"href":"https:\/\/www.hnhlcranes.com\/tr\/wp-json\/wp\/v2\/product\/5519","targetHints":{"allow":["GET"]}}],"collection":[{"href":"https:\/\/www.hnhlcranes.com\/tr\/wp-json\/wp\/v2\/product"}],"about":[{"href":"https:\/\/www.hnhlcranes.com\/tr\/wp-json\/wp\/v2\/types\/product"}],"version-history":[{"count":5,"href":"https:\/\/www.hnhlcranes.com\/tr\/wp-json\/wp\/v2\/product\/5519\/revisions"}],"predecessor-version":[{"id":7193,"href":"https:\/\/www.hnhlcranes.com\/tr\/wp-json\/wp\/v2\/product\/5519\/revisions\/7193"}],"wp:featuredmedia":[{"embeddable":true,"href":"https:\/\/www.hnhlcranes.com\/tr\/wp-json\/wp\/v2\/media\/7089"}],"wp:attachment":[{"href":"https:\/\/www.hnhlcranes.com\/tr\/wp-json\/wp\/v2\/media?parent=5519"}],"wp:term":[{"taxonomy":"product_brand","embeddable":true,"href":"https:\/\/www.hnhlcranes.com\/tr\/wp-json\/wp\/v2\/product_brand?post=5519"},{"taxonomy":"product_cat","embeddable":true,"href":"https:\/\/www.hnhlcranes.com\/tr\/wp-json\/wp\/v2\/product_cat?post=5519"},{"taxonomy":"product_tag","embeddable":true,"href":"https:\/\/www.hnhlcranes.com\/tr\/wp-json\/wp\/v2\/product_tag?post=5519"}],"curies":[{"name":"wp","href":"https:\/\/api.w.org\/{rel}","templated":true}]}}