{"id":5544,"date":"2024-11-29T22:40:44","date_gmt":"2024-11-29T14:40:44","guid":{"rendered":"https:\/\/www.hnhlcranes.com\/?post_type=product&#038;p=5544"},"modified":"2025-01-10T18:14:36","modified_gmt":"2025-01-10T10:14:36","slug":"hdgy-ray-klipsi","status":"publish","type":"product","link":"https:\/\/www.hnhlcranes.com\/tr\/urun\/hdgy-ray-klipsi\/","title":{"rendered":"HDGY Ray Klipsi"},"content":{"rendered":"<h3><strong>HDGY Ray Klipsinin \u00d6zellikleri<\/strong><\/h3>\n<h4><strong>Elastik Sabitleme ve Azalt\u0131lm\u0131\u015f A\u015f\u0131nma<\/strong><\/h4>\n<p>Bu <strong>HDGY ray klipsi<\/strong> raylar\u0131n beton vin\u00e7 kiri\u015flerine elastik bir \u015fekilde sabitlenmesini sa\u011flamak i\u00e7in \u00f6zel olarak tasarlanm\u0131\u015ft\u0131r. Bu tasar\u0131m ray ba\u015f\u0131 a\u015f\u0131nmas\u0131n\u0131 azalt\u0131r, vin\u00e7 kiri\u015fi \u00fczerindeki etkiyi en aza indirir, vin\u00e7 tekerle\u011fi flan\u015f\u0131ndaki a\u015f\u0131nmay\u0131 azalt\u0131r ve g\u00fcr\u00fclt\u00fc seviyelerini d\u00fc\u015f\u00fcr\u00fcr. Sonu\u00e7 olarak, sistem vin\u00e7 operasyonlar\u0131n\u0131n hem uzun \u00f6m\u00fcrl\u00fcl\u00fc\u011f\u00fcn\u00fc hem de verimlili\u011fini art\u0131r\u0131r.<\/p>\n<h4><strong>Elastik Kompozit Kau\u00e7uk Ped ile Geli\u015ftirilmi\u015f Stabilite<\/strong><\/h4>\n<p>HDGY ray klipsi, ray ile vin\u00e7 kiri\u015fi aras\u0131na elastik bir kompozit kau\u00e7uk ped ekleyerek s\u00fcrt\u00fcnmeyi \u00f6nemli \u00f6l\u00e7\u00fcde art\u0131r\u0131r ve ray hareketini \u00f6nler. Ayr\u0131ca, bu \u00f6zellik ray uzunlu\u011fu boyunca d\u00fczensiz bo\u015fluklar\u0131 ortadan kald\u0131r\u0131r veya en aza indirir, bu da kelep\u00e7e plakalar\u0131 \u00fczerinde daha iyi c\u0131vata gerilimi da\u011f\u0131l\u0131m\u0131na yol a\u00e7arak sistemin genel dengesini daha da art\u0131r\u0131r.<\/p>\n<h4><strong>Optimal Stres Da\u011f\u0131l\u0131m\u0131<\/strong><\/h4>\n<p>Kau\u00e7uk ped, rasyonel gerilim da\u011f\u0131l\u0131m\u0131 sa\u011flamak i\u00e7in hafif d\u0131\u015fb\u00fckey bir kesitle tasarlanm\u0131\u015ft\u0131r. Ayr\u0131ca, tampon \u00fczerindeki k\u00fc\u00e7\u00fck dikd\u00f6rtgen \u00e7\u0131k\u0131nt\u0131lar ray ile temas\u0131n\u0131 art\u0131rarak esnekli\u011fi art\u0131r\u0131r ve etkili titre\u015fim s\u00f6n\u00fcmleme sa\u011flar, bu da sonu\u00e7ta daha sorunsuz \u00e7al\u0131\u015fmaya ve daha az a\u015f\u0131nmaya katk\u0131da bulunur.<\/p>\n<h4><strong>Dayan\u0131kl\u0131 Tasar\u0131m<\/strong><\/h4>\n<p>Kau\u00e7uk ped, stres alt\u0131nda yanal deformasyonu en aza indiren ve s\u0131k\u0131\u015ft\u0131rmadan kaynaklanan y\u00fczey hasar\u0131n\u0131 azaltan dikd\u00f6rtgen oluklara sahiptir. Ayr\u0131ca, i\u015flenmi\u015f \u00e7elik takviye ile HDGY ray klipsinin yap\u0131s\u0131 son derece dayan\u0131kl\u0131d\u0131r ve 2 milyon yorulma d\u00f6ng\u00fcs\u00fcnden sonra bile m\u00fckemmel performans\u0131n\u0131 koruyarak uzun vadeli g\u00fcvenilirlik sa\u011flar.<\/p>\n<h4><strong>G\u00fcvenli ve Simetrik Kelep\u00e7e Plakalar\u0131<\/strong><\/h4>\n<p>Kelep\u00e7e plakalar\u0131 vin\u00e7 kiri\u015fine g\u00fcvenli bir \u015fekilde sabitlenerek gev\u015femeye kar\u015f\u0131 diren\u00e7li hale gelir ve vin\u00e7 kiri\u015fi a\u015f\u0131nmas\u0131n\u0131 en aza indirir. Kelep\u00e7e plakalar\u0131n\u0131n simetrik tasar\u0131m\u0131, enine kesitte kama \u015feklinde bir yap\u0131 olu\u015fturarak yanal ray yer de\u011fi\u015ftirmesini etkili bir \u015fekilde s\u0131n\u0131rland\u0131r\u0131r ve bu da vin\u00e7 \u00e7al\u0131\u015fmas\u0131 s\u0131ras\u0131nda stabilite sa\u011flar.<\/p>\n<h4><strong>Kurulum ve Bak\u0131m i\u00e7in Ayarlanabilirlik<\/strong><\/h4>\n<p>Kurulum ve bak\u0131m\u0131 kolayla\u015ft\u0131rmak i\u00e7in kelep\u00e7e plakas\u0131ndaki eliptik yuvalar yanal ayarlamalara izin verir. Ayr\u0131ca, kaymaz bloklarla e\u015fle\u015ftirilmi\u015f e\u011fimli delikler kelep\u00e7e hareketini \u00f6nler ve kurulum veya bak\u0131m s\u0131ras\u0131nda yanal hizalamay\u0131 kolayla\u015ft\u0131rarak hassas ayarlamalar ve kullan\u0131m kolayl\u0131\u011f\u0131 sa\u011flar.<\/p>\n<h4><strong>Ray Hareketi i\u00e7in Tolerans<\/strong><\/h4>\n<p>Sistem, vincin \u00e7al\u0131\u015fmas\u0131 s\u0131ras\u0131nda hafif ray hareketlerine uyum sa\u011flayacak \u015fekilde tasarlanm\u0131\u015ft\u0131r. Bu, dengeden \u00f6d\u00fcn vermeden esneklik sa\u011flar, ray ve vin\u00e7 sisteminin b\u00fct\u00fcnl\u00fc\u011f\u00fcn\u00fc korurken verimli harekete izin verir.<\/p>\n<h3><strong>HDGY Ray Klipsi i\u00e7in Kurulum Ad\u0131mlar\u0131<\/strong><\/h3>\n<h4><strong>Lastik Pedi Konumland\u0131rma<\/strong><\/h4>\n<p>\u0130lk olarak, kau\u00e7uk pedi dikd\u00f6rtgen \u00e7\u0131k\u0131nt\u0131lar\u0131 ve oluklar\u0131 raya paralel olacak \u015fekilde yerle\u015ftirin ve alt\u0131na yerle\u015ftirin. Pedin ray\u0131n merkez hatt\u0131na dik oldu\u011fundan ve her iki taraftaki c\u0131vatalara g\u00f6re do\u011fru \u015fekilde konumland\u0131r\u0131ld\u0131\u011f\u0131ndan emin olun. Bu, optimum performans i\u00e7in hassas yerle\u015ftirme ve hizalama sa\u011flar.<\/p>\n<h4><strong>Taban Katman\u0131n\u0131n Haz\u0131rlanmas\u0131<\/strong><\/h4>\n<p>Kau\u00e7uk pedi beton taban katman\u0131 \u00fczerine yerle\u015ftirmeden \u00f6nce, kal\u0131nt\u0131lar\u0131 gidermek i\u00e7in y\u00fczeyi iyice temizleyin. Bu ad\u0131m, sistemin performans\u0131n\u0131 d\u00fc\u015f\u00fcrebilecek herhangi bir kirlenme olmad\u0131\u011f\u0131ndan emin olmak i\u00e7in \u00e7ok \u00f6nemlidir.<\/p>\n<h4><strong>Kelep\u00e7e Plakas\u0131n\u0131n Montaj\u0131<\/strong><\/h4>\n<p>Montaj i\u015fleminde a\u015fa\u011f\u0131daki ad\u0131mlar\u0131 izleyin:<\/p>\n<ul>\n<li>Betonarme vin\u00e7 kiri\u015findeki \u00f6nceden delinmi\u015f deliklere c\u0131vatalar\u0131 yerle\u015ftirin.<\/li>\n<li>Kelep\u00e7e plakas\u0131 g\u00f6vdesini tabana yerle\u015ftirin.<\/li>\n<li>Stabiliteyi art\u0131rmak i\u00e7in kaymay\u0131 \u00f6nleyici blo\u011fu k\u00fc\u00e7\u00fck ucu raya bakacak \u015fekilde ekleyin.<\/li>\n<li>Yayl\u0131 rondelay\u0131 ve somunu tak\u0131n, ard\u0131ndan tertibat\u0131 \u00f6nceden s\u0131k\u0131n.<\/li>\n<li>Ray kenar\u0131na s\u0131k\u0131ca bast\u0131rd\u0131\u011f\u0131ndan emin olmak i\u00e7in kelep\u00e7e plakas\u0131n\u0131 ayarlay\u0131n.<\/li>\n<li>Son olarak, bile\u015fenleri yerine sabitlemek i\u00e7in c\u0131vatalar\u0131 tamamen s\u0131k\u0131n.<\/li>\n<\/ul>\n<h4><strong>Kelep\u00e7e Plakas\u0131n\u0131n Hizalanmas\u0131<\/strong><\/h4>\n<p>Kelep\u00e7e plakas\u0131n\u0131n merkez hatt\u0131n\u0131n e\u011filmeden ray\u0131n merkez hatt\u0131na dik oldu\u011fundan emin olun. Bu ad\u0131m, kelep\u00e7e plakas\u0131n\u0131n optimum ray sabitlemesi ve genel sistem performans\u0131 i\u00e7in do\u011fru \u015fekilde hizalanmas\u0131n\u0131 garanti eder.<\/p>","protected":false},"excerpt":{"rendered":"<h6><span style=\"font-family: arial, helvetica, sans-serif; font-size: 14pt;\"><strong>HDGY Ray Klipsinin \u00d6zellikleri<\/strong><\/span><\/h6>\n<ul>\n<li><strong>Modeller:<\/strong> HDGY24, HDGY38A, HDGY38B, HDGY43, HDGY50, HDGY70, HDGY80, HDGY100, HDGY120<\/li>\n<li><strong>Sabitleme Y\u00f6ntemi:<\/strong> C\u0131vata sabitleme<\/li>\n<\/ul>","protected":false},"featured_media":7117,"template":"","meta":{"_kad_post_transparent":"default","_kad_post_title":"","_kad_post_layout":"default","_kad_post_sidebar_id":"","_kad_post_content_style":"default","_kad_post_vertical_padding":"show","_kad_post_feature":"","_kad_post_feature_position":"","_kad_post_header":false,"_kad_post_footer":false},"product_brand":[],"product_cat":[83],"product_tag":[483,482,481,480,376,489,486,490,488,484,492,487,485,493,478,491,477,479],"class_list":{"0":"post-5544","1":"product","2":"type-product","3":"status-publish","4":"has-post-thumbnail","6":"product_cat-crane-rail-clip","7":"product_tag-05g525-rail-clip","8":"product_tag-cgbk-rail-clip","9":"product_tag-cgek-rail-clip","10":"product_tag-cgwk-rail-clip","11":"product_tag-china-crane-parts-supplier","12":"product_tag-crane-rail-clamp","13":"product_tag-crane-rail-clip","14":"product_tag-crane-rail-clip-supplier","15":"product_tag-crane-rail-fixing-device","16":"product_tag-hdgy-rail-clip","17":"product_tag-rail-connection-splint","18":"product_tag-rail-fixing-device","19":"product_tag-rail-joint","20":"product_tag-special-crane-spreader","21":"product_tag-swjk-rail-clip","22":"product_tag-tracks-jointing-plates","23":"product_tag-wjk-rail-clip","24":"product_tag-wjkc-rail-clip","26":"first","27":"instock","28":"shipping-taxable","29":"product-type-simple","30":"entry","31":"content-bg","32":"loop-entry"},"yoast_head":"<!-- This site is optimized with the Yoast SEO plugin v24.5 - https:\/\/yoast.com\/wordpress\/plugins\/seo\/ -->\n<title>HDGY Rail Clip - Crane Rail fixing device-crane Rail Clamp- Crane Parts Manufacturer<\/title>\n<meta name=\"description\" content=\"Rail Clips,HDGY Rail Clip,Crane Rail Clips,Rail fixing device,Crane Rail fixing device,crane Rail Clamp,WJK Rail Clips,Overhead Crane Rail Clip\" \/>\n<meta name=\"robots\" content=\"index, follow, max-snippet:-1, max-image-preview:large, max-video-preview:-1\" \/>\n<link rel=\"canonical\" href=\"https:\/\/www.hnhlcranes.com\/tr\/urun\/hdgy-ray-klipsi\/\" \/>\n<meta property=\"og:locale\" content=\"tr_TR\" \/>\n<meta property=\"og:type\" content=\"article\" \/>\n<meta property=\"og:title\" content=\"HDGY Rail Clip - Crane Rail fixing device-crane Rail Clamp- Crane Parts Manufacturer\" \/>\n<meta property=\"og:description\" content=\"Rail Clips,HDGY Rail Clip,Crane Rail Clips,Rail fixing device,Crane Rail fixing device,crane Rail Clamp,WJK Rail Clips,Overhead Crane Rail Clip\" \/>\n<meta property=\"og:url\" content=\"https:\/\/www.hnhlcranes.com\/tr\/urun\/hdgy-ray-klipsi\/\" \/>\n<meta property=\"og:site_name\" content=\"Crane Parts Manufacturer\" \/>\n<meta property=\"article:modified_time\" content=\"2025-01-10T10:14:36+00:00\" \/>\n<meta property=\"og:image\" content=\"https:\/\/www.hnhlcranes.com\/wp-content\/uploads\/2024\/11\/HDGY-Rail-Clip.jpg\" \/>\n\t<meta property=\"og:image:width\" content=\"600\" \/>\n\t<meta property=\"og:image:height\" content=\"600\" \/>\n\t<meta property=\"og:image:type\" content=\"image\/jpeg\" \/>\n<meta name=\"twitter:card\" content=\"summary_large_image\" \/>\n<meta name=\"twitter:label1\" content=\"Tahmini okuma s\u00fcresi\" \/>\n\t<meta name=\"twitter:data1\" content=\"3 dakika\" \/>\n<script type=\"application\/ld+json\" class=\"yoast-schema-graph\">{\"@context\":\"https:\/\/schema.org\",\"@graph\":[{\"@type\":\"WebPage\",\"@id\":\"https:\/\/www.hnhlcranes.com\/product\/hdgy-rail-clip\/\",\"url\":\"https:\/\/www.hnhlcranes.com\/product\/hdgy-rail-clip\/\",\"name\":\"HDGY Rail Clip - Crane Rail fixing device-crane Rail Clamp- Crane Parts Manufacturer\",\"isPartOf\":{\"@id\":\"https:\/\/www.hnhlcranes.com\/#website\"},\"primaryImageOfPage\":{\"@id\":\"https:\/\/www.hnhlcranes.com\/product\/hdgy-rail-clip\/#primaryimage\"},\"image\":{\"@id\":\"https:\/\/www.hnhlcranes.com\/product\/hdgy-rail-clip\/#primaryimage\"},\"thumbnailUrl\":\"https:\/\/www.hnhlcranes.com\/wp-content\/uploads\/2024\/11\/HDGY-Rail-Clip.jpg\",\"datePublished\":\"2024-11-29T14:40:44+00:00\",\"dateModified\":\"2025-01-10T10:14:36+00:00\",\"description\":\"Rail Clips,HDGY Rail Clip,Crane Rail Clips,Rail fixing device,Crane Rail fixing device,crane Rail Clamp,WJK Rail Clips,Overhead Crane Rail Clip\",\"breadcrumb\":{\"@id\":\"https:\/\/www.hnhlcranes.com\/product\/hdgy-rail-clip\/#breadcrumb\"},\"inLanguage\":\"tr\",\"potentialAction\":[{\"@type\":\"ReadAction\",\"target\":[\"https:\/\/www.hnhlcranes.com\/product\/hdgy-rail-clip\/\"]}]},{\"@type\":\"ImageObject\",\"inLanguage\":\"tr\",\"@id\":\"https:\/\/www.hnhlcranes.com\/product\/hdgy-rail-clip\/#primaryimage\",\"url\":\"https:\/\/www.hnhlcranes.com\/wp-content\/uploads\/2024\/11\/HDGY-Rail-Clip.jpg\",\"contentUrl\":\"https:\/\/www.hnhlcranes.com\/wp-content\/uploads\/2024\/11\/HDGY-Rail-Clip.jpg\",\"width\":600,\"height\":600},{\"@type\":\"BreadcrumbList\",\"@id\":\"https:\/\/www.hnhlcranes.com\/product\/hdgy-rail-clip\/#breadcrumb\",\"itemListElement\":[{\"@type\":\"ListItem\",\"position\":1,\"name\":\"home\",\"item\":\"https:\/\/www.hnhlcranes.com\/\"},{\"@type\":\"ListItem\",\"position\":2,\"name\":\"products\",\"item\":\"https:\/\/www.hnhlcranes.com\/products\/\"},{\"@type\":\"ListItem\",\"position\":3,\"name\":\"HDGY Rail Clip\"}]},{\"@type\":\"WebSite\",\"@id\":\"https:\/\/www.hnhlcranes.com\/#website\",\"url\":\"https:\/\/www.hnhlcranes.com\/\",\"name\":\"Crane Parts Manufacturer\",\"description\":\"Crane Wheels,Crane Drums,Crane Hooks,Crane Coupling,Crane End Carriage,Electric Hoist,European Crane Parts,Crane Rail Clip,Crane Spreader,Crane Motor,Crane Reducer,Crane Brake,Light Crane Parts,Workstation Crane Parts,Crane Electrical Parts,China Crane Parts Supplier,China Crane Parts Manufacturer,Angle box type crane wheel,45 degree split crane wheel,European crane wheel,Crane Wheel Blocks,Overhead crane drum,European crane drum,Overhead crane hook,European crane hook,Crane pulley block,Gear coupling,Brake wheel coupling,Drum gear coupling,Brake wheel drum gear coupling,Cardan Shaft Coupling,WZL drum coupling,Plum blossom elastic coupling,Brake wheel plum elastic coupling,European Single girder crane end carriage,European Double girder crane end carriage,European Suspension  crane end carriage,Wire Rope Electric Hoist,Electric Chain Hoist,European Single Girder Wire Rope Electric Hoist,European Double Girder Wire Rope Electric Hoist,Crane grab,Container spreader,Billet crane clamps,C-type hook,Lifting Electromagnet,YZR crane motor,YZP crane motor,ZQ Reducer,ZSC Reducer,QJ Reducer,QJ-L Reducer,QJY Reducer,H series gearbox,F Series Gear Motor,K Series Gear Motor,R Series Gear Motor,travelling machinery gear motor,Electro hydraulic drum brake,Electro hydraulic disc brake,Crane Safety brake,Crane cable trolley,Crane remote controller,Crane pendant controller,Crane electrical control cabinet,Crane limit switch,Crane sound and light alarm,Heavy Duty Aviation Connector,Crane overload limiter\",\"publisher\":{\"@id\":\"https:\/\/www.hnhlcranes.com\/#organization\"},\"potentialAction\":[{\"@type\":\"SearchAction\",\"target\":{\"@type\":\"EntryPoint\",\"urlTemplate\":\"https:\/\/www.hnhlcranes.com\/?s={search_term_string}\"},\"query-input\":{\"@type\":\"PropertyValueSpecification\",\"valueRequired\":true,\"valueName\":\"search_term_string\"}}],\"inLanguage\":\"tr\"},{\"@type\":\"Organization\",\"@id\":\"https:\/\/www.hnhlcranes.com\/#organization\",\"name\":\"Crane Parts Manufacturer\",\"url\":\"https:\/\/www.hnhlcranes.com\/\",\"logo\":{\"@type\":\"ImageObject\",\"inLanguage\":\"tr\",\"@id\":\"https:\/\/www.hnhlcranes.com\/#\/schema\/logo\/image\/\",\"url\":\"https:\/\/www.hnhlcranes.com\/wp-content\/uploads\/2025\/01\/HL-logo-1.png\",\"contentUrl\":\"https:\/\/www.hnhlcranes.com\/wp-content\/uploads\/2025\/01\/HL-logo-1.png\",\"width\":600,\"height\":169,\"caption\":\"Crane Parts Manufacturer\"},\"image\":{\"@id\":\"https:\/\/www.hnhlcranes.com\/#\/schema\/logo\/image\/\"}}]}<\/script>\n<!-- \/ Yoast SEO plugin. -->","yoast_head_json":{"title":"HDGY Rail Clip - Crane Rail fixing device-crane Rail Clamp- Crane Parts Manufacturer","description":"Rail Clips,HDGY Rail Clip,Crane Rail Clips,Rail fixing device,Crane Rail fixing device,crane Rail Clamp,WJK Rail Clips,Overhead Crane Rail Clip","robots":{"index":"index","follow":"follow","max-snippet":"max-snippet:-1","max-image-preview":"max-image-preview:large","max-video-preview":"max-video-preview:-1"},"canonical":"https:\/\/www.hnhlcranes.com\/tr\/urun\/hdgy-ray-klipsi\/","og_locale":"tr_TR","og_type":"article","og_title":"HDGY Rail Clip - Crane Rail fixing device-crane Rail Clamp- Crane Parts Manufacturer","og_description":"Rail Clips,HDGY Rail Clip,Crane Rail Clips,Rail fixing device,Crane Rail fixing device,crane Rail Clamp,WJK Rail Clips,Overhead Crane Rail Clip","og_url":"https:\/\/www.hnhlcranes.com\/tr\/urun\/hdgy-ray-klipsi\/","og_site_name":"Crane Parts Manufacturer","article_modified_time":"2025-01-10T10:14:36+00:00","og_image":[{"width":600,"height":600,"url":"https:\/\/www.hnhlcranes.com\/wp-content\/uploads\/2024\/11\/HDGY-Rail-Clip.jpg","type":"image\/jpeg"}],"twitter_card":"summary_large_image","twitter_misc":{"Tahmini okuma s\u00fcresi":"3 dakika"},"schema":{"@context":"https:\/\/schema.org","@graph":[{"@type":"WebPage","@id":"https:\/\/www.hnhlcranes.com\/product\/hdgy-rail-clip\/","url":"https:\/\/www.hnhlcranes.com\/product\/hdgy-rail-clip\/","name":"HDGY Rail Clip - Crane Rail fixing device-crane Rail Clamp- Crane Parts Manufacturer","isPartOf":{"@id":"https:\/\/www.hnhlcranes.com\/#website"},"primaryImageOfPage":{"@id":"https:\/\/www.hnhlcranes.com\/product\/hdgy-rail-clip\/#primaryimage"},"image":{"@id":"https:\/\/www.hnhlcranes.com\/product\/hdgy-rail-clip\/#primaryimage"},"thumbnailUrl":"https:\/\/www.hnhlcranes.com\/wp-content\/uploads\/2024\/11\/HDGY-Rail-Clip.jpg","datePublished":"2024-11-29T14:40:44+00:00","dateModified":"2025-01-10T10:14:36+00:00","description":"Rail Clips,HDGY Rail Clip,Crane Rail Clips,Rail fixing device,Crane Rail fixing device,crane Rail Clamp,WJK Rail Clips,Overhead Crane Rail Clip","breadcrumb":{"@id":"https:\/\/www.hnhlcranes.com\/product\/hdgy-rail-clip\/#breadcrumb"},"inLanguage":"tr","potentialAction":[{"@type":"ReadAction","target":["https:\/\/www.hnhlcranes.com\/product\/hdgy-rail-clip\/"]}]},{"@type":"ImageObject","inLanguage":"tr","@id":"https:\/\/www.hnhlcranes.com\/product\/hdgy-rail-clip\/#primaryimage","url":"https:\/\/www.hnhlcranes.com\/wp-content\/uploads\/2024\/11\/HDGY-Rail-Clip.jpg","contentUrl":"https:\/\/www.hnhlcranes.com\/wp-content\/uploads\/2024\/11\/HDGY-Rail-Clip.jpg","width":600,"height":600},{"@type":"BreadcrumbList","@id":"https:\/\/www.hnhlcranes.com\/product\/hdgy-rail-clip\/#breadcrumb","itemListElement":[{"@type":"ListItem","position":1,"name":"home","item":"https:\/\/www.hnhlcranes.com\/"},{"@type":"ListItem","position":2,"name":"products","item":"https:\/\/www.hnhlcranes.com\/products\/"},{"@type":"ListItem","position":3,"name":"HDGY Rail Clip"}]},{"@type":"WebSite","@id":"https:\/\/www.hnhlcranes.com\/#website","url":"https:\/\/www.hnhlcranes.com\/","name":"Crane Parts Manufacturer","description":"Crane Wheels,Crane Drums,Crane Hooks,Crane Coupling,Crane End Carriage,Electric Hoist,European Crane Parts,Crane Rail Clip,Crane Spreader,Crane Motor,Crane Reducer,Crane Brake,Light Crane Parts,Workstation Crane Parts,Crane Electrical Parts,China Crane Parts Supplier,China Crane Parts Manufacturer,Angle box type crane wheel,45 degree split crane wheel,European crane wheel,Crane Wheel Blocks,Overhead crane drum,European crane drum,Overhead crane hook,European crane hook,Crane pulley block,Gear coupling,Brake wheel coupling,Drum gear coupling,Brake wheel drum gear coupling,Cardan Shaft Coupling,WZL drum coupling,Plum blossom elastic coupling,Brake wheel plum elastic coupling,European Single girder crane end carriage,European Double girder crane end carriage,European Suspension  crane end carriage,Wire Rope Electric Hoist,Electric Chain Hoist,European Single Girder Wire Rope Electric Hoist,European Double Girder Wire Rope Electric Hoist,Crane grab,Container spreader,Billet crane clamps,C-type hook,Lifting Electromagnet,YZR crane motor,YZP crane motor,ZQ Reducer,ZSC Reducer,QJ Reducer,QJ-L Reducer,QJY Reducer,H series gearbox,F Series Gear Motor,K Series Gear Motor,R Series Gear Motor,travelling machinery gear motor,Electro hydraulic drum brake,Electro hydraulic disc brake,Crane Safety brake,Crane cable trolley,Crane remote controller,Crane pendant controller,Crane electrical control cabinet,Crane limit switch,Crane sound and light alarm,Heavy Duty Aviation Connector,Crane overload limiter","publisher":{"@id":"https:\/\/www.hnhlcranes.com\/#organization"},"potentialAction":[{"@type":"SearchAction","target":{"@type":"EntryPoint","urlTemplate":"https:\/\/www.hnhlcranes.com\/?s={search_term_string}"},"query-input":{"@type":"PropertyValueSpecification","valueRequired":true,"valueName":"search_term_string"}}],"inLanguage":"tr"},{"@type":"Organization","@id":"https:\/\/www.hnhlcranes.com\/#organization","name":"Crane Parts Manufacturer","url":"https:\/\/www.hnhlcranes.com\/","logo":{"@type":"ImageObject","inLanguage":"tr","@id":"https:\/\/www.hnhlcranes.com\/#\/schema\/logo\/image\/","url":"https:\/\/www.hnhlcranes.com\/wp-content\/uploads\/2025\/01\/HL-logo-1.png","contentUrl":"https:\/\/www.hnhlcranes.com\/wp-content\/uploads\/2025\/01\/HL-logo-1.png","width":600,"height":169,"caption":"Crane Parts Manufacturer"},"image":{"@id":"https:\/\/www.hnhlcranes.com\/#\/schema\/logo\/image\/"}}]}},"_links":{"self":[{"href":"https:\/\/www.hnhlcranes.com\/tr\/wp-json\/wp\/v2\/product\/5544","targetHints":{"allow":["GET"]}}],"collection":[{"href":"https:\/\/www.hnhlcranes.com\/tr\/wp-json\/wp\/v2\/product"}],"about":[{"href":"https:\/\/www.hnhlcranes.com\/tr\/wp-json\/wp\/v2\/types\/product"}],"version-history":[{"count":3,"href":"https:\/\/www.hnhlcranes.com\/tr\/wp-json\/wp\/v2\/product\/5544\/revisions"}],"predecessor-version":[{"id":7196,"href":"https:\/\/www.hnhlcranes.com\/tr\/wp-json\/wp\/v2\/product\/5544\/revisions\/7196"}],"wp:featuredmedia":[{"embeddable":true,"href":"https:\/\/www.hnhlcranes.com\/tr\/wp-json\/wp\/v2\/media\/7117"}],"wp:attachment":[{"href":"https:\/\/www.hnhlcranes.com\/tr\/wp-json\/wp\/v2\/media?parent=5544"}],"wp:term":[{"taxonomy":"product_brand","embeddable":true,"href":"https:\/\/www.hnhlcranes.com\/tr\/wp-json\/wp\/v2\/product_brand?post=5544"},{"taxonomy":"product_cat","embeddable":true,"href":"https:\/\/www.hnhlcranes.com\/tr\/wp-json\/wp\/v2\/product_cat?post=5544"},{"taxonomy":"product_tag","embeddable":true,"href":"https:\/\/www.hnhlcranes.com\/tr\/wp-json\/wp\/v2\/product_tag?post=5544"}],"curies":[{"name":"wp","href":"https:\/\/api.w.org\/{rel}","templated":true}]}}