{"id":5659,"date":"2024-12-03T17:07:45","date_gmt":"2024-12-03T09:07:45","guid":{"rendered":"https:\/\/www.hnhlcranes.com\/?post_type=product&#038;p=5659"},"modified":"2025-01-08T01:06:53","modified_gmt":"2025-01-07T17:06:53","slug":"avrupa-suspansi%cc%87yonlu-vi%cc%87nc-uc-tasiyicisi","status":"publish","type":"product","link":"https:\/\/www.hnhlcranes.com\/tr\/urun\/avrupa-suspansi%cc%87yonlu-vi%cc%87nc-uc-tasiyicisi\/","title":{"rendered":"Avrupa S\u00fcspansiyonlu vin\u00e7 u\u00e7 ta\u015f\u0131y\u0131c\u0131s\u0131"},"content":{"rendered":"<p>Bu <strong>Avrupa S\u00fcspansiyonlu Vin\u00e7 Ucu Ta\u015f\u0131y\u0131c\u0131<\/strong> vin\u00e7 yap\u0131s\u0131n\u0131 desteklemek ve raylar boyunca yatay hareket sa\u011flamak i\u00e7in tasarlanm\u0131\u015f s\u00fcspansiyonlu vin\u00e7 sistemlerinde hayati bir bile\u015fendir. Avrupa standartlar\u0131n\u0131 kar\u015f\u0131layacak \u015fekilde tasarlanm\u0131\u015f olup y\u00fcksek performans, kompaktl\u0131k ve dayan\u0131kl\u0131l\u0131k sunar. Bu tip u\u00e7 ta\u015f\u0131y\u0131c\u0131, alan optimizasyonu, hassasiyet ve sorunsuz \u00e7al\u0131\u015fman\u0131n gerekli oldu\u011fu \u00e7e\u015fitli end\u00fcstriyel uygulamalarda yayg\u0131n olarak kullan\u0131lmaktad\u0131r. \u00d6zellikle, s\u00fcspansiyon tasar\u0131m\u0131 vin\u00e7 hareketinde daha fazla esneklik sa\u011flar ve bu da onu \u00f6zellikle s\u0131n\u0131rl\u0131 alana sahip tesisler i\u00e7in uygun hale getirir.<\/p>\n<h3>Ana \u00d6zellikler:<\/h3>\n<ol>\n<li><strong>Yap\u0131sal Tasar\u0131m<\/strong>: Avrupa s\u00fcspansiyonlu vin\u00e7 u\u00e7 ta\u015f\u0131y\u0131c\u0131s\u0131, hem y\u00fcksek mukavemet hem de hafif bir profil sa\u011flayan sa\u011flam bir \u00e7elik \u00e7er\u00e7eveye sahiptir. S\u00fcspansiyon tasar\u0131m\u0131, geleneksel destek ayaklar\u0131na olan ihtiyac\u0131 ortadan kald\u0131rarak s\u0131n\u0131rl\u0131 alana sahip ortamlarda verimli \u00e7al\u0131\u015fma sa\u011flar. Ayr\u0131ca, kompakt tasar\u0131m kurulum alan\u0131n\u0131 en aza indirir ve genel operasyonel verimlili\u011fi art\u0131r\u0131r.<\/li>\n<li><strong>Tahrik Sistemi<\/strong>: U\u00e7 ta\u015f\u0131y\u0131c\u0131, tipik olarak AC motorlar taraf\u0131ndan desteklenen geli\u015fmi\u015f bir elektrikli tahrik sistemi ile donat\u0131lm\u0131\u015ft\u0131r. Bu motorlar, vincin hareketi \u00fczerinde hassas kontrol sa\u011flarken tutarl\u0131 ve sabit hareket h\u0131zlar\u0131 sunar. Ayr\u0131ca, tahrik sistemi enerji t\u00fcketimini en aza indirirken sorunsuz \u00e7al\u0131\u015fmay\u0131 sa\u011flar ve bu da onu zorlu end\u00fcstriyel ortamlarda uzun s\u00fcreli kullan\u0131m i\u00e7in ideal hale getirir.<\/li>\n<li><strong>S\u00fcspansiyon Mekanizmas\u0131<\/strong>: Geleneksel u\u00e7 ta\u015f\u0131y\u0131c\u0131lar\u0131n aksine, s\u00fcspansiyon tasar\u0131m\u0131 u\u00e7 ta\u015f\u0131y\u0131c\u0131n\u0131n vin\u00e7 yap\u0131s\u0131ndan ask\u0131ya al\u0131nmas\u0131n\u0131 sa\u011flar. Bu, \u00f6zellikle dar alanlarda veya minimum s\u00fcrt\u00fcnmenin gerekli oldu\u011fu durumlarda daha fazla esneklik ve daha sorunsuz \u00e7al\u0131\u015fma sa\u011flar. Ayr\u0131ca dikey yanl\u0131\u015f hizalamalara uyum sa\u011flayarak vin\u00e7 sistemi \u00fczerindeki gerilimi azalt\u0131r.<\/li>\n<li><strong>Palet ve Tekerlek Sistemi<\/strong>: U\u00e7 ta\u015f\u0131y\u0131c\u0131, m\u00fckemmel a\u015f\u0131nma direnci ve y\u00fck ta\u015f\u0131ma kapasitesi sunan y\u00fcksek mukavemetli malzemelerden yap\u0131lm\u0131\u015f tekerlek setleri i\u00e7erir. Bu tekerlekler, standartla\u015ft\u0131r\u0131lm\u0131\u015f vin\u00e7 raylar\u0131 \u00fczerinde sorunsuz \u00e7al\u0131\u015facak \u015fekilde tasarlanm\u0131\u015ft\u0131r ve istikrarl\u0131 ve g\u00fcvenilir hareket sa\u011flar.<\/li>\n<li><strong>Hassasiyet ve Kararl\u0131l\u0131k<\/strong>: Avrupa s\u00fcspansiyonlu vin\u00e7 u\u00e7 ta\u015f\u0131y\u0131c\u0131s\u0131, hassas ve dengeli \u00e7al\u0131\u015fma i\u00e7in tasarlanm\u0131\u015ft\u0131r. Hareket s\u0131ras\u0131nda g\u00fcr\u00fclt\u00fc ve titre\u015fimi en aza indirerek a\u011f\u0131r y\u00fckler alt\u0131nda bile vincin sorunsuz \u00e7al\u0131\u015fmas\u0131n\u0131 sa\u011flar ve uzun s\u00fcreler boyunca verimli performansa katk\u0131da bulunur.<\/li>\n<\/ol>\n<h3>Avantajlar:<\/h3>\n<ul>\n<li><strong>Alan Verimlili\u011fi<\/strong>: S\u00fcspansiyon tasar\u0131m\u0131 ek destek ayaklar\u0131na olan ihtiyac\u0131 ortadan kald\u0131r\u0131r, b\u00f6ylece de\u011ferli alandan tasarruf sa\u011flar ve hem kurulum hem de kullan\u0131mda daha fazla esneklik sunar. Bu, \u00f6zellikle s\u0131n\u0131rl\u0131 zemin alan\u0131na sahip tesislerde faydal\u0131d\u0131r.<\/li>\n<li><strong>Sorunsuz \u00c7al\u0131\u015fma<\/strong>: S\u00fcspansiyon mekanizmas\u0131 s\u00fcrt\u00fcnmeyi en aza indirerek daha yumu\u015fak hareket sa\u011flar, bu da sistemdeki a\u015f\u0131nmay\u0131 azalt\u0131r ve genel operasyonel verimlili\u011fi art\u0131r\u0131r.<\/li>\n<li><strong>Enerji Verimlili\u011fi<\/strong>: Geli\u015fmi\u015f elektrikli tahrik sistemi, optimum enerji kullan\u0131m\u0131 sa\u011flayarak y\u00fcksek performans\u0131 korurken i\u015fletme maliyetlerini azalt\u0131r.<\/li>\n<li><strong>Esneklik<\/strong>: S\u00fcspansiyon tasar\u0131m\u0131, u\u00e7 ta\u015f\u0131y\u0131c\u0131n\u0131n dikey yanl\u0131\u015f hizalamalara ve d\u00fcz olmayan y\u00fczeylere uyum sa\u011flamas\u0131na olanak tan\u0131yarak daha fazla operasyonel esneklik sunar ve vin\u00e7 sistemi \u00fczerindeki bask\u0131y\u0131 azalt\u0131r.<\/li>\n<li><strong>D\u00fc\u015f\u00fck G\u00fcr\u00fclt\u00fc ve Titre\u015fim<\/strong>: U\u00e7 ta\u015f\u0131y\u0131c\u0131 minimum g\u00fcr\u00fclt\u00fc ve titre\u015fimle \u00e7al\u0131\u015farak daha sessiz ve daha konforlu bir \u00e7al\u0131\u015fma ortam\u0131na katk\u0131da bulunur.<\/li>\n<\/ul>\n<h3>Sonu\u00e7:<\/h3>\n<p>Avrupa s\u00fcspansiyonlu vin\u00e7 u\u00e7 ta\u015f\u0131y\u0131c\u0131s\u0131, \u00e7ok \u00e7e\u015fitli end\u00fcstriyel uygulamalar i\u00e7in ideal, verimli, kompakt ve son derece esnek bir bile\u015fendir. S\u00fcspansiyon tasar\u0131m\u0131, alan verimlili\u011fi, sorunsuz \u00e7al\u0131\u015fma ve y\u00fcksek hassasiyet gibi \u00e7e\u015fitli avantajlar sunar. \u0130lk yat\u0131r\u0131m ve bak\u0131m gereksinimleri geleneksel u\u00e7 ta\u015f\u0131y\u0131c\u0131lara g\u00f6re daha y\u00fcksek olsa da, enerji tasarrufu, geli\u015fmi\u015f esneklik ve daha az a\u015f\u0131nma gibi uzun vadeli faydalar\u0131, zorlu operasyonel ihtiya\u00e7lar\u0131 olan tesisler i\u00e7in son derece uygun bir se\u00e7im olmas\u0131n\u0131 sa\u011flar.<\/p>\n<h3><strong><span style=\"font-family: arial, helvetica, sans-serif; font-size: 18pt;\">1.DU10 3.2t S\u00fcspansiyonlu vin\u00e7 u\u00e7 ta\u015f\u0131y\u0131c\u0131s\u0131<\/span><\/strong><\/h3>\n<p><img fetchpriority=\"high\" decoding=\"async\" class=\"alignnone wp-image-7002\" src=\"https:\/\/www.hnhlcranes.com\/wp-content\/uploads\/2024\/12\/European-Suspension-crane-end-carriage-3.2t-300x211.jpg\" alt=\"\" width=\"899\" height=\"632\" srcset=\"https:\/\/www.hnhlcranes.com\/wp-content\/uploads\/2024\/12\/European-Suspension-crane-end-carriage-3.2t-300x211.jpg 300w, https:\/\/www.hnhlcranes.com\/wp-content\/uploads\/2024\/12\/European-Suspension-crane-end-carriage-3.2t-768x540.jpg 768w, https:\/\/www.hnhlcranes.com\/wp-content\/uploads\/2024\/12\/European-Suspension-crane-end-carriage-3.2t-600x422.jpg 600w, https:\/\/www.hnhlcranes.com\/wp-content\/uploads\/2024\/12\/European-Suspension-crane-end-carriage-3.2t.jpg 1000w\" sizes=\"(max-width: 899px) 100vw, 899px\" \/><\/p>\n<p>&nbsp;<\/p>\n<p>\u2460 tampon<i>\uff1b<\/i>\u2461 U\u00e7 kiri\u015fi<i>\uff1b<\/i>\u2462Tekerlekler<i>(s\u00fcr\u00fcc\u00fc)<\/i><i>\uff1b<\/i>\u2463Tekerlekler<i>(bo\u015fta)<\/i><i>\uff1b<\/i>\u2464Tekerlekler<i>(bo\u015fta veya s\u00fcr\u00fc\u015fte)<\/i><\/p>\n<p>&nbsp;<\/p>\n<h3><strong><span style=\"font-family: arial, helvetica, sans-serif; font-size: 18pt;\">2.DU13 5t S\u00fcspansiyonlu vin\u00e7 u\u00e7 ta\u015f\u0131y\u0131c\u0131s\u0131<\/span><\/strong><\/h3>\n<p><img decoding=\"async\" class=\"alignnone wp-image-7003\" src=\"https:\/\/www.hnhlcranes.com\/wp-content\/uploads\/2024\/12\/European-Suspension-crane-end-carriage-5t-300x226.jpg\" alt=\"\" width=\"901\" height=\"679\" srcset=\"https:\/\/www.hnhlcranes.com\/wp-content\/uploads\/2024\/12\/European-Suspension-crane-end-carriage-5t-300x226.jpg 300w, https:\/\/www.hnhlcranes.com\/wp-content\/uploads\/2024\/12\/European-Suspension-crane-end-carriage-5t-768x578.jpg 768w, https:\/\/www.hnhlcranes.com\/wp-content\/uploads\/2024\/12\/European-Suspension-crane-end-carriage-5t-600x451.jpg 600w, https:\/\/www.hnhlcranes.com\/wp-content\/uploads\/2024\/12\/European-Suspension-crane-end-carriage-5t.jpg 1000w\" sizes=\"(max-width: 901px) 100vw, 901px\" \/><\/p>\n<p>&nbsp;<\/p>\n<p>\u2460 tampon<i>\uff1b<\/i>\u2461 U\u00e7 kiri\u015fi<i>\uff1b<\/i>\u2462Tekerlekler<i>(s\u00fcr\u00fcc\u00fc)\uff1b<\/i>\u2463Tekerlekler<i>(bo\u015fta)\uff1b<\/i>\u2464Tekerlekler<i>(bo\u015fta veya s\u00fcr\u00fc\u015fte)<\/i><\/p>\n<p>&nbsp;<\/p>\n<h3><strong><span style=\"font-family: arial, helvetica, sans-serif; font-size: 18pt;\">3.DU16 10t S\u00fcspansiyonlu vin\u00e7 u\u00e7 ta\u015f\u0131y\u0131c\u0131s\u0131<\/span><\/strong><\/h3>\n<p><img decoding=\"async\" class=\"alignnone wp-image-7004\" src=\"https:\/\/www.hnhlcranes.com\/wp-content\/uploads\/2024\/12\/European-Suspension-crane-end-carriage-10t-300x216.jpg\" alt=\"\" width=\"900\" height=\"648\" srcset=\"https:\/\/www.hnhlcranes.com\/wp-content\/uploads\/2024\/12\/European-Suspension-crane-end-carriage-10t-300x216.jpg 300w, https:\/\/www.hnhlcranes.com\/wp-content\/uploads\/2024\/12\/European-Suspension-crane-end-carriage-10t-768x553.jpg 768w, https:\/\/www.hnhlcranes.com\/wp-content\/uploads\/2024\/12\/European-Suspension-crane-end-carriage-10t-600x432.jpg 600w, https:\/\/www.hnhlcranes.com\/wp-content\/uploads\/2024\/12\/European-Suspension-crane-end-carriage-10t.jpg 1000w\" sizes=\"(max-width: 900px) 100vw, 900px\" \/><\/p>\n<p>\u2460 tampon<i>\uff1b<\/i>\u2461 U\u00e7 kiri\u015fi<i>\uff1b<\/i>\u2462Tekerlekler<i>(s\u00fcr\u00fcc\u00fc)\uff1b<\/i>\u2463Tekerlekler<i>(bo\u015fta)\uff1b<\/i>\u2464Tekerlekler<i>(bo\u015fta veya s\u00fcr\u00fc\u015fte)<\/i><\/p>","protected":false},"excerpt":{"rendered":"<h6><strong><span style=\"font-family: arial, helvetica, sans-serif; font-size: 14pt;\">Avrupa S\u00fcspansiyonlu vin\u00e7 u\u00e7 ta\u015f\u0131y\u0131c\u0131s\u0131n\u0131n \u00f6zellikleri<\/span><\/strong><\/h6>\n<ul>\n<li><strong>Modeller<\/strong>:DU10,DU13,DU16<\/li>\n<li><strong>Tekerlek Malzemesi<\/strong>: 40Cr<\/li>\n<li><strong>Tekerlek Ba\u011flant\u0131 Tipleri<\/strong>: gear<\/li>\n<li><strong>E\u015fle\u015ftirilebilir pist formu:<\/strong> I-kiri\u015f, H-kiri\u015f<\/li>\n<\/ul>","protected":false},"featured_media":6999,"template":"","meta":{"_kad_post_transparent":"default","_kad_post_title":"","_kad_post_layout":"default","_kad_post_sidebar_id":"","_kad_post_content_style":"default","_kad_post_vertical_padding":"show","_kad_post_feature":"","_kad_post_feature_position":"","_kad_post_header":false,"_kad_post_footer":false},"product_brand":[],"product_cat":[62,61],"product_tag":[376,443,445,456,442,450,454,453,447,441,451,455,446,440,448,444,452,449],"class_list":{"0":"post-5659","1":"product","2":"type-product","3":"status-publish","4":"has-post-thumbnail","6":"product_cat-crane-end-carriage","7":"product_cat-european-crane-parts","8":"product_tag-china-crane-parts-supplier","9":"product_tag-crane-end-beam","10":"product_tag-crane-end-beam-manufacturer","11":"product_tag-crane-end-carriage","12":"product_tag-end-carriage","13":"product_tag-end-carriages","14":"product_tag-european-double-girder-crane-end-carriage","15":"product_tag-european-single-girder-crane-end-carriage","16":"product_tag-european-style-hoist-double-beam-crane-end-beam","17":"product_tag-european-style-single-beam-crane-end-carriage","18":"product_tag-european-style-suspended-single-beam-crane-end-beam","19":"product_tag-european-suspension-crane-end-carriage","20":"product_tag-fem-double-girder-crane-end-carriages","21":"product_tag-fem-single-girder-crane-end-carriage","22":"product_tag-fem-suspension-crane-end-carriage","23":"product_tag-fen-din-european-style-single-beam-crane-end-carriage","24":"product_tag-fen-din-suspension-crane-end-beam","25":"product_tag-suspension-crane-end-beam","27":"first","28":"instock","29":"shipping-taxable","30":"product-type-simple","31":"entry","32":"content-bg","33":"loop-entry"},"yoast_head":"<!-- This site is optimized with the Yoast SEO plugin v24.5 - https:\/\/yoast.com\/wordpress\/plugins\/seo\/ -->\n<title>European Suspension crane end carriage - Suspension end beamCrane Parts Manufacturer<\/title>\n<meta name=\"description\" content=\"Suspension crane end beam,European style suspended single beam crane end beam,FEN\/DIN Suspension crane end beam,European Suspension crane end carriage\" \/>\n<meta name=\"robots\" content=\"index, follow, max-snippet:-1, max-image-preview:large, max-video-preview:-1\" \/>\n<link rel=\"canonical\" href=\"https:\/\/www.hnhlcranes.com\/tr\/urun\/avrupa-suspansi\u0307yonlu-vi\u0307nc-uc-tasiyicisi\/\" \/>\n<meta property=\"og:locale\" content=\"tr_TR\" \/>\n<meta property=\"og:type\" content=\"article\" \/>\n<meta property=\"og:title\" content=\"European Suspension crane end carriage - Suspension end beamCrane Parts Manufacturer\" \/>\n<meta property=\"og:description\" content=\"Suspension crane end beam,European style suspended single beam crane end beam,FEN\/DIN Suspension crane end beam,European Suspension crane end carriage\" \/>\n<meta property=\"og:url\" content=\"https:\/\/www.hnhlcranes.com\/tr\/urun\/avrupa-suspansi\u0307yonlu-vi\u0307nc-uc-tasiyicisi\/\" \/>\n<meta property=\"og:site_name\" content=\"Crane Parts Manufacturer\" \/>\n<meta property=\"article:modified_time\" content=\"2025-01-07T17:06:53+00:00\" \/>\n<meta property=\"og:image\" content=\"https:\/\/www.hnhlcranes.com\/wp-content\/uploads\/2024\/12\/European-Suspension-crane-end-carriage.jpg\" \/>\n\t<meta property=\"og:image:width\" content=\"600\" \/>\n\t<meta property=\"og:image:height\" content=\"600\" \/>\n\t<meta property=\"og:image:type\" content=\"image\/jpeg\" \/>\n<meta name=\"twitter:card\" content=\"summary_large_image\" \/>\n<meta name=\"twitter:label1\" content=\"Tahmini okuma s\u00fcresi\" \/>\n\t<meta name=\"twitter:data1\" content=\"4 dakika\" \/>\n<script type=\"application\/ld+json\" class=\"yoast-schema-graph\">{\"@context\":\"https:\/\/schema.org\",\"@graph\":[{\"@type\":\"WebPage\",\"@id\":\"https:\/\/www.hnhlcranes.com\/product\/european-suspension-crane-end-carriage\/\",\"url\":\"https:\/\/www.hnhlcranes.com\/product\/european-suspension-crane-end-carriage\/\",\"name\":\"European Suspension crane end carriage - Suspension end beamCrane Parts Manufacturer\",\"isPartOf\":{\"@id\":\"https:\/\/www.hnhlcranes.com\/#website\"},\"primaryImageOfPage\":{\"@id\":\"https:\/\/www.hnhlcranes.com\/product\/european-suspension-crane-end-carriage\/#primaryimage\"},\"image\":{\"@id\":\"https:\/\/www.hnhlcranes.com\/product\/european-suspension-crane-end-carriage\/#primaryimage\"},\"thumbnailUrl\":\"https:\/\/www.hnhlcranes.com\/wp-content\/uploads\/2024\/12\/European-Suspension-crane-end-carriage.jpg\",\"datePublished\":\"2024-12-03T09:07:45+00:00\",\"dateModified\":\"2025-01-07T17:06:53+00:00\",\"description\":\"Suspension crane end beam,European style suspended single beam crane end beam,FEN\/DIN Suspension crane end beam,European Suspension crane end carriage\",\"breadcrumb\":{\"@id\":\"https:\/\/www.hnhlcranes.com\/product\/european-suspension-crane-end-carriage\/#breadcrumb\"},\"inLanguage\":\"tr\",\"potentialAction\":[{\"@type\":\"ReadAction\",\"target\":[\"https:\/\/www.hnhlcranes.com\/product\/european-suspension-crane-end-carriage\/\"]}]},{\"@type\":\"ImageObject\",\"inLanguage\":\"tr\",\"@id\":\"https:\/\/www.hnhlcranes.com\/product\/european-suspension-crane-end-carriage\/#primaryimage\",\"url\":\"https:\/\/www.hnhlcranes.com\/wp-content\/uploads\/2024\/12\/European-Suspension-crane-end-carriage.jpg\",\"contentUrl\":\"https:\/\/www.hnhlcranes.com\/wp-content\/uploads\/2024\/12\/European-Suspension-crane-end-carriage.jpg\",\"width\":600,\"height\":600},{\"@type\":\"BreadcrumbList\",\"@id\":\"https:\/\/www.hnhlcranes.com\/product\/european-suspension-crane-end-carriage\/#breadcrumb\",\"itemListElement\":[{\"@type\":\"ListItem\",\"position\":1,\"name\":\"home\",\"item\":\"https:\/\/www.hnhlcranes.com\/\"},{\"@type\":\"ListItem\",\"position\":2,\"name\":\"products\",\"item\":\"https:\/\/www.hnhlcranes.com\/products\/\"},{\"@type\":\"ListItem\",\"position\":3,\"name\":\"European Suspension crane end carriage\"}]},{\"@type\":\"WebSite\",\"@id\":\"https:\/\/www.hnhlcranes.com\/#website\",\"url\":\"https:\/\/www.hnhlcranes.com\/\",\"name\":\"Crane Parts Manufacturer\",\"description\":\"Crane Wheels,Crane Drums,Crane Hooks,Crane Coupling,Crane End Carriage,Electric Hoist,European Crane Parts,Crane Rail Clip,Crane Spreader,Crane Motor,Crane Reducer,Crane Brake,Light Crane Parts,Workstation Crane Parts,Crane Electrical Parts,China Crane Parts Supplier,China Crane Parts Manufacturer,Angle box type crane wheel,45 degree split crane wheel,European crane wheel,Crane Wheel Blocks,Overhead crane drum,European crane drum,Overhead crane hook,European crane hook,Crane pulley block,Gear coupling,Brake wheel coupling,Drum gear coupling,Brake wheel drum gear coupling,Cardan Shaft Coupling,WZL drum coupling,Plum blossom elastic coupling,Brake wheel plum elastic coupling,European Single girder crane end carriage,European Double girder crane end carriage,European Suspension  crane end carriage,Wire Rope Electric Hoist,Electric Chain Hoist,European Single Girder Wire Rope Electric Hoist,European Double Girder Wire Rope Electric Hoist,Crane grab,Container spreader,Billet crane clamps,C-type hook,Lifting Electromagnet,YZR crane motor,YZP crane motor,ZQ Reducer,ZSC Reducer,QJ Reducer,QJ-L Reducer,QJY Reducer,H series gearbox,F Series Gear Motor,K Series Gear Motor,R Series Gear Motor,travelling machinery gear motor,Electro hydraulic drum brake,Electro hydraulic disc brake,Crane Safety brake,Crane cable trolley,Crane remote controller,Crane pendant controller,Crane electrical control cabinet,Crane limit switch,Crane sound and light alarm,Heavy Duty Aviation Connector,Crane overload limiter\",\"publisher\":{\"@id\":\"https:\/\/www.hnhlcranes.com\/#organization\"},\"potentialAction\":[{\"@type\":\"SearchAction\",\"target\":{\"@type\":\"EntryPoint\",\"urlTemplate\":\"https:\/\/www.hnhlcranes.com\/?s={search_term_string}\"},\"query-input\":{\"@type\":\"PropertyValueSpecification\",\"valueRequired\":true,\"valueName\":\"search_term_string\"}}],\"inLanguage\":\"tr\"},{\"@type\":\"Organization\",\"@id\":\"https:\/\/www.hnhlcranes.com\/#organization\",\"name\":\"Crane Parts Manufacturer\",\"url\":\"https:\/\/www.hnhlcranes.com\/\",\"logo\":{\"@type\":\"ImageObject\",\"inLanguage\":\"tr\",\"@id\":\"https:\/\/www.hnhlcranes.com\/#\/schema\/logo\/image\/\",\"url\":\"https:\/\/www.hnhlcranes.com\/wp-content\/uploads\/2025\/01\/HL-logo-1.png\",\"contentUrl\":\"https:\/\/www.hnhlcranes.com\/wp-content\/uploads\/2025\/01\/HL-logo-1.png\",\"width\":600,\"height\":169,\"caption\":\"Crane Parts Manufacturer\"},\"image\":{\"@id\":\"https:\/\/www.hnhlcranes.com\/#\/schema\/logo\/image\/\"}}]}<\/script>\n<!-- \/ Yoast SEO plugin. -->","yoast_head_json":{"title":"European Suspension crane end carriage - Suspension end beamCrane Parts Manufacturer","description":"Suspension crane end beam,European style suspended single beam crane end beam,FEN\/DIN Suspension crane end beam,European Suspension crane end carriage","robots":{"index":"index","follow":"follow","max-snippet":"max-snippet:-1","max-image-preview":"max-image-preview:large","max-video-preview":"max-video-preview:-1"},"canonical":"https:\/\/www.hnhlcranes.com\/tr\/urun\/avrupa-suspansi\u0307yonlu-vi\u0307nc-uc-tasiyicisi\/","og_locale":"tr_TR","og_type":"article","og_title":"European Suspension crane end carriage - Suspension end beamCrane Parts Manufacturer","og_description":"Suspension crane end beam,European style suspended single beam crane end beam,FEN\/DIN Suspension crane end beam,European Suspension crane end carriage","og_url":"https:\/\/www.hnhlcranes.com\/tr\/urun\/avrupa-suspansi\u0307yonlu-vi\u0307nc-uc-tasiyicisi\/","og_site_name":"Crane Parts Manufacturer","article_modified_time":"2025-01-07T17:06:53+00:00","og_image":[{"width":600,"height":600,"url":"https:\/\/www.hnhlcranes.com\/wp-content\/uploads\/2024\/12\/European-Suspension-crane-end-carriage.jpg","type":"image\/jpeg"}],"twitter_card":"summary_large_image","twitter_misc":{"Tahmini okuma s\u00fcresi":"4 dakika"},"schema":{"@context":"https:\/\/schema.org","@graph":[{"@type":"WebPage","@id":"https:\/\/www.hnhlcranes.com\/product\/european-suspension-crane-end-carriage\/","url":"https:\/\/www.hnhlcranes.com\/product\/european-suspension-crane-end-carriage\/","name":"European Suspension crane end carriage - Suspension end beamCrane Parts Manufacturer","isPartOf":{"@id":"https:\/\/www.hnhlcranes.com\/#website"},"primaryImageOfPage":{"@id":"https:\/\/www.hnhlcranes.com\/product\/european-suspension-crane-end-carriage\/#primaryimage"},"image":{"@id":"https:\/\/www.hnhlcranes.com\/product\/european-suspension-crane-end-carriage\/#primaryimage"},"thumbnailUrl":"https:\/\/www.hnhlcranes.com\/wp-content\/uploads\/2024\/12\/European-Suspension-crane-end-carriage.jpg","datePublished":"2024-12-03T09:07:45+00:00","dateModified":"2025-01-07T17:06:53+00:00","description":"Suspension crane end beam,European style suspended single beam crane end beam,FEN\/DIN Suspension crane end beam,European Suspension crane end carriage","breadcrumb":{"@id":"https:\/\/www.hnhlcranes.com\/product\/european-suspension-crane-end-carriage\/#breadcrumb"},"inLanguage":"tr","potentialAction":[{"@type":"ReadAction","target":["https:\/\/www.hnhlcranes.com\/product\/european-suspension-crane-end-carriage\/"]}]},{"@type":"ImageObject","inLanguage":"tr","@id":"https:\/\/www.hnhlcranes.com\/product\/european-suspension-crane-end-carriage\/#primaryimage","url":"https:\/\/www.hnhlcranes.com\/wp-content\/uploads\/2024\/12\/European-Suspension-crane-end-carriage.jpg","contentUrl":"https:\/\/www.hnhlcranes.com\/wp-content\/uploads\/2024\/12\/European-Suspension-crane-end-carriage.jpg","width":600,"height":600},{"@type":"BreadcrumbList","@id":"https:\/\/www.hnhlcranes.com\/product\/european-suspension-crane-end-carriage\/#breadcrumb","itemListElement":[{"@type":"ListItem","position":1,"name":"home","item":"https:\/\/www.hnhlcranes.com\/"},{"@type":"ListItem","position":2,"name":"products","item":"https:\/\/www.hnhlcranes.com\/products\/"},{"@type":"ListItem","position":3,"name":"European Suspension crane end carriage"}]},{"@type":"WebSite","@id":"https:\/\/www.hnhlcranes.com\/#website","url":"https:\/\/www.hnhlcranes.com\/","name":"Crane Parts Manufacturer","description":"Crane Wheels,Crane Drums,Crane Hooks,Crane Coupling,Crane End Carriage,Electric Hoist,European Crane Parts,Crane Rail Clip,Crane Spreader,Crane Motor,Crane Reducer,Crane Brake,Light Crane Parts,Workstation Crane Parts,Crane Electrical Parts,China Crane Parts Supplier,China Crane Parts Manufacturer,Angle box type crane wheel,45 degree split crane wheel,European crane wheel,Crane Wheel Blocks,Overhead crane drum,European crane drum,Overhead crane hook,European crane hook,Crane pulley block,Gear coupling,Brake wheel coupling,Drum gear coupling,Brake wheel drum gear coupling,Cardan Shaft Coupling,WZL drum coupling,Plum blossom elastic coupling,Brake wheel plum elastic coupling,European Single girder crane end carriage,European Double girder crane end carriage,European Suspension  crane end carriage,Wire Rope Electric Hoist,Electric Chain Hoist,European Single Girder Wire Rope Electric Hoist,European Double Girder Wire Rope Electric Hoist,Crane grab,Container spreader,Billet crane clamps,C-type hook,Lifting Electromagnet,YZR crane motor,YZP crane motor,ZQ Reducer,ZSC Reducer,QJ Reducer,QJ-L Reducer,QJY Reducer,H series gearbox,F Series Gear Motor,K Series Gear Motor,R Series Gear Motor,travelling machinery gear motor,Electro hydraulic drum brake,Electro hydraulic disc brake,Crane Safety brake,Crane cable trolley,Crane remote controller,Crane pendant controller,Crane electrical control cabinet,Crane limit switch,Crane sound and light alarm,Heavy Duty Aviation Connector,Crane overload limiter","publisher":{"@id":"https:\/\/www.hnhlcranes.com\/#organization"},"potentialAction":[{"@type":"SearchAction","target":{"@type":"EntryPoint","urlTemplate":"https:\/\/www.hnhlcranes.com\/?s={search_term_string}"},"query-input":{"@type":"PropertyValueSpecification","valueRequired":true,"valueName":"search_term_string"}}],"inLanguage":"tr"},{"@type":"Organization","@id":"https:\/\/www.hnhlcranes.com\/#organization","name":"Crane Parts Manufacturer","url":"https:\/\/www.hnhlcranes.com\/","logo":{"@type":"ImageObject","inLanguage":"tr","@id":"https:\/\/www.hnhlcranes.com\/#\/schema\/logo\/image\/","url":"https:\/\/www.hnhlcranes.com\/wp-content\/uploads\/2025\/01\/HL-logo-1.png","contentUrl":"https:\/\/www.hnhlcranes.com\/wp-content\/uploads\/2025\/01\/HL-logo-1.png","width":600,"height":169,"caption":"Crane Parts Manufacturer"},"image":{"@id":"https:\/\/www.hnhlcranes.com\/#\/schema\/logo\/image\/"}}]}},"_links":{"self":[{"href":"https:\/\/www.hnhlcranes.com\/tr\/wp-json\/wp\/v2\/product\/5659","targetHints":{"allow":["GET"]}}],"collection":[{"href":"https:\/\/www.hnhlcranes.com\/tr\/wp-json\/wp\/v2\/product"}],"about":[{"href":"https:\/\/www.hnhlcranes.com\/tr\/wp-json\/wp\/v2\/types\/product"}],"version-history":[{"count":6,"href":"https:\/\/www.hnhlcranes.com\/tr\/wp-json\/wp\/v2\/product\/5659\/revisions"}],"predecessor-version":[{"id":7008,"href":"https:\/\/www.hnhlcranes.com\/tr\/wp-json\/wp\/v2\/product\/5659\/revisions\/7008"}],"wp:featuredmedia":[{"embeddable":true,"href":"https:\/\/www.hnhlcranes.com\/tr\/wp-json\/wp\/v2\/media\/6999"}],"wp:attachment":[{"href":"https:\/\/www.hnhlcranes.com\/tr\/wp-json\/wp\/v2\/media?parent=5659"}],"wp:term":[{"taxonomy":"product_brand","embeddable":true,"href":"https:\/\/www.hnhlcranes.com\/tr\/wp-json\/wp\/v2\/product_brand?post=5659"},{"taxonomy":"product_cat","embeddable":true,"href":"https:\/\/www.hnhlcranes.com\/tr\/wp-json\/wp\/v2\/product_cat?post=5659"},{"taxonomy":"product_tag","embeddable":true,"href":"https:\/\/www.hnhlcranes.com\/tr\/wp-json\/wp\/v2\/product_tag?post=5659"}],"curies":[{"name":"wp","href":"https:\/\/api.w.org\/{rel}","templated":true}]}}