{"id":5707,"date":"2024-12-04T10:26:51","date_gmt":"2024-12-04T02:26:51","guid":{"rendered":"https:\/\/www.hnhlcranes.com\/?post_type=product&#038;p=5707"},"modified":"2025-01-13T23:47:09","modified_gmt":"2025-01-13T15:47:09","slug":"is-istasyonu-vinc-parcasi","status":"publish","type":"product","link":"https:\/\/www.hnhlcranes.com\/tr\/urun\/is-istasyonu-vinc-parcasi\/","title":{"rendered":"\u0130\u015f \u0130stasyonu Vin\u00e7 Par\u00e7as\u0131"},"content":{"rendered":"<div class=\"flex max-w-full flex-col flex-grow\">\n<div class=\"min-h-8 text-message flex w-full flex-col items-end gap-2 whitespace-normal break-words [.text-message+&amp;]:mt-5\" dir=\"auto\" data-message-author-role=\"assistant\" data-message-id=\"d22886da-3fb2-45fa-876a-33dd54db9fd5\" data-message-model-slug=\"gpt-4o\">\n<div class=\"flex w-full flex-col gap-1 empty:hidden first:pt-[3px]\">\n<div class=\"markdown prose w-full break-words dark:prose-invert light\">\n<h3>\u0130\u015f \u0130stasyonu Vincine Genel Bak\u0131\u015f<\/h3>\n<p>\u0130\u015f \u0130stasyonu Vinci, i\u015f istasyonlar\u0131 ve \u00fcretim hatlar\u0131 i\u00e7in \u00f6zel olarak tasarlanm\u0131\u015f y\u00fcksek verimli bir kald\u0131rma cihaz\u0131d\u0131r. \u00d6ncelikli olarak 2000 kg'a kadar kald\u0131rma kapasitesine sahip uygulamalara hizmet eden vin\u00e7, bir dizi ola\u011fan\u00fcst\u00fc \u00f6zellik ve i\u015flevsellik sunar.<\/p>\n<h3>Tasar\u0131m \u00d6zellikleri<\/h3>\n<p>Performans\u0131 art\u0131rmak i\u00e7in, \u0130\u015f \u0130stasyonu Vin\u00e7leri kare boru \u00e7er\u00e7eve yap\u0131s\u0131na sahiptir. Bu yap\u0131, sabit bir portal iskeleti olu\u015fturan d\u00f6rt dikey kolon ve bir \u00fcst \u00e7apraz kiri\u015f i\u00e7erir. Ayr\u0131ca, \u00fcst \u00e7apraz kiri\u015f y\u00fck kapasitesini art\u0131rmak i\u00e7in \u00e7ift kiri\u015fli bir tasar\u0131ma sahiptir ve kasnak tertibatlar\u0131 ve k\u0131lavuz raylar i\u00e7in \u00f6nceden monte edilmi\u015f konumlar\u0131 entegre eder. Alt k\u0131s\u0131mda, g\u00fc\u00e7lendirilmi\u015f taban plakalar\u0131 kolonlar\u0131 g\u00fc\u00e7lendirerek genel yap\u0131sal stabilite sa\u011flar. Mod\u00fcler \u00e7er\u00e7eve yap\u0131s\u0131 sayesinde kullan\u0131c\u0131lar vinci kolayl\u0131kla kurabilir ve ayarlayabilir, bu da vinci i\u015f istasyonlar\u0131, depolar ve benzeri ortamlardaki hafif hizmet kald\u0131rma ve malzeme ta\u015f\u0131ma g\u00f6revleri i\u00e7in ideal hale getirir.<\/p>\n<h3>Uygulama Senaryolar\u0131<\/h3>\n<p>\u0130\u015f \u0130stasyonu Vin\u00e7leri \u00e7e\u015fitli end\u00fcstriyel sekt\u00f6rlerde \u00fcst\u00fcnl\u00fck sa\u011flar. \u00d6rne\u011fin, genel end\u00fcstriler, otomotiv sekt\u00f6r\u00fc ve enerji \u00fcretimindeki \u00fcreticiler kald\u0131rma ihtiya\u00e7lar\u0131n\u0131 kar\u015f\u0131lamak i\u00e7in bu vince g\u00fcvenmektedir. Verimli ve ekonomik kald\u0131rma \u00e7\u00f6z\u00fcmleri sunma kabiliyeti, onu t\u00fcm \u00fcretim ve montaj hatlar\u0131n\u0131 kapsamak i\u00e7in \u00f6zellikle etkili k\u0131lar.<\/p>\n<h3>Teknik \u00d6zellikler ve Performans Parametreleri<\/h3>\n<p>Vin\u00e7, farkl\u0131 gereksinimleri kar\u015f\u0131lamak i\u00e7in \u00f6zelle\u015ftirilebilir kald\u0131rma kapasiteleri, a\u00e7\u0131kl\u0131klar ve kald\u0131rma y\u00fckseklikleri sunar. Ayr\u0131ca, ray konfig\u00fcrasyonu tek rayl\u0131, \u00e7ift rayl\u0131 veya asma yap\u0131lar i\u00e7in se\u00e7enekler i\u00e7erir ve belirli operasyonel ihtiya\u00e7lar\u0131 kar\u015f\u0131lamak i\u00e7in geni\u015f a\u00e7\u0131kl\u0131klar\u0131n ek avantaj\u0131n\u0131 sa\u011flar.<\/p>\n<h3>Kurulum ve Bak\u0131m<\/h3>\n<p>\u0130\u015f \u0130stasyonu Vin\u00e7leri kolayl\u0131k sa\u011flamak i\u00e7in standartla\u015ft\u0131r\u0131lm\u0131\u015f kesit boyutlar\u0131 ve c\u0131vata ba\u011flant\u0131lar\u0131 kullan\u0131r. Sonu\u00e7 olarak, kurulum genellikle tek bir g\u00fcn i\u00e7inde h\u0131zl\u0131 bir \u015fekilde tamamlanabilir, b\u00f6ylece ar\u0131za s\u00fcresi en aza indirilir ve \u00fcretim kesintileri \u00f6nlenir. Optimum performans\u0131 korumak i\u00e7in operat\u00f6rler paletleri, kald\u0131rma mekanizmalar\u0131n\u0131 ve \u00e7al\u0131\u015fan bile\u015fenleri d\u00fczenli olarak kontrol etmeli, b\u00f6ylece zaman i\u00e7inde g\u00fcvenli ve g\u00fcvenilir \u00e7al\u0131\u015fma sa\u011flanmal\u0131d\u0131r.<\/p>\n<h3>G\u00fcvenlik ve G\u00fcvenilirlik<\/h3>\n<p>Operasyonel g\u00fcvenli\u011fi sa\u011flamak i\u00e7in vin\u00e7te s\u0131n\u0131rlay\u0131c\u0131lar ve frenler gibi \u00e7ok say\u0131da geli\u015fmi\u015f g\u00fcvenlik \u00f6zelli\u011fi bulunmaktad\u0131r. Ayr\u0131ca, \u00fcreticiler vincin dengesini ve dayan\u0131kl\u0131l\u0131\u011f\u0131n\u0131 art\u0131rmak i\u00e7in y\u00fcksek mukavemetli, hafif malzemeler ve geli\u015fmi\u015f \u00fcretim s\u00fcre\u00e7leri kullanmaktad\u0131r. Bu \u00f6zellikler \u0130\u015f \u0130stasyonu Vin\u00e7lerini hem g\u00fcvenli hem de g\u00fcvenilir bir kald\u0131rma \u00e7\u00f6z\u00fcm\u00fc haline getirir.<\/p>\n<h3>Sonu\u00e7<\/h3>\n<p>\u00d6zetle, \u0130\u015f \u0130stasyonu Vin\u00e7leri verimli, esnek ve g\u00fcvenli bir kald\u0131rma \u00e7\u00f6z\u00fcm\u00fc olarak \u00f6ne \u00e7\u0131kmaktad\u0131r. Y\u00fcksek performans, kurulum kolayl\u0131\u011f\u0131 ve sa\u011flam g\u00fcvenlik \u00f6zelliklerinin birle\u015fimi, onu \u00e7e\u015fitli end\u00fcstriyel uygulamalar i\u00e7in ideal bir se\u00e7im haline getirmektedir.<\/p>\n<\/div>\n<\/div>\n<\/div>\n<\/div>\n<div class=\"mb-2 flex gap-3 empty:hidden -ml-2\">\n<div class=\"items-center justify-start rounded-xl p-1 flex\"><\/div>\n<\/div>\n<h6><strong><span style=\"font-family: arial, helvetica, sans-serif; font-size: 18pt;\">\u0130\u015f \u0130stasyonu Vin\u00e7 Par\u00e7as\u0131<\/span><\/strong><\/h6>\n<div class=\"flex max-w-full flex-col flex-grow\">\n<div class=\"min-h-8 text-message flex w-full flex-col items-end gap-2 whitespace-normal break-words [.text-message+&amp;]:mt-5\" dir=\"auto\" data-message-author-role=\"assistant\" data-message-id=\"c8d7d5a5-db5c-4384-9025-33dbfdf6a310\" data-message-model-slug=\"gpt-4o\">\n<div class=\"flex w-full flex-col gap-1 empty:hidden first:pt-[3px]\">\n<div class=\"markdown prose w-full break-words dark:prose-invert light\">\n<p><img fetchpriority=\"high\" decoding=\"async\" class=\"wp-image-5712 alignleft\" src=\"https:\/\/www.hnhlcranes.com\/wp-content\/uploads\/2024\/12\/Workstation-Crane-manual-trolley-300x300.jpg\" alt=\"\" width=\"250\" height=\"250\" \/> <img decoding=\"async\" class=\"wp-image-5713 alignleft\" src=\"https:\/\/www.hnhlcranes.com\/wp-content\/uploads\/2024\/12\/Workstation-Crane-electric-trolley-300x300.jpg\" alt=\"\" width=\"250\" height=\"250\" \/> <img decoding=\"async\" class=\"wp-image-5714 alignleft\" src=\"https:\/\/www.hnhlcranes.com\/wp-content\/uploads\/2024\/12\/Workstation-Crane-end-beam-300x300.jpg\" alt=\"\" width=\"249\" height=\"249\" \/><\/p>\n<p>&nbsp;<\/p>\n<\/div>\n<\/div>\n<\/div>\n<\/div>\n<p>&nbsp;<\/p>\n<p>&nbsp;<\/p>\n<p>&nbsp;<\/p>\n<p>&nbsp;<\/p>\n<p>&nbsp;<\/p>\n<p><span style=\"font-size: 12pt;\">\u00a0 \u0130\u015f \u0130stasyonu Vin\u00e7 manuel arabas\u0131<\/span>\u00a0 \u00a0 \u00a0 \u00a0 \u00a0 \u00a0<span style=\"font-size: 12pt;\">\u00a0 \u00a0\u0130\u015f \u0130stasyonu Vin\u00e7 elektrikli arabas\u0131 \u0130\u015f \u0130stasyonu Vin\u00e7 u\u00e7 kiri\u015fi<\/span><\/p>\n<p>&nbsp;<\/p>\n<p><img loading=\"lazy\" decoding=\"async\" class=\"wp-image-5716 alignleft\" src=\"https:\/\/www.hnhlcranes.com\/wp-content\/uploads\/2024\/12\/Workstation-Crane-cable-slider-300x300.jpg\" alt=\"\" width=\"250\" height=\"250\" \/> <img loading=\"lazy\" decoding=\"async\" class=\"wp-image-5715 alignleft\" src=\"https:\/\/www.hnhlcranes.com\/wp-content\/uploads\/2024\/12\/Workstation-Crane-cable-trolley-300x300.jpg\" alt=\"\" width=\"251\" height=\"251\" \/><\/p>\n<p>&nbsp;<\/p>\n<p>&nbsp;<\/p>\n<p>&nbsp;<\/p>\n<p>&nbsp;<\/p>\n<p>&nbsp;<\/p>\n<p>&nbsp;<\/p>\n<p><span style=\"font-size: 12pt;\">\u00a0 \u00a0 \u0130\u015f \u0130stasyonu Vin\u00e7 kablo s\u00fcrg\u00fcs\u00fc \u0130\u015f \u0130stasyonu Vin\u00e7 kablo arabas\u0131<\/span><\/p>\n<p>&nbsp;<\/p>","protected":false},"excerpt":{"rendered":"<p>\u0130\u015f \u0130stasyonu Vin\u00e7 manuel arabas\u0131,\u0130\u015f \u0130stasyonu Vin\u00e7 elektrikli arabas\u0131,\u0130\u015f \u0130stasyonu Vin\u00e7 u\u00e7 kiri\u015fi,\u0130\u015f \u0130stasyonu Vin\u00e7 kablo arabas\u0131,\u0130\u015f \u0130stasyonu Vin\u00e7 Par\u00e7alar\u0131,\u0130\u015f \u0130stasyonu Vin\u00e7 kablo kayd\u0131r\u0131c\u0131,\u0130\u015f \u0130stasyonu Vin\u00e7<\/p>","protected":false},"featured_media":7434,"template":"","meta":{"_kad_post_transparent":"default","_kad_post_title":"","_kad_post_layout":"default","_kad_post_sidebar_id":"","_kad_post_content_style":"default","_kad_post_vertical_padding":"show","_kad_post_feature":"","_kad_post_feature_position":"","_kad_post_header":false,"_kad_post_footer":false},"product_brand":[],"product_cat":[64],"product_tag":[376,608,610,606,607,604,605,603,611,609],"class_list":{"0":"post-5707","1":"product","2":"type-product","3":"status-publish","4":"has-post-thumbnail","6":"product_cat-workstation-crane-parts","7":"product_tag-china-crane-parts-supplier","8":"product_tag-freestanding-bridge-crane","9":"product_tag-monorails-crane","10":"product_tag-workstation-crane-cable-slider","11":"product_tag-workstation-crane-cable-trolley","12":"product_tag-workstation-crane-electric-trolley","13":"product_tag-workstation-crane-end-beam","14":"product_tag-workstation-crane-manual-trolley","15":"product_tag-workstation-crane-part","16":"product_tag-workstation-cranes","18":"first","19":"instock","20":"shipping-taxable","21":"product-type-simple","22":"entry","23":"content-bg","24":"loop-entry"},"yoast_head":"<!-- This site is optimized with the Yoast SEO plugin v24.5 - https:\/\/yoast.com\/wordpress\/plugins\/seo\/ -->\n<title>Workstation Crane Part -Workstation Crane- Crane Parts Manufacturer<\/title>\n<meta name=\"description\" content=\"Workstation Crane manual trolley,Workstation Crane electric trolley,Workstation Crane end beam,Workstation Crane cable trolley,Workstation Crane Parts\" \/>\n<meta name=\"robots\" content=\"index, follow, max-snippet:-1, max-image-preview:large, max-video-preview:-1\" \/>\n<link rel=\"canonical\" href=\"https:\/\/www.hnhlcranes.com\/tr\/urun\/is-istasyonu-vinc-parcasi\/\" \/>\n<meta property=\"og:locale\" content=\"tr_TR\" \/>\n<meta property=\"og:type\" content=\"article\" \/>\n<meta property=\"og:title\" content=\"Workstation Crane Part -Workstation Crane- Crane Parts Manufacturer\" \/>\n<meta property=\"og:description\" content=\"Workstation Crane manual trolley,Workstation Crane electric trolley,Workstation Crane end beam,Workstation Crane cable trolley,Workstation Crane Parts\" \/>\n<meta property=\"og:url\" content=\"https:\/\/www.hnhlcranes.com\/tr\/urun\/is-istasyonu-vinc-parcasi\/\" \/>\n<meta property=\"og:site_name\" content=\"Crane Parts Manufacturer\" \/>\n<meta property=\"article:modified_time\" content=\"2025-01-13T15:47:09+00:00\" \/>\n<meta property=\"og:image\" content=\"https:\/\/www.hnhlcranes.com\/wp-content\/uploads\/2024\/12\/Workstation-Crane-Parts.jpg\" \/>\n\t<meta property=\"og:image:width\" content=\"600\" \/>\n\t<meta property=\"og:image:height\" content=\"600\" \/>\n\t<meta property=\"og:image:type\" content=\"image\/jpeg\" \/>\n<meta name=\"twitter:card\" content=\"summary_large_image\" \/>\n<meta name=\"twitter:label1\" content=\"Tahmini okuma s\u00fcresi\" \/>\n\t<meta name=\"twitter:data1\" content=\"3 dakika\" \/>\n<script type=\"application\/ld+json\" class=\"yoast-schema-graph\">{\"@context\":\"https:\/\/schema.org\",\"@graph\":[{\"@type\":\"WebPage\",\"@id\":\"https:\/\/www.hnhlcranes.com\/product\/workstation-crane-part\/\",\"url\":\"https:\/\/www.hnhlcranes.com\/product\/workstation-crane-part\/\",\"name\":\"Workstation Crane Part -Workstation Crane- Crane Parts Manufacturer\",\"isPartOf\":{\"@id\":\"https:\/\/www.hnhlcranes.com\/#website\"},\"primaryImageOfPage\":{\"@id\":\"https:\/\/www.hnhlcranes.com\/product\/workstation-crane-part\/#primaryimage\"},\"image\":{\"@id\":\"https:\/\/www.hnhlcranes.com\/product\/workstation-crane-part\/#primaryimage\"},\"thumbnailUrl\":\"https:\/\/www.hnhlcranes.com\/wp-content\/uploads\/2024\/12\/Workstation-Crane-Parts.jpg\",\"datePublished\":\"2024-12-04T02:26:51+00:00\",\"dateModified\":\"2025-01-13T15:47:09+00:00\",\"description\":\"Workstation Crane manual trolley,Workstation Crane electric trolley,Workstation Crane end beam,Workstation Crane cable trolley,Workstation Crane Parts\",\"breadcrumb\":{\"@id\":\"https:\/\/www.hnhlcranes.com\/product\/workstation-crane-part\/#breadcrumb\"},\"inLanguage\":\"tr\",\"potentialAction\":[{\"@type\":\"ReadAction\",\"target\":[\"https:\/\/www.hnhlcranes.com\/product\/workstation-crane-part\/\"]}]},{\"@type\":\"ImageObject\",\"inLanguage\":\"tr\",\"@id\":\"https:\/\/www.hnhlcranes.com\/product\/workstation-crane-part\/#primaryimage\",\"url\":\"https:\/\/www.hnhlcranes.com\/wp-content\/uploads\/2024\/12\/Workstation-Crane-Parts.jpg\",\"contentUrl\":\"https:\/\/www.hnhlcranes.com\/wp-content\/uploads\/2024\/12\/Workstation-Crane-Parts.jpg\",\"width\":600,\"height\":600},{\"@type\":\"BreadcrumbList\",\"@id\":\"https:\/\/www.hnhlcranes.com\/product\/workstation-crane-part\/#breadcrumb\",\"itemListElement\":[{\"@type\":\"ListItem\",\"position\":1,\"name\":\"home\",\"item\":\"https:\/\/www.hnhlcranes.com\/\"},{\"@type\":\"ListItem\",\"position\":2,\"name\":\"products\",\"item\":\"https:\/\/www.hnhlcranes.com\/products\/\"},{\"@type\":\"ListItem\",\"position\":3,\"name\":\"Workstation Crane Part\"}]},{\"@type\":\"WebSite\",\"@id\":\"https:\/\/www.hnhlcranes.com\/#website\",\"url\":\"https:\/\/www.hnhlcranes.com\/\",\"name\":\"Crane Parts Manufacturer\",\"description\":\"Crane Wheels,Crane Drums,Crane Hooks,Crane Coupling,Crane End Carriage,Electric Hoist,European Crane Parts,Crane Rail Clip,Crane Spreader,Crane Motor,Crane Reducer,Crane Brake,Light Crane Parts,Workstation Crane Parts,Crane Electrical Parts,China Crane Parts Supplier,China Crane Parts Manufacturer,Angle box type crane wheel,45 degree split crane wheel,European crane wheel,Crane Wheel Blocks,Overhead crane drum,European crane drum,Overhead crane hook,European crane hook,Crane pulley block,Gear coupling,Brake wheel coupling,Drum gear coupling,Brake wheel drum gear coupling,Cardan Shaft Coupling,WZL drum coupling,Plum blossom elastic coupling,Brake wheel plum elastic coupling,European Single girder crane end carriage,European Double girder crane end carriage,European Suspension  crane end carriage,Wire Rope Electric Hoist,Electric Chain Hoist,European Single Girder Wire Rope Electric Hoist,European Double Girder Wire Rope Electric Hoist,Crane grab,Container spreader,Billet crane clamps,C-type hook,Lifting Electromagnet,YZR crane motor,YZP crane motor,ZQ Reducer,ZSC Reducer,QJ Reducer,QJ-L Reducer,QJY Reducer,H series gearbox,F Series Gear Motor,K Series Gear Motor,R Series Gear Motor,travelling machinery gear motor,Electro hydraulic drum brake,Electro hydraulic disc brake,Crane Safety brake,Crane cable trolley,Crane remote controller,Crane pendant controller,Crane electrical control cabinet,Crane limit switch,Crane sound and light alarm,Heavy Duty Aviation Connector,Crane overload limiter\",\"publisher\":{\"@id\":\"https:\/\/www.hnhlcranes.com\/#organization\"},\"potentialAction\":[{\"@type\":\"SearchAction\",\"target\":{\"@type\":\"EntryPoint\",\"urlTemplate\":\"https:\/\/www.hnhlcranes.com\/?s={search_term_string}\"},\"query-input\":{\"@type\":\"PropertyValueSpecification\",\"valueRequired\":true,\"valueName\":\"search_term_string\"}}],\"inLanguage\":\"tr\"},{\"@type\":\"Organization\",\"@id\":\"https:\/\/www.hnhlcranes.com\/#organization\",\"name\":\"Crane Parts Manufacturer\",\"url\":\"https:\/\/www.hnhlcranes.com\/\",\"logo\":{\"@type\":\"ImageObject\",\"inLanguage\":\"tr\",\"@id\":\"https:\/\/www.hnhlcranes.com\/#\/schema\/logo\/image\/\",\"url\":\"https:\/\/www.hnhlcranes.com\/wp-content\/uploads\/2025\/01\/HL-logo-1.png\",\"contentUrl\":\"https:\/\/www.hnhlcranes.com\/wp-content\/uploads\/2025\/01\/HL-logo-1.png\",\"width\":600,\"height\":169,\"caption\":\"Crane Parts Manufacturer\"},\"image\":{\"@id\":\"https:\/\/www.hnhlcranes.com\/#\/schema\/logo\/image\/\"}}]}<\/script>\n<!-- \/ Yoast SEO plugin. -->","yoast_head_json":{"title":"Workstation Crane Part -Workstation Crane- Crane Parts Manufacturer","description":"Workstation Crane manual trolley,Workstation Crane electric trolley,Workstation Crane end beam,Workstation Crane cable trolley,Workstation Crane Parts","robots":{"index":"index","follow":"follow","max-snippet":"max-snippet:-1","max-image-preview":"max-image-preview:large","max-video-preview":"max-video-preview:-1"},"canonical":"https:\/\/www.hnhlcranes.com\/tr\/urun\/is-istasyonu-vinc-parcasi\/","og_locale":"tr_TR","og_type":"article","og_title":"Workstation Crane Part -Workstation Crane- Crane Parts Manufacturer","og_description":"Workstation Crane manual trolley,Workstation Crane electric trolley,Workstation Crane end beam,Workstation Crane cable trolley,Workstation Crane Parts","og_url":"https:\/\/www.hnhlcranes.com\/tr\/urun\/is-istasyonu-vinc-parcasi\/","og_site_name":"Crane Parts Manufacturer","article_modified_time":"2025-01-13T15:47:09+00:00","og_image":[{"width":600,"height":600,"url":"https:\/\/www.hnhlcranes.com\/wp-content\/uploads\/2024\/12\/Workstation-Crane-Parts.jpg","type":"image\/jpeg"}],"twitter_card":"summary_large_image","twitter_misc":{"Tahmini okuma s\u00fcresi":"3 dakika"},"schema":{"@context":"https:\/\/schema.org","@graph":[{"@type":"WebPage","@id":"https:\/\/www.hnhlcranes.com\/product\/workstation-crane-part\/","url":"https:\/\/www.hnhlcranes.com\/product\/workstation-crane-part\/","name":"Workstation Crane Part -Workstation Crane- Crane Parts Manufacturer","isPartOf":{"@id":"https:\/\/www.hnhlcranes.com\/#website"},"primaryImageOfPage":{"@id":"https:\/\/www.hnhlcranes.com\/product\/workstation-crane-part\/#primaryimage"},"image":{"@id":"https:\/\/www.hnhlcranes.com\/product\/workstation-crane-part\/#primaryimage"},"thumbnailUrl":"https:\/\/www.hnhlcranes.com\/wp-content\/uploads\/2024\/12\/Workstation-Crane-Parts.jpg","datePublished":"2024-12-04T02:26:51+00:00","dateModified":"2025-01-13T15:47:09+00:00","description":"Workstation Crane manual trolley,Workstation Crane electric trolley,Workstation Crane end beam,Workstation Crane cable trolley,Workstation Crane Parts","breadcrumb":{"@id":"https:\/\/www.hnhlcranes.com\/product\/workstation-crane-part\/#breadcrumb"},"inLanguage":"tr","potentialAction":[{"@type":"ReadAction","target":["https:\/\/www.hnhlcranes.com\/product\/workstation-crane-part\/"]}]},{"@type":"ImageObject","inLanguage":"tr","@id":"https:\/\/www.hnhlcranes.com\/product\/workstation-crane-part\/#primaryimage","url":"https:\/\/www.hnhlcranes.com\/wp-content\/uploads\/2024\/12\/Workstation-Crane-Parts.jpg","contentUrl":"https:\/\/www.hnhlcranes.com\/wp-content\/uploads\/2024\/12\/Workstation-Crane-Parts.jpg","width":600,"height":600},{"@type":"BreadcrumbList","@id":"https:\/\/www.hnhlcranes.com\/product\/workstation-crane-part\/#breadcrumb","itemListElement":[{"@type":"ListItem","position":1,"name":"home","item":"https:\/\/www.hnhlcranes.com\/"},{"@type":"ListItem","position":2,"name":"products","item":"https:\/\/www.hnhlcranes.com\/products\/"},{"@type":"ListItem","position":3,"name":"Workstation Crane Part"}]},{"@type":"WebSite","@id":"https:\/\/www.hnhlcranes.com\/#website","url":"https:\/\/www.hnhlcranes.com\/","name":"Crane Parts Manufacturer","description":"Crane Wheels,Crane Drums,Crane Hooks,Crane Coupling,Crane End Carriage,Electric Hoist,European Crane Parts,Crane Rail Clip,Crane Spreader,Crane Motor,Crane Reducer,Crane Brake,Light Crane Parts,Workstation Crane Parts,Crane Electrical Parts,China Crane Parts Supplier,China Crane Parts Manufacturer,Angle box type crane wheel,45 degree split crane wheel,European crane wheel,Crane Wheel Blocks,Overhead crane drum,European crane drum,Overhead crane hook,European crane hook,Crane pulley block,Gear coupling,Brake wheel coupling,Drum gear coupling,Brake wheel drum gear coupling,Cardan Shaft Coupling,WZL drum coupling,Plum blossom elastic coupling,Brake wheel plum elastic coupling,European Single girder crane end carriage,European Double girder crane end carriage,European Suspension  crane end carriage,Wire Rope Electric Hoist,Electric Chain Hoist,European Single Girder Wire Rope Electric Hoist,European Double Girder Wire Rope Electric Hoist,Crane grab,Container spreader,Billet crane clamps,C-type hook,Lifting Electromagnet,YZR crane motor,YZP crane motor,ZQ Reducer,ZSC Reducer,QJ Reducer,QJ-L Reducer,QJY Reducer,H series gearbox,F Series Gear Motor,K Series Gear Motor,R Series Gear Motor,travelling machinery gear motor,Electro hydraulic drum brake,Electro hydraulic disc brake,Crane Safety brake,Crane cable trolley,Crane remote controller,Crane pendant controller,Crane electrical control cabinet,Crane limit switch,Crane sound and light alarm,Heavy Duty Aviation Connector,Crane overload limiter","publisher":{"@id":"https:\/\/www.hnhlcranes.com\/#organization"},"potentialAction":[{"@type":"SearchAction","target":{"@type":"EntryPoint","urlTemplate":"https:\/\/www.hnhlcranes.com\/?s={search_term_string}"},"query-input":{"@type":"PropertyValueSpecification","valueRequired":true,"valueName":"search_term_string"}}],"inLanguage":"tr"},{"@type":"Organization","@id":"https:\/\/www.hnhlcranes.com\/#organization","name":"Crane Parts Manufacturer","url":"https:\/\/www.hnhlcranes.com\/","logo":{"@type":"ImageObject","inLanguage":"tr","@id":"https:\/\/www.hnhlcranes.com\/#\/schema\/logo\/image\/","url":"https:\/\/www.hnhlcranes.com\/wp-content\/uploads\/2025\/01\/HL-logo-1.png","contentUrl":"https:\/\/www.hnhlcranes.com\/wp-content\/uploads\/2025\/01\/HL-logo-1.png","width":600,"height":169,"caption":"Crane Parts Manufacturer"},"image":{"@id":"https:\/\/www.hnhlcranes.com\/#\/schema\/logo\/image\/"}}]}},"_links":{"self":[{"href":"https:\/\/www.hnhlcranes.com\/tr\/wp-json\/wp\/v2\/product\/5707","targetHints":{"allow":["GET"]}}],"collection":[{"href":"https:\/\/www.hnhlcranes.com\/tr\/wp-json\/wp\/v2\/product"}],"about":[{"href":"https:\/\/www.hnhlcranes.com\/tr\/wp-json\/wp\/v2\/types\/product"}],"version-history":[{"count":4,"href":"https:\/\/www.hnhlcranes.com\/tr\/wp-json\/wp\/v2\/product\/5707\/revisions"}],"predecessor-version":[{"id":7438,"href":"https:\/\/www.hnhlcranes.com\/tr\/wp-json\/wp\/v2\/product\/5707\/revisions\/7438"}],"wp:featuredmedia":[{"embeddable":true,"href":"https:\/\/www.hnhlcranes.com\/tr\/wp-json\/wp\/v2\/media\/7434"}],"wp:attachment":[{"href":"https:\/\/www.hnhlcranes.com\/tr\/wp-json\/wp\/v2\/media?parent=5707"}],"wp:term":[{"taxonomy":"product_brand","embeddable":true,"href":"https:\/\/www.hnhlcranes.com\/tr\/wp-json\/wp\/v2\/product_brand?post=5707"},{"taxonomy":"product_cat","embeddable":true,"href":"https:\/\/www.hnhlcranes.com\/tr\/wp-json\/wp\/v2\/product_cat?post=5707"},{"taxonomy":"product_tag","embeddable":true,"href":"https:\/\/www.hnhlcranes.com\/tr\/wp-json\/wp\/v2\/product_tag?post=5707"}],"curies":[{"name":"wp","href":"https:\/\/api.w.org\/{rel}","templated":true}]}}