{"id":5753,"date":"2024-12-05T22:58:36","date_gmt":"2024-12-05T14:58:36","guid":{"rendered":"https:\/\/www.hnhlcranes.com\/?post_type=product&#038;p=5753"},"modified":"2025-01-14T23:46:32","modified_gmt":"2025-01-14T15:46:32","slug":"vinc-aski-kumandasi","status":"publish","type":"product","link":"https:\/\/www.hnhlcranes.com\/tr\/urun\/vinc-aski-kumandasi\/","title":{"rendered":"Vin\u00e7 as\u0131l\u0131 kumandas\u0131"},"content":{"rendered":"<h3>Vin\u00e7 Ask\u0131 Kumandas\u0131na Giri\u015f<\/h3>\n<p>Vin\u00e7 Ask\u0131 Kumandas\u0131 \u00f6ncelikle ba\u015flatma, durdurma ve y\u00f6n hareketini kontrol etme gibi \u00e7e\u015fitli vin\u00e7 i\u015flevlerini y\u00f6netmek i\u00e7in tasarlanm\u0131\u015ft\u0131r. \u0130ster i\u00e7 ister d\u0131\u015f mekan olsun, \u00e7ok \u00e7e\u015fitli ortamlarda hem vin\u00e7 hem de vin\u00e7 kald\u0131rma operasyonlar\u0131 i\u00e7in g\u00fcvenilir bir \u00e7\u00f6z\u00fcm sunar. A\u015fa\u011f\u0131da, uygulamalar\u0131n\u0131, \u00e7al\u0131\u015fma y\u00f6ntemlerini, g\u00fcvenlik \u00f6zelliklerini ve bak\u0131m gereksinimlerini ayr\u0131nt\u0131l\u0131 olarak inceleyece\u011fiz.<\/p>\n<h3>Uygulama Kapsam\u0131 ve \u00c7al\u0131\u015fma Ortam\u0131<\/h3>\n<p>Crane Pendant Controller, a\u015fa\u011f\u0131daki ko\u015fullar alt\u0131nda \u00e7al\u0131\u015fan kontrol sistemleri i\u00e7in uygundur:<\/p>\n<ul>\n<li><strong>AC G\u00fc\u00e7:<\/strong> 380V'a kadar gerilim kapasitesi ile 50Hz veya 60Hz'de \u00e7al\u0131\u015f\u0131r.<\/li>\n<li><strong>DC G\u00fc\u00e7:<\/strong> 220V'a kadar \u00e7al\u0131\u015fma voltaj\u0131 i\u00e7in uygundur.<\/li>\n<\/ul>\n<p>\u00c7ok y\u00f6nl\u00fcl\u00fck i\u00e7in tasarlanan kontrol\u00f6r ya\u011fmur, kar ve toza kar\u015f\u0131 dayan\u0131kl\u0131d\u0131r, bu da onu zorlu hava ko\u015fullar\u0131ndaki vin\u00e7ler ve elektrikli vin\u00e7ler dahil olmak \u00fczere d\u0131\u015f mekan uygulamalar\u0131 i\u00e7in ideal bir se\u00e7im haline getirir.<\/p>\n<h3>\u00c7al\u0131\u015fma Y\u00f6ntemleri ve \u00d6zellikleri<\/h3>\n<p>Vin\u00e7 Ask\u0131 Kumandas\u0131, kumanda kolu \u00fczerinde bulunan d\u00fc\u011fmeler arac\u0131l\u0131\u011f\u0131yla \u00e7al\u0131\u015f\u0131r ve hem g\u00fcvenli\u011fi hem de i\u015flevselli\u011fi art\u0131ran birka\u00e7 temel \u00f6zellik i\u00e7erir:<\/p>\n<ul>\n<li><strong>Acil Durdurma Anahtar\u0131:<\/strong> D\u00f6ner s\u0131f\u0131rlamal\u0131 mantar ba\u015fl\u0131 acil durdurma anahtar\u0131 ile donat\u0131lm\u0131\u015f olan kontrol\u00f6r, acil durumlarda motorun h\u0131zl\u0131 bir \u015fekilde kapat\u0131lmas\u0131na olanak tan\u0131yarak potansiyel tehlikelere h\u0131zl\u0131 bir \u015fekilde m\u00fcdahale edilmesini sa\u011flar.<\/li>\n<li><strong>Y\u00f6n Kontrol\u00fc:<\/strong> Kontrol \u00fcnitesinde uluslararas\u0131 kabul g\u00f6rm\u00fc\u015f ok sembollerine sahip d\u00fc\u011fmeler kullan\u0131l\u0131r. Ayr\u0131ca, kar\u015f\u0131l\u0131kl\u0131 y\u00f6n d\u00fc\u011fmeleri ayn\u0131 anda \u00e7al\u0131\u015fmay\u0131 \u00f6nlemek i\u00e7in mekanik olarak kilitlenmi\u015ftir, b\u00f6ylece kazara yanl\u0131\u015f kullan\u0131ma kar\u015f\u0131 koruma sa\u011flan\u0131r.<\/li>\n<li><strong>Kablo S\u00fcspansiyonu:<\/strong> Kol, elektrik kutusunun alt\u0131nda yumu\u015fak, ince \u00e7elik teller kullan\u0131larak as\u0131l\u0131r. Bu tasar\u0131m kablo gerginli\u011fini en aza indirir ve \u00e7ekirdek hasar\u0131n\u0131 \u00f6nlemeye yard\u0131mc\u0131 olarak uzun \u00f6m\u00fcrl\u00fcl\u00fc\u011f\u00fc ve g\u00fcvenilir performans\u0131 destekler.<\/li>\n<\/ul>\n<h3>G\u00fcvenlik \u00d6zellikleri ve Koruma<\/h3>\n<p>Crane Pendant Controller, hem operat\u00f6r g\u00fcvenli\u011fini hem de ekipman\u0131n uzun \u00f6m\u00fcrl\u00fc olmas\u0131n\u0131 sa\u011flayan \u00e7e\u015fitli g\u00fcvenlik mekanizmalar\u0131yla \u00fcretilmi\u015ftir:<\/p>\n<ul>\n<li><strong>Su ge\u00e7irmez ve Dayan\u0131kl\u0131:<\/strong> Zorlu \u00e7evre ko\u015fullar\u0131na dayanacak \u015fekilde \u00f6zel olarak tasarlanan kontrol\u00f6r, zorlu hava ko\u015fullar\u0131nda bile tutarl\u0131 ve g\u00fcvenilir performans sa\u011flar.<\/li>\n<li><strong>D\u00fc\u015f\u00fck Kontrol Voltaj\u0131:<\/strong> D\u00fc\u011fme kontrol voltaj\u0131 36V ile s\u0131n\u0131rl\u0131d\u0131r, bu da kullan\u0131m s\u0131ras\u0131nda elektrik \u00e7arpmas\u0131 riskini azaltarak operat\u00f6r g\u00fcvenli\u011fini art\u0131r\u0131r.<\/li>\n<li><strong>Y\u00fcksek Koruma Derecesi:<\/strong> IP65 gibi etkileyici bir koruma seviyesine sahip olan kontrol\u00f6r, hem suya hem de toza kar\u015f\u0131 dayan\u0131kl\u0131d\u0131r ve zorlu ko\u015fullarda i\u015flevsellik sa\u011flar.<\/li>\n<li><strong>Yal\u0131t\u0131m ve Diren\u00e7:<\/strong> Y\u00fcksek kaliteli yal\u0131t\u0131m malzemelerinin kullan\u0131lmas\u0131, nemli veya olumsuz ortamlarda bile g\u00fcvenli ve g\u00fcvenilir \u00e7al\u0131\u015fmay\u0131 garanti eder.<\/li>\n<\/ul>\n<h3>Bak\u0131m ve Koruma<\/h3>\n<p>Crane Pendant Controller'\u0131n uzun s\u00fcreli stabilitesini ve i\u015flevselli\u011fini sa\u011flamak i\u00e7in d\u00fczenli bak\u0131m \u015fartt\u0131r. \u0130\u015fte baz\u0131 \u00f6nemli bak\u0131m ipu\u00e7lar\u0131:<\/p>\n<ul>\n<li><strong>D\u00fc\u011fme ve Acil Durdurma Kontrol\u00fc:<\/strong> D\u00fc\u011fmeleri ve acil durdurma anahtar\u0131n\u0131, gerekti\u011finde h\u0131zl\u0131 bir \u015fekilde s\u0131f\u0131rlanabilecek \u015fekilde tamamen \u00e7al\u0131\u015f\u0131r durumda olduklar\u0131ndan emin olmak i\u00e7in periyodik olarak inceleyin.<\/li>\n<li><strong>Sembol G\u00f6r\u00fcn\u00fcrl\u00fc\u011f\u00fc:<\/strong> Sezgisel kullan\u0131m\u0131 kolayla\u015ft\u0131racak \u015fekilde net ve g\u00f6r\u00fcn\u00fcr olduklar\u0131ndan emin olmak i\u00e7in d\u00fc\u011fme etiketlerini d\u00fczenli olarak kontrol edin.<\/li>\n<li><strong>S\u00fcspansiyon Sistemi B\u00fct\u00fcnl\u00fc\u011f\u00fc:<\/strong> G\u00fcvenli bir \u015fekilde ba\u011fland\u0131\u011f\u0131ndan emin olmak i\u00e7in tutama\u011f\u0131n ask\u0131 sistemini inceleyin. Bu, kablolar\u0131n a\u015f\u0131r\u0131 gerilmesini \u00f6nlemeye yard\u0131mc\u0131 olur ve kontrol \u00fcnitesini olas\u0131 hasarlardan korur.<\/li>\n<li><strong>\u00c7evre Koruma:<\/strong> Kontrol cihaz\u0131n\u0131, i\u015flevselli\u011fini ve kullan\u0131m \u00f6mr\u00fcn\u00fc koruyarak a\u015f\u0131r\u0131 hava ko\u015fullar\u0131na uzun s\u00fcre maruz kalmas\u0131n\u0131 en aza indirecek ko\u015fullarda saklay\u0131n ve \u00e7al\u0131\u015ft\u0131r\u0131n.<\/li>\n<\/ul>","protected":false},"excerpt":{"rendered":"<h6><strong><span style=\"font-family: arial, helvetica, sans-serif; font-size: 14pt;\">Vin\u00e7 Ask\u0131 Kumandalar\u0131n\u0131n \u00d6zellikleri<\/span><\/strong><\/h6>\n<ul>\n<li><strong>D\u00fc\u011fme Say\u0131s\u0131<\/strong>: 2, 4 veya 6 d\u00fc\u011fme.<\/li>\n<li><strong>Koruma Seviyesi<\/strong>: IP65.<\/li>\n<li><strong>Kontrol Gerilimi<\/strong>: 36V.<\/li>\n<li><strong>\u00c7al\u0131\u015fma S\u0131cakl\u0131k Aral\u0131\u011f\u0131<\/strong>: -40\u00b0C ila +85\u00b0C.<\/li>\n<\/ul>","protected":false},"featured_media":7464,"template":"","meta":{"_kad_post_transparent":"default","_kad_post_title":"","_kad_post_layout":"default","_kad_post_sidebar_id":"","_kad_post_content_style":"default","_kad_post_vertical_padding":"show","_kad_post_feature":"","_kad_post_feature_position":"","_kad_post_header":false,"_kad_post_footer":false},"product_brand":[],"product_cat":[65],"product_tag":[632,622,376,634,612,616,626,627,629,613,617,620,615,614,618,628,619,621,623,630,635,633,625,631,624],"class_list":{"0":"post-5753","1":"product","2":"type-product","3":"status-publish","4":"has-post-thumbnail","6":"product_cat-crane-electrical-parts","7":"product_tag-aviation-plug","8":"product_tag-cable-trolley","9":"product_tag-china-crane-parts-supplier","10":"product_tag-crane-aviation-plug","11":"product_tag-crane-cable-trolley","12":"product_tag-crane-control-cabinet","13":"product_tag-crane-control-handle","14":"product_tag-crane-controls","15":"product_tag-crane-electrical-control-cabinet","16":"product_tag-crane-electrical-part","17":"product_tag-crane-limit-switch","18":"product_tag-crane-overload-limiter","19":"product_tag-crane-pendant-controller","20":"product_tag-crane-remote-controller","21":"product_tag-crane-sound-and-light-alarm","22":"product_tag-electrical-control-cabinet","23":"product_tag-heavy-duty-aviation-connector","24":"product_tag-i-beam-cable-trolley","25":"product_tag-i-beam-cable-trolley-supplier","26":"product_tag-limit-switch","27":"product_tag-overload-limiter","28":"product_tag-quick-connector","29":"product_tag-remote-controller","30":"product_tag-sound-and-light-alarm","31":"product_tag-wireless-remote-control","33":"first","34":"instock","35":"shipping-taxable","36":"product-type-simple","37":"entry","38":"content-bg","39":"loop-entry"},"yoast_head":"<!-- This site is optimized with the Yoast SEO plugin v24.5 - https:\/\/yoast.com\/wordpress\/plugins\/seo\/ -->\n<title>Crane pendant controller - Crane control handle-Crane Controls-Crane Parts Manufacturer<\/title>\n<meta name=\"description\" content=\"Crane control handle,Crane Controls,Crane pendant controller,Pendant controller manufacturer,Crane pendant controller Supplier,Crane Electrical Parts\" \/>\n<meta name=\"robots\" content=\"index, follow, max-snippet:-1, max-image-preview:large, max-video-preview:-1\" \/>\n<link rel=\"canonical\" href=\"https:\/\/www.hnhlcranes.com\/tr\/urun\/vinc-aski-kumandasi\/\" \/>\n<meta property=\"og:locale\" content=\"tr_TR\" \/>\n<meta property=\"og:type\" content=\"article\" \/>\n<meta property=\"og:title\" content=\"Crane pendant controller - Crane control handle-Crane Controls-Crane Parts Manufacturer\" \/>\n<meta property=\"og:description\" content=\"Crane control handle,Crane Controls,Crane pendant controller,Pendant controller manufacturer,Crane pendant controller Supplier,Crane Electrical Parts\" \/>\n<meta property=\"og:url\" content=\"https:\/\/www.hnhlcranes.com\/tr\/urun\/vinc-aski-kumandasi\/\" \/>\n<meta property=\"og:site_name\" content=\"Crane Parts Manufacturer\" \/>\n<meta property=\"article:modified_time\" content=\"2025-01-14T15:46:32+00:00\" \/>\n<meta property=\"og:image\" content=\"https:\/\/www.hnhlcranes.com\/wp-content\/uploads\/2024\/12\/Crane-pendant-controller.jpg\" \/>\n\t<meta property=\"og:image:width\" content=\"600\" \/>\n\t<meta property=\"og:image:height\" content=\"600\" \/>\n\t<meta property=\"og:image:type\" content=\"image\/jpeg\" \/>\n<meta name=\"twitter:card\" content=\"summary_large_image\" \/>\n<meta name=\"twitter:label1\" content=\"Tahmini okuma s\u00fcresi\" \/>\n\t<meta name=\"twitter:data1\" content=\"3 dakika\" \/>\n<script type=\"application\/ld+json\" class=\"yoast-schema-graph\">{\"@context\":\"https:\/\/schema.org\",\"@graph\":[{\"@type\":\"WebPage\",\"@id\":\"https:\/\/www.hnhlcranes.com\/product\/crane-pendant-controller\/\",\"url\":\"https:\/\/www.hnhlcranes.com\/product\/crane-pendant-controller\/\",\"name\":\"Crane pendant controller - Crane control handle-Crane Controls-Crane Parts Manufacturer\",\"isPartOf\":{\"@id\":\"https:\/\/www.hnhlcranes.com\/#website\"},\"primaryImageOfPage\":{\"@id\":\"https:\/\/www.hnhlcranes.com\/product\/crane-pendant-controller\/#primaryimage\"},\"image\":{\"@id\":\"https:\/\/www.hnhlcranes.com\/product\/crane-pendant-controller\/#primaryimage\"},\"thumbnailUrl\":\"https:\/\/www.hnhlcranes.com\/wp-content\/uploads\/2024\/12\/Crane-pendant-controller.jpg\",\"datePublished\":\"2024-12-05T14:58:36+00:00\",\"dateModified\":\"2025-01-14T15:46:32+00:00\",\"description\":\"Crane control handle,Crane Controls,Crane pendant controller,Pendant controller manufacturer,Crane pendant controller Supplier,Crane Electrical Parts\",\"breadcrumb\":{\"@id\":\"https:\/\/www.hnhlcranes.com\/product\/crane-pendant-controller\/#breadcrumb\"},\"inLanguage\":\"tr\",\"potentialAction\":[{\"@type\":\"ReadAction\",\"target\":[\"https:\/\/www.hnhlcranes.com\/product\/crane-pendant-controller\/\"]}]},{\"@type\":\"ImageObject\",\"inLanguage\":\"tr\",\"@id\":\"https:\/\/www.hnhlcranes.com\/product\/crane-pendant-controller\/#primaryimage\",\"url\":\"https:\/\/www.hnhlcranes.com\/wp-content\/uploads\/2024\/12\/Crane-pendant-controller.jpg\",\"contentUrl\":\"https:\/\/www.hnhlcranes.com\/wp-content\/uploads\/2024\/12\/Crane-pendant-controller.jpg\",\"width\":600,\"height\":600},{\"@type\":\"BreadcrumbList\",\"@id\":\"https:\/\/www.hnhlcranes.com\/product\/crane-pendant-controller\/#breadcrumb\",\"itemListElement\":[{\"@type\":\"ListItem\",\"position\":1,\"name\":\"home\",\"item\":\"https:\/\/www.hnhlcranes.com\/\"},{\"@type\":\"ListItem\",\"position\":2,\"name\":\"products\",\"item\":\"https:\/\/www.hnhlcranes.com\/products\/\"},{\"@type\":\"ListItem\",\"position\":3,\"name\":\"Crane pendant controller\"}]},{\"@type\":\"WebSite\",\"@id\":\"https:\/\/www.hnhlcranes.com\/#website\",\"url\":\"https:\/\/www.hnhlcranes.com\/\",\"name\":\"Crane Parts Manufacturer\",\"description\":\"Crane Wheels,Crane Drums,Crane Hooks,Crane Coupling,Crane End Carriage,Electric Hoist,European Crane Parts,Crane Rail Clip,Crane Spreader,Crane Motor,Crane Reducer,Crane Brake,Light Crane Parts,Workstation Crane Parts,Crane Electrical Parts,China Crane Parts Supplier,China Crane Parts Manufacturer,Angle box type crane wheel,45 degree split crane wheel,European crane wheel,Crane Wheel Blocks,Overhead crane drum,European crane drum,Overhead crane hook,European crane hook,Crane pulley block,Gear coupling,Brake wheel coupling,Drum gear coupling,Brake wheel drum gear coupling,Cardan Shaft Coupling,WZL drum coupling,Plum blossom elastic coupling,Brake wheel plum elastic coupling,European Single girder crane end carriage,European Double girder crane end carriage,European Suspension  crane end carriage,Wire Rope Electric Hoist,Electric Chain Hoist,European Single Girder Wire Rope Electric Hoist,European Double Girder Wire Rope Electric Hoist,Crane grab,Container spreader,Billet crane clamps,C-type hook,Lifting Electromagnet,YZR crane motor,YZP crane motor,ZQ Reducer,ZSC Reducer,QJ Reducer,QJ-L Reducer,QJY Reducer,H series gearbox,F Series Gear Motor,K Series Gear Motor,R Series Gear Motor,travelling machinery gear motor,Electro hydraulic drum brake,Electro hydraulic disc brake,Crane Safety brake,Crane cable trolley,Crane remote controller,Crane pendant controller,Crane electrical control cabinet,Crane limit switch,Crane sound and light alarm,Heavy Duty Aviation Connector,Crane overload limiter\",\"publisher\":{\"@id\":\"https:\/\/www.hnhlcranes.com\/#organization\"},\"potentialAction\":[{\"@type\":\"SearchAction\",\"target\":{\"@type\":\"EntryPoint\",\"urlTemplate\":\"https:\/\/www.hnhlcranes.com\/?s={search_term_string}\"},\"query-input\":{\"@type\":\"PropertyValueSpecification\",\"valueRequired\":true,\"valueName\":\"search_term_string\"}}],\"inLanguage\":\"tr\"},{\"@type\":\"Organization\",\"@id\":\"https:\/\/www.hnhlcranes.com\/#organization\",\"name\":\"Crane Parts Manufacturer\",\"url\":\"https:\/\/www.hnhlcranes.com\/\",\"logo\":{\"@type\":\"ImageObject\",\"inLanguage\":\"tr\",\"@id\":\"https:\/\/www.hnhlcranes.com\/#\/schema\/logo\/image\/\",\"url\":\"https:\/\/www.hnhlcranes.com\/wp-content\/uploads\/2025\/01\/HL-logo-1.png\",\"contentUrl\":\"https:\/\/www.hnhlcranes.com\/wp-content\/uploads\/2025\/01\/HL-logo-1.png\",\"width\":600,\"height\":169,\"caption\":\"Crane Parts Manufacturer\"},\"image\":{\"@id\":\"https:\/\/www.hnhlcranes.com\/#\/schema\/logo\/image\/\"}}]}<\/script>\n<!-- \/ Yoast SEO plugin. -->","yoast_head_json":{"title":"Crane pendant controller - Crane control handle-Crane Controls-Crane Parts Manufacturer","description":"Crane control handle,Crane Controls,Crane pendant controller,Pendant controller manufacturer,Crane pendant controller Supplier,Crane Electrical Parts","robots":{"index":"index","follow":"follow","max-snippet":"max-snippet:-1","max-image-preview":"max-image-preview:large","max-video-preview":"max-video-preview:-1"},"canonical":"https:\/\/www.hnhlcranes.com\/tr\/urun\/vinc-aski-kumandasi\/","og_locale":"tr_TR","og_type":"article","og_title":"Crane pendant controller - Crane control handle-Crane Controls-Crane Parts Manufacturer","og_description":"Crane control handle,Crane Controls,Crane pendant controller,Pendant controller manufacturer,Crane pendant controller Supplier,Crane Electrical Parts","og_url":"https:\/\/www.hnhlcranes.com\/tr\/urun\/vinc-aski-kumandasi\/","og_site_name":"Crane Parts Manufacturer","article_modified_time":"2025-01-14T15:46:32+00:00","og_image":[{"width":600,"height":600,"url":"https:\/\/www.hnhlcranes.com\/wp-content\/uploads\/2024\/12\/Crane-pendant-controller.jpg","type":"image\/jpeg"}],"twitter_card":"summary_large_image","twitter_misc":{"Tahmini okuma s\u00fcresi":"3 dakika"},"schema":{"@context":"https:\/\/schema.org","@graph":[{"@type":"WebPage","@id":"https:\/\/www.hnhlcranes.com\/product\/crane-pendant-controller\/","url":"https:\/\/www.hnhlcranes.com\/product\/crane-pendant-controller\/","name":"Crane pendant controller - Crane control handle-Crane Controls-Crane Parts Manufacturer","isPartOf":{"@id":"https:\/\/www.hnhlcranes.com\/#website"},"primaryImageOfPage":{"@id":"https:\/\/www.hnhlcranes.com\/product\/crane-pendant-controller\/#primaryimage"},"image":{"@id":"https:\/\/www.hnhlcranes.com\/product\/crane-pendant-controller\/#primaryimage"},"thumbnailUrl":"https:\/\/www.hnhlcranes.com\/wp-content\/uploads\/2024\/12\/Crane-pendant-controller.jpg","datePublished":"2024-12-05T14:58:36+00:00","dateModified":"2025-01-14T15:46:32+00:00","description":"Crane control handle,Crane Controls,Crane pendant controller,Pendant controller manufacturer,Crane pendant controller Supplier,Crane Electrical Parts","breadcrumb":{"@id":"https:\/\/www.hnhlcranes.com\/product\/crane-pendant-controller\/#breadcrumb"},"inLanguage":"tr","potentialAction":[{"@type":"ReadAction","target":["https:\/\/www.hnhlcranes.com\/product\/crane-pendant-controller\/"]}]},{"@type":"ImageObject","inLanguage":"tr","@id":"https:\/\/www.hnhlcranes.com\/product\/crane-pendant-controller\/#primaryimage","url":"https:\/\/www.hnhlcranes.com\/wp-content\/uploads\/2024\/12\/Crane-pendant-controller.jpg","contentUrl":"https:\/\/www.hnhlcranes.com\/wp-content\/uploads\/2024\/12\/Crane-pendant-controller.jpg","width":600,"height":600},{"@type":"BreadcrumbList","@id":"https:\/\/www.hnhlcranes.com\/product\/crane-pendant-controller\/#breadcrumb","itemListElement":[{"@type":"ListItem","position":1,"name":"home","item":"https:\/\/www.hnhlcranes.com\/"},{"@type":"ListItem","position":2,"name":"products","item":"https:\/\/www.hnhlcranes.com\/products\/"},{"@type":"ListItem","position":3,"name":"Crane pendant controller"}]},{"@type":"WebSite","@id":"https:\/\/www.hnhlcranes.com\/#website","url":"https:\/\/www.hnhlcranes.com\/","name":"Crane Parts Manufacturer","description":"Crane Wheels,Crane Drums,Crane Hooks,Crane Coupling,Crane End Carriage,Electric Hoist,European Crane Parts,Crane Rail Clip,Crane Spreader,Crane Motor,Crane Reducer,Crane Brake,Light Crane Parts,Workstation Crane Parts,Crane Electrical Parts,China Crane Parts Supplier,China Crane Parts Manufacturer,Angle box type crane wheel,45 degree split crane wheel,European crane wheel,Crane Wheel Blocks,Overhead crane drum,European crane drum,Overhead crane hook,European crane hook,Crane pulley block,Gear coupling,Brake wheel coupling,Drum gear coupling,Brake wheel drum gear coupling,Cardan Shaft Coupling,WZL drum coupling,Plum blossom elastic coupling,Brake wheel plum elastic coupling,European Single girder crane end carriage,European Double girder crane end carriage,European Suspension  crane end carriage,Wire Rope Electric Hoist,Electric Chain Hoist,European Single Girder Wire Rope Electric Hoist,European Double Girder Wire Rope Electric Hoist,Crane grab,Container spreader,Billet crane clamps,C-type hook,Lifting Electromagnet,YZR crane motor,YZP crane motor,ZQ Reducer,ZSC Reducer,QJ Reducer,QJ-L Reducer,QJY Reducer,H series gearbox,F Series Gear Motor,K Series Gear Motor,R Series Gear Motor,travelling machinery gear motor,Electro hydraulic drum brake,Electro hydraulic disc brake,Crane Safety brake,Crane cable trolley,Crane remote controller,Crane pendant controller,Crane electrical control cabinet,Crane limit switch,Crane sound and light alarm,Heavy Duty Aviation Connector,Crane overload limiter","publisher":{"@id":"https:\/\/www.hnhlcranes.com\/#organization"},"potentialAction":[{"@type":"SearchAction","target":{"@type":"EntryPoint","urlTemplate":"https:\/\/www.hnhlcranes.com\/?s={search_term_string}"},"query-input":{"@type":"PropertyValueSpecification","valueRequired":true,"valueName":"search_term_string"}}],"inLanguage":"tr"},{"@type":"Organization","@id":"https:\/\/www.hnhlcranes.com\/#organization","name":"Crane Parts Manufacturer","url":"https:\/\/www.hnhlcranes.com\/","logo":{"@type":"ImageObject","inLanguage":"tr","@id":"https:\/\/www.hnhlcranes.com\/#\/schema\/logo\/image\/","url":"https:\/\/www.hnhlcranes.com\/wp-content\/uploads\/2025\/01\/HL-logo-1.png","contentUrl":"https:\/\/www.hnhlcranes.com\/wp-content\/uploads\/2025\/01\/HL-logo-1.png","width":600,"height":169,"caption":"Crane Parts Manufacturer"},"image":{"@id":"https:\/\/www.hnhlcranes.com\/#\/schema\/logo\/image\/"}}]}},"_links":{"self":[{"href":"https:\/\/www.hnhlcranes.com\/tr\/wp-json\/wp\/v2\/product\/5753","targetHints":{"allow":["GET"]}}],"collection":[{"href":"https:\/\/www.hnhlcranes.com\/tr\/wp-json\/wp\/v2\/product"}],"about":[{"href":"https:\/\/www.hnhlcranes.com\/tr\/wp-json\/wp\/v2\/types\/product"}],"version-history":[{"count":2,"href":"https:\/\/www.hnhlcranes.com\/tr\/wp-json\/wp\/v2\/product\/5753\/revisions"}],"predecessor-version":[{"id":7465,"href":"https:\/\/www.hnhlcranes.com\/tr\/wp-json\/wp\/v2\/product\/5753\/revisions\/7465"}],"wp:featuredmedia":[{"embeddable":true,"href":"https:\/\/www.hnhlcranes.com\/tr\/wp-json\/wp\/v2\/media\/7464"}],"wp:attachment":[{"href":"https:\/\/www.hnhlcranes.com\/tr\/wp-json\/wp\/v2\/media?parent=5753"}],"wp:term":[{"taxonomy":"product_brand","embeddable":true,"href":"https:\/\/www.hnhlcranes.com\/tr\/wp-json\/wp\/v2\/product_brand?post=5753"},{"taxonomy":"product_cat","embeddable":true,"href":"https:\/\/www.hnhlcranes.com\/tr\/wp-json\/wp\/v2\/product_cat?post=5753"},{"taxonomy":"product_tag","embeddable":true,"href":"https:\/\/www.hnhlcranes.com\/tr\/wp-json\/wp\/v2\/product_tag?post=5753"}],"curies":[{"name":"wp","href":"https:\/\/api.w.org\/{rel}","templated":true}]}}