{"id":5790,"date":"2024-12-06T00:55:21","date_gmt":"2024-12-05T16:55:21","guid":{"rendered":"https:\/\/www.hnhlcranes.com\/?post_type=product&#038;p=5790"},"modified":"2025-01-16T12:10:37","modified_gmt":"2025-01-16T04:10:37","slug":"vinc-ses-ve-isik-alarmi","status":"publish","type":"product","link":"https:\/\/www.hnhlcranes.com\/tr\/urun\/vinc-ses-ve-isik-alarmi\/","title":{"rendered":"Vin\u00e7 sesli ve \u0131\u015f\u0131kl\u0131 alarm\u0131"},"content":{"rendered":"<h3>Vin\u00e7 Sesli ve I\u015f\u0131kl\u0131 Alarm\u0131n\u0131n \u00d6zellikleri ve Spesifikasyonlar\u0131<\/h3>\n<h4><strong>\u00d6zellikler<\/strong><\/h4>\n<ol>\n<li><strong>\u00c7ift Uyar\u0131 Sistemi:<\/strong>\n<ul>\n<li>Vin\u00e7 ses ve \u0131\u015f\u0131k alarm\u0131, yak\u0131ndaki personelin dikkatini etkili bir \u015fekilde \u00e7ekmek i\u00e7in hem i\u015fitsel hem de g\u00f6rsel sinyalleri birle\u015ftirerek \u00e7e\u015fitli \u00e7al\u0131\u015fma ortamlar\u0131ndaki potansiyel tehlikeler hakk\u0131nda zaman\u0131nda uyar\u0131 sa\u011flar.<\/li>\n<\/ul>\n<\/li>\n<li><strong>Y\u00fcksek G\u00f6r\u00fcn\u00fcrl\u00fck ve Ses Y\u00fcksekli\u011fi:<\/strong>\n<ul>\n<li>I\u015f\u0131kl\u0131 alarm, tipik olarak k\u0131rm\u0131z\u0131, sar\u0131 veya mavi renkte y\u00fcksek parlakl\u0131kta yan\u0131p s\u00f6nen \u0131\u015f\u0131klar kullan\u0131r ve d\u00fc\u015f\u00fck \u0131\u015f\u0131kl\u0131 veya g\u00fcr\u00fclt\u00fcl\u00fc ortamlarda bile m\u00fckemmel g\u00f6r\u00fcn\u00fcrl\u00fck sa\u011flar. Sesli alarm, farkl\u0131 ortamlarda etkili bir uyar\u0131 sa\u011flamak i\u00e7in ayarlanabilir ses seviyesi ve frekans\u0131 ile y\u00fcksek bir uyar\u0131 tonu yayar.<\/li>\n<\/ul>\n<\/li>\n<li><strong>Ayarlanabilir Ayarlar:<\/strong>\n<ul>\n<li>Kullan\u0131c\u0131lar hem ses seviyesini hem de \u0131\u015f\u0131k yo\u011funlu\u011funu veya yan\u0131p s\u00f6nme modunu \u00e7al\u0131\u015fma ortam\u0131na g\u00f6re ayarlayabilir ve farkl\u0131 g\u00fcvenlik gereksinimlerini kar\u015f\u0131layabilir.<\/li>\n<\/ul>\n<\/li>\n<li><strong>Dayan\u0131kl\u0131l\u0131k ve Koruma:<\/strong>\n<ul>\n<li>Bu alarmlar su ge\u00e7irmez, toz ge\u00e7irmez ve darbeye dayan\u0131kl\u0131 olacak \u015fekilde tasarlanm\u0131\u015ft\u0131r, bu da onlar\u0131 zorlu \u00e7al\u0131\u015fma ko\u015fullar\u0131na uygun hale getirir ve zaman i\u00e7inde g\u00fcvenilir performans sa\u011flar.<\/li>\n<\/ul>\n<\/li>\n<li><strong>Esnek Kurulum:<\/strong>\n<ul>\n<li>Cihazlar \u00e7e\u015fitli vin\u00e7 t\u00fcrleriyle (kule vin\u00e7ler, portal vin\u00e7ler ve mobil vin\u00e7ler gibi) kullan\u0131lmak \u00fczere tasarlanm\u0131\u015ft\u0131r. Ayr\u0131ca, basit kurulum s\u00fcre\u00e7leri farkl\u0131 operasyonel ihtiya\u00e7lara g\u00f6re \u00f6zelle\u015ftirmeye olanak tan\u0131r.<\/li>\n<\/ul>\n<\/li>\n<li><strong>Geli\u015ftirilmi\u015f Yerinde G\u00fcvenlik:<\/strong>\n<ul>\n<li>Bu alarmlar \u00e7al\u0131\u015fanlara, operat\u00f6rlere ve \u00e7evredekilere erken uyar\u0131 sa\u011flayarak, \u00f6zellikle vin\u00e7ler hareket halindeyken, a\u011f\u0131r y\u00fckleri kald\u0131r\u0131rken veya potansiyel olarak tehlikeli durumlarda kaza olas\u0131l\u0131\u011f\u0131n\u0131 azaltmaya yard\u0131mc\u0131 olur.<\/li>\n<\/ul>\n<\/li>\n<\/ol>\n<h4><strong>Teknik \u00d6zellikler<\/strong><\/h4>\n<ol>\n<li><strong>\u00c7al\u0131\u015fma Gerilimi:<\/strong>\n<ul>\n<li>AC voltaj\u0131: 110V, 220V, vb.<\/li>\n<li>DC voltaj\u0131: 12V, 24V, vb.<\/li>\n<\/ul>\n<\/li>\n<li><strong>Ses Yo\u011funlu\u011fu:<\/strong>\n<ul>\n<li>Ses yo\u011funlu\u011fu tipik olarak 85dB ila 120dB aras\u0131nda de\u011fi\u015fir ve ortama ba\u011fl\u0131 olarak ayarlanabilir ses seviyesi vard\u0131r.<\/li>\n<\/ul>\n<\/li>\n<li><strong>I\u015f\u0131k Tipi:<\/strong>\n<ul>\n<li>Yan\u0131p s\u00f6nen \u0131\u015f\u0131klar genellikle LED olup y\u00fcksek parlakl\u0131k ve uzun bir kullan\u0131m \u00f6mr\u00fc sunar. I\u015f\u0131k renkleri, k\u0131rm\u0131z\u0131, sar\u0131 veya mavi dahil olmak \u00fczere gereksinimlere g\u00f6re se\u00e7ilebilir.<\/li>\n<\/ul>\n<\/li>\n<li><strong>Yan\u0131p S\u00f6nme Frekans\u0131:<\/strong>\n<ul>\n<li>Yan\u0131p s\u00f6nme frekans\u0131 tipik olarak dakikada 60 ila 120 yan\u0131p s\u00f6nme aras\u0131nda de\u011fi\u015fir ve kullan\u0131m ortam\u0131na g\u00f6re ayarlanabilir se\u00e7enekler sunar.<\/li>\n<\/ul>\n<\/li>\n<li><strong>Koruma Seviyesi:<\/strong>\n<ul>\n<li>Koruma seviyesi genellikle IP65 veya daha y\u00fcksektir ve cihaz\u0131n nem veya y\u00fcksek toz seviyelerine sahip ortamlarda d\u00fczg\u00fcn \u00e7al\u0131\u015fmas\u0131n\u0131 sa\u011flar.<\/li>\n<\/ul>\n<\/li>\n<li><strong>\u00c7al\u0131\u015fma S\u0131cakl\u0131k Aral\u0131\u011f\u0131:<\/strong>\n<ul>\n<li>Tipik \u00e7al\u0131\u015fma s\u0131cakl\u0131\u011f\u0131 aral\u0131\u011f\u0131 -20\u00b0C ila +60\u00b0C aras\u0131ndad\u0131r, bu da onu \u00e7e\u015fitli zorlu ortamlar i\u00e7in uygun hale getirir.<\/li>\n<\/ul>\n<\/li>\n<li><strong>Kurulum Y\u00f6ntemi:<\/strong>\n<ul>\n<li>Brakete monte, emi\u015fli monte ve duvara monte se\u00e7enekleri dahil olmak \u00fczere \u00e7e\u015fitli kurulum y\u00f6ntemleri, farkl\u0131 ortamlarda kurulum i\u00e7in esneklik sa\u011flar.<\/li>\n<\/ul>\n<\/li>\n<li><strong>\u00c7al\u0131\u015fma Ak\u0131m\u0131:<\/strong>\n<ul>\n<li>\u00c7al\u0131\u015fma ak\u0131m\u0131, belirli modele ba\u011fl\u0131 olarak tipik olarak 0,2A ila 1A aras\u0131nda de\u011fi\u015fir.<\/li>\n<\/ul>\n<\/li>\n<li><strong>Hizmet \u00d6mr\u00fc:<\/strong>\n<ul>\n<li>LED \u0131\u015f\u0131klar tipik olarak 50.000 saatin \u00fczerinde bir hizmet \u00f6mr\u00fcne sahiptir ve uzun s\u00fcreli g\u00fcvenilir kullan\u0131m sa\u011flar.<\/li>\n<\/ul>\n<\/li>\n<\/ol>\n<h3>Sonu\u00e7<\/h3>\n<p>Sonu\u00e7 olarak, vin\u00e7 sesli ve \u0131\u015f\u0131kl\u0131 alarmlar\u0131 hem i\u015fitsel hem de g\u00f6rsel uyar\u0131lar sunarak sahadaki g\u00fcvenli\u011fi art\u0131r\u0131r ve vin\u00e7 operasyonlar\u0131 s\u0131ras\u0131nda kazalar\u0131n \u00f6nlenmesine yard\u0131mc\u0131 olur. Ayarlanabilir ses ve \u0131\u015f\u0131k yo\u011funlu\u011fu, m\u00fckemmel dayan\u0131kl\u0131l\u0131k ve esnek kurulum y\u00f6ntemleri ile bu alarm sistemleri farkl\u0131 end\u00fcstriyel ortamlarda yayg\u0131n olarak uygulanabilir. G\u00fcvenilir uyar\u0131lar sa\u011flama yetenekleri, \u00e7e\u015fitli ortamlarda g\u00fcvenli ve verimli vin\u00e7 operasyonlar\u0131 sa\u011flar.<\/p>","protected":false},"excerpt":{"rendered":"<p><strong>Vin\u00e7 sesli ve \u0131\u015f\u0131kl\u0131 alarm\u0131n \u00f6zellikleri\uff1a<\/strong><\/p>\n<ul>\n<li>Y\u00fcksek Parlakl\u0131kta LED I\u015f\u0131k Kayna\u011f\u0131<\/li>\n<li>Y\u00fcksek Sesli Uyar\u0131lar<\/li>\n<li>\u00c7oklu Voltaj Deste\u011fi<\/li>\n<li>D\u00f6nen Uyar\u0131 I\u015f\u0131\u011f\u0131 (Opsiyonel)<\/li>\n<li>Y\u00fcksek Koruma Derecesi<\/li>\n<li>Uzun \u00d6m\u00fcr<\/li>\n<\/ul>","protected":false},"featured_media":7491,"template":"","meta":{"_kad_post_transparent":"default","_kad_post_title":"","_kad_post_layout":"default","_kad_post_sidebar_id":"","_kad_post_content_style":"default","_kad_post_vertical_padding":"show","_kad_post_feature":"","_kad_post_feature_position":"","_kad_post_header":false,"_kad_post_footer":false},"product_brand":[],"product_cat":[65],"product_tag":[632,622,376,634,612,616,626,627,629,613,617,620,615,614,618,628,619,621,623,630,635,633,625,631,624],"class_list":{"0":"post-5790","1":"product","2":"type-product","3":"status-publish","4":"has-post-thumbnail","6":"product_cat-crane-electrical-parts","7":"product_tag-aviation-plug","8":"product_tag-cable-trolley","9":"product_tag-china-crane-parts-supplier","10":"product_tag-crane-aviation-plug","11":"product_tag-crane-cable-trolley","12":"product_tag-crane-control-cabinet","13":"product_tag-crane-control-handle","14":"product_tag-crane-controls","15":"product_tag-crane-electrical-control-cabinet","16":"product_tag-crane-electrical-part","17":"product_tag-crane-limit-switch","18":"product_tag-crane-overload-limiter","19":"product_tag-crane-pendant-controller","20":"product_tag-crane-remote-controller","21":"product_tag-crane-sound-and-light-alarm","22":"product_tag-electrical-control-cabinet","23":"product_tag-heavy-duty-aviation-connector","24":"product_tag-i-beam-cable-trolley","25":"product_tag-i-beam-cable-trolley-supplier","26":"product_tag-limit-switch","27":"product_tag-overload-limiter","28":"product_tag-quick-connector","29":"product_tag-remote-controller","30":"product_tag-sound-and-light-alarm","31":"product_tag-wireless-remote-control","33":"first","34":"instock","35":"shipping-taxable","36":"product-type-simple","37":"entry","38":"content-bg","39":"loop-entry"},"yoast_head":"<!-- This site is optimized with the Yoast SEO plugin v24.5 - https:\/\/yoast.com\/wordpress\/plugins\/seo\/ -->\n<title>Crane sound and light alarm - Sound and light alarm- Crane Parts Manufacturer<\/title>\n<meta name=\"description\" content=\"Sound and light alarm,Crane Electrical Parts,Sound and light alarm manufacturer,Sound and light alarm Supplier,Crane Parts Supplier\" \/>\n<meta name=\"robots\" content=\"index, follow, max-snippet:-1, max-image-preview:large, max-video-preview:-1\" \/>\n<link rel=\"canonical\" href=\"https:\/\/www.hnhlcranes.com\/tr\/urun\/vinc-ses-ve-isik-alarmi\/\" \/>\n<meta property=\"og:locale\" content=\"tr_TR\" \/>\n<meta property=\"og:type\" content=\"article\" \/>\n<meta property=\"og:title\" content=\"Crane sound and light alarm - Sound and light alarm- Crane Parts Manufacturer\" \/>\n<meta property=\"og:description\" content=\"Sound and light alarm,Crane Electrical Parts,Sound and light alarm manufacturer,Sound and light alarm Supplier,Crane Parts Supplier\" \/>\n<meta property=\"og:url\" content=\"https:\/\/www.hnhlcranes.com\/tr\/urun\/vinc-ses-ve-isik-alarmi\/\" \/>\n<meta property=\"og:site_name\" content=\"Crane Parts Manufacturer\" \/>\n<meta property=\"article:modified_time\" content=\"2025-01-16T04:10:37+00:00\" \/>\n<meta property=\"og:image\" content=\"https:\/\/www.hnhlcranes.com\/wp-content\/uploads\/2024\/12\/Crane-sound-and-light-alarm.jpg\" \/>\n\t<meta property=\"og:image:width\" content=\"600\" \/>\n\t<meta property=\"og:image:height\" content=\"600\" \/>\n\t<meta property=\"og:image:type\" content=\"image\/jpeg\" \/>\n<meta name=\"twitter:card\" content=\"summary_large_image\" \/>\n<meta name=\"twitter:label1\" content=\"Tahmini okuma s\u00fcresi\" \/>\n\t<meta name=\"twitter:data1\" content=\"3 dakika\" \/>\n<script type=\"application\/ld+json\" class=\"yoast-schema-graph\">{\"@context\":\"https:\/\/schema.org\",\"@graph\":[{\"@type\":\"WebPage\",\"@id\":\"https:\/\/www.hnhlcranes.com\/product\/crane-sound-and-light-alarm\/\",\"url\":\"https:\/\/www.hnhlcranes.com\/product\/crane-sound-and-light-alarm\/\",\"name\":\"Crane sound and light alarm - Sound and light alarm- Crane Parts Manufacturer\",\"isPartOf\":{\"@id\":\"https:\/\/www.hnhlcranes.com\/#website\"},\"primaryImageOfPage\":{\"@id\":\"https:\/\/www.hnhlcranes.com\/product\/crane-sound-and-light-alarm\/#primaryimage\"},\"image\":{\"@id\":\"https:\/\/www.hnhlcranes.com\/product\/crane-sound-and-light-alarm\/#primaryimage\"},\"thumbnailUrl\":\"https:\/\/www.hnhlcranes.com\/wp-content\/uploads\/2024\/12\/Crane-sound-and-light-alarm.jpg\",\"datePublished\":\"2024-12-05T16:55:21+00:00\",\"dateModified\":\"2025-01-16T04:10:37+00:00\",\"description\":\"Sound and light alarm,Crane Electrical Parts,Sound and light alarm manufacturer,Sound and light alarm Supplier,Crane Parts Supplier\",\"breadcrumb\":{\"@id\":\"https:\/\/www.hnhlcranes.com\/product\/crane-sound-and-light-alarm\/#breadcrumb\"},\"inLanguage\":\"tr\",\"potentialAction\":[{\"@type\":\"ReadAction\",\"target\":[\"https:\/\/www.hnhlcranes.com\/product\/crane-sound-and-light-alarm\/\"]}]},{\"@type\":\"ImageObject\",\"inLanguage\":\"tr\",\"@id\":\"https:\/\/www.hnhlcranes.com\/product\/crane-sound-and-light-alarm\/#primaryimage\",\"url\":\"https:\/\/www.hnhlcranes.com\/wp-content\/uploads\/2024\/12\/Crane-sound-and-light-alarm.jpg\",\"contentUrl\":\"https:\/\/www.hnhlcranes.com\/wp-content\/uploads\/2024\/12\/Crane-sound-and-light-alarm.jpg\",\"width\":600,\"height\":600},{\"@type\":\"BreadcrumbList\",\"@id\":\"https:\/\/www.hnhlcranes.com\/product\/crane-sound-and-light-alarm\/#breadcrumb\",\"itemListElement\":[{\"@type\":\"ListItem\",\"position\":1,\"name\":\"home\",\"item\":\"https:\/\/www.hnhlcranes.com\/\"},{\"@type\":\"ListItem\",\"position\":2,\"name\":\"products\",\"item\":\"https:\/\/www.hnhlcranes.com\/products\/\"},{\"@type\":\"ListItem\",\"position\":3,\"name\":\"Crane sound and light alarm\"}]},{\"@type\":\"WebSite\",\"@id\":\"https:\/\/www.hnhlcranes.com\/#website\",\"url\":\"https:\/\/www.hnhlcranes.com\/\",\"name\":\"Crane Parts Manufacturer\",\"description\":\"Crane Wheels,Crane Drums,Crane Hooks,Crane Coupling,Crane End Carriage,Electric Hoist,European Crane Parts,Crane Rail Clip,Crane Spreader,Crane Motor,Crane Reducer,Crane Brake,Light Crane Parts,Workstation Crane Parts,Crane Electrical Parts,China Crane Parts Supplier,China Crane Parts Manufacturer,Angle box type crane wheel,45 degree split crane wheel,European crane wheel,Crane Wheel Blocks,Overhead crane drum,European crane drum,Overhead crane hook,European crane hook,Crane pulley block,Gear coupling,Brake wheel coupling,Drum gear coupling,Brake wheel drum gear coupling,Cardan Shaft Coupling,WZL drum coupling,Plum blossom elastic coupling,Brake wheel plum elastic coupling,European Single girder crane end carriage,European Double girder crane end carriage,European Suspension  crane end carriage,Wire Rope Electric Hoist,Electric Chain Hoist,European Single Girder Wire Rope Electric Hoist,European Double Girder Wire Rope Electric Hoist,Crane grab,Container spreader,Billet crane clamps,C-type hook,Lifting Electromagnet,YZR crane motor,YZP crane motor,ZQ Reducer,ZSC Reducer,QJ Reducer,QJ-L Reducer,QJY Reducer,H series gearbox,F Series Gear Motor,K Series Gear Motor,R Series Gear Motor,travelling machinery gear motor,Electro hydraulic drum brake,Electro hydraulic disc brake,Crane Safety brake,Crane cable trolley,Crane remote controller,Crane pendant controller,Crane electrical control cabinet,Crane limit switch,Crane sound and light alarm,Heavy Duty Aviation Connector,Crane overload limiter\",\"publisher\":{\"@id\":\"https:\/\/www.hnhlcranes.com\/#organization\"},\"potentialAction\":[{\"@type\":\"SearchAction\",\"target\":{\"@type\":\"EntryPoint\",\"urlTemplate\":\"https:\/\/www.hnhlcranes.com\/?s={search_term_string}\"},\"query-input\":{\"@type\":\"PropertyValueSpecification\",\"valueRequired\":true,\"valueName\":\"search_term_string\"}}],\"inLanguage\":\"tr\"},{\"@type\":\"Organization\",\"@id\":\"https:\/\/www.hnhlcranes.com\/#organization\",\"name\":\"Crane Parts Manufacturer\",\"url\":\"https:\/\/www.hnhlcranes.com\/\",\"logo\":{\"@type\":\"ImageObject\",\"inLanguage\":\"tr\",\"@id\":\"https:\/\/www.hnhlcranes.com\/#\/schema\/logo\/image\/\",\"url\":\"https:\/\/www.hnhlcranes.com\/wp-content\/uploads\/2025\/01\/HL-logo-1.png\",\"contentUrl\":\"https:\/\/www.hnhlcranes.com\/wp-content\/uploads\/2025\/01\/HL-logo-1.png\",\"width\":600,\"height\":169,\"caption\":\"Crane Parts Manufacturer\"},\"image\":{\"@id\":\"https:\/\/www.hnhlcranes.com\/#\/schema\/logo\/image\/\"}}]}<\/script>\n<!-- \/ Yoast SEO plugin. -->","yoast_head_json":{"title":"Crane sound and light alarm - Sound and light alarm- Crane Parts Manufacturer","description":"Sound and light alarm,Crane Electrical Parts,Sound and light alarm manufacturer,Sound and light alarm Supplier,Crane Parts Supplier","robots":{"index":"index","follow":"follow","max-snippet":"max-snippet:-1","max-image-preview":"max-image-preview:large","max-video-preview":"max-video-preview:-1"},"canonical":"https:\/\/www.hnhlcranes.com\/tr\/urun\/vinc-ses-ve-isik-alarmi\/","og_locale":"tr_TR","og_type":"article","og_title":"Crane sound and light alarm - Sound and light alarm- Crane Parts Manufacturer","og_description":"Sound and light alarm,Crane Electrical Parts,Sound and light alarm manufacturer,Sound and light alarm Supplier,Crane Parts Supplier","og_url":"https:\/\/www.hnhlcranes.com\/tr\/urun\/vinc-ses-ve-isik-alarmi\/","og_site_name":"Crane Parts Manufacturer","article_modified_time":"2025-01-16T04:10:37+00:00","og_image":[{"width":600,"height":600,"url":"https:\/\/www.hnhlcranes.com\/wp-content\/uploads\/2024\/12\/Crane-sound-and-light-alarm.jpg","type":"image\/jpeg"}],"twitter_card":"summary_large_image","twitter_misc":{"Tahmini okuma s\u00fcresi":"3 dakika"},"schema":{"@context":"https:\/\/schema.org","@graph":[{"@type":"WebPage","@id":"https:\/\/www.hnhlcranes.com\/product\/crane-sound-and-light-alarm\/","url":"https:\/\/www.hnhlcranes.com\/product\/crane-sound-and-light-alarm\/","name":"Crane sound and light alarm - Sound and light alarm- Crane Parts Manufacturer","isPartOf":{"@id":"https:\/\/www.hnhlcranes.com\/#website"},"primaryImageOfPage":{"@id":"https:\/\/www.hnhlcranes.com\/product\/crane-sound-and-light-alarm\/#primaryimage"},"image":{"@id":"https:\/\/www.hnhlcranes.com\/product\/crane-sound-and-light-alarm\/#primaryimage"},"thumbnailUrl":"https:\/\/www.hnhlcranes.com\/wp-content\/uploads\/2024\/12\/Crane-sound-and-light-alarm.jpg","datePublished":"2024-12-05T16:55:21+00:00","dateModified":"2025-01-16T04:10:37+00:00","description":"Sound and light alarm,Crane Electrical Parts,Sound and light alarm manufacturer,Sound and light alarm Supplier,Crane Parts Supplier","breadcrumb":{"@id":"https:\/\/www.hnhlcranes.com\/product\/crane-sound-and-light-alarm\/#breadcrumb"},"inLanguage":"tr","potentialAction":[{"@type":"ReadAction","target":["https:\/\/www.hnhlcranes.com\/product\/crane-sound-and-light-alarm\/"]}]},{"@type":"ImageObject","inLanguage":"tr","@id":"https:\/\/www.hnhlcranes.com\/product\/crane-sound-and-light-alarm\/#primaryimage","url":"https:\/\/www.hnhlcranes.com\/wp-content\/uploads\/2024\/12\/Crane-sound-and-light-alarm.jpg","contentUrl":"https:\/\/www.hnhlcranes.com\/wp-content\/uploads\/2024\/12\/Crane-sound-and-light-alarm.jpg","width":600,"height":600},{"@type":"BreadcrumbList","@id":"https:\/\/www.hnhlcranes.com\/product\/crane-sound-and-light-alarm\/#breadcrumb","itemListElement":[{"@type":"ListItem","position":1,"name":"home","item":"https:\/\/www.hnhlcranes.com\/"},{"@type":"ListItem","position":2,"name":"products","item":"https:\/\/www.hnhlcranes.com\/products\/"},{"@type":"ListItem","position":3,"name":"Crane sound and light alarm"}]},{"@type":"WebSite","@id":"https:\/\/www.hnhlcranes.com\/#website","url":"https:\/\/www.hnhlcranes.com\/","name":"Crane Parts Manufacturer","description":"Crane Wheels,Crane Drums,Crane Hooks,Crane Coupling,Crane End Carriage,Electric Hoist,European Crane Parts,Crane Rail Clip,Crane Spreader,Crane Motor,Crane Reducer,Crane Brake,Light Crane Parts,Workstation Crane Parts,Crane Electrical Parts,China Crane Parts Supplier,China Crane Parts Manufacturer,Angle box type crane wheel,45 degree split crane wheel,European crane wheel,Crane Wheel Blocks,Overhead crane drum,European crane drum,Overhead crane hook,European crane hook,Crane pulley block,Gear coupling,Brake wheel coupling,Drum gear coupling,Brake wheel drum gear coupling,Cardan Shaft Coupling,WZL drum coupling,Plum blossom elastic coupling,Brake wheel plum elastic coupling,European Single girder crane end carriage,European Double girder crane end carriage,European Suspension  crane end carriage,Wire Rope Electric Hoist,Electric Chain Hoist,European Single Girder Wire Rope Electric Hoist,European Double Girder Wire Rope Electric Hoist,Crane grab,Container spreader,Billet crane clamps,C-type hook,Lifting Electromagnet,YZR crane motor,YZP crane motor,ZQ Reducer,ZSC Reducer,QJ Reducer,QJ-L Reducer,QJY Reducer,H series gearbox,F Series Gear Motor,K Series Gear Motor,R Series Gear Motor,travelling machinery gear motor,Electro hydraulic drum brake,Electro hydraulic disc brake,Crane Safety brake,Crane cable trolley,Crane remote controller,Crane pendant controller,Crane electrical control cabinet,Crane limit switch,Crane sound and light alarm,Heavy Duty Aviation Connector,Crane overload limiter","publisher":{"@id":"https:\/\/www.hnhlcranes.com\/#organization"},"potentialAction":[{"@type":"SearchAction","target":{"@type":"EntryPoint","urlTemplate":"https:\/\/www.hnhlcranes.com\/?s={search_term_string}"},"query-input":{"@type":"PropertyValueSpecification","valueRequired":true,"valueName":"search_term_string"}}],"inLanguage":"tr"},{"@type":"Organization","@id":"https:\/\/www.hnhlcranes.com\/#organization","name":"Crane Parts Manufacturer","url":"https:\/\/www.hnhlcranes.com\/","logo":{"@type":"ImageObject","inLanguage":"tr","@id":"https:\/\/www.hnhlcranes.com\/#\/schema\/logo\/image\/","url":"https:\/\/www.hnhlcranes.com\/wp-content\/uploads\/2025\/01\/HL-logo-1.png","contentUrl":"https:\/\/www.hnhlcranes.com\/wp-content\/uploads\/2025\/01\/HL-logo-1.png","width":600,"height":169,"caption":"Crane Parts Manufacturer"},"image":{"@id":"https:\/\/www.hnhlcranes.com\/#\/schema\/logo\/image\/"}}]}},"_links":{"self":[{"href":"https:\/\/www.hnhlcranes.com\/tr\/wp-json\/wp\/v2\/product\/5790","targetHints":{"allow":["GET"]}}],"collection":[{"href":"https:\/\/www.hnhlcranes.com\/tr\/wp-json\/wp\/v2\/product"}],"about":[{"href":"https:\/\/www.hnhlcranes.com\/tr\/wp-json\/wp\/v2\/types\/product"}],"version-history":[{"count":4,"href":"https:\/\/www.hnhlcranes.com\/tr\/wp-json\/wp\/v2\/product\/5790\/revisions"}],"predecessor-version":[{"id":7494,"href":"https:\/\/www.hnhlcranes.com\/tr\/wp-json\/wp\/v2\/product\/5790\/revisions\/7494"}],"wp:featuredmedia":[{"embeddable":true,"href":"https:\/\/www.hnhlcranes.com\/tr\/wp-json\/wp\/v2\/media\/7491"}],"wp:attachment":[{"href":"https:\/\/www.hnhlcranes.com\/tr\/wp-json\/wp\/v2\/media?parent=5790"}],"wp:term":[{"taxonomy":"product_brand","embeddable":true,"href":"https:\/\/www.hnhlcranes.com\/tr\/wp-json\/wp\/v2\/product_brand?post=5790"},{"taxonomy":"product_cat","embeddable":true,"href":"https:\/\/www.hnhlcranes.com\/tr\/wp-json\/wp\/v2\/product_cat?post=5790"},{"taxonomy":"product_tag","embeddable":true,"href":"https:\/\/www.hnhlcranes.com\/tr\/wp-json\/wp\/v2\/product_tag?post=5790"}],"curies":[{"name":"wp","href":"https:\/\/api.w.org\/{rel}","templated":true}]}}