{"id":5799,"date":"2024-12-06T01:12:50","date_gmt":"2024-12-05T17:12:50","guid":{"rendered":"https:\/\/www.hnhlcranes.com\/?post_type=product&#038;p=5799"},"modified":"2025-01-16T15:38:12","modified_gmt":"2025-01-16T07:38:12","slug":"agir-hizmet-tipi-havacilik-konnektoru","status":"publish","type":"product","link":"https:\/\/www.hnhlcranes.com\/tr\/urun\/agir-hizmet-tipi-havacilik-konnektoru\/","title":{"rendered":"A\u011f\u0131r Hizmet Havac\u0131l\u0131k Konnekt\u00f6r\u00fc"},"content":{"rendered":"<div class=\"flex max-w-full flex-col flex-grow\">\n<div class=\"min-h-8 text-message flex w-full flex-col items-end gap-2 whitespace-normal break-words text-start [.text-message+&amp;]:mt-5\" dir=\"auto\" data-message-author-role=\"assistant\" data-message-id=\"fc730c9a-ffef-45d3-a6b5-1c3420fc36b9\" data-message-model-slug=\"gpt-4o\">\n<div class=\"flex w-full flex-col gap-1 empty:hidden first:pt-[3px]\">\n<div class=\"markdown prose w-full break-words dark:prose-invert light\"><\/div>\n<\/div>\n<\/div>\n<\/div>\n<h3>A\u011f\u0131r Hizmet Havac\u0131l\u0131k Konnekt\u00f6r\u00fcn\u00fcn \u00d6zellikleri ve Spesifikasyonlar\u0131<\/h3>\n<h4><strong>\u00d6zellikler<\/strong><\/h4>\n<ol>\n<li><strong>Y\u00fcksek Mukavemet ve Dayan\u0131kl\u0131l\u0131k:<\/strong>\n<ul>\n<li>A\u011f\u0131r hizmet tipi havac\u0131l\u0131k konnekt\u00f6rleri, m\u00fckemmel a\u015f\u0131nma direnci, korozyon direnci ve \u015fok direnci sunan y\u00fcksek mukavemetli malzemelerden yap\u0131lm\u0131\u015ft\u0131r. Bu konekt\u00f6rler mekanik darbelere ve titre\u015fimlere dayanacak \u015fekilde tasarlanm\u0131\u015ft\u0131r, bu da onlar\u0131 zorlu ortamlar ve end\u00fcstriyel uygulamalar i\u00e7in ideal hale getirir.<\/li>\n<\/ul>\n<\/li>\n<li><strong>Su ve Toz Ge\u00e7irmez:<\/strong>\n<ul>\n<li>Bu konnekt\u00f6rler genellikle IP67 veya daha y\u00fcksek bir koruma derecesine sahiptir ve su, toz ve di\u011fer kirleticilerin giri\u015fini etkili bir \u015fekilde \u00f6nler. Sonu\u00e7 olarak, y\u00fcksek nemli veya \u00e7ok tozlu ortamlarda g\u00fcvenilir \u00e7al\u0131\u015fma sa\u011flarlar.<\/li>\n<\/ul>\n<\/li>\n<li><strong>G\u00fcvenilir Elektrik Performans\u0131:<\/strong>\n<ul>\n<li>A\u011f\u0131r hizmet tipi havac\u0131l\u0131k konnekt\u00f6rleri, y\u00fcksek ak\u0131m iletim kabiliyetleri sa\u011flayarak y\u00fcksek y\u00fck ko\u015fullar\u0131nda istikrarl\u0131 g\u00fc\u00e7 aktar\u0131m\u0131 sa\u011flar. Kontak bile\u015fenleri tipik olarak y\u00fcksek iletkenli\u011fe sahip malzemelerden (bak\u0131r ala\u015f\u0131m\u0131 gibi) yap\u0131l\u0131r, bu da g\u00fcvenilir ve uzun \u00f6m\u00fcrl\u00fc elektrik ba\u011flant\u0131lar\u0131n\u0131 garanti eder.<\/li>\n<\/ul>\n<\/li>\n<li><strong>Y\u00fcksek ve D\u00fc\u015f\u00fck S\u0131cakl\u0131k Dayan\u0131m\u0131:<\/strong>\n<ul>\n<li>Bu konnekt\u00f6rler, genellikle -55\u00b0C ila +200\u00b0C aras\u0131nda de\u011fi\u015fen a\u015f\u0131r\u0131 s\u0131cakl\u0131klarda \u00e7al\u0131\u015fmak \u00fczere tasarlanm\u0131\u015ft\u0131r. Y\u00fcksek veya d\u00fc\u015f\u00fck s\u0131cakl\u0131k ko\u015fullar\u0131n\u0131n yayg\u0131n oldu\u011fu havac\u0131l\u0131k, askeri ve demiryollar\u0131 gibi end\u00fcstriler i\u00e7in \u00e7ok uygundurlar.<\/li>\n<\/ul>\n<\/li>\n<li><strong>\u00c7e\u015fitli Konnekt\u00f6rler:<\/strong>\n<ul>\n<li>A\u011f\u0131r hizmet tipi havac\u0131l\u0131k konekt\u00f6r\u00fc, farkl\u0131 uygulama senaryolar\u0131n\u0131 ve gereksinimlerini kar\u015f\u0131layan dairesel, dikd\u00f6rtgen, d\u00fcz fi\u015f ve \u00e7\u0131kar\u0131labilir tipler dahil olmak \u00fczere \u00e7e\u015fitli konekt\u00f6r stillerini destekler.<\/li>\n<\/ul>\n<\/li>\n<li><strong>H\u0131zl\u0131 Kurulum ve Ba\u011flant\u0131 Kesme:<\/strong>\n<ul>\n<li>Bu konekt\u00f6rler, operasyonel verimlili\u011fi art\u0131ran h\u0131zl\u0131 ba\u011flant\u0131 ve ba\u011flant\u0131 kesme mekanizmalar\u0131yla kolayl\u0131k sa\u011flamak i\u00e7in tasarlanm\u0131\u015ft\u0131r. Bir\u00e7ok model, istikrarl\u0131 ve g\u00fcvenilir ba\u011flant\u0131lar sa\u011flayan kendinden kilitlemeli mekanizmalara sahiptir.<\/li>\n<\/ul>\n<\/li>\n<li><strong>Geni\u015f Uygulama Yelpazesi:<\/strong>\n<ul>\n<li>Bu konekt\u00f6rler havac\u0131l\u0131k, askeri, demiryolu, a\u011f\u0131r makine, end\u00fcstriyel ekipman ve y\u00fcksek mukavemetli elektrik ba\u011flant\u0131lar\u0131 gerektiren di\u011fer alanlarda yayg\u0131n olarak kullan\u0131lmaktad\u0131r.<\/li>\n<\/ul>\n<\/li>\n<\/ol>\n<h4><strong>Teknik \u00d6zellikler<\/strong><\/h4>\n<ol>\n<li><strong>Nominal Ak\u0131m:<\/strong>\n<ul>\n<li>Nominal ak\u0131m aral\u0131\u011f\u0131, konnekt\u00f6r modeline ve teknik \u00f6zelliklerine ba\u011fl\u0131 olarak tipik olarak 10A ila 500A aras\u0131nda de\u011fi\u015fir.<\/li>\n<\/ul>\n<\/li>\n<li><strong>Nominal Gerilim:<\/strong>\n<ul>\n<li>Nominal voltaj genellikle 250V ila 3000V aras\u0131nda de\u011fi\u015fir ve \u00e7e\u015fitli uygulamalar\u0131n elektrik taleplerini kar\u015f\u0131lar.<\/li>\n<\/ul>\n<\/li>\n<li><strong>Temas Direnci:<\/strong>\n<ul>\n<li>Kontak direnci tipik olarak 1m\u03a9'un alt\u0131ndad\u0131r, d\u00fc\u015f\u00fck diren\u00e7li ba\u011flant\u0131lar sa\u011flar ve enerji kayb\u0131n\u0131 azalt\u0131r.<\/li>\n<\/ul>\n<\/li>\n<li><strong>\u00c7al\u0131\u015fma S\u0131cakl\u0131k Aral\u0131\u011f\u0131:<\/strong>\n<ul>\n<li>Standart \u00e7al\u0131\u015fma s\u0131cakl\u0131\u011f\u0131 aral\u0131\u011f\u0131 -55\u00b0C ile +200\u00b0C aras\u0131ndad\u0131r ve baz\u0131 modeller daha da y\u00fcksek s\u0131cakl\u0131klar\u0131 destekleyebilir.<\/li>\n<\/ul>\n<\/li>\n<li><strong>Koruma Derecesi:<\/strong>\n<ul>\n<li>Koruma derecesi tipik olarak IP67'yi kar\u015f\u0131lar veya a\u015far, m\u00fckemmel su ve toz ge\u00e7irmezlik korumas\u0131 sa\u011flar.<\/li>\n<\/ul>\n<\/li>\n<li><strong>Ekleme\/\u00c7ekme D\u00f6ng\u00fcleri:<\/strong>\n<ul>\n<li>Konnekt\u00f6rler tipik olarak 1000 ila 5000 e\u015fle\u015fme d\u00f6ng\u00fcs\u00fcn\u00fc destekleyerek tekrar tekrar kullan\u0131mdan sonra bile uzun vadeli g\u00fcvenilirlik ve kararl\u0131l\u0131k sa\u011flar.<\/li>\n<\/ul>\n<\/li>\n<li><strong>Konnekt\u00f6r Tipleri:<\/strong>\n<ul>\n<li>Yayg\u0131n konnekt\u00f6r tipleri aras\u0131nda h\u0131zl\u0131 ba\u011flant\u0131 konnekt\u00f6rleri, di\u015fli konnekt\u00f6rler ve kilitli konnekt\u00f6rler yer al\u0131r ve \u00f6zel ba\u011flant\u0131 ihtiya\u00e7lar\u0131na g\u00f6re esnek se\u00e7enekler sunar.<\/li>\n<\/ul>\n<\/li>\n<li><strong>Malzemeler:<\/strong>\n<ul>\n<li>Muhafazalar genellikle al\u00fcminyum ala\u015f\u0131m veya paslanmaz \u00e7elikten yap\u0131l\u0131rken, kontaklar tipik olarak bak\u0131r ala\u015f\u0131m veya g\u00fcm\u00fc\u015f kaplama malzemelerden olu\u015fur ve m\u00fckemmel iletkenlik ve korozyon direnci sa\u011flar.<\/li>\n<\/ul>\n<\/li>\n<li><strong>Boyut ve A\u011f\u0131rl\u0131k:<\/strong>\n<ul>\n<li>A\u011f\u0131r hizmet tipi havac\u0131l\u0131k konnekt\u00f6rleri, daha y\u00fcksek ak\u0131m ve daha g\u00fc\u00e7l\u00fc mekanik performans\u0131 bar\u0131nd\u0131rmak i\u00e7in genellikle daha b\u00fcy\u00fck boyuttad\u0131r ve bu da istikrarl\u0131 ba\u011flant\u0131lar sa\u011flamak i\u00e7in nispeten daha a\u011f\u0131r bir a\u011f\u0131rl\u0131\u011fa neden olur.<\/li>\n<\/ul>\n<\/li>\n<\/ol>\n<h3>Sonu\u00e7<\/h3>\n<p>Sonu\u00e7 olarak, a\u011f\u0131r hizmet tipi havac\u0131l\u0131k konnekt\u00f6rleri ola\u011fan\u00fcst\u00fc dayan\u0131kl\u0131l\u0131k ve g\u00fcvenilirlik sunarak zorlu ortamlarda bile istikrarl\u0131 elektrik ba\u011flant\u0131lar\u0131 sa\u011flar. Su ge\u00e7irmezlik, toz ge\u00e7irmezlik, \u015fok direnci ve y\u00fcksek s\u0131cakl\u0131k tolerans\u0131 gibi \u00f6zellikleriyle bu konnekt\u00f6rler havac\u0131l\u0131k, askeri, demiryollar\u0131 ve end\u00fcstriyel ekipman gibi sekt\u00f6rlerde yayg\u0131n olarak kullan\u0131lmaktad\u0131r. G\u00fc\u00e7l\u00fc elektrik performans\u0131, \u00e7e\u015fitli konnekt\u00f6r stilleri ve y\u00fcksek koruma dereceleri, bu konnekt\u00f6rleri y\u00fcksek mukavemetli elektrik ba\u011flant\u0131lar\u0131 gerektiren uygulamalar i\u00e7in ideal se\u00e7im haline getirmektedir.<\/p>\n<p><img fetchpriority=\"high\" decoding=\"async\" class=\"alignnone wp-image-7525\" src=\"https:\/\/www.hnhlcranes.com\/wp-content\/uploads\/2024\/12\/Heavy-Duty-Aviation-Connector-6-pin-e1737012766554-300x147.jpg\" alt=\"\" width=\"1010\" height=\"495\" srcset=\"https:\/\/www.hnhlcranes.com\/wp-content\/uploads\/2024\/12\/Heavy-Duty-Aviation-Connector-6-pin-e1737012766554-300x147.jpg 300w, https:\/\/www.hnhlcranes.com\/wp-content\/uploads\/2024\/12\/Heavy-Duty-Aviation-Connector-6-pin-e1737012766554-1024x502.jpg 1024w, https:\/\/www.hnhlcranes.com\/wp-content\/uploads\/2024\/12\/Heavy-Duty-Aviation-Connector-6-pin-e1737012766554-768x376.jpg 768w, https:\/\/www.hnhlcranes.com\/wp-content\/uploads\/2024\/12\/Heavy-Duty-Aviation-Connector-6-pin-e1737012766554-600x294.jpg 600w, https:\/\/www.hnhlcranes.com\/wp-content\/uploads\/2024\/12\/Heavy-Duty-Aviation-Connector-6-pin-e1737012766554.jpg 1224w\" sizes=\"(max-width: 1010px) 100vw, 1010px\" \/><\/p>\n<p><img decoding=\"async\" class=\"alignnone wp-image-7526\" src=\"https:\/\/www.hnhlcranes.com\/wp-content\/uploads\/2024\/12\/Heavy-Duty-Aviation-Connector-16-pin-e1737012903661-300x147.jpg\" alt=\"\" width=\"1000\" height=\"490\" srcset=\"https:\/\/www.hnhlcranes.com\/wp-content\/uploads\/2024\/12\/Heavy-Duty-Aviation-Connector-16-pin-e1737012903661-300x147.jpg 300w, https:\/\/www.hnhlcranes.com\/wp-content\/uploads\/2024\/12\/Heavy-Duty-Aviation-Connector-16-pin-e1737012903661-1024x502.jpg 1024w, https:\/\/www.hnhlcranes.com\/wp-content\/uploads\/2024\/12\/Heavy-Duty-Aviation-Connector-16-pin-e1737012903661-768x376.jpg 768w, https:\/\/www.hnhlcranes.com\/wp-content\/uploads\/2024\/12\/Heavy-Duty-Aviation-Connector-16-pin-e1737012903661-600x294.jpg 600w, https:\/\/www.hnhlcranes.com\/wp-content\/uploads\/2024\/12\/Heavy-Duty-Aviation-Connector-16-pin-e1737012903661.jpg 1224w\" sizes=\"(max-width: 1000px) 100vw, 1000px\" \/><\/p>\n<p><img decoding=\"async\" class=\"alignnone  wp-image-7527\" src=\"https:\/\/www.hnhlcranes.com\/wp-content\/uploads\/2024\/12\/Heavy-Duty-Aviation-Connector-32-pin-e1737013007182-300x147.jpg\" alt=\"\" width=\"1004\" height=\"492\" srcset=\"https:\/\/www.hnhlcranes.com\/wp-content\/uploads\/2024\/12\/Heavy-Duty-Aviation-Connector-32-pin-e1737013007182-300x147.jpg 300w, https:\/\/www.hnhlcranes.com\/wp-content\/uploads\/2024\/12\/Heavy-Duty-Aviation-Connector-32-pin-e1737013007182-1024x502.jpg 1024w, https:\/\/www.hnhlcranes.com\/wp-content\/uploads\/2024\/12\/Heavy-Duty-Aviation-Connector-32-pin-e1737013007182-768x376.jpg 768w, https:\/\/www.hnhlcranes.com\/wp-content\/uploads\/2024\/12\/Heavy-Duty-Aviation-Connector-32-pin-e1737013007182-600x294.jpg 600w, https:\/\/www.hnhlcranes.com\/wp-content\/uploads\/2024\/12\/Heavy-Duty-Aviation-Connector-32-pin-e1737013007182.jpg 1224w\" sizes=\"(max-width: 1004px) 100vw, 1004px\" \/><\/p>","protected":false},"excerpt":{"rendered":"<p>Havac\u0131l\u0131k fi\u015fi veya h\u0131zl\u0131 konekt\u00f6r olarak da bilinen HE A\u011f\u0131r Hizmet Havac\u0131l\u0131k Konekt\u00f6r\u00fc, vin\u00e7ler de dahil olmak \u00fczere end\u00fcstriyel ekipmanlardaki elektrik ve sinyal ba\u011flant\u0131lar\u0131 i\u00e7in \u00e7ok y\u00f6nl\u00fc ve sa\u011flam bir \u00e7\u00f6z\u00fcmd\u00fcr.<\/p>","protected":false},"featured_media":7506,"template":"","meta":{"_kad_post_transparent":"default","_kad_post_title":"","_kad_post_layout":"default","_kad_post_sidebar_id":"","_kad_post_content_style":"default","_kad_post_vertical_padding":"show","_kad_post_feature":"","_kad_post_feature_position":"","_kad_post_header":false,"_kad_post_footer":false},"product_brand":[],"product_cat":[65],"product_tag":[632,622,376,634,612,616,626,627,629,613,617,620,615,614,618,628,619,621,623,630,635,633,625,631,624],"class_list":{"0":"post-5799","1":"product","2":"type-product","3":"status-publish","4":"has-post-thumbnail","6":"product_cat-crane-electrical-parts","7":"product_tag-aviation-plug","8":"product_tag-cable-trolley","9":"product_tag-china-crane-parts-supplier","10":"product_tag-crane-aviation-plug","11":"product_tag-crane-cable-trolley","12":"product_tag-crane-control-cabinet","13":"product_tag-crane-control-handle","14":"product_tag-crane-controls","15":"product_tag-crane-electrical-control-cabinet","16":"product_tag-crane-electrical-part","17":"product_tag-crane-limit-switch","18":"product_tag-crane-overload-limiter","19":"product_tag-crane-pendant-controller","20":"product_tag-crane-remote-controller","21":"product_tag-crane-sound-and-light-alarm","22":"product_tag-electrical-control-cabinet","23":"product_tag-heavy-duty-aviation-connector","24":"product_tag-i-beam-cable-trolley","25":"product_tag-i-beam-cable-trolley-supplier","26":"product_tag-limit-switch","27":"product_tag-overload-limiter","28":"product_tag-quick-connector","29":"product_tag-remote-controller","30":"product_tag-sound-and-light-alarm","31":"product_tag-wireless-remote-control","33":"first","34":"instock","35":"shipping-taxable","36":"product-type-simple","37":"entry","38":"content-bg","39":"loop-entry"},"yoast_head":"<!-- This site is optimized with the Yoast SEO plugin v24.5 - https:\/\/yoast.com\/wordpress\/plugins\/seo\/ -->\n<title>Heavy Duty Aviation Connector - Aviation plug-Quick connector-Crane Parts Manufacturer<\/title>\n<meta name=\"description\" content=\"Aviation plug,quick connector,Crane aviation plug, Heavy Duty Aviation Connector manufacturer,Crane Parts Supplier,Heavy Duty Aviation Connector\" \/>\n<meta name=\"robots\" content=\"index, follow, max-snippet:-1, max-image-preview:large, max-video-preview:-1\" \/>\n<link rel=\"canonical\" href=\"https:\/\/www.hnhlcranes.com\/tr\/urun\/agir-hizmet-tipi-havacilik-konnektoru\/\" \/>\n<meta property=\"og:locale\" content=\"tr_TR\" \/>\n<meta property=\"og:type\" content=\"article\" \/>\n<meta property=\"og:title\" content=\"Heavy Duty Aviation Connector - Aviation plug-Quick connector-Crane Parts Manufacturer\" \/>\n<meta property=\"og:description\" content=\"Aviation plug,quick connector,Crane aviation plug, Heavy Duty Aviation Connector manufacturer,Crane Parts Supplier,Heavy Duty Aviation Connector\" \/>\n<meta property=\"og:url\" content=\"https:\/\/www.hnhlcranes.com\/tr\/urun\/agir-hizmet-tipi-havacilik-konnektoru\/\" \/>\n<meta property=\"og:site_name\" content=\"Crane Parts Manufacturer\" \/>\n<meta property=\"article:modified_time\" content=\"2025-01-16T07:38:12+00:00\" \/>\n<meta property=\"og:image\" content=\"https:\/\/www.hnhlcranes.com\/wp-content\/uploads\/2024\/12\/Heavy-Duty-Aviation-Connector.jpg\" \/>\n\t<meta property=\"og:image:width\" content=\"600\" \/>\n\t<meta property=\"og:image:height\" content=\"600\" \/>\n\t<meta property=\"og:image:type\" content=\"image\/jpeg\" \/>\n<meta name=\"twitter:card\" content=\"summary_large_image\" \/>\n<meta name=\"twitter:label1\" content=\"Tahmini okuma s\u00fcresi\" \/>\n\t<meta name=\"twitter:data1\" content=\"4 dakika\" \/>\n<script type=\"application\/ld+json\" class=\"yoast-schema-graph\">{\"@context\":\"https:\/\/schema.org\",\"@graph\":[{\"@type\":\"WebPage\",\"@id\":\"https:\/\/www.hnhlcranes.com\/product\/heavy-duty-aviation-connector\/\",\"url\":\"https:\/\/www.hnhlcranes.com\/product\/heavy-duty-aviation-connector\/\",\"name\":\"Heavy Duty Aviation Connector - Aviation plug-Quick connector-Crane Parts Manufacturer\",\"isPartOf\":{\"@id\":\"https:\/\/www.hnhlcranes.com\/#website\"},\"primaryImageOfPage\":{\"@id\":\"https:\/\/www.hnhlcranes.com\/product\/heavy-duty-aviation-connector\/#primaryimage\"},\"image\":{\"@id\":\"https:\/\/www.hnhlcranes.com\/product\/heavy-duty-aviation-connector\/#primaryimage\"},\"thumbnailUrl\":\"https:\/\/www.hnhlcranes.com\/wp-content\/uploads\/2024\/12\/Heavy-Duty-Aviation-Connector.jpg\",\"datePublished\":\"2024-12-05T17:12:50+00:00\",\"dateModified\":\"2025-01-16T07:38:12+00:00\",\"description\":\"Aviation plug,quick connector,Crane aviation plug, Heavy Duty Aviation Connector manufacturer,Crane Parts Supplier,Heavy Duty Aviation Connector\",\"breadcrumb\":{\"@id\":\"https:\/\/www.hnhlcranes.com\/product\/heavy-duty-aviation-connector\/#breadcrumb\"},\"inLanguage\":\"tr\",\"potentialAction\":[{\"@type\":\"ReadAction\",\"target\":[\"https:\/\/www.hnhlcranes.com\/product\/heavy-duty-aviation-connector\/\"]}]},{\"@type\":\"ImageObject\",\"inLanguage\":\"tr\",\"@id\":\"https:\/\/www.hnhlcranes.com\/product\/heavy-duty-aviation-connector\/#primaryimage\",\"url\":\"https:\/\/www.hnhlcranes.com\/wp-content\/uploads\/2024\/12\/Heavy-Duty-Aviation-Connector.jpg\",\"contentUrl\":\"https:\/\/www.hnhlcranes.com\/wp-content\/uploads\/2024\/12\/Heavy-Duty-Aviation-Connector.jpg\",\"width\":600,\"height\":600},{\"@type\":\"BreadcrumbList\",\"@id\":\"https:\/\/www.hnhlcranes.com\/product\/heavy-duty-aviation-connector\/#breadcrumb\",\"itemListElement\":[{\"@type\":\"ListItem\",\"position\":1,\"name\":\"home\",\"item\":\"https:\/\/www.hnhlcranes.com\/\"},{\"@type\":\"ListItem\",\"position\":2,\"name\":\"products\",\"item\":\"https:\/\/www.hnhlcranes.com\/products\/\"},{\"@type\":\"ListItem\",\"position\":3,\"name\":\"Heavy Duty Aviation Connector\"}]},{\"@type\":\"WebSite\",\"@id\":\"https:\/\/www.hnhlcranes.com\/#website\",\"url\":\"https:\/\/www.hnhlcranes.com\/\",\"name\":\"Crane Parts Manufacturer\",\"description\":\"Crane Wheels,Crane Drums,Crane Hooks,Crane Coupling,Crane End Carriage,Electric Hoist,European Crane Parts,Crane Rail Clip,Crane Spreader,Crane Motor,Crane Reducer,Crane Brake,Light Crane Parts,Workstation Crane Parts,Crane Electrical Parts,China Crane Parts Supplier,China Crane Parts Manufacturer,Angle box type crane wheel,45 degree split crane wheel,European crane wheel,Crane Wheel Blocks,Overhead crane drum,European crane drum,Overhead crane hook,European crane hook,Crane pulley block,Gear coupling,Brake wheel coupling,Drum gear coupling,Brake wheel drum gear coupling,Cardan Shaft Coupling,WZL drum coupling,Plum blossom elastic coupling,Brake wheel plum elastic coupling,European Single girder crane end carriage,European Double girder crane end carriage,European Suspension  crane end carriage,Wire Rope Electric Hoist,Electric Chain Hoist,European Single Girder Wire Rope Electric Hoist,European Double Girder Wire Rope Electric Hoist,Crane grab,Container spreader,Billet crane clamps,C-type hook,Lifting Electromagnet,YZR crane motor,YZP crane motor,ZQ Reducer,ZSC Reducer,QJ Reducer,QJ-L Reducer,QJY Reducer,H series gearbox,F Series Gear Motor,K Series Gear Motor,R Series Gear Motor,travelling machinery gear motor,Electro hydraulic drum brake,Electro hydraulic disc brake,Crane Safety brake,Crane cable trolley,Crane remote controller,Crane pendant controller,Crane electrical control cabinet,Crane limit switch,Crane sound and light alarm,Heavy Duty Aviation Connector,Crane overload limiter\",\"publisher\":{\"@id\":\"https:\/\/www.hnhlcranes.com\/#organization\"},\"potentialAction\":[{\"@type\":\"SearchAction\",\"target\":{\"@type\":\"EntryPoint\",\"urlTemplate\":\"https:\/\/www.hnhlcranes.com\/?s={search_term_string}\"},\"query-input\":{\"@type\":\"PropertyValueSpecification\",\"valueRequired\":true,\"valueName\":\"search_term_string\"}}],\"inLanguage\":\"tr\"},{\"@type\":\"Organization\",\"@id\":\"https:\/\/www.hnhlcranes.com\/#organization\",\"name\":\"Crane Parts Manufacturer\",\"url\":\"https:\/\/www.hnhlcranes.com\/\",\"logo\":{\"@type\":\"ImageObject\",\"inLanguage\":\"tr\",\"@id\":\"https:\/\/www.hnhlcranes.com\/#\/schema\/logo\/image\/\",\"url\":\"https:\/\/www.hnhlcranes.com\/wp-content\/uploads\/2025\/01\/HL-logo-1.png\",\"contentUrl\":\"https:\/\/www.hnhlcranes.com\/wp-content\/uploads\/2025\/01\/HL-logo-1.png\",\"width\":600,\"height\":169,\"caption\":\"Crane Parts Manufacturer\"},\"image\":{\"@id\":\"https:\/\/www.hnhlcranes.com\/#\/schema\/logo\/image\/\"}}]}<\/script>\n<!-- \/ Yoast SEO plugin. -->","yoast_head_json":{"title":"Heavy Duty Aviation Connector - Aviation plug-Quick connector-Crane Parts Manufacturer","description":"Aviation plug,quick connector,Crane aviation plug, Heavy Duty Aviation Connector manufacturer,Crane Parts Supplier,Heavy Duty Aviation Connector","robots":{"index":"index","follow":"follow","max-snippet":"max-snippet:-1","max-image-preview":"max-image-preview:large","max-video-preview":"max-video-preview:-1"},"canonical":"https:\/\/www.hnhlcranes.com\/tr\/urun\/agir-hizmet-tipi-havacilik-konnektoru\/","og_locale":"tr_TR","og_type":"article","og_title":"Heavy Duty Aviation Connector - Aviation plug-Quick connector-Crane Parts Manufacturer","og_description":"Aviation plug,quick connector,Crane aviation plug, Heavy Duty Aviation Connector manufacturer,Crane Parts Supplier,Heavy Duty Aviation Connector","og_url":"https:\/\/www.hnhlcranes.com\/tr\/urun\/agir-hizmet-tipi-havacilik-konnektoru\/","og_site_name":"Crane Parts Manufacturer","article_modified_time":"2025-01-16T07:38:12+00:00","og_image":[{"width":600,"height":600,"url":"https:\/\/www.hnhlcranes.com\/wp-content\/uploads\/2024\/12\/Heavy-Duty-Aviation-Connector.jpg","type":"image\/jpeg"}],"twitter_card":"summary_large_image","twitter_misc":{"Tahmini okuma s\u00fcresi":"4 dakika"},"schema":{"@context":"https:\/\/schema.org","@graph":[{"@type":"WebPage","@id":"https:\/\/www.hnhlcranes.com\/product\/heavy-duty-aviation-connector\/","url":"https:\/\/www.hnhlcranes.com\/product\/heavy-duty-aviation-connector\/","name":"Heavy Duty Aviation Connector - Aviation plug-Quick connector-Crane Parts Manufacturer","isPartOf":{"@id":"https:\/\/www.hnhlcranes.com\/#website"},"primaryImageOfPage":{"@id":"https:\/\/www.hnhlcranes.com\/product\/heavy-duty-aviation-connector\/#primaryimage"},"image":{"@id":"https:\/\/www.hnhlcranes.com\/product\/heavy-duty-aviation-connector\/#primaryimage"},"thumbnailUrl":"https:\/\/www.hnhlcranes.com\/wp-content\/uploads\/2024\/12\/Heavy-Duty-Aviation-Connector.jpg","datePublished":"2024-12-05T17:12:50+00:00","dateModified":"2025-01-16T07:38:12+00:00","description":"Aviation plug,quick connector,Crane aviation plug, Heavy Duty Aviation Connector manufacturer,Crane Parts Supplier,Heavy Duty Aviation Connector","breadcrumb":{"@id":"https:\/\/www.hnhlcranes.com\/product\/heavy-duty-aviation-connector\/#breadcrumb"},"inLanguage":"tr","potentialAction":[{"@type":"ReadAction","target":["https:\/\/www.hnhlcranes.com\/product\/heavy-duty-aviation-connector\/"]}]},{"@type":"ImageObject","inLanguage":"tr","@id":"https:\/\/www.hnhlcranes.com\/product\/heavy-duty-aviation-connector\/#primaryimage","url":"https:\/\/www.hnhlcranes.com\/wp-content\/uploads\/2024\/12\/Heavy-Duty-Aviation-Connector.jpg","contentUrl":"https:\/\/www.hnhlcranes.com\/wp-content\/uploads\/2024\/12\/Heavy-Duty-Aviation-Connector.jpg","width":600,"height":600},{"@type":"BreadcrumbList","@id":"https:\/\/www.hnhlcranes.com\/product\/heavy-duty-aviation-connector\/#breadcrumb","itemListElement":[{"@type":"ListItem","position":1,"name":"home","item":"https:\/\/www.hnhlcranes.com\/"},{"@type":"ListItem","position":2,"name":"products","item":"https:\/\/www.hnhlcranes.com\/products\/"},{"@type":"ListItem","position":3,"name":"Heavy Duty Aviation Connector"}]},{"@type":"WebSite","@id":"https:\/\/www.hnhlcranes.com\/#website","url":"https:\/\/www.hnhlcranes.com\/","name":"Crane Parts Manufacturer","description":"Crane Wheels,Crane Drums,Crane Hooks,Crane Coupling,Crane End Carriage,Electric Hoist,European Crane Parts,Crane Rail Clip,Crane Spreader,Crane Motor,Crane Reducer,Crane Brake,Light Crane Parts,Workstation Crane Parts,Crane Electrical Parts,China Crane Parts Supplier,China Crane Parts Manufacturer,Angle box type crane wheel,45 degree split crane wheel,European crane wheel,Crane Wheel Blocks,Overhead crane drum,European crane drum,Overhead crane hook,European crane hook,Crane pulley block,Gear coupling,Brake wheel coupling,Drum gear coupling,Brake wheel drum gear coupling,Cardan Shaft Coupling,WZL drum coupling,Plum blossom elastic coupling,Brake wheel plum elastic coupling,European Single girder crane end carriage,European Double girder crane end carriage,European Suspension  crane end carriage,Wire Rope Electric Hoist,Electric Chain Hoist,European Single Girder Wire Rope Electric Hoist,European Double Girder Wire Rope Electric Hoist,Crane grab,Container spreader,Billet crane clamps,C-type hook,Lifting Electromagnet,YZR crane motor,YZP crane motor,ZQ Reducer,ZSC Reducer,QJ Reducer,QJ-L Reducer,QJY Reducer,H series gearbox,F Series Gear Motor,K Series Gear Motor,R Series Gear Motor,travelling machinery gear motor,Electro hydraulic drum brake,Electro hydraulic disc brake,Crane Safety brake,Crane cable trolley,Crane remote controller,Crane pendant controller,Crane electrical control cabinet,Crane limit switch,Crane sound and light alarm,Heavy Duty Aviation Connector,Crane overload limiter","publisher":{"@id":"https:\/\/www.hnhlcranes.com\/#organization"},"potentialAction":[{"@type":"SearchAction","target":{"@type":"EntryPoint","urlTemplate":"https:\/\/www.hnhlcranes.com\/?s={search_term_string}"},"query-input":{"@type":"PropertyValueSpecification","valueRequired":true,"valueName":"search_term_string"}}],"inLanguage":"tr"},{"@type":"Organization","@id":"https:\/\/www.hnhlcranes.com\/#organization","name":"Crane Parts Manufacturer","url":"https:\/\/www.hnhlcranes.com\/","logo":{"@type":"ImageObject","inLanguage":"tr","@id":"https:\/\/www.hnhlcranes.com\/#\/schema\/logo\/image\/","url":"https:\/\/www.hnhlcranes.com\/wp-content\/uploads\/2025\/01\/HL-logo-1.png","contentUrl":"https:\/\/www.hnhlcranes.com\/wp-content\/uploads\/2025\/01\/HL-logo-1.png","width":600,"height":169,"caption":"Crane Parts Manufacturer"},"image":{"@id":"https:\/\/www.hnhlcranes.com\/#\/schema\/logo\/image\/"}}]}},"_links":{"self":[{"href":"https:\/\/www.hnhlcranes.com\/tr\/wp-json\/wp\/v2\/product\/5799","targetHints":{"allow":["GET"]}}],"collection":[{"href":"https:\/\/www.hnhlcranes.com\/tr\/wp-json\/wp\/v2\/product"}],"about":[{"href":"https:\/\/www.hnhlcranes.com\/tr\/wp-json\/wp\/v2\/types\/product"}],"version-history":[{"count":25,"href":"https:\/\/www.hnhlcranes.com\/tr\/wp-json\/wp\/v2\/product\/5799\/revisions"}],"predecessor-version":[{"id":7533,"href":"https:\/\/www.hnhlcranes.com\/tr\/wp-json\/wp\/v2\/product\/5799\/revisions\/7533"}],"wp:featuredmedia":[{"embeddable":true,"href":"https:\/\/www.hnhlcranes.com\/tr\/wp-json\/wp\/v2\/media\/7506"}],"wp:attachment":[{"href":"https:\/\/www.hnhlcranes.com\/tr\/wp-json\/wp\/v2\/media?parent=5799"}],"wp:term":[{"taxonomy":"product_brand","embeddable":true,"href":"https:\/\/www.hnhlcranes.com\/tr\/wp-json\/wp\/v2\/product_brand?post=5799"},{"taxonomy":"product_cat","embeddable":true,"href":"https:\/\/www.hnhlcranes.com\/tr\/wp-json\/wp\/v2\/product_cat?post=5799"},{"taxonomy":"product_tag","embeddable":true,"href":"https:\/\/www.hnhlcranes.com\/tr\/wp-json\/wp\/v2\/product_tag?post=5799"}],"curies":[{"name":"wp","href":"https:\/\/api.w.org\/{rel}","templated":true}]}}